{"id":8774,"date":"2021-03-21T10:40:44","date_gmt":"2021-03-21T07:40:44","guid":{"rendered":"https:\/\/metaforineskortos.lt\/?post_type=product&#038;p=8774"},"modified":"2026-04-10T23:57:40","modified_gmt":"2026-04-10T20:57:40","slug":"metaforiniu-bazinis-kursas","status":"publish","type":"product","link":"https:\/\/metaforineskortos.lt\/en\/parduotuve\/mokymai\/metaforiniu-bazinis-kursas\/","title":{"rendered":"Group metaphorical card workshop"},"content":{"rendered":"<p>A specialized group course on the use of metaphorical cards is a 5-module online training that covers the main areas of using metaphorical cards, such as: improving relationships, stress management, working with children and teenagers, and using metaphorical cards in team building or training.<\/p>\n<p class=\"translation-block\"><a href=\"https:\/\/re-act.lt\/metodikos\/metaforines-kortos\/\" target=\"_blank\" rel=\"noopener\">Metaphorical cards<\/a> are amazing in their simplicity and effectiveness. They can be used both by a professional psychotherapist, a coaching specialist or a staff member, and by an ordinary person who wants to get to know himself better and expand his knowledge. Metaphorical cards help reveal our desires, beliefs and, if necessary, transform them, supplement them with more ecological solutions.<\/p>\n<p>The group course on metaphorical cards is intended for coaching specialists, psychologists, pedagogues, social workers, lecturers, personnel workers and team leaders. Training format: lectures, discussions, exercises. It is suitable in all cases where a look at the situation from the outside, a non-standard approach and new solutions are required.<\/p>\n<p class=\"translation-block\">Find more information about this here: <a href=\"https:\/\/metaforineskortos.lt\/en\/mokymai\/specialus-kursas\/\" target=\"_blank\" rel=\"noopener\">SPECIALIZED TRAINING COURSE<\/a><\/strong><\/p>","protected":false},"excerpt":{"rendered":"<p><span style=\"font-size: 16px;\">Specialized 5-module online course that covers the main areas of using metaphorical cards, such as: improving relationships, stress management, working with children and teenagers, using metaphorical cards in team building or training.\n<i>(Group cource only in Lithuanian language)<\/i><\/span><\/p>\n<p><em><strong>Geros kainos pasi\u016blymas galioja tik iki 2026 m. baland\u017eio 30 d.!<\/strong><\/em><\/p>\n<div id=\"gtx-trans\" style=\"position: absolute; left: 528px; top: 195.344px;\">\n<div class=\"gtx-trans-icon\"><\/div>\n<\/div>","protected":false},"featured_media":11051,"template":"","meta":{"site-sidebar-layout":"default","site-content-layout":"default","ast-site-content-layout":"default","site-content-style":"default","site-sidebar-style":"default","ast-global-header-display":"","ast-banner-title-visibility":"","ast-main-header-display":"","ast-hfb-above-header-display":"","ast-hfb-below-header-display":"","ast-hfb-mobile-header-display":"","site-post-title":"","ast-breadcrumbs-content":"","ast-featured-img":"","footer-sml-layout":"","ast-disable-related-posts":"","theme-transparent-header-meta":"default","adv-header-id-meta":"","stick-header-meta":"","header-above-stick-meta":"","header-main-stick-meta":"","header-below-stick-meta":"","astra-migrate-meta-layouts":"set","ast-page-background-enabled":"default","ast-page-background-meta":{"desktop":{"background-color":"","background-image":"","background-repeat":"repeat","background-position":"center center","background-size":"auto","background-attachment":"scroll","background-type":"","background-media":"","overlay-type":"","overlay-color":"","overlay-opacity":"","overlay-gradient":""},"tablet":{"background-color":"","background-image":"","background-repeat":"repeat","background-position":"center center","background-size":"auto","background-attachment":"scroll","background-type":"","background-media":"","overlay-type":"","overlay-color":"","overlay-opacity":"","overlay-gradient":""},"mobile":{"background-color":"","background-image":"","background-repeat":"repeat","background-position":"center center","background-size":"auto","background-attachment":"scroll","background-type":"","background-media":"","overlay-type":"","overlay-color":"","overlay-opacity":"","overlay-gradient":""}},"ast-content-background-meta":{"desktop":{"background-color":"var(--ast-global-color-5)","background-image":"","background-repeat":"repeat","background-position":"center center","background-size":"auto","background-attachment":"scroll","background-type":"","background-media":"","overlay-type":"","overlay-color":"","overlay-opacity":"","overlay-gradient":""},"tablet":{"background-color":"var(--ast-global-color-5)","background-image":"","background-repeat":"repeat","background-position":"center center","background-size":"auto","background-attachment":"scroll","background-type":"","background-media":"","overlay-type":"","overlay-color":"","overlay-opacity":"","overlay-gradient":""},"mobile":{"background-color":"var(--ast-global-color-5)","background-image":"","background-repeat":"repeat","background-position":"center center","background-size":"auto","background-attachment":"scroll","background-type":"","background-media":"","overlay-type":"","overlay-color":"","overlay-opacity":"","overlay-gradient":""}}},"product_brand":[],"product_cat":[36],"product_tag":[65,64],"class_list":{"0":"post-8774","1":"product","2":"type-product","3":"status-publish","4":"has-post-thumbnail","6":"product_cat-mokymai","7":"product_tag-mokymai","8":"product_tag-sesija","9":"desktop-align-left","10":"tablet-align-left","11":"mobile-align-left","13":"first","14":"instock","15":"sale","16":"featured","17":"virtual","18":"taxable","19":"purchasable","20":"product-type-simple"},"yoast_head":"<!-- This site is optimized with the Yoast SEO plugin v27.4 - https:\/\/yoast.com\/product\/yoast-seo-wordpress\/ -->\n<title>Grupinis metaforini\u0173 kort\u0173 kursas - Metaforin\u0117s Kortos<\/title>\n<meta name=\"description\" content=\"Grupinis metaforini\u0173 kort\u0173 kursas apima svarbiausias metaforini\u0173 kort\u0173 panaudojimo sritis: santykius, stres\u0105, darb\u0105 su vaikais ir komandomis.\" \/>\n<meta name=\"robots\" content=\"index, follow, max-snippet:-1, max-image-preview:large, max-video-preview:-1\" \/>\n<link rel=\"canonical\" href=\"https:\/\/metaforineskortos.lt\/en\/parduotuve\/mokymai\/metaforiniu-bazinis-kursas\/\" \/>\n<meta property=\"og:locale\" content=\"en_GB\" \/>\n<meta property=\"og:type\" content=\"article\" \/>\n<meta property=\"og:title\" content=\"Grupinis metaforini\u0173 kort\u0173 kursas - Metaforin\u0117s Kortos\" \/>\n<meta property=\"og:description\" content=\"Grupinis metaforini\u0173 kort\u0173 kursas apima svarbiausias metaforini\u0173 kort\u0173 panaudojimo sritis: santykius, stres\u0105, darb\u0105 su vaikais ir komandomis.\" \/>\n<meta property=\"og:url\" content=\"https:\/\/metaforineskortos.lt\/en\/parduotuve\/mokymai\/metaforiniu-bazinis-kursas\/\" \/>\n<meta property=\"og:site_name\" content=\"Metaforin\u0117s Kortos\" \/>\n<meta property=\"article:modified_time\" content=\"2026-04-10T20:57:40+00:00\" \/>\n<meta property=\"og:image\" content=\"https:\/\/metaforineskortos.lt\/wp-content\/uploads\/2022\/01\/MAK-grupinis-kursas-1024x819.png\" \/>\n\t<meta property=\"og:image:width\" content=\"1024\" \/>\n\t<meta property=\"og:image:height\" content=\"819\" \/>\n\t<meta property=\"og:image:type\" content=\"image\/png\" \/>\n<meta name=\"twitter:card\" content=\"summary_large_image\" \/>\n<meta name=\"twitter:label1\" content=\"Estimated reading time\" \/>\n\t<meta name=\"twitter:data1\" content=\"1 minute\" \/>\n<script type=\"application\/ld+json\" class=\"yoast-schema-graph\">{\"@context\":\"https:\\\/\\\/schema.org\",\"@graph\":[{\"@type\":\"WebPage\",\"@id\":\"https:\\\/\\\/metaforineskortos.lt\\\/parduotuve\\\/mokymai\\\/metaforiniu-bazinis-kursas\\\/\",\"url\":\"https:\\\/\\\/metaforineskortos.lt\\\/parduotuve\\\/mokymai\\\/metaforiniu-bazinis-kursas\\\/\",\"name\":\"Grupinis metaforini\u0173 kort\u0173 kursas - Metaforin\u0117s Kortos\",\"isPartOf\":{\"@id\":\"https:\\\/\\\/metaforineskortos.lt\\\/#website\"},\"primaryImageOfPage\":{\"@id\":\"https:\\\/\\\/metaforineskortos.lt\\\/parduotuve\\\/mokymai\\\/metaforiniu-bazinis-kursas\\\/#primaryimage\"},\"image\":{\"@id\":\"https:\\\/\\\/metaforineskortos.lt\\\/parduotuve\\\/mokymai\\\/metaforiniu-bazinis-kursas\\\/#primaryimage\"},\"thumbnailUrl\":\"https:\\\/\\\/i0.wp.com\\\/metaforineskortos.lt\\\/wp-content\\\/uploads\\\/2022\\\/01\\\/MAK-grupinis-kursas.png?fit=1890%2C1512&ssl=1\",\"datePublished\":\"2021-03-21T07:40:44+00:00\",\"dateModified\":\"2026-04-10T20:57:40+00:00\",\"description\":\"Grupinis metaforini\u0173 kort\u0173 kursas apima svarbiausias metaforini\u0173 kort\u0173 panaudojimo sritis: santykius, stres\u0105, darb\u0105 su vaikais ir komandomis.\",\"breadcrumb\":{\"@id\":\"https:\\\/\\\/metaforineskortos.lt\\\/parduotuve\\\/mokymai\\\/metaforiniu-bazinis-kursas\\\/#breadcrumb\"},\"inLanguage\":\"en-GB\",\"potentialAction\":[{\"@type\":\"ReadAction\",\"target\":[\"https:\\\/\\\/metaforineskortos.lt\\\/parduotuve\\\/mokymai\\\/metaforiniu-bazinis-kursas\\\/\"]}]},{\"@type\":\"ImageObject\",\"inLanguage\":\"en-GB\",\"@id\":\"https:\\\/\\\/metaforineskortos.lt\\\/parduotuve\\\/mokymai\\\/metaforiniu-bazinis-kursas\\\/#primaryimage\",\"url\":\"https:\\\/\\\/i0.wp.com\\\/metaforineskortos.lt\\\/wp-content\\\/uploads\\\/2022\\\/01\\\/MAK-grupinis-kursas.png?fit=1890%2C1512&ssl=1\",\"contentUrl\":\"https:\\\/\\\/i0.wp.com\\\/metaforineskortos.lt\\\/wp-content\\\/uploads\\\/2022\\\/01\\\/MAK-grupinis-kursas.png?fit=1890%2C1512&ssl=1\",\"width\":1890,\"height\":1512,\"caption\":\"grupinis metaforini\u0173 kort\u0173 kursas\"},{\"@type\":\"BreadcrumbList\",\"@id\":\"https:\\\/\\\/metaforineskortos.lt\\\/parduotuve\\\/mokymai\\\/metaforiniu-bazinis-kursas\\\/#breadcrumb\",\"itemListElement\":[{\"@type\":\"ListItem\",\"position\":1,\"name\":\"Home\",\"item\":\"https:\\\/\\\/metaforineskortos.lt\\\/\"},{\"@type\":\"ListItem\",\"position\":2,\"name\":\"Parduotuv\u0117\",\"item\":\"https:\\\/\\\/metaforineskortos.lt\\\/parduotuve\\\/\"},{\"@type\":\"ListItem\",\"position\":3,\"name\":\"Grupinis metafor\u0173 kursas\"}]},{\"@type\":\"WebSite\",\"@id\":\"https:\\\/\\\/metaforineskortos.lt\\\/#website\",\"url\":\"https:\\\/\\\/metaforineskortos.lt\\\/\",\"name\":\"Metaforin\u0117s Kortos\",\"description\":\"Metaforin\u0117s Kortos ir Saviugdos Mokymai\",\"publisher\":{\"@id\":\"https:\\\/\\\/metaforineskortos.lt\\\/#organization\"},\"potentialAction\":[{\"@type\":\"SearchAction\",\"target\":{\"@type\":\"EntryPoint\",\"urlTemplate\":\"https:\\\/\\\/metaforineskortos.lt\\\/?s={search_term_string}\"},\"query-input\":{\"@type\":\"PropertyValueSpecification\",\"valueRequired\":true,\"valueName\":\"search_term_string\"}}],\"inLanguage\":\"en-GB\"},{\"@type\":\"Organization\",\"@id\":\"https:\\\/\\\/metaforineskortos.lt\\\/#organization\",\"name\":\"Metaforin\u0117s Kortos\",\"url\":\"https:\\\/\\\/metaforineskortos.lt\\\/\",\"logo\":{\"@type\":\"ImageObject\",\"inLanguage\":\"en-GB\",\"@id\":\"https:\\\/\\\/metaforineskortos.lt\\\/#\\\/schema\\\/logo\\\/image\\\/\",\"url\":\"https:\\\/\\\/metaforineskortos.lt\\\/wp-content\\\/uploads\\\/2021\\\/03\\\/re-act-logo.svg\",\"contentUrl\":\"https:\\\/\\\/metaforineskortos.lt\\\/wp-content\\\/uploads\\\/2021\\\/03\\\/re-act-logo.svg\",\"width\":117,\"height\":58,\"caption\":\"Metaforin\u0117s Kortos\"},\"image\":{\"@id\":\"https:\\\/\\\/metaforineskortos.lt\\\/#\\\/schema\\\/logo\\\/image\\\/\"}}]}<\/script>\n<!-- \/ Yoast SEO plugin. -->","yoast_head_json":{"title":"Grupinis metaforini\u0173 kort\u0173 kursas - Metaforin\u0117s Kortos","description":"Grupinis metaforini\u0173 kort\u0173 kursas apima svarbiausias metaforini\u0173 kort\u0173 panaudojimo sritis: santykius, stres\u0105, darb\u0105 su vaikais ir komandomis.","robots":{"index":"index","follow":"follow","max-snippet":"max-snippet:-1","max-image-preview":"max-image-preview:large","max-video-preview":"max-video-preview:-1"},"canonical":"https:\/\/metaforineskortos.lt\/en\/parduotuve\/mokymai\/metaforiniu-bazinis-kursas\/","og_locale":"en_GB","og_type":"article","og_title":"Grupinis metaforini\u0173 kort\u0173 kursas - Metaforin\u0117s Kortos","og_description":"Grupinis metaforini\u0173 kort\u0173 kursas apima svarbiausias metaforini\u0173 kort\u0173 panaudojimo sritis: santykius, stres\u0105, darb\u0105 su vaikais ir komandomis.","og_url":"https:\/\/metaforineskortos.lt\/en\/parduotuve\/mokymai\/metaforiniu-bazinis-kursas\/","og_site_name":"Metaforin\u0117s Kortos","article_modified_time":"2026-04-10T20:57:40+00:00","og_image":[{"width":1024,"height":819,"url":"https:\/\/metaforineskortos.lt\/wp-content\/uploads\/2022\/01\/MAK-grupinis-kursas-1024x819.png","type":"image\/png"}],"twitter_card":"summary_large_image","twitter_misc":{"Estimated reading time":"1 minute"},"schema":{"@context":"https:\/\/schema.org","@graph":[{"@type":"WebPage","@id":"https:\/\/metaforineskortos.lt\/parduotuve\/mokymai\/metaforiniu-bazinis-kursas\/","url":"https:\/\/metaforineskortos.lt\/parduotuve\/mokymai\/metaforiniu-bazinis-kursas\/","name":"Grupinis metaforini\u0173 kort\u0173 kursas - Metaforin\u0117s Kortos","isPartOf":{"@id":"https:\/\/metaforineskortos.lt\/#website"},"primaryImageOfPage":{"@id":"https:\/\/metaforineskortos.lt\/parduotuve\/mokymai\/metaforiniu-bazinis-kursas\/#primaryimage"},"image":{"@id":"https:\/\/metaforineskortos.lt\/parduotuve\/mokymai\/metaforiniu-bazinis-kursas\/#primaryimage"},"thumbnailUrl":"https:\/\/i0.wp.com\/metaforineskortos.lt\/wp-content\/uploads\/2022\/01\/MAK-grupinis-kursas.png?fit=1890%2C1512&ssl=1","datePublished":"2021-03-21T07:40:44+00:00","dateModified":"2026-04-10T20:57:40+00:00","description":"Grupinis metaforini\u0173 kort\u0173 kursas apima svarbiausias metaforini\u0173 kort\u0173 panaudojimo sritis: santykius, stres\u0105, darb\u0105 su vaikais ir komandomis.","breadcrumb":{"@id":"https:\/\/metaforineskortos.lt\/parduotuve\/mokymai\/metaforiniu-bazinis-kursas\/#breadcrumb"},"inLanguage":"en-GB","potentialAction":[{"@type":"ReadAction","target":["https:\/\/metaforineskortos.lt\/parduotuve\/mokymai\/metaforiniu-bazinis-kursas\/"]}]},{"@type":"ImageObject","inLanguage":"en-GB","@id":"https:\/\/metaforineskortos.lt\/parduotuve\/mokymai\/metaforiniu-bazinis-kursas\/#primaryimage","url":"https:\/\/i0.wp.com\/metaforineskortos.lt\/wp-content\/uploads\/2022\/01\/MAK-grupinis-kursas.png?fit=1890%2C1512&ssl=1","contentUrl":"https:\/\/i0.wp.com\/metaforineskortos.lt\/wp-content\/uploads\/2022\/01\/MAK-grupinis-kursas.png?fit=1890%2C1512&ssl=1","width":1890,"height":1512,"caption":"grupinis metaforini\u0173 kort\u0173 kursas"},{"@type":"BreadcrumbList","@id":"https:\/\/metaforineskortos.lt\/parduotuve\/mokymai\/metaforiniu-bazinis-kursas\/#breadcrumb","itemListElement":[{"@type":"ListItem","position":1,"name":"Home","item":"https:\/\/metaforineskortos.lt\/"},{"@type":"ListItem","position":2,"name":"Parduotuv\u0117","item":"https:\/\/metaforineskortos.lt\/parduotuve\/"},{"@type":"ListItem","position":3,"name":"Grupinis metafor\u0173 kursas"}]},{"@type":"WebSite","@id":"https:\/\/metaforineskortos.lt\/#website","url":"https:\/\/metaforineskortos.lt\/","name":"Metaforin\u0117s Kortos","description":"Metaforin\u0117s Kortos ir Saviugdos Mokymai","publisher":{"@id":"https:\/\/metaforineskortos.lt\/#organization"},"potentialAction":[{"@type":"SearchAction","target":{"@type":"EntryPoint","urlTemplate":"https:\/\/metaforineskortos.lt\/?s={search_term_string}"},"query-input":{"@type":"PropertyValueSpecification","valueRequired":true,"valueName":"search_term_string"}}],"inLanguage":"en-GB"},{"@type":"Organization","@id":"https:\/\/metaforineskortos.lt\/#organization","name":"Metaforin\u0117s Kortos","url":"https:\/\/metaforineskortos.lt\/","logo":{"@type":"ImageObject","inLanguage":"en-GB","@id":"https:\/\/metaforineskortos.lt\/#\/schema\/logo\/image\/","url":"https:\/\/metaforineskortos.lt\/wp-content\/uploads\/2021\/03\/re-act-logo.svg","contentUrl":"https:\/\/metaforineskortos.lt\/wp-content\/uploads\/2021\/03\/re-act-logo.svg","width":117,"height":58,"caption":"Metaforin\u0117s Kortos"},"image":{"@id":"https:\/\/metaforineskortos.lt\/#\/schema\/logo\/image\/"}}]}},"jetpack_sharing_enabled":true,"_links":{"self":[{"href":"https:\/\/metaforineskortos.lt\/en\/wp-json\/wp\/v2\/product\/8774","targetHints":{"allow":["GET"]}}],"collection":[{"href":"https:\/\/metaforineskortos.lt\/en\/wp-json\/wp\/v2\/product"}],"about":[{"href":"https:\/\/metaforineskortos.lt\/en\/wp-json\/wp\/v2\/types\/product"}],"wp:featuredmedia":[{"embeddable":true,"href":"https:\/\/metaforineskortos.lt\/en\/wp-json\/wp\/v2\/media\/11051"}],"wp:attachment":[{"href":"https:\/\/metaforineskortos.lt\/en\/wp-json\/wp\/v2\/media?parent=8774"}],"wp:term":[{"taxonomy":"product_brand","embeddable":true,"href":"https:\/\/metaforineskortos.lt\/en\/wp-json\/wp\/v2\/product_brand?post=8774"},{"taxonomy":"product_cat","embeddable":true,"href":"https:\/\/metaforineskortos.lt\/en\/wp-json\/wp\/v2\/product_cat?post=8774"},{"taxonomy":"product_tag","embeddable":true,"href":"https:\/\/metaforineskortos.lt\/en\/wp-json\/wp\/v2\/product_tag?post=8774"}],"curies":[{"name":"wp","href":"https:\/\/api.w.org\/{rel}","templated":true}]}}