{"id":8772,"date":"2021-03-21T10:25:23","date_gmt":"2021-03-21T08:25:23","guid":{"rendered":"https:\/\/metaforineskortos.lt\/?post_type=product&#038;p=8772"},"modified":"2026-02-10T15:59:10","modified_gmt":"2026-02-10T12:59:10","slug":"koucingo-programa","status":"publish","type":"product","link":"https:\/\/metaforineskortos.lt\/en\/parduotuve\/koucingo-sesijos\/koucingo-programa\/","title":{"rendered":"Coaching program"},"content":{"rendered":"<p class=\"translation-block\">COACHING PROGRAM is a package of sessions prepared individually for each client. The number of sessions depends on the complexity of the request and the client's needs.<\/p>\n<p>COACHING PROGRAM PACKAGE is offered to the client based on his request. A single coaching session is helpful, but it is not enough to solve a deeper or long-standing problem.<\/p>\n<p class=\"translation-block\">Continuous coaching sessions allow not only to foresee an action plan, but also to accompany the client on his path of change, supporting and helping him to cope with emerging challenges. At the client's request, an individual coaching program is drawn up, which includes steps and techniques that can lead to the goal in the shortest way.<\/p>\n<p class=\"translation-block\"><b>Coaching session with metaphorical cards<\/b> is a new approach to the situation, freeing the imagination, meeting your subconscious desires, discovering new solutions and resources.<\/p>","protected":false},"excerpt":{"rendered":"<p>COACHING PROGRAM PACKAGE is offered to the client based on his request. A single coaching session is helpful, but it is not enough to solve a deeper or long-standing problem.<\/p>\n<p class=\"translation-block\">Continuous coaching sessions allow not only to foresee an action plan, but also to accompany the client on his path of change, supporting and helping him to cope with emerging challenges. At the client's request, an individual coaching program is drawn up, which includes steps and techniques that can lead to the goal in the shortest way.<\/p>","protected":false},"featured_media":9104,"template":"","meta":{"site-sidebar-layout":"default","site-content-layout":"default","ast-site-content-layout":"default","site-content-style":"default","site-sidebar-style":"default","ast-global-header-display":"","ast-banner-title-visibility":"","ast-main-header-display":"","ast-hfb-above-header-display":"","ast-hfb-below-header-display":"","ast-hfb-mobile-header-display":"","site-post-title":"","ast-breadcrumbs-content":"","ast-featured-img":"","footer-sml-layout":"","ast-disable-related-posts":"","theme-transparent-header-meta":"default","adv-header-id-meta":"","stick-header-meta":"","header-above-stick-meta":"","header-main-stick-meta":"","header-below-stick-meta":"","astra-migrate-meta-layouts":"set","ast-page-background-enabled":"default","ast-page-background-meta":{"desktop":{"background-color":"","background-image":"","background-repeat":"repeat","background-position":"center center","background-size":"auto","background-attachment":"scroll","background-type":"","background-media":"","overlay-type":"","overlay-color":"","overlay-opacity":"","overlay-gradient":""},"tablet":{"background-color":"","background-image":"","background-repeat":"repeat","background-position":"center center","background-size":"auto","background-attachment":"scroll","background-type":"","background-media":"","overlay-type":"","overlay-color":"","overlay-opacity":"","overlay-gradient":""},"mobile":{"background-color":"","background-image":"","background-repeat":"repeat","background-position":"center center","background-size":"auto","background-attachment":"scroll","background-type":"","background-media":"","overlay-type":"","overlay-color":"","overlay-opacity":"","overlay-gradient":""}},"ast-content-background-meta":{"desktop":{"background-color":"var(--ast-global-color-5)","background-image":"","background-repeat":"repeat","background-position":"center center","background-size":"auto","background-attachment":"scroll","background-type":"","background-media":"","overlay-type":"","overlay-color":"","overlay-opacity":"","overlay-gradient":""},"tablet":{"background-color":"var(--ast-global-color-5)","background-image":"","background-repeat":"repeat","background-position":"center center","background-size":"auto","background-attachment":"scroll","background-type":"","background-media":"","overlay-type":"","overlay-color":"","overlay-opacity":"","overlay-gradient":""},"mobile":{"background-color":"var(--ast-global-color-5)","background-image":"","background-repeat":"repeat","background-position":"center center","background-size":"auto","background-attachment":"scroll","background-type":"","background-media":"","overlay-type":"","overlay-color":"","overlay-opacity":"","overlay-gradient":""}}},"product_brand":[],"product_cat":[37],"product_tag":[65,64],"class_list":{"0":"post-8772","1":"product","2":"type-product","3":"status-publish","4":"has-post-thumbnail","6":"product_cat-koucingo-sesijos","7":"product_tag-mokymai","8":"product_tag-sesija","9":"desktop-align-left","10":"tablet-align-left","11":"mobile-align-left","13":"first","14":"instock","15":"sale","16":"virtual","17":"taxable","18":"purchasable","19":"product-type-simple"},"yoast_head":"<!-- This site is optimized with the Yoast SEO plugin v27.4 - https:\/\/yoast.com\/product\/yoast-seo-wordpress\/ -->\n<title>Kou\u010dingo programa - Metaforin\u0117s Kortos<\/title>\n<meta name=\"description\" content=\"KOU\u010cINGO PROGRAMA - tai individualiai kiekvienam klientui paruo\u0161tas sesij\u0173 paketas. Sesij\u0173 skai\u010dius priklauso nuo u\u017eklausos sud\u0117tingumo ir kliento poreiki\u0173.\" \/>\n<meta name=\"robots\" content=\"index, follow, max-snippet:-1, max-image-preview:large, max-video-preview:-1\" \/>\n<link rel=\"canonical\" href=\"https:\/\/metaforineskortos.lt\/en\/parduotuve\/koucingo-sesijos\/koucingo-programa\/\" \/>\n<meta property=\"og:locale\" content=\"en_GB\" \/>\n<meta property=\"og:type\" content=\"article\" \/>\n<meta property=\"og:title\" content=\"Kou\u010dingo programa - Metaforin\u0117s Kortos\" \/>\n<meta property=\"og:description\" content=\"KOU\u010cINGO PROGRAMA - tai individualiai kiekvienam klientui paruo\u0161tas sesij\u0173 paketas. Sesij\u0173 skai\u010dius priklauso nuo u\u017eklausos sud\u0117tingumo ir kliento poreiki\u0173.\" \/>\n<meta property=\"og:url\" content=\"https:\/\/metaforineskortos.lt\/en\/parduotuve\/koucingo-sesijos\/koucingo-programa\/\" \/>\n<meta property=\"og:site_name\" content=\"Metaforin\u0117s Kortos\" \/>\n<meta property=\"article:modified_time\" content=\"2026-02-10T12:59:10+00:00\" \/>\n<meta property=\"og:image\" content=\"https:\/\/metaforineskortos.lt\/wp-content\/uploads\/2021\/03\/5praktinis-metaforu-seminaras.jpg\" \/>\n\t<meta property=\"og:image:width\" content=\"800\" \/>\n\t<meta property=\"og:image:height\" content=\"640\" \/>\n\t<meta property=\"og:image:type\" content=\"image\/jpeg\" \/>\n<meta name=\"twitter:card\" content=\"summary_large_image\" \/>\n<meta name=\"twitter:label1\" content=\"Estimated reading time\" \/>\n\t<meta name=\"twitter:data1\" content=\"1 minute\" \/>\n<script type=\"application\/ld+json\" class=\"yoast-schema-graph\">{\"@context\":\"https:\\\/\\\/schema.org\",\"@graph\":[{\"@type\":\"WebPage\",\"@id\":\"https:\\\/\\\/metaforineskortos.lt\\\/parduotuve\\\/koucingo-sesijos\\\/koucingo-programa\\\/\",\"url\":\"https:\\\/\\\/metaforineskortos.lt\\\/parduotuve\\\/koucingo-sesijos\\\/koucingo-programa\\\/\",\"name\":\"Kou\u010dingo programa - Metaforin\u0117s Kortos\",\"isPartOf\":{\"@id\":\"https:\\\/\\\/metaforineskortos.lt\\\/#website\"},\"primaryImageOfPage\":{\"@id\":\"https:\\\/\\\/metaforineskortos.lt\\\/parduotuve\\\/koucingo-sesijos\\\/koucingo-programa\\\/#primaryimage\"},\"image\":{\"@id\":\"https:\\\/\\\/metaforineskortos.lt\\\/parduotuve\\\/koucingo-sesijos\\\/koucingo-programa\\\/#primaryimage\"},\"thumbnailUrl\":\"https:\\\/\\\/i0.wp.com\\\/metaforineskortos.lt\\\/wp-content\\\/uploads\\\/2021\\\/03\\\/5praktinis-metaforu-seminaras.jpg?fit=800%2C640&ssl=1\",\"datePublished\":\"2021-03-21T08:25:23+00:00\",\"dateModified\":\"2026-02-10T12:59:10+00:00\",\"description\":\"KOU\u010cINGO PROGRAMA - tai individualiai kiekvienam klientui paruo\u0161tas sesij\u0173 paketas. Sesij\u0173 skai\u010dius priklauso nuo u\u017eklausos sud\u0117tingumo ir kliento poreiki\u0173.\",\"breadcrumb\":{\"@id\":\"https:\\\/\\\/metaforineskortos.lt\\\/parduotuve\\\/koucingo-sesijos\\\/koucingo-programa\\\/#breadcrumb\"},\"inLanguage\":\"en-GB\",\"potentialAction\":[{\"@type\":\"ReadAction\",\"target\":[\"https:\\\/\\\/metaforineskortos.lt\\\/parduotuve\\\/koucingo-sesijos\\\/koucingo-programa\\\/\"]}]},{\"@type\":\"ImageObject\",\"inLanguage\":\"en-GB\",\"@id\":\"https:\\\/\\\/metaforineskortos.lt\\\/parduotuve\\\/koucingo-sesijos\\\/koucingo-programa\\\/#primaryimage\",\"url\":\"https:\\\/\\\/i0.wp.com\\\/metaforineskortos.lt\\\/wp-content\\\/uploads\\\/2021\\\/03\\\/5praktinis-metaforu-seminaras.jpg?fit=800%2C640&ssl=1\",\"contentUrl\":\"https:\\\/\\\/i0.wp.com\\\/metaforineskortos.lt\\\/wp-content\\\/uploads\\\/2021\\\/03\\\/5praktinis-metaforu-seminaras.jpg?fit=800%2C640&ssl=1\",\"width\":800,\"height\":640,\"caption\":\"Kou\u010dingo programa\"},{\"@type\":\"BreadcrumbList\",\"@id\":\"https:\\\/\\\/metaforineskortos.lt\\\/parduotuve\\\/koucingo-sesijos\\\/koucingo-programa\\\/#breadcrumb\",\"itemListElement\":[{\"@type\":\"ListItem\",\"position\":1,\"name\":\"Home\",\"item\":\"https:\\\/\\\/metaforineskortos.lt\\\/\"},{\"@type\":\"ListItem\",\"position\":2,\"name\":\"Parduotuv\u0117\",\"item\":\"https:\\\/\\\/metaforineskortos.lt\\\/parduotuve\\\/\"},{\"@type\":\"ListItem\",\"position\":3,\"name\":\"Kou\u010dingo programa\"}]},{\"@type\":\"WebSite\",\"@id\":\"https:\\\/\\\/metaforineskortos.lt\\\/#website\",\"url\":\"https:\\\/\\\/metaforineskortos.lt\\\/\",\"name\":\"Metaforin\u0117s Kortos\",\"description\":\"Metaforin\u0117s Kortos ir Saviugdos Mokymai\",\"publisher\":{\"@id\":\"https:\\\/\\\/metaforineskortos.lt\\\/#organization\"},\"potentialAction\":[{\"@type\":\"SearchAction\",\"target\":{\"@type\":\"EntryPoint\",\"urlTemplate\":\"https:\\\/\\\/metaforineskortos.lt\\\/?s={search_term_string}\"},\"query-input\":{\"@type\":\"PropertyValueSpecification\",\"valueRequired\":true,\"valueName\":\"search_term_string\"}}],\"inLanguage\":\"en-GB\"},{\"@type\":\"Organization\",\"@id\":\"https:\\\/\\\/metaforineskortos.lt\\\/#organization\",\"name\":\"Metaforin\u0117s Kortos\",\"url\":\"https:\\\/\\\/metaforineskortos.lt\\\/\",\"logo\":{\"@type\":\"ImageObject\",\"inLanguage\":\"en-GB\",\"@id\":\"https:\\\/\\\/metaforineskortos.lt\\\/#\\\/schema\\\/logo\\\/image\\\/\",\"url\":\"https:\\\/\\\/metaforineskortos.lt\\\/wp-content\\\/uploads\\\/2021\\\/03\\\/re-act-logo.svg\",\"contentUrl\":\"https:\\\/\\\/metaforineskortos.lt\\\/wp-content\\\/uploads\\\/2021\\\/03\\\/re-act-logo.svg\",\"width\":117,\"height\":58,\"caption\":\"Metaforin\u0117s Kortos\"},\"image\":{\"@id\":\"https:\\\/\\\/metaforineskortos.lt\\\/#\\\/schema\\\/logo\\\/image\\\/\"}}]}<\/script>\n<!-- \/ Yoast SEO plugin. -->","yoast_head_json":{"title":"Kou\u010dingo programa - Metaforin\u0117s Kortos","description":"KOU\u010cINGO PROGRAMA - tai individualiai kiekvienam klientui paruo\u0161tas sesij\u0173 paketas. Sesij\u0173 skai\u010dius priklauso nuo u\u017eklausos sud\u0117tingumo ir kliento poreiki\u0173.","robots":{"index":"index","follow":"follow","max-snippet":"max-snippet:-1","max-image-preview":"max-image-preview:large","max-video-preview":"max-video-preview:-1"},"canonical":"https:\/\/metaforineskortos.lt\/en\/parduotuve\/koucingo-sesijos\/koucingo-programa\/","og_locale":"en_GB","og_type":"article","og_title":"Kou\u010dingo programa - Metaforin\u0117s Kortos","og_description":"KOU\u010cINGO PROGRAMA - tai individualiai kiekvienam klientui paruo\u0161tas sesij\u0173 paketas. Sesij\u0173 skai\u010dius priklauso nuo u\u017eklausos sud\u0117tingumo ir kliento poreiki\u0173.","og_url":"https:\/\/metaforineskortos.lt\/en\/parduotuve\/koucingo-sesijos\/koucingo-programa\/","og_site_name":"Metaforin\u0117s Kortos","article_modified_time":"2026-02-10T12:59:10+00:00","og_image":[{"width":800,"height":640,"url":"https:\/\/metaforineskortos.lt\/wp-content\/uploads\/2021\/03\/5praktinis-metaforu-seminaras.jpg","type":"image\/jpeg"}],"twitter_card":"summary_large_image","twitter_misc":{"Estimated reading time":"1 minute"},"schema":{"@context":"https:\/\/schema.org","@graph":[{"@type":"WebPage","@id":"https:\/\/metaforineskortos.lt\/parduotuve\/koucingo-sesijos\/koucingo-programa\/","url":"https:\/\/metaforineskortos.lt\/parduotuve\/koucingo-sesijos\/koucingo-programa\/","name":"Kou\u010dingo programa - Metaforin\u0117s Kortos","isPartOf":{"@id":"https:\/\/metaforineskortos.lt\/#website"},"primaryImageOfPage":{"@id":"https:\/\/metaforineskortos.lt\/parduotuve\/koucingo-sesijos\/koucingo-programa\/#primaryimage"},"image":{"@id":"https:\/\/metaforineskortos.lt\/parduotuve\/koucingo-sesijos\/koucingo-programa\/#primaryimage"},"thumbnailUrl":"https:\/\/i0.wp.com\/metaforineskortos.lt\/wp-content\/uploads\/2021\/03\/5praktinis-metaforu-seminaras.jpg?fit=800%2C640&ssl=1","datePublished":"2021-03-21T08:25:23+00:00","dateModified":"2026-02-10T12:59:10+00:00","description":"KOU\u010cINGO PROGRAMA - tai individualiai kiekvienam klientui paruo\u0161tas sesij\u0173 paketas. Sesij\u0173 skai\u010dius priklauso nuo u\u017eklausos sud\u0117tingumo ir kliento poreiki\u0173.","breadcrumb":{"@id":"https:\/\/metaforineskortos.lt\/parduotuve\/koucingo-sesijos\/koucingo-programa\/#breadcrumb"},"inLanguage":"en-GB","potentialAction":[{"@type":"ReadAction","target":["https:\/\/metaforineskortos.lt\/parduotuve\/koucingo-sesijos\/koucingo-programa\/"]}]},{"@type":"ImageObject","inLanguage":"en-GB","@id":"https:\/\/metaforineskortos.lt\/parduotuve\/koucingo-sesijos\/koucingo-programa\/#primaryimage","url":"https:\/\/i0.wp.com\/metaforineskortos.lt\/wp-content\/uploads\/2021\/03\/5praktinis-metaforu-seminaras.jpg?fit=800%2C640&ssl=1","contentUrl":"https:\/\/i0.wp.com\/metaforineskortos.lt\/wp-content\/uploads\/2021\/03\/5praktinis-metaforu-seminaras.jpg?fit=800%2C640&ssl=1","width":800,"height":640,"caption":"Kou\u010dingo programa"},{"@type":"BreadcrumbList","@id":"https:\/\/metaforineskortos.lt\/parduotuve\/koucingo-sesijos\/koucingo-programa\/#breadcrumb","itemListElement":[{"@type":"ListItem","position":1,"name":"Home","item":"https:\/\/metaforineskortos.lt\/"},{"@type":"ListItem","position":2,"name":"Parduotuv\u0117","item":"https:\/\/metaforineskortos.lt\/parduotuve\/"},{"@type":"ListItem","position":3,"name":"Kou\u010dingo programa"}]},{"@type":"WebSite","@id":"https:\/\/metaforineskortos.lt\/#website","url":"https:\/\/metaforineskortos.lt\/","name":"Metaforin\u0117s Kortos","description":"Metaforin\u0117s Kortos ir Saviugdos Mokymai","publisher":{"@id":"https:\/\/metaforineskortos.lt\/#organization"},"potentialAction":[{"@type":"SearchAction","target":{"@type":"EntryPoint","urlTemplate":"https:\/\/metaforineskortos.lt\/?s={search_term_string}"},"query-input":{"@type":"PropertyValueSpecification","valueRequired":true,"valueName":"search_term_string"}}],"inLanguage":"en-GB"},{"@type":"Organization","@id":"https:\/\/metaforineskortos.lt\/#organization","name":"Metaforin\u0117s Kortos","url":"https:\/\/metaforineskortos.lt\/","logo":{"@type":"ImageObject","inLanguage":"en-GB","@id":"https:\/\/metaforineskortos.lt\/#\/schema\/logo\/image\/","url":"https:\/\/metaforineskortos.lt\/wp-content\/uploads\/2021\/03\/re-act-logo.svg","contentUrl":"https:\/\/metaforineskortos.lt\/wp-content\/uploads\/2021\/03\/re-act-logo.svg","width":117,"height":58,"caption":"Metaforin\u0117s Kortos"},"image":{"@id":"https:\/\/metaforineskortos.lt\/#\/schema\/logo\/image\/"}}]}},"jetpack_sharing_enabled":true,"_links":{"self":[{"href":"https:\/\/metaforineskortos.lt\/en\/wp-json\/wp\/v2\/product\/8772","targetHints":{"allow":["GET"]}}],"collection":[{"href":"https:\/\/metaforineskortos.lt\/en\/wp-json\/wp\/v2\/product"}],"about":[{"href":"https:\/\/metaforineskortos.lt\/en\/wp-json\/wp\/v2\/types\/product"}],"wp:featuredmedia":[{"embeddable":true,"href":"https:\/\/metaforineskortos.lt\/en\/wp-json\/wp\/v2\/media\/9104"}],"wp:attachment":[{"href":"https:\/\/metaforineskortos.lt\/en\/wp-json\/wp\/v2\/media?parent=8772"}],"wp:term":[{"taxonomy":"product_brand","embeddable":true,"href":"https:\/\/metaforineskortos.lt\/en\/wp-json\/wp\/v2\/product_brand?post=8772"},{"taxonomy":"product_cat","embeddable":true,"href":"https:\/\/metaforineskortos.lt\/en\/wp-json\/wp\/v2\/product_cat?post=8772"},{"taxonomy":"product_tag","embeddable":true,"href":"https:\/\/metaforineskortos.lt\/en\/wp-json\/wp\/v2\/product_tag?post=8772"}],"curies":[{"name":"wp","href":"https:\/\/api.w.org\/{rel}","templated":true}]}}