{"id":4759,"date":"2021-02-26T13:30:14","date_gmt":"2021-02-26T10:30:14","guid":{"rendered":"http:\/\/metaforineskortos.lt\/?post_type=product&#038;p=4759"},"modified":"2023-07-23T14:40:23","modified_gmt":"2023-07-23T11:40:23","slug":"enneagram","status":"publish","type":"product","link":"https:\/\/metaforineskortos.lt\/en\/parduotuve\/metaforines-kortos\/enneagram\/","title":{"rendered":"ENNEAGRAM &#8211; metaforin\u0117s kortos"},"content":{"rendered":"<p><strong><em>ENNEAGRAM<\/em><\/strong>\u00a0rinkin\u012f sudaro 87 kortel\u0117s. Jos atspindi b\u016bsenas, \u012fsitikinimus, emocijas, resursus, tro\u0161kimus ir baimes. Autor\u0117 Irina Makrak atrinko tinkamas nuotraukas ir jas perpie\u0161\u0117, priduodama gylio kiekvienam atvaizdui. Nors kortel\u0117s atspindi devynis Eneagramos tipus, j\u0173 pagrindinius poreikius ir motyvus, jos lengvai naudojamos ir nesusipa\u017einus su \u0161iuo modeliu.<\/p>\n<p><strong>NEBETUR\u0116SIME \ud83d\ude41 bet&#8230; yra puikus analogas <a href=\"https:\/\/metaforineskortos.lt\/en\/parduotuve\/metaforines-kortos\/type\/\" target=\"_blank\" rel=\"noopener\">TYPE tipologin\u0117s asociatyvin\u0117s kortos<\/a>!!<\/strong><\/p>\n<p class=\"translation-block\">Great for: <em> - Training trainers, lecturers <\/em>\u2b50\u2b50\u2b50<em> - HR specialists, personnel workers <\/em>\u2b50\u2b50\u2b50<em> - Coaching specialists, consultants <\/em>\u2b50\u2b50\u2b50<em> - For educators, social workers <\/em>\u2b50\u2b50\u2b50<em> - For managers, teams <\/em>\u2b50\u2b50<em> - For psychologists, psychotherapists <\/em>\u2b50\u2b50<em> - For personal development<\/em> \u2b50\u2b50<\/p>\n<p>ENNEAGRAM labai tinka darbui su grup\u0117mis, nes yra didesnio formato, be smulki\u0173 detali\u0173. Kiekviena kortel\u0117 atskleid\u017eia kliento bazinius poreikius ir emocijas. Padeda nustatyti stipri\u0105sias ir silpn\u0105sias savybes, atrasti resurs\u0173 tobul\u0117jimui. Nepamainoma priemon\u0117 mokantis Eneagramos ar testuojant \u012fgytas \u017einias.<\/p>\n<p class=\"translation-block\">Find out how to use <a href=\"https:\/\/re-act.lt\/metodikos\/metaforines-kortos\/\" target=\"_blank\" rel=\"noopener\">metaphorical cards<\/a> in your activities, look here: <a href=\"https:\/\/metaforineskortos.lt\/en\/mokymai\/\" target=\"_blank\" rel=\"noopener\">COURSES<\/a><\/p>\n<p><strong>NEBETUR\u0116SIME \ud83d\ude41 bet&#8230; yra puikus analogas <a href=\"https:\/\/metaforineskortos.lt\/en\/parduotuve\/metaforines-kortos\/type\/\" target=\"_blank\" rel=\"noopener\">TYPE tipologin\u0117s asociatyvin\u0117s kortos<\/a>!!<\/strong><\/p>\n<div id=\"gtx-trans\" style=\"position: absolute; left: -21px; top: -2px;\">\n<div class=\"gtx-trans-icon\"><\/div>\n<\/div>","protected":false},"excerpt":{"rendered":"<p><strong>NEBETUR\u0116SIME \ud83d\ude41 bet&#8230; yra puikus analogas <a href=\"https:\/\/metaforineskortos.lt\/en\/parduotuve\/metaforines-kortos\/type\/\" target=\"_blank\" rel=\"noopener\">TYPE tipologin\u0117s asociatyvin\u0117s kortos<\/a>!!<\/strong><\/p>\n<p>ENNEAGRAM rinkin\u012f sudaro 87 kortel\u0117s. Jos atspindi b\u016bsenas, \u012fsitikinimus, emocijas, resursus, tro\u0161kimus ir baimes. Autor\u0117 Irina Makrak atrinko tinkamas nuotraukas ir jas perpie\u0161\u0117, priduodama gylio kiekvienam atvaizdui. Nors kortel\u0117s atspindi devynis Eneagramos tipus, j\u0173 pagrindinius poreikius ir motyvus, jos lengvai naudojamos ir nesusipa\u017einus su \u0161iuo modeliu.<\/p>\n<p>&nbsp;<\/p>","protected":false},"featured_media":9097,"template":"","meta":{"site-sidebar-layout":"default","site-content-layout":"default","ast-site-content-layout":"default","site-content-style":"default","site-sidebar-style":"default","ast-global-header-display":"","ast-banner-title-visibility":"","ast-main-header-display":"","ast-hfb-above-header-display":"","ast-hfb-below-header-display":"","ast-hfb-mobile-header-display":"","site-post-title":"","ast-breadcrumbs-content":"","ast-featured-img":"","footer-sml-layout":"","ast-disable-related-posts":"","theme-transparent-header-meta":"default","adv-header-id-meta":"","stick-header-meta":"","header-above-stick-meta":"","header-main-stick-meta":"","header-below-stick-meta":"","astra-migrate-meta-layouts":"default","ast-page-background-enabled":"default","ast-page-background-meta":{"desktop":{"background-color":"","background-image":"","background-repeat":"repeat","background-position":"center center","background-size":"auto","background-attachment":"scroll","background-type":"","background-media":"","overlay-type":"","overlay-color":"","overlay-opacity":"","overlay-gradient":""},"tablet":{"background-color":"","background-image":"","background-repeat":"repeat","background-position":"center center","background-size":"auto","background-attachment":"scroll","background-type":"","background-media":"","overlay-type":"","overlay-color":"","overlay-opacity":"","overlay-gradient":""},"mobile":{"background-color":"","background-image":"","background-repeat":"repeat","background-position":"center center","background-size":"auto","background-attachment":"scroll","background-type":"","background-media":"","overlay-type":"","overlay-color":"","overlay-opacity":"","overlay-gradient":""}},"ast-content-background-meta":{"desktop":{"background-color":"var(--ast-global-color-5)","background-image":"","background-repeat":"repeat","background-position":"center center","background-size":"auto","background-attachment":"scroll","background-type":"","background-media":"","overlay-type":"","overlay-color":"","overlay-opacity":"","overlay-gradient":""},"tablet":{"background-color":"var(--ast-global-color-5)","background-image":"","background-repeat":"repeat","background-position":"center center","background-size":"auto","background-attachment":"scroll","background-type":"","background-media":"","overlay-type":"","overlay-color":"","overlay-opacity":"","overlay-gradient":""},"mobile":{"background-color":"var(--ast-global-color-5)","background-image":"","background-repeat":"repeat","background-position":"center center","background-size":"auto","background-attachment":"scroll","background-type":"","background-media":"","overlay-type":"","overlay-color":"","overlay-opacity":"","overlay-gradient":""}}},"product_brand":[],"product_cat":[31],"product_tag":[44,34],"class_list":{"0":"post-4759","1":"product","2":"type-product","3":"status-publish","4":"has-post-thumbnail","6":"product_cat-metaforines-kortos","7":"product_tag-resursines","8":"product_tag-universalios","9":"desktop-align-left","10":"tablet-align-left","11":"mobile-align-left","13":"first","14":"outofstock","15":"taxable","16":"shipping-taxable","17":"purchasable","18":"product-type-simple"},"yoast_head":"<!-- This site is optimized with the Yoast SEO plugin v27.5 - https:\/\/yoast.com\/product\/yoast-seo-wordpress\/ -->\n<title>ENNEAGRAM - metaforin\u0117s kortos - Metaforin\u0117s Kortos<\/title>\n<meta name=\"description\" content=\"ENNEAGRAM\u00a0rinkin\u012f sudaro 87 kortel\u0117s. Jos atspindi \u017emoni\u0173 b\u016bsenas, \u012fsitikinimus, emocijas, resursus, tro\u0161kimus ir baimes.\" \/>\n<meta name=\"robots\" content=\"index, follow, max-snippet:-1, max-image-preview:large, max-video-preview:-1\" \/>\n<link rel=\"canonical\" href=\"https:\/\/metaforineskortos.lt\/en\/parduotuve\/metaforines-kortos\/enneagram\/\" \/>\n<meta property=\"og:locale\" content=\"en_GB\" \/>\n<meta property=\"og:type\" content=\"article\" \/>\n<meta property=\"og:title\" content=\"ENNEAGRAM - metaforin\u0117s kortos - Metaforin\u0117s Kortos\" \/>\n<meta property=\"og:description\" content=\"ENNEAGRAM\u00a0rinkin\u012f sudaro 87 kortel\u0117s. Jos atspindi \u017emoni\u0173 b\u016bsenas, \u012fsitikinimus, emocijas, resursus, tro\u0161kimus ir baimes.\" \/>\n<meta property=\"og:url\" content=\"https:\/\/metaforineskortos.lt\/en\/parduotuve\/metaforines-kortos\/enneagram\/\" \/>\n<meta property=\"og:site_name\" content=\"Metaforin\u0117s Kortos\" \/>\n<meta property=\"article:modified_time\" content=\"2023-07-23T11:40:23+00:00\" \/>\n<meta property=\"og:image\" content=\"https:\/\/metaforineskortos.lt\/wp-content\/uploads\/2021\/02\/Eneagram-main-x.jpg\" \/>\n\t<meta property=\"og:image:width\" content=\"800\" \/>\n\t<meta property=\"og:image:height\" content=\"640\" \/>\n\t<meta property=\"og:image:type\" content=\"image\/jpeg\" \/>\n<meta name=\"twitter:card\" content=\"summary_large_image\" \/>\n<meta name=\"twitter:label1\" content=\"Estimated reading time\" \/>\n\t<meta name=\"twitter:data1\" content=\"1 minute\" \/>\n<script type=\"application\/ld+json\" class=\"yoast-schema-graph\">{\"@context\":\"https:\\\/\\\/schema.org\",\"@graph\":[{\"@type\":\"WebPage\",\"@id\":\"https:\\\/\\\/metaforineskortos.lt\\\/parduotuve\\\/metaforines-kortos\\\/enneagram\\\/\",\"url\":\"https:\\\/\\\/metaforineskortos.lt\\\/parduotuve\\\/metaforines-kortos\\\/enneagram\\\/\",\"name\":\"ENNEAGRAM - metaforin\u0117s kortos - Metaforin\u0117s Kortos\",\"isPartOf\":{\"@id\":\"https:\\\/\\\/metaforineskortos.lt\\\/#website\"},\"primaryImageOfPage\":{\"@id\":\"https:\\\/\\\/metaforineskortos.lt\\\/parduotuve\\\/metaforines-kortos\\\/enneagram\\\/#primaryimage\"},\"image\":{\"@id\":\"https:\\\/\\\/metaforineskortos.lt\\\/parduotuve\\\/metaforines-kortos\\\/enneagram\\\/#primaryimage\"},\"thumbnailUrl\":\"https:\\\/\\\/i0.wp.com\\\/metaforineskortos.lt\\\/wp-content\\\/uploads\\\/2021\\\/02\\\/Eneagram-main-x.jpg?fit=800%2C640&ssl=1\",\"datePublished\":\"2021-02-26T10:30:14+00:00\",\"dateModified\":\"2023-07-23T11:40:23+00:00\",\"description\":\"ENNEAGRAM\u00a0rinkin\u012f sudaro 87 kortel\u0117s. Jos atspindi \u017emoni\u0173 b\u016bsenas, \u012fsitikinimus, emocijas, resursus, tro\u0161kimus ir baimes.\",\"breadcrumb\":{\"@id\":\"https:\\\/\\\/metaforineskortos.lt\\\/parduotuve\\\/metaforines-kortos\\\/enneagram\\\/#breadcrumb\"},\"inLanguage\":\"en-GB\",\"potentialAction\":[{\"@type\":\"ReadAction\",\"target\":[\"https:\\\/\\\/metaforineskortos.lt\\\/parduotuve\\\/metaforines-kortos\\\/enneagram\\\/\"]}]},{\"@type\":\"ImageObject\",\"inLanguage\":\"en-GB\",\"@id\":\"https:\\\/\\\/metaforineskortos.lt\\\/parduotuve\\\/metaforines-kortos\\\/enneagram\\\/#primaryimage\",\"url\":\"https:\\\/\\\/i0.wp.com\\\/metaforineskortos.lt\\\/wp-content\\\/uploads\\\/2021\\\/02\\\/Eneagram-main-x.jpg?fit=800%2C640&ssl=1\",\"contentUrl\":\"https:\\\/\\\/i0.wp.com\\\/metaforineskortos.lt\\\/wp-content\\\/uploads\\\/2021\\\/02\\\/Eneagram-main-x.jpg?fit=800%2C640&ssl=1\",\"width\":800,\"height\":640,\"caption\":\"Enneagram\"},{\"@type\":\"BreadcrumbList\",\"@id\":\"https:\\\/\\\/metaforineskortos.lt\\\/parduotuve\\\/metaforines-kortos\\\/enneagram\\\/#breadcrumb\",\"itemListElement\":[{\"@type\":\"ListItem\",\"position\":1,\"name\":\"Home\",\"item\":\"https:\\\/\\\/metaforineskortos.lt\\\/\"},{\"@type\":\"ListItem\",\"position\":2,\"name\":\"Parduotuv\u0117\",\"item\":\"https:\\\/\\\/metaforineskortos.lt\\\/parduotuve\\\/\"},{\"@type\":\"ListItem\",\"position\":3,\"name\":\"ENNEAGRAM &#8211; metaforin\u0117s kortos\"}]},{\"@type\":\"WebSite\",\"@id\":\"https:\\\/\\\/metaforineskortos.lt\\\/#website\",\"url\":\"https:\\\/\\\/metaforineskortos.lt\\\/\",\"name\":\"Metaforin\u0117s Kortos\",\"description\":\"Metaforin\u0117s Kortos ir Saviugdos Mokymai\",\"publisher\":{\"@id\":\"https:\\\/\\\/metaforineskortos.lt\\\/#organization\"},\"potentialAction\":[{\"@type\":\"SearchAction\",\"target\":{\"@type\":\"EntryPoint\",\"urlTemplate\":\"https:\\\/\\\/metaforineskortos.lt\\\/?s={search_term_string}\"},\"query-input\":{\"@type\":\"PropertyValueSpecification\",\"valueRequired\":true,\"valueName\":\"search_term_string\"}}],\"inLanguage\":\"en-GB\"},{\"@type\":\"Organization\",\"@id\":\"https:\\\/\\\/metaforineskortos.lt\\\/#organization\",\"name\":\"Metaforin\u0117s Kortos\",\"url\":\"https:\\\/\\\/metaforineskortos.lt\\\/\",\"logo\":{\"@type\":\"ImageObject\",\"inLanguage\":\"en-GB\",\"@id\":\"https:\\\/\\\/metaforineskortos.lt\\\/#\\\/schema\\\/logo\\\/image\\\/\",\"url\":\"https:\\\/\\\/metaforineskortos.lt\\\/wp-content\\\/uploads\\\/2021\\\/03\\\/re-act-logo.svg\",\"contentUrl\":\"https:\\\/\\\/metaforineskortos.lt\\\/wp-content\\\/uploads\\\/2021\\\/03\\\/re-act-logo.svg\",\"width\":117,\"height\":58,\"caption\":\"Metaforin\u0117s Kortos\"},\"image\":{\"@id\":\"https:\\\/\\\/metaforineskortos.lt\\\/#\\\/schema\\\/logo\\\/image\\\/\"}}]}<\/script>\n<!-- \/ Yoast SEO plugin. -->","yoast_head_json":{"title":"ENNEAGRAM - metaforin\u0117s kortos - Metaforin\u0117s Kortos","description":"ENNEAGRAM\u00a0rinkin\u012f sudaro 87 kortel\u0117s. Jos atspindi \u017emoni\u0173 b\u016bsenas, \u012fsitikinimus, emocijas, resursus, tro\u0161kimus ir baimes.","robots":{"index":"index","follow":"follow","max-snippet":"max-snippet:-1","max-image-preview":"max-image-preview:large","max-video-preview":"max-video-preview:-1"},"canonical":"https:\/\/metaforineskortos.lt\/en\/parduotuve\/metaforines-kortos\/enneagram\/","og_locale":"en_GB","og_type":"article","og_title":"ENNEAGRAM - metaforin\u0117s kortos - Metaforin\u0117s Kortos","og_description":"ENNEAGRAM\u00a0rinkin\u012f sudaro 87 kortel\u0117s. Jos atspindi \u017emoni\u0173 b\u016bsenas, \u012fsitikinimus, emocijas, resursus, tro\u0161kimus ir baimes.","og_url":"https:\/\/metaforineskortos.lt\/en\/parduotuve\/metaforines-kortos\/enneagram\/","og_site_name":"Metaforin\u0117s Kortos","article_modified_time":"2023-07-23T11:40:23+00:00","og_image":[{"width":800,"height":640,"url":"https:\/\/metaforineskortos.lt\/wp-content\/uploads\/2021\/02\/Eneagram-main-x.jpg","type":"image\/jpeg"}],"twitter_card":"summary_large_image","twitter_misc":{"Estimated reading time":"1 minute"},"schema":{"@context":"https:\/\/schema.org","@graph":[{"@type":"WebPage","@id":"https:\/\/metaforineskortos.lt\/parduotuve\/metaforines-kortos\/enneagram\/","url":"https:\/\/metaforineskortos.lt\/parduotuve\/metaforines-kortos\/enneagram\/","name":"ENNEAGRAM - metaforin\u0117s kortos - Metaforin\u0117s Kortos","isPartOf":{"@id":"https:\/\/metaforineskortos.lt\/#website"},"primaryImageOfPage":{"@id":"https:\/\/metaforineskortos.lt\/parduotuve\/metaforines-kortos\/enneagram\/#primaryimage"},"image":{"@id":"https:\/\/metaforineskortos.lt\/parduotuve\/metaforines-kortos\/enneagram\/#primaryimage"},"thumbnailUrl":"https:\/\/i0.wp.com\/metaforineskortos.lt\/wp-content\/uploads\/2021\/02\/Eneagram-main-x.jpg?fit=800%2C640&ssl=1","datePublished":"2021-02-26T10:30:14+00:00","dateModified":"2023-07-23T11:40:23+00:00","description":"ENNEAGRAM\u00a0rinkin\u012f sudaro 87 kortel\u0117s. Jos atspindi \u017emoni\u0173 b\u016bsenas, \u012fsitikinimus, emocijas, resursus, tro\u0161kimus ir baimes.","breadcrumb":{"@id":"https:\/\/metaforineskortos.lt\/parduotuve\/metaforines-kortos\/enneagram\/#breadcrumb"},"inLanguage":"en-GB","potentialAction":[{"@type":"ReadAction","target":["https:\/\/metaforineskortos.lt\/parduotuve\/metaforines-kortos\/enneagram\/"]}]},{"@type":"ImageObject","inLanguage":"en-GB","@id":"https:\/\/metaforineskortos.lt\/parduotuve\/metaforines-kortos\/enneagram\/#primaryimage","url":"https:\/\/i0.wp.com\/metaforineskortos.lt\/wp-content\/uploads\/2021\/02\/Eneagram-main-x.jpg?fit=800%2C640&ssl=1","contentUrl":"https:\/\/i0.wp.com\/metaforineskortos.lt\/wp-content\/uploads\/2021\/02\/Eneagram-main-x.jpg?fit=800%2C640&ssl=1","width":800,"height":640,"caption":"Enneagram"},{"@type":"BreadcrumbList","@id":"https:\/\/metaforineskortos.lt\/parduotuve\/metaforines-kortos\/enneagram\/#breadcrumb","itemListElement":[{"@type":"ListItem","position":1,"name":"Home","item":"https:\/\/metaforineskortos.lt\/"},{"@type":"ListItem","position":2,"name":"Parduotuv\u0117","item":"https:\/\/metaforineskortos.lt\/parduotuve\/"},{"@type":"ListItem","position":3,"name":"ENNEAGRAM &#8211; metaforin\u0117s kortos"}]},{"@type":"WebSite","@id":"https:\/\/metaforineskortos.lt\/#website","url":"https:\/\/metaforineskortos.lt\/","name":"Metaforin\u0117s Kortos","description":"Metaforin\u0117s Kortos ir Saviugdos Mokymai","publisher":{"@id":"https:\/\/metaforineskortos.lt\/#organization"},"potentialAction":[{"@type":"SearchAction","target":{"@type":"EntryPoint","urlTemplate":"https:\/\/metaforineskortos.lt\/?s={search_term_string}"},"query-input":{"@type":"PropertyValueSpecification","valueRequired":true,"valueName":"search_term_string"}}],"inLanguage":"en-GB"},{"@type":"Organization","@id":"https:\/\/metaforineskortos.lt\/#organization","name":"Metaforin\u0117s Kortos","url":"https:\/\/metaforineskortos.lt\/","logo":{"@type":"ImageObject","inLanguage":"en-GB","@id":"https:\/\/metaforineskortos.lt\/#\/schema\/logo\/image\/","url":"https:\/\/metaforineskortos.lt\/wp-content\/uploads\/2021\/03\/re-act-logo.svg","contentUrl":"https:\/\/metaforineskortos.lt\/wp-content\/uploads\/2021\/03\/re-act-logo.svg","width":117,"height":58,"caption":"Metaforin\u0117s Kortos"},"image":{"@id":"https:\/\/metaforineskortos.lt\/#\/schema\/logo\/image\/"}}]}},"jetpack_sharing_enabled":true,"_links":{"self":[{"href":"https:\/\/metaforineskortos.lt\/en\/wp-json\/wp\/v2\/product\/4759","targetHints":{"allow":["GET"]}}],"collection":[{"href":"https:\/\/metaforineskortos.lt\/en\/wp-json\/wp\/v2\/product"}],"about":[{"href":"https:\/\/metaforineskortos.lt\/en\/wp-json\/wp\/v2\/types\/product"}],"wp:featuredmedia":[{"embeddable":true,"href":"https:\/\/metaforineskortos.lt\/en\/wp-json\/wp\/v2\/media\/9097"}],"wp:attachment":[{"href":"https:\/\/metaforineskortos.lt\/en\/wp-json\/wp\/v2\/media?parent=4759"}],"wp:term":[{"taxonomy":"product_brand","embeddable":true,"href":"https:\/\/metaforineskortos.lt\/en\/wp-json\/wp\/v2\/product_brand?post=4759"},{"taxonomy":"product_cat","embeddable":true,"href":"https:\/\/metaforineskortos.lt\/en\/wp-json\/wp\/v2\/product_cat?post=4759"},{"taxonomy":"product_tag","embeddable":true,"href":"https:\/\/metaforineskortos.lt\/en\/wp-json\/wp\/v2\/product_tag?post=4759"}],"curies":[{"name":"wp","href":"https:\/\/api.w.org\/{rel}","templated":true}]}}