{"id":168,"date":"2018-06-19T13:42:19","date_gmt":"2018-06-19T10:42:19","guid":{"rendered":"http:\/\/metaforineskortos.lt\/index.php\/product\/assorted-coffee\/"},"modified":"2025-10-27T12:59:40","modified_gmt":"2025-10-27T09:59:40","slug":"kak","status":"publish","type":"product","link":"https:\/\/metaforineskortos.lt\/en\/parduotuve\/metaforines-kortos\/kak\/","title":{"rendered":"KAK - metaphorical cards"},"content":{"rendered":"<p class=\"translation-block\">The <em><strong>KAK<\/strong><\/em> (Coaching Association Cards) set consists of 88 cards with metaphorical pictures and 88 cards with words in Lithuanian language. More than 7 thousand possible combinations help to look at the situation from different angles, to see nuances that can help implement plans or complicate them.<\/p>\n<p class=\"translation-block\">WE WILL NOT HAVE ANYMORE \ud83d\ude41 but... great analogues are InSight and ReSource cards.<\/p>\n<p class=\"translation-block\">Great for:<em> - Coaching specialists, consultants <\/em>\u2b50\u2b50\u2b50<em> - Managers, team leaders <\/em>\u2b50\u2b50\u2b50<em> - HR specialists, personnel workers <\/em>\u2b50\u2b50\u2b50<em> - For personal use, training exercises <\/em>\u2b50\u2b50\u2b50<em> - For psychologists, psychotherapists <\/em>\u2b50\u2b50<em> - For educators, social workers <\/em>\u2b50\u2b50<em> - For training coaches, lecturers \u2b50\u2b50<\/p>\n<p>The words and images of KAK cards are mostly resourceful, so they are especially suitable for establishing and clarifying future plans, looking for new solutions or ways to overcome problems. Stimulates creativity and the will to act.<\/p>\n<p class=\"translation-block\">Find out how to use <a href=\"https:\/\/re-act.lt\/metodikos\/metaforines-kortos\/\" target=\"_blank\" rel=\"noopener\">metaphorical cards<\/a> in your activities, look here: <a href=\"https:\/\/metaforineskortos.lt\/en\/mokymai\/\" target=\"_blank\" rel=\"noopener\">COURSES<\/a><\/p>\n<p class=\"translation-block\">WE WILL NOT HAVE ANYMORE \ud83d\ude41 but... great analogues are InSight and ReSource cards.<\/p>","protected":false},"excerpt":{"rendered":"<p class=\"translation-block\">WE WILL NOT HAVE ANYMORE \ud83d\ude41 but... great analogues are InSight and ReSource cards.<\/p>\n<p class=\"translation-block\">The <em><strong>KAK<\/strong><\/em> (Coaching Association Cards) set consists of 88 cards with metaphorical pictures and 88 cards with words in Lithuanian language. More than 7 thousand possible combinations help to look at the situation from different angles, to see nuances that can help implement plans or complicate them.<\/p>\n<p class=\"translation-block\"><em>Similar cards are <a href=\"https:\/\/metaforineskortos.lt\/en\/pardotuve\/metaforines-kortos\/insight-izvalgu-kortos\/\" target=\"_blank\" rel=\"noopener\"><strong>InSight<\/strong><\/a> (insight cards) and <a href=\"https:\/\/metaforineskortos.lt\/en\/pardotuve\/metaforines-kortos\/resource-resursu-kortos\/\" target=\"_blank\" rel=\"noopener\"><strong> ReSource<\/strong><\/a> (resource cards) and <a href=\"https:\/\/metaforineskortos.lt\/en\/pardotuve\/metaforines-kortos\/oh\/\" target=\"_blank\" rel=\"noopener\"><strong> OH<\/strong><\/a> (Classic Universal Cards)<\/em><\/p>\n<div id=\"gtx-trans\" style=\"position: absolute; left: -33px; top: 71px;\">\n<div class=\"gtx-trans-icon\"><\/div>\n<\/div>","protected":false},"featured_media":9099,"template":"","meta":{"site-sidebar-layout":"default","site-content-layout":"default","ast-site-content-layout":"default","site-content-style":"default","site-sidebar-style":"default","ast-global-header-display":"","ast-banner-title-visibility":"","ast-main-header-display":"","ast-hfb-above-header-display":"","ast-hfb-below-header-display":"","ast-hfb-mobile-header-display":"","site-post-title":"","ast-breadcrumbs-content":"","ast-featured-img":"","footer-sml-layout":"","ast-disable-related-posts":"","theme-transparent-header-meta":"default","adv-header-id-meta":"","stick-header-meta":"","header-above-stick-meta":"","header-main-stick-meta":"","header-below-stick-meta":"","astra-migrate-meta-layouts":"set","ast-page-background-enabled":"default","ast-page-background-meta":{"desktop":{"background-color":"","background-image":"","background-repeat":"repeat","background-position":"center center","background-size":"auto","background-attachment":"scroll","background-type":"","background-media":"","overlay-type":"","overlay-color":"","overlay-opacity":"","overlay-gradient":""},"tablet":{"background-color":"","background-image":"","background-repeat":"repeat","background-position":"center center","background-size":"auto","background-attachment":"scroll","background-type":"","background-media":"","overlay-type":"","overlay-color":"","overlay-opacity":"","overlay-gradient":""},"mobile":{"background-color":"","background-image":"","background-repeat":"repeat","background-position":"center center","background-size":"auto","background-attachment":"scroll","background-type":"","background-media":"","overlay-type":"","overlay-color":"","overlay-opacity":"","overlay-gradient":""}},"ast-content-background-meta":{"desktop":{"background-color":"var(--ast-global-color-5)","background-image":"","background-repeat":"repeat","background-position":"center center","background-size":"auto","background-attachment":"scroll","background-type":"","background-media":"","overlay-type":"","overlay-color":"","overlay-opacity":"","overlay-gradient":""},"tablet":{"background-color":"var(--ast-global-color-5)","background-image":"","background-repeat":"repeat","background-position":"center center","background-size":"auto","background-attachment":"scroll","background-type":"","background-media":"","overlay-type":"","overlay-color":"","overlay-opacity":"","overlay-gradient":""},"mobile":{"background-color":"var(--ast-global-color-5)","background-image":"","background-repeat":"repeat","background-position":"center center","background-size":"auto","background-attachment":"scroll","background-type":"","background-media":"","overlay-type":"","overlay-color":"","overlay-opacity":"","overlay-gradient":""}}},"product_brand":[],"product_cat":[31],"product_tag":[44,34],"class_list":{"0":"post-168","1":"product","2":"type-product","3":"status-publish","4":"has-post-thumbnail","6":"product_cat-metaforines-kortos","7":"product_tag-resursines","8":"product_tag-universalios","9":"desktop-align-left","10":"tablet-align-left","11":"mobile-align-left","13":"first","14":"outofstock","15":"taxable","16":"shipping-taxable","17":"purchasable","18":"product-type-simple"},"yoast_head":"<!-- This site is optimized with the Yoast SEO plugin v27.4 - https:\/\/yoast.com\/product\/yoast-seo-wordpress\/ -->\n<title>KAK - metaforin\u0117s kortos - Metaforin\u0117s asociatyvin\u0117s kortos<\/title>\n<meta name=\"description\" content=\"KAK asociatyvin\u0117s kou\u010dingin\u0117s kortos ypa\u010d tinka nusistatant tikslus ir ie\u0161kant sprendim\u0173. Skatina k\u016brybingum\u0105 ir pasiry\u017eim\u0105 veikti.\" \/>\n<meta name=\"robots\" content=\"index, follow, max-snippet:-1, max-image-preview:large, max-video-preview:-1\" \/>\n<link rel=\"canonical\" href=\"https:\/\/metaforineskortos.lt\/en\/parduotuve\/metaforines-kortos\/kak\/\" \/>\n<meta property=\"og:locale\" content=\"en_GB\" \/>\n<meta property=\"og:type\" content=\"article\" \/>\n<meta property=\"og:title\" content=\"KAK - metaforin\u0117s kortos - Metaforin\u0117s asociatyvin\u0117s kortos\" \/>\n<meta property=\"og:description\" content=\"KAK asociatyvin\u0117s kou\u010dingin\u0117s kortos ypa\u010d tinka nusistatant tikslus ir ie\u0161kant sprendim\u0173. Skatina k\u016brybingum\u0105 ir pasiry\u017eim\u0105 veikti.\" \/>\n<meta property=\"og:url\" content=\"https:\/\/metaforineskortos.lt\/en\/parduotuve\/metaforines-kortos\/kak\/\" \/>\n<meta property=\"og:site_name\" content=\"Metaforin\u0117s Kortos\" \/>\n<meta property=\"article:modified_time\" content=\"2025-10-27T09:59:40+00:00\" \/>\n<meta property=\"og:image\" content=\"https:\/\/metaforineskortos.lt\/wp-content\/uploads\/2018\/06\/Asociatyvines-Koucingo-Kortos-main-x.jpg\" \/>\n\t<meta property=\"og:image:width\" content=\"800\" \/>\n\t<meta property=\"og:image:height\" content=\"640\" \/>\n\t<meta property=\"og:image:type\" content=\"image\/jpeg\" \/>\n<meta name=\"twitter:card\" content=\"summary_large_image\" \/>\n<meta name=\"twitter:label1\" content=\"Estimated reading time\" \/>\n\t<meta name=\"twitter:data1\" content=\"1 minute\" \/>\n<script type=\"application\/ld+json\" class=\"yoast-schema-graph\">{\"@context\":\"https:\\\/\\\/schema.org\",\"@graph\":[{\"@type\":\"WebPage\",\"@id\":\"https:\\\/\\\/metaforineskortos.lt\\\/parduotuve\\\/metaforines-kortos\\\/kak\\\/\",\"url\":\"https:\\\/\\\/metaforineskortos.lt\\\/parduotuve\\\/metaforines-kortos\\\/kak\\\/\",\"name\":\"KAK - metaforin\u0117s kortos - Metaforin\u0117s asociatyvin\u0117s kortos\",\"isPartOf\":{\"@id\":\"https:\\\/\\\/metaforineskortos.lt\\\/#website\"},\"primaryImageOfPage\":{\"@id\":\"https:\\\/\\\/metaforineskortos.lt\\\/parduotuve\\\/metaforines-kortos\\\/kak\\\/#primaryimage\"},\"image\":{\"@id\":\"https:\\\/\\\/metaforineskortos.lt\\\/parduotuve\\\/metaforines-kortos\\\/kak\\\/#primaryimage\"},\"thumbnailUrl\":\"https:\\\/\\\/i0.wp.com\\\/metaforineskortos.lt\\\/wp-content\\\/uploads\\\/2018\\\/06\\\/Asociatyvines-Koucingo-Kortos-main-x.jpg?fit=800%2C640&ssl=1\",\"datePublished\":\"2018-06-19T10:42:19+00:00\",\"dateModified\":\"2025-10-27T09:59:40+00:00\",\"description\":\"KAK asociatyvin\u0117s kou\u010dingin\u0117s kortos ypa\u010d tinka nusistatant tikslus ir ie\u0161kant sprendim\u0173. Skatina k\u016brybingum\u0105 ir pasiry\u017eim\u0105 veikti.\",\"breadcrumb\":{\"@id\":\"https:\\\/\\\/metaforineskortos.lt\\\/parduotuve\\\/metaforines-kortos\\\/kak\\\/#breadcrumb\"},\"inLanguage\":\"en-GB\",\"potentialAction\":[{\"@type\":\"ReadAction\",\"target\":[\"https:\\\/\\\/metaforineskortos.lt\\\/parduotuve\\\/metaforines-kortos\\\/kak\\\/\"]}]},{\"@type\":\"ImageObject\",\"inLanguage\":\"en-GB\",\"@id\":\"https:\\\/\\\/metaforineskortos.lt\\\/parduotuve\\\/metaforines-kortos\\\/kak\\\/#primaryimage\",\"url\":\"https:\\\/\\\/i0.wp.com\\\/metaforineskortos.lt\\\/wp-content\\\/uploads\\\/2018\\\/06\\\/Asociatyvines-Koucingo-Kortos-main-x.jpg?fit=800%2C640&ssl=1\",\"contentUrl\":\"https:\\\/\\\/i0.wp.com\\\/metaforineskortos.lt\\\/wp-content\\\/uploads\\\/2018\\\/06\\\/Asociatyvines-Koucingo-Kortos-main-x.jpg?fit=800%2C640&ssl=1\",\"width\":800,\"height\":640,\"caption\":\"KAK kou\u010dingin\u0117s kortos\"},{\"@type\":\"BreadcrumbList\",\"@id\":\"https:\\\/\\\/metaforineskortos.lt\\\/parduotuve\\\/metaforines-kortos\\\/kak\\\/#breadcrumb\",\"itemListElement\":[{\"@type\":\"ListItem\",\"position\":1,\"name\":\"Home\",\"item\":\"https:\\\/\\\/metaforineskortos.lt\\\/\"},{\"@type\":\"ListItem\",\"position\":2,\"name\":\"Parduotuv\u0117\",\"item\":\"https:\\\/\\\/metaforineskortos.lt\\\/parduotuve\\\/\"},{\"@type\":\"ListItem\",\"position\":3,\"name\":\"KAK &#8211; metaforin\u0117s kortos\"}]},{\"@type\":\"WebSite\",\"@id\":\"https:\\\/\\\/metaforineskortos.lt\\\/#website\",\"url\":\"https:\\\/\\\/metaforineskortos.lt\\\/\",\"name\":\"Metaforin\u0117s Kortos\",\"description\":\"Metaforin\u0117s Kortos ir Saviugdos Mokymai\",\"publisher\":{\"@id\":\"https:\\\/\\\/metaforineskortos.lt\\\/#organization\"},\"potentialAction\":[{\"@type\":\"SearchAction\",\"target\":{\"@type\":\"EntryPoint\",\"urlTemplate\":\"https:\\\/\\\/metaforineskortos.lt\\\/?s={search_term_string}\"},\"query-input\":{\"@type\":\"PropertyValueSpecification\",\"valueRequired\":true,\"valueName\":\"search_term_string\"}}],\"inLanguage\":\"en-GB\"},{\"@type\":\"Organization\",\"@id\":\"https:\\\/\\\/metaforineskortos.lt\\\/#organization\",\"name\":\"Metaforin\u0117s Kortos\",\"url\":\"https:\\\/\\\/metaforineskortos.lt\\\/\",\"logo\":{\"@type\":\"ImageObject\",\"inLanguage\":\"en-GB\",\"@id\":\"https:\\\/\\\/metaforineskortos.lt\\\/#\\\/schema\\\/logo\\\/image\\\/\",\"url\":\"https:\\\/\\\/metaforineskortos.lt\\\/wp-content\\\/uploads\\\/2021\\\/03\\\/re-act-logo.svg\",\"contentUrl\":\"https:\\\/\\\/metaforineskortos.lt\\\/wp-content\\\/uploads\\\/2021\\\/03\\\/re-act-logo.svg\",\"width\":117,\"height\":58,\"caption\":\"Metaforin\u0117s Kortos\"},\"image\":{\"@id\":\"https:\\\/\\\/metaforineskortos.lt\\\/#\\\/schema\\\/logo\\\/image\\\/\"}}]}<\/script>\n<!-- \/ Yoast SEO plugin. -->","yoast_head_json":{"title":"KAK - metaforin\u0117s kortos - Metaforin\u0117s asociatyvin\u0117s kortos","description":"KAK asociatyvin\u0117s kou\u010dingin\u0117s kortos ypa\u010d tinka nusistatant tikslus ir ie\u0161kant sprendim\u0173. Skatina k\u016brybingum\u0105 ir pasiry\u017eim\u0105 veikti.","robots":{"index":"index","follow":"follow","max-snippet":"max-snippet:-1","max-image-preview":"max-image-preview:large","max-video-preview":"max-video-preview:-1"},"canonical":"https:\/\/metaforineskortos.lt\/en\/parduotuve\/metaforines-kortos\/kak\/","og_locale":"en_GB","og_type":"article","og_title":"KAK - metaforin\u0117s kortos - Metaforin\u0117s asociatyvin\u0117s kortos","og_description":"KAK asociatyvin\u0117s kou\u010dingin\u0117s kortos ypa\u010d tinka nusistatant tikslus ir ie\u0161kant sprendim\u0173. Skatina k\u016brybingum\u0105 ir pasiry\u017eim\u0105 veikti.","og_url":"https:\/\/metaforineskortos.lt\/en\/parduotuve\/metaforines-kortos\/kak\/","og_site_name":"Metaforin\u0117s Kortos","article_modified_time":"2025-10-27T09:59:40+00:00","og_image":[{"width":800,"height":640,"url":"https:\/\/metaforineskortos.lt\/wp-content\/uploads\/2018\/06\/Asociatyvines-Koucingo-Kortos-main-x.jpg","type":"image\/jpeg"}],"twitter_card":"summary_large_image","twitter_misc":{"Estimated reading time":"1 minute"},"schema":{"@context":"https:\/\/schema.org","@graph":[{"@type":"WebPage","@id":"https:\/\/metaforineskortos.lt\/parduotuve\/metaforines-kortos\/kak\/","url":"https:\/\/metaforineskortos.lt\/parduotuve\/metaforines-kortos\/kak\/","name":"KAK - metaforin\u0117s kortos - Metaforin\u0117s asociatyvin\u0117s kortos","isPartOf":{"@id":"https:\/\/metaforineskortos.lt\/#website"},"primaryImageOfPage":{"@id":"https:\/\/metaforineskortos.lt\/parduotuve\/metaforines-kortos\/kak\/#primaryimage"},"image":{"@id":"https:\/\/metaforineskortos.lt\/parduotuve\/metaforines-kortos\/kak\/#primaryimage"},"thumbnailUrl":"https:\/\/i0.wp.com\/metaforineskortos.lt\/wp-content\/uploads\/2018\/06\/Asociatyvines-Koucingo-Kortos-main-x.jpg?fit=800%2C640&ssl=1","datePublished":"2018-06-19T10:42:19+00:00","dateModified":"2025-10-27T09:59:40+00:00","description":"KAK asociatyvin\u0117s kou\u010dingin\u0117s kortos ypa\u010d tinka nusistatant tikslus ir ie\u0161kant sprendim\u0173. Skatina k\u016brybingum\u0105 ir pasiry\u017eim\u0105 veikti.","breadcrumb":{"@id":"https:\/\/metaforineskortos.lt\/parduotuve\/metaforines-kortos\/kak\/#breadcrumb"},"inLanguage":"en-GB","potentialAction":[{"@type":"ReadAction","target":["https:\/\/metaforineskortos.lt\/parduotuve\/metaforines-kortos\/kak\/"]}]},{"@type":"ImageObject","inLanguage":"en-GB","@id":"https:\/\/metaforineskortos.lt\/parduotuve\/metaforines-kortos\/kak\/#primaryimage","url":"https:\/\/i0.wp.com\/metaforineskortos.lt\/wp-content\/uploads\/2018\/06\/Asociatyvines-Koucingo-Kortos-main-x.jpg?fit=800%2C640&ssl=1","contentUrl":"https:\/\/i0.wp.com\/metaforineskortos.lt\/wp-content\/uploads\/2018\/06\/Asociatyvines-Koucingo-Kortos-main-x.jpg?fit=800%2C640&ssl=1","width":800,"height":640,"caption":"KAK kou\u010dingin\u0117s kortos"},{"@type":"BreadcrumbList","@id":"https:\/\/metaforineskortos.lt\/parduotuve\/metaforines-kortos\/kak\/#breadcrumb","itemListElement":[{"@type":"ListItem","position":1,"name":"Home","item":"https:\/\/metaforineskortos.lt\/"},{"@type":"ListItem","position":2,"name":"Parduotuv\u0117","item":"https:\/\/metaforineskortos.lt\/parduotuve\/"},{"@type":"ListItem","position":3,"name":"KAK &#8211; metaforin\u0117s kortos"}]},{"@type":"WebSite","@id":"https:\/\/metaforineskortos.lt\/#website","url":"https:\/\/metaforineskortos.lt\/","name":"Metaforin\u0117s Kortos","description":"Metaforin\u0117s Kortos ir Saviugdos Mokymai","publisher":{"@id":"https:\/\/metaforineskortos.lt\/#organization"},"potentialAction":[{"@type":"SearchAction","target":{"@type":"EntryPoint","urlTemplate":"https:\/\/metaforineskortos.lt\/?s={search_term_string}"},"query-input":{"@type":"PropertyValueSpecification","valueRequired":true,"valueName":"search_term_string"}}],"inLanguage":"en-GB"},{"@type":"Organization","@id":"https:\/\/metaforineskortos.lt\/#organization","name":"Metaforin\u0117s Kortos","url":"https:\/\/metaforineskortos.lt\/","logo":{"@type":"ImageObject","inLanguage":"en-GB","@id":"https:\/\/metaforineskortos.lt\/#\/schema\/logo\/image\/","url":"https:\/\/metaforineskortos.lt\/wp-content\/uploads\/2021\/03\/re-act-logo.svg","contentUrl":"https:\/\/metaforineskortos.lt\/wp-content\/uploads\/2021\/03\/re-act-logo.svg","width":117,"height":58,"caption":"Metaforin\u0117s Kortos"},"image":{"@id":"https:\/\/metaforineskortos.lt\/#\/schema\/logo\/image\/"}}]}},"jetpack_sharing_enabled":true,"_links":{"self":[{"href":"https:\/\/metaforineskortos.lt\/en\/wp-json\/wp\/v2\/product\/168","targetHints":{"allow":["GET"]}}],"collection":[{"href":"https:\/\/metaforineskortos.lt\/en\/wp-json\/wp\/v2\/product"}],"about":[{"href":"https:\/\/metaforineskortos.lt\/en\/wp-json\/wp\/v2\/types\/product"}],"wp:featuredmedia":[{"embeddable":true,"href":"https:\/\/metaforineskortos.lt\/en\/wp-json\/wp\/v2\/media\/9099"}],"wp:attachment":[{"href":"https:\/\/metaforineskortos.lt\/en\/wp-json\/wp\/v2\/media?parent=168"}],"wp:term":[{"taxonomy":"product_brand","embeddable":true,"href":"https:\/\/metaforineskortos.lt\/en\/wp-json\/wp\/v2\/product_brand?post=168"},{"taxonomy":"product_cat","embeddable":true,"href":"https:\/\/metaforineskortos.lt\/en\/wp-json\/wp\/v2\/product_cat?post=168"},{"taxonomy":"product_tag","embeddable":true,"href":"https:\/\/metaforineskortos.lt\/en\/wp-json\/wp\/v2\/product_tag?post=168"}],"curies":[{"name":"wp","href":"https:\/\/api.w.org\/{rel}","templated":true}]}}