{"id":15034,"date":"2025-12-10T02:39:06","date_gmt":"2025-12-09T23:39:06","guid":{"rendered":"https:\/\/metaforineskortos.lt\/?post_type=product&#038;p=15034"},"modified":"2026-04-11T10:10:09","modified_gmt":"2026-04-11T07:10:09","slug":"mak-susitikimai","status":"publish","type":"product","link":"https:\/\/metaforineskortos.lt\/en\/parduotuve\/mokymai\/mak-susitikimai\/","title":{"rendered":"MAK susitikimai (online)"},"content":{"rendered":"<div>\n<p><strong>2026-ais metais<\/strong>\u00a0<strong>kart\u0105 per m\u0117nes\u012f leiskis \u012f unikali\u0105 12 MAK susitikim\u0173 kelion\u0119<\/strong> su vis nauja tema, vertingomis praktikomis, giliomis diskusijomis ir nam\u0173 darbais. \u0160ie online susitikimai atvers\u00a0 naujus horizontus nuo sav\u0119s pa\u017einimo iki slap\u010diausi\u0173 svajoni\u0173 \u012fgyvendinimo. Visa tai \u012fmanoma su metaforin\u0117mis asociatyvin\u0117mis kortomis (MAK), bendruomen\u0117s palaikymu, refleksija ir galimybe augti.<\/p>\n<h5><strong>&#8211; &#8211; &#8211;<\/strong><\/h5>\n<h5>Kas bus \u0161iuose susitikimuose:<\/h5>\n<p><strong>\ud83d\udc8e Platus tem\u0173 spektras<\/strong>\u00a0\u2014 nuo sav\u0119s pa\u017einimo iki finans\u0173, nuo santyki\u0173 iki k\u016brybos, nuo lyderyst\u0117s iki vidini\u0173 \u0161e\u0161\u0117li\u0173.<\/p>\n<p><strong>\ud83d\udc8e Gilaus darbo su MAK kortomis praktika<\/strong>\u00a0\u2014 tuos pa\u010dius \u012frankius, kuriuos naudoja kou\u010deriai, terapeutai ir mokym\u0173 treneriai.<\/p>\n<p><strong>\ud83d\udc8e \u017dini\u0173 ir \u012fg\u016bd\u017ei\u0173 ugdymas<\/strong>\u00a0\u2014 mokysies kaip metaforines kortas panaudoti tiek asmeniniais tikslais, tiek profesin\u0117je veikloje ir\/ar grup\u0117se.<\/p>\n<p><strong>\ud83d\udc8e Diskusijos ir pasidalinimas patirtimis<\/strong>\u00a0\u2014 grup\u0117, kurioje gali dr\u0105siai kalb\u0117ti, b\u016bti i\u0161girstas, dalintis ir augti.<\/p>\n<p><strong>\ud83d\udc8e Nam\u0173 darbai norintiems tobulintis<\/strong>\u00a0\u2014 galimyb\u0117 t\u0119sti praktik\u0105 tarp susitikim\u0173 ir \u012ftvirtinti poky\u010dius.<\/p>\n<p>\ud83d\udca1<i>Visi susitikimai paruo\u0161ti taip, kad b\u016bt\u0173 naudingi\u00a0<strong>tiek pradedantiesiems<\/strong>, tiek\u00a0<strong>patyrusiems<\/strong>, net ir\u00a0<strong>profesionalams<\/strong>.<\/i><\/p>\n<h5><strong>&#8211; &#8211; &#8211;<\/strong><\/h5>\n<h5>Kam \u0161ie susitikimai bus vertingi:<\/h5>\n<p>\u2705 Dar nieko ne\u017einantiems apie MAK \u2014 kad pa\u017eint\u0173 MAK nuo prad\u017ei\u0173.<\/p>\n<p>\u2705 I\u0161band\u017eiusiems vien\u0105 kit\u0105 kart\u0105 \u2014 kad gaut\u0173 nuosekl\u0173 sisteming\u0105 supratim\u0105.<\/p>\n<p>\u2705 Turintiems kort\u0173 rinkini\u0173, bet nedr\u012fstantiems j\u0173 naudoti \u2014 kad i\u0161mokt\u0173 ir praktikuot\u0173 saugioje aplinkoje.<\/p>\n<p>\u2705 Savamoksliams jau intensyviai naudojantiems kortas \u2014 kad gilint\u0173 refleksij\u0105, strukt\u016br\u0105 ir s\u0105moningum\u0105.<\/p>\n<p>\u2705 Profesionalams (kou\u010deriams, terapeutams, treneriams) \u2014 \u012fgaus dar vien\u0105 saug\u0173, patikim\u0105 ir k\u016brybi\u0161k\u0105 praktin\u012f \u012frank\u012f darbui su klientais.<\/p>\n<p>\ud83d\udca1\u00a0<i><strong>Visi naujokai<\/strong>\u00a0gali ramiai registruotis \u2014 vos u\u017esiregistrav\u0119, gaus nuorod\u0105 \u012f\u00a0<strong>nemokam\u0105 \u012f\u017eangin\u012f video<\/strong>, kuriame trumpai ir ai\u0161kiai parodoma, kaip naudoti MAK kortas.<\/i><\/p>\n<h5><strong>&#8211; &#8211; &#8211;<\/strong><\/h5>\n<h5>Organizacin\u0117 informacija:<\/h5>\n<p><strong>Forma<\/strong>: nuotoliniai susitikimai per\u00a0<strong>Zoom<\/strong>\u00a0platform\u0105<\/p>\n<p><strong>Grafikas<\/strong>: kart\u0105 per m\u0117nes\u012f (antradieniais), \u00a0<strong>19:00\u201321:00 val.<\/strong><\/p>\n<p><strong>Strukt\u016bra<\/strong>: trumpa teorin\u0117 dalis, praktikos su kortomis, diskusijos, dalyvi\u0173 pasidalinimai, rekomendacijos nam\u0173 darbams<\/p>\n<p><strong>Kaina<\/strong>: vienas susitikimas \u2013\u00a0<strong>17 Eur.<\/strong><\/p>\n<p>\ud83d\udca1<i><strong>Taikoma akcija perkantiems metin\u012f abonement\u0105: tik 12,5 \u20ac\/u\u017e susitikim\u0105 (VISO 113 Eur \/ 9 susitikimai)<\/strong>.<\/i><\/p>\n<p>\ud83d\udca1<i><strong>\u012era\u0161ai<\/strong>: d\u0117l bendros atmosferos ir atvirumo \u2014 susitikim\u0173 \u012fra\u0161ai nebus daromi.<\/i><\/p>\n<h5><strong>&#8211; &#8211; &#8211;<\/strong><\/h5>\n<h5>Susitikim\u0173 grafikas ir temos:<\/h5>\n<p><strong>2026.01.27<\/strong>\u00a0&#8211; Sav\u0119s pa\u017einimas, ego ir vidin\u0117 motyvacija.\u00a0<i><strong>\u201cVEIDROD\u017dI\u0172 KAMBARYS\u201d<\/strong><\/i><\/p>\n<p><strong>2026.02.17<\/strong>\u00a0&#8211; Santykiai, romantika ir asmenin\u0117s ribos.\u00a0<i><strong>\u201c\u0160IRDIES LABIRINTAI\u201d<\/strong><\/i><\/p>\n<p><strong>2026.03.24<\/strong> &#8211; Po\u017ei\u016bris \u012f pinigus ir materialin\u0117 gerov\u0117. <i><strong>\u201cGAUSYB\u0116S RAGAS\u201d<\/strong><\/i><\/p>\n<p><strong>2026.04.21<\/strong>\u00a0&#8211; Tikslai, planai ir poky\u010di\u0173 i\u0161\u0161\u016bkiai.\u00a0<i><strong>\u201ePOKY\u010cI\u0172 \u017dEM\u0116LAPIS\u201c<\/strong><\/i><\/p>\n<p><strong>2026.05.19<\/strong>\u00a0&#8211; K\u016brybi\u0161kumas, \u012fkv\u0117pimas ir savirai\u0161ka.\u00a0<i><strong>\u201eID\u0116J\u0172 FONTANAS\u201c<\/strong><\/i><\/p>\n<p><strong>2026.06.16<\/strong>\u00a0&#8211; Turiningas laisvalaikis, pramogos ir poilsis.\u00a0<i><strong>\u201cMALONUM\u0172 SODAS\u201c<\/strong><\/i><\/p>\n<p><strong>2026.07.21<\/strong>\u00a0&#8211; K\u016bno poj\u016b\u010diai, i\u0161rai\u0161ka ir vidin\u0117 galia.\u00a0<strong>\u201eK\u016aNO TVIRTOV\u0116\u201c<\/strong><\/p>\n<p><strong>2026.08.18<\/strong>\u00a0&#8211; Emocinis intelektas ir streso valdymas.\u00a0<i><strong>\u201eEMOCIJ\u0172 BANGOS\u201c<\/strong><\/i><\/p>\n<p><strong>2026.09.22<\/strong>\u00a0&#8211; Asmeninis tobul\u0117jimas ir nauji \u012fg\u016bd\u017eiai.\u00a0<i><strong>\u201cAUGIMO SPIRAL\u0116\u201d\u00a0<\/strong><\/i><\/p>\n<p><strong>2026.10.20<\/strong>\u00a0&#8211; Karjera, lyderyst\u0117 ir komandi\u0161kumas.\u00a0<i><strong>\u201cKARJEROS KALVOS\u201d<\/strong><\/i><\/p>\n<p><strong>2026.11.17<\/strong>\u00a0&#8211; Vidiniai \u0161e\u0161\u0117liai, demonai ir angelai.\u00a0<i><strong>\u201c\u0160E\u0160\u0116LI\u0172 TEATRAS\u201d<\/strong><\/i><\/p>\n<p><strong>2026.12.15<\/strong>\u00a0&#8211; Met\u0173 ap\u017evalga, ateities vizija ir svajon\u0117s.\u00a0<i><strong>\u201cTILTAS \u012e ATEIT\u012e\u201d<\/strong><\/i><\/p>\n<h5><strong>&#8211; &#8211; &#8211;<\/strong><\/h5>\n<p><i>Jei nori met\u0173, kurie neb\u016bt\u0173 vien tik skubos ir rutinos, bet tikro sav\u0119s pa\u017einimo, s\u0105moning\u0173 poky\u010di\u0173, reali\u0173 \u012fg\u016bd\u017ei\u0173 ir kokybi\u0161k\u0173 santyki\u0173 \u2014 MAK susitikimai yra puikus pasirinkimas.<\/i><\/p>\n<p><i>Nepraleisk \u2014 registruokis jau dabar ir prad\u0117k savo kelion\u0119 \u012f prasmingum\u0105, pusiausvyr\u0105 ir autenti\u0161k\u0105 gyvenim\u0105.<\/i><\/p>\n<\/div>\n<h5>&#8211; &#8211; &#8211;<\/h5>\n<p><span style=\"font-size: 16px;\">For those who want to learn how to work with metaphorical cards, click here:<\/span><strong style=\"font-size: 16px;\"> <a href=\"https:\/\/metaforineskortos.lt\/en\/mokymai\/specialus-kursas\/\" target=\"_blank\" rel=\"noopener\">SPECIALIZED TRAINING COURSE<\/a><\/strong><\/p>","protected":false},"excerpt":{"rendered":"<p>Kasm\u0117nesiniai MAK susitikimai su vis nauja tema, vertingomis praktikomis, giliomis diskusijomis ir nam\u0173 darbais. \u0160ie online susitikimai atvers\u00a0 naujus horizontus nuo sav\u0119s pa\u017einimo iki slap\u010diausi\u0173 svajoni\u0173 \u012fgyvendinimo. Visa tai \u012fmanoma su metaforin\u0117mis asociatyvin\u0117mis kortomis (MAK), bendruomen\u0117s palaikymu, refleksija ir galimybe augti.<\/p>","protected":false},"featured_media":15004,"template":"","meta":{"site-sidebar-layout":"default","site-content-layout":"default","ast-site-content-layout":"default","site-content-style":"default","site-sidebar-style":"default","ast-global-header-display":"","ast-banner-title-visibility":"","ast-main-header-display":"","ast-hfb-above-header-display":"","ast-hfb-below-header-display":"","ast-hfb-mobile-header-display":"","site-post-title":"","ast-breadcrumbs-content":"","ast-featured-img":"","footer-sml-layout":"","ast-disable-related-posts":"","theme-transparent-header-meta":"default","adv-header-id-meta":"","stick-header-meta":"","header-above-stick-meta":"","header-main-stick-meta":"","header-below-stick-meta":"","astra-migrate-meta-layouts":"set","ast-page-background-enabled":"default","ast-page-background-meta":{"desktop":{"background-color":"","background-image":"","background-repeat":"repeat","background-position":"center center","background-size":"auto","background-attachment":"scroll","background-type":"","background-media":"","overlay-type":"","overlay-color":"","overlay-opacity":"","overlay-gradient":""},"tablet":{"background-color":"","background-image":"","background-repeat":"repeat","background-position":"center center","background-size":"auto","background-attachment":"scroll","background-type":"","background-media":"","overlay-type":"","overlay-color":"","overlay-opacity":"","overlay-gradient":""},"mobile":{"background-color":"","background-image":"","background-repeat":"repeat","background-position":"center center","background-size":"auto","background-attachment":"scroll","background-type":"","background-media":"","overlay-type":"","overlay-color":"","overlay-opacity":"","overlay-gradient":""}},"ast-content-background-meta":{"desktop":{"background-color":"var(--ast-global-color-5)","background-image":"","background-repeat":"repeat","background-position":"center center","background-size":"auto","background-attachment":"scroll","background-type":"","background-media":"","overlay-type":"","overlay-color":"","overlay-opacity":"","overlay-gradient":""},"tablet":{"background-color":"var(--ast-global-color-5)","background-image":"","background-repeat":"repeat","background-position":"center center","background-size":"auto","background-attachment":"scroll","background-type":"","background-media":"","overlay-type":"","overlay-color":"","overlay-opacity":"","overlay-gradient":""},"mobile":{"background-color":"var(--ast-global-color-5)","background-image":"","background-repeat":"repeat","background-position":"center center","background-size":"auto","background-attachment":"scroll","background-type":"","background-media":"","overlay-type":"","overlay-color":"","overlay-opacity":"","overlay-gradient":""}}},"product_brand":[],"product_cat":[36],"product_tag":[65,64],"class_list":{"0":"post-15034","1":"product","2":"type-product","3":"status-publish","4":"has-post-thumbnail","6":"product_cat-mokymai","7":"product_tag-mokymai","8":"product_tag-sesija","9":"desktop-align-left","10":"tablet-align-left","11":"mobile-align-left","13":"first","14":"instock","15":"sale","16":"taxable","17":"shipping-taxable","18":"purchasable","19":"product-type-variable"},"yoast_head":"<!-- This site is optimized with the Yoast SEO plugin v27.4 - https:\/\/yoast.com\/product\/yoast-seo-wordpress\/ -->\n<title>Transformacini\u0173 \u017eaidim\u0173 festivalis - Metaforin\u0117s Kortos<\/title>\n<meta name=\"description\" content=\"Transformacini\u0173 \u017eaidim\u0173 festivalis - tai\u00a0 Sav\u0119s Pa\u017einimo, Metafor\u0173, vidini\u0173 Transformacij\u0173 renginys.\u00a0Jis skirtas norintiems tobul\u0117ti \u017emon\u0117ms.\" \/>\n<meta name=\"robots\" content=\"index, follow, max-snippet:-1, max-image-preview:large, max-video-preview:-1\" \/>\n<link rel=\"canonical\" href=\"https:\/\/metaforineskortos.lt\/en\/parduotuve\/mokymai\/mak-susitikimai\/\" \/>\n<meta property=\"og:locale\" content=\"en_GB\" \/>\n<meta property=\"og:type\" content=\"article\" \/>\n<meta property=\"og:title\" content=\"Transformacini\u0173 \u017eaidim\u0173 festivalis - Metaforin\u0117s Kortos\" \/>\n<meta property=\"og:description\" content=\"Transformacini\u0173 \u017eaidim\u0173 festivalis - tai\u00a0 Sav\u0119s Pa\u017einimo, Metafor\u0173, vidini\u0173 Transformacij\u0173 renginys.\u00a0Jis skirtas norintiems tobul\u0117ti \u017emon\u0117ms.\" \/>\n<meta property=\"og:url\" content=\"https:\/\/metaforineskortos.lt\/en\/parduotuve\/mokymai\/mak-susitikimai\/\" \/>\n<meta property=\"og:site_name\" content=\"Metaforin\u0117s Kortos\" \/>\n<meta property=\"article:modified_time\" content=\"2026-04-11T07:10:09+00:00\" \/>\n<meta property=\"og:image\" content=\"https:\/\/metaforineskortos.lt\/wp-content\/uploads\/2025\/12\/MAK-susitikimai.png\" \/>\n\t<meta property=\"og:image:width\" content=\"1920\" \/>\n\t<meta property=\"og:image:height\" content=\"1080\" \/>\n\t<meta property=\"og:image:type\" content=\"image\/png\" \/>\n<meta name=\"twitter:card\" content=\"summary_large_image\" \/>\n<meta name=\"twitter:label1\" content=\"Estimated reading time\" \/>\n\t<meta name=\"twitter:data1\" content=\"3 minutes\" \/>\n<script type=\"application\/ld+json\" class=\"yoast-schema-graph\">{\"@context\":\"https:\\\/\\\/schema.org\",\"@graph\":[{\"@type\":\"WebPage\",\"@id\":\"https:\\\/\\\/metaforineskortos.lt\\\/parduotuve\\\/mokymai\\\/mak-susitikimai\\\/\",\"url\":\"https:\\\/\\\/metaforineskortos.lt\\\/parduotuve\\\/mokymai\\\/mak-susitikimai\\\/\",\"name\":\"Transformacini\u0173 \u017eaidim\u0173 festivalis - Metaforin\u0117s Kortos\",\"isPartOf\":{\"@id\":\"https:\\\/\\\/metaforineskortos.lt\\\/#website\"},\"primaryImageOfPage\":{\"@id\":\"https:\\\/\\\/metaforineskortos.lt\\\/parduotuve\\\/mokymai\\\/mak-susitikimai\\\/#primaryimage\"},\"image\":{\"@id\":\"https:\\\/\\\/metaforineskortos.lt\\\/parduotuve\\\/mokymai\\\/mak-susitikimai\\\/#primaryimage\"},\"thumbnailUrl\":\"https:\\\/\\\/i0.wp.com\\\/metaforineskortos.lt\\\/wp-content\\\/uploads\\\/2025\\\/12\\\/MAK-susitikimai.png?fit=1920%2C1080&ssl=1\",\"datePublished\":\"2025-12-09T23:39:06+00:00\",\"dateModified\":\"2026-04-11T07:10:09+00:00\",\"description\":\"Transformacini\u0173 \u017eaidim\u0173 festivalis - tai\u00a0 Sav\u0119s Pa\u017einimo, Metafor\u0173, vidini\u0173 Transformacij\u0173 renginys.\u00a0Jis skirtas norintiems tobul\u0117ti \u017emon\u0117ms.\",\"breadcrumb\":{\"@id\":\"https:\\\/\\\/metaforineskortos.lt\\\/parduotuve\\\/mokymai\\\/mak-susitikimai\\\/#breadcrumb\"},\"inLanguage\":\"en-GB\",\"potentialAction\":[{\"@type\":\"ReadAction\",\"target\":[\"https:\\\/\\\/metaforineskortos.lt\\\/parduotuve\\\/mokymai\\\/mak-susitikimai\\\/\"]}]},{\"@type\":\"ImageObject\",\"inLanguage\":\"en-GB\",\"@id\":\"https:\\\/\\\/metaforineskortos.lt\\\/parduotuve\\\/mokymai\\\/mak-susitikimai\\\/#primaryimage\",\"url\":\"https:\\\/\\\/i0.wp.com\\\/metaforineskortos.lt\\\/wp-content\\\/uploads\\\/2025\\\/12\\\/MAK-susitikimai.png?fit=1920%2C1080&ssl=1\",\"contentUrl\":\"https:\\\/\\\/i0.wp.com\\\/metaforineskortos.lt\\\/wp-content\\\/uploads\\\/2025\\\/12\\\/MAK-susitikimai.png?fit=1920%2C1080&ssl=1\",\"width\":1920,\"height\":1080,\"caption\":\"MAK susitikimai (online)\"},{\"@type\":\"BreadcrumbList\",\"@id\":\"https:\\\/\\\/metaforineskortos.lt\\\/parduotuve\\\/mokymai\\\/mak-susitikimai\\\/#breadcrumb\",\"itemListElement\":[{\"@type\":\"ListItem\",\"position\":1,\"name\":\"Home\",\"item\":\"https:\\\/\\\/metaforineskortos.lt\\\/\"},{\"@type\":\"ListItem\",\"position\":2,\"name\":\"Parduotuv\u0117\",\"item\":\"https:\\\/\\\/metaforineskortos.lt\\\/parduotuve\\\/\"},{\"@type\":\"ListItem\",\"position\":3,\"name\":\"MAK susitikimai (online)\"}]},{\"@type\":\"WebSite\",\"@id\":\"https:\\\/\\\/metaforineskortos.lt\\\/#website\",\"url\":\"https:\\\/\\\/metaforineskortos.lt\\\/\",\"name\":\"Metaforin\u0117s Kortos\",\"description\":\"Metaforin\u0117s Kortos ir Saviugdos Mokymai\",\"publisher\":{\"@id\":\"https:\\\/\\\/metaforineskortos.lt\\\/#organization\"},\"potentialAction\":[{\"@type\":\"SearchAction\",\"target\":{\"@type\":\"EntryPoint\",\"urlTemplate\":\"https:\\\/\\\/metaforineskortos.lt\\\/?s={search_term_string}\"},\"query-input\":{\"@type\":\"PropertyValueSpecification\",\"valueRequired\":true,\"valueName\":\"search_term_string\"}}],\"inLanguage\":\"en-GB\"},{\"@type\":\"Organization\",\"@id\":\"https:\\\/\\\/metaforineskortos.lt\\\/#organization\",\"name\":\"Metaforin\u0117s Kortos\",\"url\":\"https:\\\/\\\/metaforineskortos.lt\\\/\",\"logo\":{\"@type\":\"ImageObject\",\"inLanguage\":\"en-GB\",\"@id\":\"https:\\\/\\\/metaforineskortos.lt\\\/#\\\/schema\\\/logo\\\/image\\\/\",\"url\":\"https:\\\/\\\/metaforineskortos.lt\\\/wp-content\\\/uploads\\\/2021\\\/03\\\/re-act-logo.svg\",\"contentUrl\":\"https:\\\/\\\/metaforineskortos.lt\\\/wp-content\\\/uploads\\\/2021\\\/03\\\/re-act-logo.svg\",\"width\":117,\"height\":58,\"caption\":\"Metaforin\u0117s Kortos\"},\"image\":{\"@id\":\"https:\\\/\\\/metaforineskortos.lt\\\/#\\\/schema\\\/logo\\\/image\\\/\"}}]}<\/script>\n<!-- \/ Yoast SEO plugin. -->","yoast_head_json":{"title":"Transformacini\u0173 \u017eaidim\u0173 festivalis - Metaforin\u0117s Kortos","description":"Transformacini\u0173 \u017eaidim\u0173 festivalis - tai\u00a0 Sav\u0119s Pa\u017einimo, Metafor\u0173, vidini\u0173 Transformacij\u0173 renginys.\u00a0Jis skirtas norintiems tobul\u0117ti \u017emon\u0117ms.","robots":{"index":"index","follow":"follow","max-snippet":"max-snippet:-1","max-image-preview":"max-image-preview:large","max-video-preview":"max-video-preview:-1"},"canonical":"https:\/\/metaforineskortos.lt\/en\/parduotuve\/mokymai\/mak-susitikimai\/","og_locale":"en_GB","og_type":"article","og_title":"Transformacini\u0173 \u017eaidim\u0173 festivalis - Metaforin\u0117s Kortos","og_description":"Transformacini\u0173 \u017eaidim\u0173 festivalis - tai\u00a0 Sav\u0119s Pa\u017einimo, Metafor\u0173, vidini\u0173 Transformacij\u0173 renginys.\u00a0Jis skirtas norintiems tobul\u0117ti \u017emon\u0117ms.","og_url":"https:\/\/metaforineskortos.lt\/en\/parduotuve\/mokymai\/mak-susitikimai\/","og_site_name":"Metaforin\u0117s Kortos","article_modified_time":"2026-04-11T07:10:09+00:00","og_image":[{"width":1920,"height":1080,"url":"https:\/\/metaforineskortos.lt\/wp-content\/uploads\/2025\/12\/MAK-susitikimai.png","type":"image\/png"}],"twitter_card":"summary_large_image","twitter_misc":{"Estimated reading time":"3 minutes"},"schema":{"@context":"https:\/\/schema.org","@graph":[{"@type":"WebPage","@id":"https:\/\/metaforineskortos.lt\/parduotuve\/mokymai\/mak-susitikimai\/","url":"https:\/\/metaforineskortos.lt\/parduotuve\/mokymai\/mak-susitikimai\/","name":"Transformacini\u0173 \u017eaidim\u0173 festivalis - Metaforin\u0117s Kortos","isPartOf":{"@id":"https:\/\/metaforineskortos.lt\/#website"},"primaryImageOfPage":{"@id":"https:\/\/metaforineskortos.lt\/parduotuve\/mokymai\/mak-susitikimai\/#primaryimage"},"image":{"@id":"https:\/\/metaforineskortos.lt\/parduotuve\/mokymai\/mak-susitikimai\/#primaryimage"},"thumbnailUrl":"https:\/\/i0.wp.com\/metaforineskortos.lt\/wp-content\/uploads\/2025\/12\/MAK-susitikimai.png?fit=1920%2C1080&ssl=1","datePublished":"2025-12-09T23:39:06+00:00","dateModified":"2026-04-11T07:10:09+00:00","description":"Transformacini\u0173 \u017eaidim\u0173 festivalis - tai\u00a0 Sav\u0119s Pa\u017einimo, Metafor\u0173, vidini\u0173 Transformacij\u0173 renginys.\u00a0Jis skirtas norintiems tobul\u0117ti \u017emon\u0117ms.","breadcrumb":{"@id":"https:\/\/metaforineskortos.lt\/parduotuve\/mokymai\/mak-susitikimai\/#breadcrumb"},"inLanguage":"en-GB","potentialAction":[{"@type":"ReadAction","target":["https:\/\/metaforineskortos.lt\/parduotuve\/mokymai\/mak-susitikimai\/"]}]},{"@type":"ImageObject","inLanguage":"en-GB","@id":"https:\/\/metaforineskortos.lt\/parduotuve\/mokymai\/mak-susitikimai\/#primaryimage","url":"https:\/\/i0.wp.com\/metaforineskortos.lt\/wp-content\/uploads\/2025\/12\/MAK-susitikimai.png?fit=1920%2C1080&ssl=1","contentUrl":"https:\/\/i0.wp.com\/metaforineskortos.lt\/wp-content\/uploads\/2025\/12\/MAK-susitikimai.png?fit=1920%2C1080&ssl=1","width":1920,"height":1080,"caption":"MAK susitikimai (online)"},{"@type":"BreadcrumbList","@id":"https:\/\/metaforineskortos.lt\/parduotuve\/mokymai\/mak-susitikimai\/#breadcrumb","itemListElement":[{"@type":"ListItem","position":1,"name":"Home","item":"https:\/\/metaforineskortos.lt\/"},{"@type":"ListItem","position":2,"name":"Parduotuv\u0117","item":"https:\/\/metaforineskortos.lt\/parduotuve\/"},{"@type":"ListItem","position":3,"name":"MAK susitikimai (online)"}]},{"@type":"WebSite","@id":"https:\/\/metaforineskortos.lt\/#website","url":"https:\/\/metaforineskortos.lt\/","name":"Metaforin\u0117s Kortos","description":"Metaforin\u0117s Kortos ir Saviugdos Mokymai","publisher":{"@id":"https:\/\/metaforineskortos.lt\/#organization"},"potentialAction":[{"@type":"SearchAction","target":{"@type":"EntryPoint","urlTemplate":"https:\/\/metaforineskortos.lt\/?s={search_term_string}"},"query-input":{"@type":"PropertyValueSpecification","valueRequired":true,"valueName":"search_term_string"}}],"inLanguage":"en-GB"},{"@type":"Organization","@id":"https:\/\/metaforineskortos.lt\/#organization","name":"Metaforin\u0117s Kortos","url":"https:\/\/metaforineskortos.lt\/","logo":{"@type":"ImageObject","inLanguage":"en-GB","@id":"https:\/\/metaforineskortos.lt\/#\/schema\/logo\/image\/","url":"https:\/\/metaforineskortos.lt\/wp-content\/uploads\/2021\/03\/re-act-logo.svg","contentUrl":"https:\/\/metaforineskortos.lt\/wp-content\/uploads\/2021\/03\/re-act-logo.svg","width":117,"height":58,"caption":"Metaforin\u0117s Kortos"},"image":{"@id":"https:\/\/metaforineskortos.lt\/#\/schema\/logo\/image\/"}}]}},"jetpack_sharing_enabled":true,"_links":{"self":[{"href":"https:\/\/metaforineskortos.lt\/en\/wp-json\/wp\/v2\/product\/15034","targetHints":{"allow":["GET"]}}],"collection":[{"href":"https:\/\/metaforineskortos.lt\/en\/wp-json\/wp\/v2\/product"}],"about":[{"href":"https:\/\/metaforineskortos.lt\/en\/wp-json\/wp\/v2\/types\/product"}],"wp:featuredmedia":[{"embeddable":true,"href":"https:\/\/metaforineskortos.lt\/en\/wp-json\/wp\/v2\/media\/15004"}],"wp:attachment":[{"href":"https:\/\/metaforineskortos.lt\/en\/wp-json\/wp\/v2\/media?parent=15034"}],"wp:term":[{"taxonomy":"product_brand","embeddable":true,"href":"https:\/\/metaforineskortos.lt\/en\/wp-json\/wp\/v2\/product_brand?post=15034"},{"taxonomy":"product_cat","embeddable":true,"href":"https:\/\/metaforineskortos.lt\/en\/wp-json\/wp\/v2\/product_cat?post=15034"},{"taxonomy":"product_tag","embeddable":true,"href":"https:\/\/metaforineskortos.lt\/en\/wp-json\/wp\/v2\/product_tag?post=15034"}],"curies":[{"name":"wp","href":"https:\/\/api.w.org\/{rel}","templated":true}]}}