{"id":14871,"date":"2025-10-22T22:43:49","date_gmt":"2025-10-22T19:43:49","guid":{"rendered":"https:\/\/metaforineskortos.lt\/?post_type=product&#038;p=14871"},"modified":"2026-03-30T23:41:46","modified_gmt":"2026-03-30T20:41:46","slug":"sviesos-dievai","status":"publish","type":"product","link":"https:\/\/metaforineskortos.lt\/en\/parduotuve\/metaforines-kortos\/sviesos-dievai\/","title":{"rendered":"108 \u0160viesos Dievai &#8211; resursin\u0117s kortos"},"content":{"rendered":"<p data-start=\"260\" data-end=\"588\"><strong>108 diev\u0173 kort\u0173 rinkinys,<\/strong> \u017eadinantis vidin\u0119 \u0161vies\u0105. Leiskit\u0117s \u012f mistin\u0119 kelion\u0119 su 108 diev\u0173 kortomis, kurios kvie\u010dia susitikti su skirtingomis dvasin\u0117mis energijomis, gilia intuicija ir i\u0161minties archetipais. \u0160ios kortos \u2013 tai portalas \u012f tavo vidin\u012f pasaul\u012f, \u012f gilesn\u012f sav\u0119s pa\u017einim\u0105, \u012f \u0160vies\u0105.<\/p>\n<p data-start=\"595\" data-end=\"621\"><strong>\u00a0Kas sudaro rinkin\u012f:<\/strong><\/p>\n<ul>\n<li data-start=\"624\" data-end=\"694\"><strong data-start=\"624\" data-end=\"651\">108 \u012fkvepian\u010dios kortos<\/strong>\u00a0su dvasiniais archetipais ir energijomis<\/li>\n<li data-start=\"697\" data-end=\"755\"><strong data-start=\"697\" data-end=\"706\">Knyga<\/strong>\u00a0su apra\u0161ymais, \u012f\u017evalgomis ir kvietimu kelionei<\/li>\n<li data-start=\"758\" data-end=\"822\"><strong data-start=\"758\" data-end=\"787\">Prabangi magnetin\u0117 d\u0117\u017eut\u0117<\/strong>\u00a0\u2013 saugiam ir esteti\u0161kam laikymui<\/li>\n<li data-start=\"825\" data-end=\"906\"><strong data-start=\"825\" data-end=\"847\">Aksominis mai\u0161elis<\/strong> \u2013 jaukiam kasdieniam naudojimui, ritualams ar meditacijoms<\/li>\n<\/ul>\n<p data-start=\"913\" data-end=\"946\"><strong>\u00a0\u0160is rinkinys labai tiks:<\/strong><\/p>\n<ul>\n<li>Ie\u0161kantiems gilesnio sav\u0119s pa\u017einimo<\/li>\n<li>Mylintiems simbolius, energijas ir dvasin\u0119 kalb\u0105<\/li>\n<li>Dovanai artimam \u017emogui, kuris eina s\u0105moningumo keliu<\/li>\n<\/ul>\n<p>Kam skirta: \u2013 Asmeniniam tobul\u0117jimui \u2b50\u2b50\u2b50 \u2013 Kou\u010dingo specialistams, konsultantams \u2b50\u2b50\u2b50 \u2013\u00a0<span style=\"font-size: 16px; font-style: normal; font-weight: 400;\">\u00a0<\/span><span style=\"font-size: 16px; font-style: normal; font-weight: 400;\">Psichologams, psichoterapeutams \u2b50\u2b50\u2b50 <span style=\"font-size: 16px;\"> \u2013 <\/span><\/span><span style=\"font-size: 16px;\">Pedagogams, socialiniams darbuotojams \u2b50\u2b50\u2b50 \u2013Mokym\u0173 treneriams, lektoriams \u2b50\u2b50 \u2013 HR specialistams, personalo darbuotojams \u2b50 \u2013 <\/span><a style=\"font-size: 16px; background-color: #ffffff;\" href=\"https:\/\/re-act.lt\/\" target=\"_blank\" rel=\"noopener\">For managers, teams<\/a><span style=\"font-size: 16px;\"> \u2b50<\/span><\/p>\n<p data-start=\"913\" data-end=\"946\"><strong>\u0160io rinkinio ypatumai:<\/strong><\/p>\n<p data-start=\"948\" data-end=\"1420\">\ud83d\udd38\u00a0<strong data-start=\"951\" data-end=\"981\">Ne prognoz\u0117ms \u2013 o prasmei.<\/strong>\u00a0\u0160ios kortos n\u0117ra skirtos sp\u0117jimams ar ateities b\u016brimui \u2013 jos kvie\u010dia \u012f\u00a0<strong data-start=\"1053\" data-end=\"1071\">vidin\u0119 kelion\u0119<\/strong>, \u012f klausym\u0105si, buvim\u0105 ir augim\u0105.<br data-start=\"1104\" data-end=\"1107\" \/>\ud83d\udd38\u00a0<strong data-start=\"1110\" data-end=\"1133\">Universalus vedlys.<\/strong>\u00a0\u012ekv\u0117ptas skirting\u0173 mitologij\u0173, dvasini\u0173 tradicij\u0173 ir simboli\u0173 kalbos, \u0161is rinkinys tinka tiek pradedan\u010diajam, tiek patyrusiam dvasiniam ie\u0161kotojui.<br data-start=\"1281\" data-end=\"1284\" \/>\ud83d\udd38\u00a0<strong data-start=\"1287\" data-end=\"1308\">Asmeni\u0161kas ry\u0161ys.<\/strong>\u00a0Kiekviena korta gali b\u016bti \u017eenklas, atsakymas ar kvietimas \u2013 priklausomai nuo tavo dienos, klausimo ar b\u016bsenos.<\/p>\n<p>Jei tr\u016bksta \u017eini\u0173 kaip naudoti metaforines kortas savo veikloje, rinkit\u0117s mokymus, konsultacijas ar sesijas \u010dia: <a href=\"https:\/\/metaforineskortos.lt\/en\/mokymai\/\" target=\"_blank\" rel=\"noopener\">COURSES<\/a><\/p>\n<div id=\"gtx-trans\" style=\"position: absolute; left: 5px; top: -2px;\">\n<div class=\"gtx-trans-icon\"><\/div>\n<\/div>","protected":false},"excerpt":{"rendered":"<p data-start=\"260\" data-end=\"588\"><strong>108 diev\u0173 kort\u0173<\/strong> rinkinys, \u017eadinantis vidin\u0119 \u0161vies\u0105. Jos kvie\u010dia susitikti su skirtingomis dvasin\u0117mis energijomis, gilia intuicija ir i\u0161minties archetipais. \u0160ios kortos \u2013 tai portalas \u012f tavo vidin\u012f pasaul\u012f,\u00a0 \u0161vies\u0105 ir \u012f gilesn\u012f sav\u0119s pa\u017einim\u0105.<\/p>\n<p data-start=\"595\" data-end=\"621\">Rinkin\u012f sudaro: 108 \u012fkvepian\u010dios kortos<span style=\"font-size: 16px;\"> su dvasiniais archetipais ir energijomis; <\/span>Knyga<span style=\"font-size: 16px;\"> su apra\u0161ymais, \u012f\u017evalgomis ir kvietimu kelionei; <\/span>Prabangi magnetin\u0117 d\u0117\u017eut\u0117<span style=\"font-size: 16px;\"> \u2013 saugiam ir esteti\u0161kam laikymui; <\/span>Aksominis mai\u0161elis<span style=\"font-size: 16px;\"> \u2013 jaukiam kasdieniam naudojimui, ritualams ar meditacijoms.<\/span><\/p>","protected":false},"featured_media":14884,"template":"","meta":{"site-sidebar-layout":"default","site-content-layout":"default","ast-site-content-layout":"default","site-content-style":"default","site-sidebar-style":"default","ast-global-header-display":"","ast-banner-title-visibility":"","ast-main-header-display":"","ast-hfb-above-header-display":"","ast-hfb-below-header-display":"","ast-hfb-mobile-header-display":"","site-post-title":"","ast-breadcrumbs-content":"","ast-featured-img":"","footer-sml-layout":"","ast-disable-related-posts":"","theme-transparent-header-meta":"default","adv-header-id-meta":"","stick-header-meta":"","header-above-stick-meta":"","header-main-stick-meta":"","header-below-stick-meta":"","astra-migrate-meta-layouts":"set","ast-page-background-enabled":"default","ast-page-background-meta":{"desktop":{"background-color":"","background-image":"","background-repeat":"repeat","background-position":"center center","background-size":"auto","background-attachment":"scroll","background-type":"","background-media":"","overlay-type":"","overlay-color":"","overlay-opacity":"","overlay-gradient":""},"tablet":{"background-color":"","background-image":"","background-repeat":"repeat","background-position":"center center","background-size":"auto","background-attachment":"scroll","background-type":"","background-media":"","overlay-type":"","overlay-color":"","overlay-opacity":"","overlay-gradient":""},"mobile":{"background-color":"","background-image":"","background-repeat":"repeat","background-position":"center center","background-size":"auto","background-attachment":"scroll","background-type":"","background-media":"","overlay-type":"","overlay-color":"","overlay-opacity":"","overlay-gradient":""}},"ast-content-background-meta":{"desktop":{"background-color":"var(--ast-global-color-5)","background-image":"","background-repeat":"repeat","background-position":"center center","background-size":"auto","background-attachment":"scroll","background-type":"","background-media":"","overlay-type":"","overlay-color":"","overlay-opacity":"","overlay-gradient":""},"tablet":{"background-color":"var(--ast-global-color-5)","background-image":"","background-repeat":"repeat","background-position":"center center","background-size":"auto","background-attachment":"scroll","background-type":"","background-media":"","overlay-type":"","overlay-color":"","overlay-opacity":"","overlay-gradient":""},"mobile":{"background-color":"var(--ast-global-color-5)","background-image":"","background-repeat":"repeat","background-position":"center center","background-size":"auto","background-attachment":"scroll","background-type":"","background-media":"","overlay-type":"","overlay-color":"","overlay-opacity":"","overlay-gradient":""}}},"product_brand":[],"product_cat":[31],"product_tag":[44],"class_list":{"0":"post-14871","1":"product","2":"type-product","3":"status-publish","4":"has-post-thumbnail","6":"product_cat-metaforines-kortos","7":"product_tag-resursines","8":"desktop-align-left","9":"tablet-align-left","10":"mobile-align-left","12":"first","13":"instock","14":"taxable","15":"shipping-taxable","16":"purchasable","17":"product-type-simple"},"yoast_head":"<!-- This site is optimized with the Yoast SEO plugin v27.4 - https:\/\/yoast.com\/product\/yoast-seo-wordpress\/ -->\n<title>108 \u0160viesos Dievai - resursin\u0117s kortos | Metaforin\u0117s Kortos<\/title>\n<meta name=\"description\" content=\"108 \u0160viesos Dievai \u017eadina vidin\u0119 \u0161vies\u0105. \u0160ios kortos kvie\u010dia susitikti su dvasin\u0117mis energijomis, gilia intuicija ir i\u0161minties archetipais.\" \/>\n<meta name=\"robots\" content=\"index, follow, max-snippet:-1, max-image-preview:large, max-video-preview:-1\" \/>\n<link rel=\"canonical\" href=\"https:\/\/metaforineskortos.lt\/en\/parduotuve\/metaforines-kortos\/sviesos-dievai\/\" \/>\n<meta property=\"og:locale\" content=\"en_GB\" \/>\n<meta property=\"og:type\" content=\"article\" \/>\n<meta property=\"og:title\" content=\"108 \u0160viesos Dievai - resursin\u0117s kortos | Metaforin\u0117s Kortos\" \/>\n<meta property=\"og:description\" content=\"108 \u0160viesos Dievai \u017eadina vidin\u0119 \u0161vies\u0105. \u0160ios kortos kvie\u010dia susitikti su dvasin\u0117mis energijomis, gilia intuicija ir i\u0161minties archetipais.\" \/>\n<meta property=\"og:url\" content=\"https:\/\/metaforineskortos.lt\/en\/parduotuve\/metaforines-kortos\/sviesos-dievai\/\" \/>\n<meta property=\"og:site_name\" content=\"Metaforin\u0117s Kortos\" \/>\n<meta property=\"article:modified_time\" content=\"2026-03-30T20:41:46+00:00\" \/>\n<meta property=\"og:image\" content=\"https:\/\/metaforineskortos.lt\/wp-content\/uploads\/2025\/10\/Dievai-1024x819.png\" \/>\n\t<meta property=\"og:image:width\" content=\"1024\" \/>\n\t<meta property=\"og:image:height\" content=\"819\" \/>\n\t<meta property=\"og:image:type\" content=\"image\/png\" \/>\n<meta name=\"twitter:card\" content=\"summary_large_image\" \/>\n<meta name=\"twitter:label1\" content=\"Estimated reading time\" \/>\n\t<meta name=\"twitter:data1\" content=\"2 minutes\" \/>\n<script type=\"application\/ld+json\" class=\"yoast-schema-graph\">{\"@context\":\"https:\\\/\\\/schema.org\",\"@graph\":[{\"@type\":\"WebPage\",\"@id\":\"https:\\\/\\\/metaforineskortos.lt\\\/parduotuve\\\/metaforines-kortos\\\/sviesos-dievai\\\/\",\"url\":\"https:\\\/\\\/metaforineskortos.lt\\\/parduotuve\\\/metaforines-kortos\\\/sviesos-dievai\\\/\",\"name\":\"108 \u0160viesos Dievai - resursin\u0117s kortos | Metaforin\u0117s Kortos\",\"isPartOf\":{\"@id\":\"https:\\\/\\\/metaforineskortos.lt\\\/#website\"},\"primaryImageOfPage\":{\"@id\":\"https:\\\/\\\/metaforineskortos.lt\\\/parduotuve\\\/metaforines-kortos\\\/sviesos-dievai\\\/#primaryimage\"},\"image\":{\"@id\":\"https:\\\/\\\/metaforineskortos.lt\\\/parduotuve\\\/metaforines-kortos\\\/sviesos-dievai\\\/#primaryimage\"},\"thumbnailUrl\":\"https:\\\/\\\/i0.wp.com\\\/metaforineskortos.lt\\\/wp-content\\\/uploads\\\/2025\\\/10\\\/Dievai.png?fit=1890%2C1512&ssl=1\",\"datePublished\":\"2025-10-22T19:43:49+00:00\",\"dateModified\":\"2026-03-30T20:41:46+00:00\",\"description\":\"108 \u0160viesos Dievai \u017eadina vidin\u0119 \u0161vies\u0105. \u0160ios kortos kvie\u010dia susitikti su dvasin\u0117mis energijomis, gilia intuicija ir i\u0161minties archetipais.\",\"breadcrumb\":{\"@id\":\"https:\\\/\\\/metaforineskortos.lt\\\/parduotuve\\\/metaforines-kortos\\\/sviesos-dievai\\\/#breadcrumb\"},\"inLanguage\":\"en-GB\",\"potentialAction\":[{\"@type\":\"ReadAction\",\"target\":[\"https:\\\/\\\/metaforineskortos.lt\\\/parduotuve\\\/metaforines-kortos\\\/sviesos-dievai\\\/\"]}]},{\"@type\":\"ImageObject\",\"inLanguage\":\"en-GB\",\"@id\":\"https:\\\/\\\/metaforineskortos.lt\\\/parduotuve\\\/metaforines-kortos\\\/sviesos-dievai\\\/#primaryimage\",\"url\":\"https:\\\/\\\/i0.wp.com\\\/metaforineskortos.lt\\\/wp-content\\\/uploads\\\/2025\\\/10\\\/Dievai.png?fit=1890%2C1512&ssl=1\",\"contentUrl\":\"https:\\\/\\\/i0.wp.com\\\/metaforineskortos.lt\\\/wp-content\\\/uploads\\\/2025\\\/10\\\/Dievai.png?fit=1890%2C1512&ssl=1\",\"width\":1890,\"height\":1512,\"caption\":\"108 \u0160viesos Dievai\"},{\"@type\":\"BreadcrumbList\",\"@id\":\"https:\\\/\\\/metaforineskortos.lt\\\/parduotuve\\\/metaforines-kortos\\\/sviesos-dievai\\\/#breadcrumb\",\"itemListElement\":[{\"@type\":\"ListItem\",\"position\":1,\"name\":\"Home\",\"item\":\"https:\\\/\\\/metaforineskortos.lt\\\/\"},{\"@type\":\"ListItem\",\"position\":2,\"name\":\"Parduotuv\u0117\",\"item\":\"https:\\\/\\\/metaforineskortos.lt\\\/parduotuve\\\/\"},{\"@type\":\"ListItem\",\"position\":3,\"name\":\"108 \u0160viesos Dievai &#8211; resursin\u0117s kortos\"}]},{\"@type\":\"WebSite\",\"@id\":\"https:\\\/\\\/metaforineskortos.lt\\\/#website\",\"url\":\"https:\\\/\\\/metaforineskortos.lt\\\/\",\"name\":\"Metaforin\u0117s Kortos\",\"description\":\"Metaforin\u0117s Kortos ir Saviugdos Mokymai\",\"publisher\":{\"@id\":\"https:\\\/\\\/metaforineskortos.lt\\\/#organization\"},\"potentialAction\":[{\"@type\":\"SearchAction\",\"target\":{\"@type\":\"EntryPoint\",\"urlTemplate\":\"https:\\\/\\\/metaforineskortos.lt\\\/?s={search_term_string}\"},\"query-input\":{\"@type\":\"PropertyValueSpecification\",\"valueRequired\":true,\"valueName\":\"search_term_string\"}}],\"inLanguage\":\"en-GB\"},{\"@type\":\"Organization\",\"@id\":\"https:\\\/\\\/metaforineskortos.lt\\\/#organization\",\"name\":\"Metaforin\u0117s Kortos\",\"url\":\"https:\\\/\\\/metaforineskortos.lt\\\/\",\"logo\":{\"@type\":\"ImageObject\",\"inLanguage\":\"en-GB\",\"@id\":\"https:\\\/\\\/metaforineskortos.lt\\\/#\\\/schema\\\/logo\\\/image\\\/\",\"url\":\"https:\\\/\\\/metaforineskortos.lt\\\/wp-content\\\/uploads\\\/2021\\\/03\\\/re-act-logo.svg\",\"contentUrl\":\"https:\\\/\\\/metaforineskortos.lt\\\/wp-content\\\/uploads\\\/2021\\\/03\\\/re-act-logo.svg\",\"width\":117,\"height\":58,\"caption\":\"Metaforin\u0117s Kortos\"},\"image\":{\"@id\":\"https:\\\/\\\/metaforineskortos.lt\\\/#\\\/schema\\\/logo\\\/image\\\/\"}}]}<\/script>\n<!-- \/ Yoast SEO plugin. -->","yoast_head_json":{"title":"108 \u0160viesos Dievai - resursin\u0117s kortos | Metaforin\u0117s Kortos","description":"108 \u0160viesos Dievai \u017eadina vidin\u0119 \u0161vies\u0105. \u0160ios kortos kvie\u010dia susitikti su dvasin\u0117mis energijomis, gilia intuicija ir i\u0161minties archetipais.","robots":{"index":"index","follow":"follow","max-snippet":"max-snippet:-1","max-image-preview":"max-image-preview:large","max-video-preview":"max-video-preview:-1"},"canonical":"https:\/\/metaforineskortos.lt\/en\/parduotuve\/metaforines-kortos\/sviesos-dievai\/","og_locale":"en_GB","og_type":"article","og_title":"108 \u0160viesos Dievai - resursin\u0117s kortos | Metaforin\u0117s Kortos","og_description":"108 \u0160viesos Dievai \u017eadina vidin\u0119 \u0161vies\u0105. \u0160ios kortos kvie\u010dia susitikti su dvasin\u0117mis energijomis, gilia intuicija ir i\u0161minties archetipais.","og_url":"https:\/\/metaforineskortos.lt\/en\/parduotuve\/metaforines-kortos\/sviesos-dievai\/","og_site_name":"Metaforin\u0117s Kortos","article_modified_time":"2026-03-30T20:41:46+00:00","og_image":[{"width":1024,"height":819,"url":"https:\/\/metaforineskortos.lt\/wp-content\/uploads\/2025\/10\/Dievai-1024x819.png","type":"image\/png"}],"twitter_card":"summary_large_image","twitter_misc":{"Estimated reading time":"2 minutes"},"schema":{"@context":"https:\/\/schema.org","@graph":[{"@type":"WebPage","@id":"https:\/\/metaforineskortos.lt\/parduotuve\/metaforines-kortos\/sviesos-dievai\/","url":"https:\/\/metaforineskortos.lt\/parduotuve\/metaforines-kortos\/sviesos-dievai\/","name":"108 \u0160viesos Dievai - resursin\u0117s kortos | Metaforin\u0117s Kortos","isPartOf":{"@id":"https:\/\/metaforineskortos.lt\/#website"},"primaryImageOfPage":{"@id":"https:\/\/metaforineskortos.lt\/parduotuve\/metaforines-kortos\/sviesos-dievai\/#primaryimage"},"image":{"@id":"https:\/\/metaforineskortos.lt\/parduotuve\/metaforines-kortos\/sviesos-dievai\/#primaryimage"},"thumbnailUrl":"https:\/\/i0.wp.com\/metaforineskortos.lt\/wp-content\/uploads\/2025\/10\/Dievai.png?fit=1890%2C1512&ssl=1","datePublished":"2025-10-22T19:43:49+00:00","dateModified":"2026-03-30T20:41:46+00:00","description":"108 \u0160viesos Dievai \u017eadina vidin\u0119 \u0161vies\u0105. \u0160ios kortos kvie\u010dia susitikti su dvasin\u0117mis energijomis, gilia intuicija ir i\u0161minties archetipais.","breadcrumb":{"@id":"https:\/\/metaforineskortos.lt\/parduotuve\/metaforines-kortos\/sviesos-dievai\/#breadcrumb"},"inLanguage":"en-GB","potentialAction":[{"@type":"ReadAction","target":["https:\/\/metaforineskortos.lt\/parduotuve\/metaforines-kortos\/sviesos-dievai\/"]}]},{"@type":"ImageObject","inLanguage":"en-GB","@id":"https:\/\/metaforineskortos.lt\/parduotuve\/metaforines-kortos\/sviesos-dievai\/#primaryimage","url":"https:\/\/i0.wp.com\/metaforineskortos.lt\/wp-content\/uploads\/2025\/10\/Dievai.png?fit=1890%2C1512&ssl=1","contentUrl":"https:\/\/i0.wp.com\/metaforineskortos.lt\/wp-content\/uploads\/2025\/10\/Dievai.png?fit=1890%2C1512&ssl=1","width":1890,"height":1512,"caption":"108 \u0160viesos Dievai"},{"@type":"BreadcrumbList","@id":"https:\/\/metaforineskortos.lt\/parduotuve\/metaforines-kortos\/sviesos-dievai\/#breadcrumb","itemListElement":[{"@type":"ListItem","position":1,"name":"Home","item":"https:\/\/metaforineskortos.lt\/"},{"@type":"ListItem","position":2,"name":"Parduotuv\u0117","item":"https:\/\/metaforineskortos.lt\/parduotuve\/"},{"@type":"ListItem","position":3,"name":"108 \u0160viesos Dievai &#8211; resursin\u0117s kortos"}]},{"@type":"WebSite","@id":"https:\/\/metaforineskortos.lt\/#website","url":"https:\/\/metaforineskortos.lt\/","name":"Metaforin\u0117s Kortos","description":"Metaforin\u0117s Kortos ir Saviugdos Mokymai","publisher":{"@id":"https:\/\/metaforineskortos.lt\/#organization"},"potentialAction":[{"@type":"SearchAction","target":{"@type":"EntryPoint","urlTemplate":"https:\/\/metaforineskortos.lt\/?s={search_term_string}"},"query-input":{"@type":"PropertyValueSpecification","valueRequired":true,"valueName":"search_term_string"}}],"inLanguage":"en-GB"},{"@type":"Organization","@id":"https:\/\/metaforineskortos.lt\/#organization","name":"Metaforin\u0117s Kortos","url":"https:\/\/metaforineskortos.lt\/","logo":{"@type":"ImageObject","inLanguage":"en-GB","@id":"https:\/\/metaforineskortos.lt\/#\/schema\/logo\/image\/","url":"https:\/\/metaforineskortos.lt\/wp-content\/uploads\/2021\/03\/re-act-logo.svg","contentUrl":"https:\/\/metaforineskortos.lt\/wp-content\/uploads\/2021\/03\/re-act-logo.svg","width":117,"height":58,"caption":"Metaforin\u0117s Kortos"},"image":{"@id":"https:\/\/metaforineskortos.lt\/#\/schema\/logo\/image\/"}}]}},"jetpack_sharing_enabled":true,"_links":{"self":[{"href":"https:\/\/metaforineskortos.lt\/en\/wp-json\/wp\/v2\/product\/14871","targetHints":{"allow":["GET"]}}],"collection":[{"href":"https:\/\/metaforineskortos.lt\/en\/wp-json\/wp\/v2\/product"}],"about":[{"href":"https:\/\/metaforineskortos.lt\/en\/wp-json\/wp\/v2\/types\/product"}],"wp:featuredmedia":[{"embeddable":true,"href":"https:\/\/metaforineskortos.lt\/en\/wp-json\/wp\/v2\/media\/14884"}],"wp:attachment":[{"href":"https:\/\/metaforineskortos.lt\/en\/wp-json\/wp\/v2\/media?parent=14871"}],"wp:term":[{"taxonomy":"product_brand","embeddable":true,"href":"https:\/\/metaforineskortos.lt\/en\/wp-json\/wp\/v2\/product_brand?post=14871"},{"taxonomy":"product_cat","embeddable":true,"href":"https:\/\/metaforineskortos.lt\/en\/wp-json\/wp\/v2\/product_cat?post=14871"},{"taxonomy":"product_tag","embeddable":true,"href":"https:\/\/metaforineskortos.lt\/en\/wp-json\/wp\/v2\/product_tag?post=14871"}],"curies":[{"name":"wp","href":"https:\/\/api.w.org\/{rel}","templated":true}]}}