{"id":14220,"date":"2024-12-21T15:10:40","date_gmt":"2024-12-21T12:10:40","guid":{"rendered":"https:\/\/metaforineskortos.lt\/?post_type=product&#038;p=14220"},"modified":"2026-03-13T10:39:22","modified_gmt":"2026-03-13T07:39:22","slug":"gyvunu-karalyste-knygele-pdf","status":"publish","type":"product","link":"https:\/\/metaforineskortos.lt\/en\/parduotuve\/knygos\/gyvunu-karalyste-knygele-pdf\/","title":{"rendered":"GYV\u016aN\u0172 KARALYST\u0116 &#8211; knygel\u0117 su gyv\u016bn\u0173 apra\u0161ymais PDF"},"content":{"rendered":"<p>GYV\u016aN\u0172 KARALYST\u0116\u00a0 knygel\u0117 pdf -tai i\u0161samus 52- iej\u0173 gyv\u016bn\u0173 apra\u0161ymas. Tai padeda atpa\u017einti ir sutapatinti \u017emogaus ir gyv\u016bn\u0173 savybes, geb\u0117jimus ir elgsenos ypatumus.<\/p>\n<p>&#8211; &#8211; &#8211;<\/p>\n<p>ANIMAL KINGDOM and the questions it raises give us the opportunity to get to know ourselves better, to align our actions and choices with our true desires.<\/p>\n<p style=\"font-weight: 400;\">\u012ekv\u0117pimo \u0161altinis sukurti \u0161i\u0105 knygel\u0119 tapo Amerikos ind\u0117n\u0173 totemai. Besigilinant \u012f gyv\u016bn\u0173 tematik\u0105, j\u0173 gyvenimo b\u016bd\u0105, energij\u0105, tapo ai\u0161ku, kad kiekvienas gyvis unikalus. Jis gali inspiruoti \u012fvairius apm\u0105stymus \u017emogaus gyvenime.<\/p>\n<p style=\"font-weight: 400;\">Knygel\u0117je pateikti 52 gyv\u016bn\u0173 apra\u0161ymai gali pad\u0117ti geriau \u012f juos \u012fsijausti.<\/p>\n<p style=\"font-weight: 400;\">Tyrin\u0117dami gyv\u016bn\u0173 si\u016blomas \u012f\u017evalgas ir pamokas, galime inicijuoti teigiamus savo \u012fsitikinim\u0173, elgesio poky\u010dius, priimti labiau apgalvotus sprendimus. Jei bent kart\u0105 per savait\u0119 skirsime vienam gyv\u016bnui &#8211; j\u0173 u\u017eteks metams!<\/p>\n<p class=\"translation-block\">Great for: - Personal development \u2b50\u2b50\u2b50 - Coaching specialists, consultants \u2b50\u2b50\u2b50 - Educators, social workers \u2b50\u2b50\u2b50 - Psychologists, psychotherapists \u2b50\u2b50\u2b50 - Training trainers, lecturers \u2b50\u2b50 - HR specialists, personnel workers \u2b50 - Managers, teams \u2b50<\/p>\n<p>Gyv\u016bnai skatina kliautis nuojauta, ji geriausiai pasakys kaip geriau leistis \u012f \u0161i\u0105 kelion\u0119 &#8211; galb\u016bt pagal sugalvot\u0105 skai\u010di\u0173, o gal atver\u010diant atsitiktin\u012f lap\u0105 ar pasirenkant tuo metu traukiant\u012f gyv\u016bn\u0105 ir pasineriant \u012f jo pasaul\u012f? Kiekvienas atne\u0161 unikali\u0173 ir svarbi\u0173 \u017einu\u010di\u0173, kiekvienas vertas Tavo d\u0117mesio.<\/p>\n<p>GYV\u016aN\u0172 KARALYST\u0116\u00a0 knygel\u0117 pdf labai tinka naudojimui kartu su gyv\u016bn\u0173 kortel\u0117mis.<\/p>\n<p class=\"translation-block\">Find out how to use <a href=\"https:\/\/re-act.lt\/metodikos\/metaforines-kortos\/\" target=\"_blank\" rel=\"noopener\">metaphorical cards<\/a> in your activities, look here: <a href=\"https:\/\/metaforineskortos.lt\/en\/mokymai\/\" target=\"_blank\" rel=\"noopener\">COURSES<\/a><\/p>\n<div id=\"gtx-trans\" style=\"position: absolute; left: 5px; top: -2px;\">\n<div class=\"gtx-trans-icon\"><\/div>\n<\/div>","protected":false},"excerpt":{"rendered":"<p>GYV\u016aN\u0172 KARALYST\u0116\u00a0 knygel\u0117 pdf -tai i\u0161samus 52- iej\u0173 gyv\u016bn\u0173 apra\u0161ymas. Tai padeda atpa\u017einti ir sutapatinti \u017emogaus ir gyv\u016bn\u0173 savybes, geb\u0117jimus ir elgsenos ypatumus.<\/p>\n<p>Gyv\u016bnai skatina kliautis nuojauta, ji geriausiai pasakys kaip geriau leistis \u012f \u0161i\u0105 kelion\u0119 &#8211; galb\u016bt pagal sugalvot\u0105 skai\u010di\u0173, o gal atver\u010diant atsitiktin\u012f lap\u0105 ar pasirenkant tuo metu traukiant\u012f gyv\u016bn\u0105 ir pasineriant \u012f jo pasaul\u012f?<\/p>\n<p>&nbsp;<\/p>\n<p>&nbsp;<\/p>","protected":false},"featured_media":14227,"template":"","meta":{"site-sidebar-layout":"default","site-content-layout":"default","ast-site-content-layout":"default","site-content-style":"default","site-sidebar-style":"default","ast-global-header-display":"","ast-banner-title-visibility":"","ast-main-header-display":"","ast-hfb-above-header-display":"","ast-hfb-below-header-display":"","ast-hfb-mobile-header-display":"","site-post-title":"","ast-breadcrumbs-content":"","ast-featured-img":"","footer-sml-layout":"","ast-disable-related-posts":"","theme-transparent-header-meta":"default","adv-header-id-meta":"","stick-header-meta":"","header-above-stick-meta":"","header-main-stick-meta":"","header-below-stick-meta":"","astra-migrate-meta-layouts":"set","ast-page-background-enabled":"default","ast-page-background-meta":{"desktop":{"background-color":"","background-image":"","background-repeat":"repeat","background-position":"center center","background-size":"auto","background-attachment":"scroll","background-type":"","background-media":"","overlay-type":"","overlay-color":"","overlay-opacity":"","overlay-gradient":""},"tablet":{"background-color":"","background-image":"","background-repeat":"repeat","background-position":"center center","background-size":"auto","background-attachment":"scroll","background-type":"","background-media":"","overlay-type":"","overlay-color":"","overlay-opacity":"","overlay-gradient":""},"mobile":{"background-color":"","background-image":"","background-repeat":"repeat","background-position":"center center","background-size":"auto","background-attachment":"scroll","background-type":"","background-media":"","overlay-type":"","overlay-color":"","overlay-opacity":"","overlay-gradient":""}},"ast-content-background-meta":{"desktop":{"background-color":"var(--ast-global-color-5)","background-image":"","background-repeat":"repeat","background-position":"center center","background-size":"auto","background-attachment":"scroll","background-type":"","background-media":"","overlay-type":"","overlay-color":"","overlay-opacity":"","overlay-gradient":""},"tablet":{"background-color":"var(--ast-global-color-5)","background-image":"","background-repeat":"repeat","background-position":"center center","background-size":"auto","background-attachment":"scroll","background-type":"","background-media":"","overlay-type":"","overlay-color":"","overlay-opacity":"","overlay-gradient":""},"mobile":{"background-color":"var(--ast-global-color-5)","background-image":"","background-repeat":"repeat","background-position":"center center","background-size":"auto","background-attachment":"scroll","background-type":"","background-media":"","overlay-type":"","overlay-color":"","overlay-opacity":"","overlay-gradient":""}}},"product_brand":[],"product_cat":[62],"product_tag":[44],"class_list":{"0":"post-14220","1":"product","2":"type-product","3":"status-publish","4":"has-post-thumbnail","6":"product_cat-knygos","7":"product_tag-resursines","8":"desktop-align-left","9":"tablet-align-left","10":"mobile-align-left","12":"first","13":"instock","14":"sale","15":"downloadable","16":"virtual","17":"taxable","18":"purchasable","19":"product-type-simple"},"yoast_head":"<!-- This site is optimized with the Yoast SEO plugin v27.5 - https:\/\/yoast.com\/product\/yoast-seo-wordpress\/ -->\n<title>GYV\u016aN\u0172 KARALYST\u0116 - knygel\u0117 su gyv\u016bn\u0173 apra\u0161ymais PDF | Metaforin\u0117s Kortos<\/title>\n<meta name=\"description\" content=\"GYV\u016aN\u0172 KARALYST\u0116 knygel\u0117 pdf formatu suteikia galimyb\u0119 geriau pa\u017einti save, susitapatinant su gyv\u016bnais, j\u0173 geb\u0117jimais ir elgsenos ypatumais.\u00a0\" \/>\n<meta name=\"robots\" content=\"index, follow, max-snippet:-1, max-image-preview:large, max-video-preview:-1\" \/>\n<link rel=\"canonical\" href=\"https:\/\/metaforineskortos.lt\/en\/parduotuve\/knygos\/gyvunu-karalyste-knygele-pdf\/\" \/>\n<meta property=\"og:locale\" content=\"en_GB\" \/>\n<meta property=\"og:type\" content=\"article\" \/>\n<meta property=\"og:title\" content=\"GYV\u016aN\u0172 KARALYST\u0116 - knygel\u0117 su gyv\u016bn\u0173 apra\u0161ymais PDF | Metaforin\u0117s Kortos\" \/>\n<meta property=\"og:description\" content=\"GYV\u016aN\u0172 KARALYST\u0116 knygel\u0117 pdf formatu suteikia galimyb\u0119 geriau pa\u017einti save, susitapatinant su gyv\u016bnais, j\u0173 geb\u0117jimais ir elgsenos ypatumais.\u00a0\" \/>\n<meta property=\"og:url\" content=\"https:\/\/metaforineskortos.lt\/en\/parduotuve\/knygos\/gyvunu-karalyste-knygele-pdf\/\" \/>\n<meta property=\"og:site_name\" content=\"Metaforin\u0117s Kortos\" \/>\n<meta property=\"article:modified_time\" content=\"2026-03-13T07:39:22+00:00\" \/>\n<meta property=\"og:image\" content=\"https:\/\/metaforineskortos.lt\/wp-content\/uploads\/2024\/12\/Guvunu-knygele.png\" \/>\n\t<meta property=\"og:image:width\" content=\"1890\" \/>\n\t<meta property=\"og:image:height\" content=\"1512\" \/>\n\t<meta property=\"og:image:type\" content=\"image\/png\" \/>\n<meta name=\"twitter:card\" content=\"summary_large_image\" \/>\n<meta name=\"twitter:label1\" content=\"Estimated reading time\" \/>\n\t<meta name=\"twitter:data1\" content=\"2 minutes\" \/>\n<script type=\"application\/ld+json\" class=\"yoast-schema-graph\">{\"@context\":\"https:\\\/\\\/schema.org\",\"@graph\":[{\"@type\":\"WebPage\",\"@id\":\"https:\\\/\\\/metaforineskortos.lt\\\/parduotuve\\\/knygos\\\/gyvunu-karalyste-knygele-pdf\\\/\",\"url\":\"https:\\\/\\\/metaforineskortos.lt\\\/parduotuve\\\/knygos\\\/gyvunu-karalyste-knygele-pdf\\\/\",\"name\":\"GYV\u016aN\u0172 KARALYST\u0116 - knygel\u0117 su gyv\u016bn\u0173 apra\u0161ymais PDF | Metaforin\u0117s Kortos\",\"isPartOf\":{\"@id\":\"https:\\\/\\\/metaforineskortos.lt\\\/#website\"},\"primaryImageOfPage\":{\"@id\":\"https:\\\/\\\/metaforineskortos.lt\\\/parduotuve\\\/knygos\\\/gyvunu-karalyste-knygele-pdf\\\/#primaryimage\"},\"image\":{\"@id\":\"https:\\\/\\\/metaforineskortos.lt\\\/parduotuve\\\/knygos\\\/gyvunu-karalyste-knygele-pdf\\\/#primaryimage\"},\"thumbnailUrl\":\"https:\\\/\\\/i0.wp.com\\\/metaforineskortos.lt\\\/wp-content\\\/uploads\\\/2024\\\/12\\\/Guvunu-knygele.png?fit=1890%2C1512&ssl=1\",\"datePublished\":\"2024-12-21T12:10:40+00:00\",\"dateModified\":\"2026-03-13T07:39:22+00:00\",\"description\":\"GYV\u016aN\u0172 KARALYST\u0116 knygel\u0117 pdf formatu suteikia galimyb\u0119 geriau pa\u017einti save, susitapatinant su gyv\u016bnais, j\u0173 geb\u0117jimais ir elgsenos ypatumais.\u00a0\",\"breadcrumb\":{\"@id\":\"https:\\\/\\\/metaforineskortos.lt\\\/parduotuve\\\/knygos\\\/gyvunu-karalyste-knygele-pdf\\\/#breadcrumb\"},\"inLanguage\":\"en-GB\",\"potentialAction\":[{\"@type\":\"ReadAction\",\"target\":[\"https:\\\/\\\/metaforineskortos.lt\\\/parduotuve\\\/knygos\\\/gyvunu-karalyste-knygele-pdf\\\/\"]}]},{\"@type\":\"ImageObject\",\"inLanguage\":\"en-GB\",\"@id\":\"https:\\\/\\\/metaforineskortos.lt\\\/parduotuve\\\/knygos\\\/gyvunu-karalyste-knygele-pdf\\\/#primaryimage\",\"url\":\"https:\\\/\\\/i0.wp.com\\\/metaforineskortos.lt\\\/wp-content\\\/uploads\\\/2024\\\/12\\\/Guvunu-knygele.png?fit=1890%2C1512&ssl=1\",\"contentUrl\":\"https:\\\/\\\/i0.wp.com\\\/metaforineskortos.lt\\\/wp-content\\\/uploads\\\/2024\\\/12\\\/Guvunu-knygele.png?fit=1890%2C1512&ssl=1\",\"width\":1890,\"height\":1512,\"caption\":\"Gyv\u016bn\u0173 karalyst\u0117 knygel\u0117 pdf\"},{\"@type\":\"BreadcrumbList\",\"@id\":\"https:\\\/\\\/metaforineskortos.lt\\\/parduotuve\\\/knygos\\\/gyvunu-karalyste-knygele-pdf\\\/#breadcrumb\",\"itemListElement\":[{\"@type\":\"ListItem\",\"position\":1,\"name\":\"Home\",\"item\":\"https:\\\/\\\/metaforineskortos.lt\\\/\"},{\"@type\":\"ListItem\",\"position\":2,\"name\":\"Parduotuv\u0117\",\"item\":\"https:\\\/\\\/metaforineskortos.lt\\\/parduotuve\\\/\"},{\"@type\":\"ListItem\",\"position\":3,\"name\":\"GYV\u016aN\u0172 KARALYST\u0116 &#8211; knygel\u0117 su gyv\u016bn\u0173 apra\u0161ymais PDF\"}]},{\"@type\":\"WebSite\",\"@id\":\"https:\\\/\\\/metaforineskortos.lt\\\/#website\",\"url\":\"https:\\\/\\\/metaforineskortos.lt\\\/\",\"name\":\"Metaforin\u0117s Kortos\",\"description\":\"Metaforin\u0117s Kortos ir Saviugdos Mokymai\",\"publisher\":{\"@id\":\"https:\\\/\\\/metaforineskortos.lt\\\/#organization\"},\"potentialAction\":[{\"@type\":\"SearchAction\",\"target\":{\"@type\":\"EntryPoint\",\"urlTemplate\":\"https:\\\/\\\/metaforineskortos.lt\\\/?s={search_term_string}\"},\"query-input\":{\"@type\":\"PropertyValueSpecification\",\"valueRequired\":true,\"valueName\":\"search_term_string\"}}],\"inLanguage\":\"en-GB\"},{\"@type\":\"Organization\",\"@id\":\"https:\\\/\\\/metaforineskortos.lt\\\/#organization\",\"name\":\"Metaforin\u0117s Kortos\",\"url\":\"https:\\\/\\\/metaforineskortos.lt\\\/\",\"logo\":{\"@type\":\"ImageObject\",\"inLanguage\":\"en-GB\",\"@id\":\"https:\\\/\\\/metaforineskortos.lt\\\/#\\\/schema\\\/logo\\\/image\\\/\",\"url\":\"https:\\\/\\\/metaforineskortos.lt\\\/wp-content\\\/uploads\\\/2021\\\/03\\\/re-act-logo.svg\",\"contentUrl\":\"https:\\\/\\\/metaforineskortos.lt\\\/wp-content\\\/uploads\\\/2021\\\/03\\\/re-act-logo.svg\",\"width\":117,\"height\":58,\"caption\":\"Metaforin\u0117s Kortos\"},\"image\":{\"@id\":\"https:\\\/\\\/metaforineskortos.lt\\\/#\\\/schema\\\/logo\\\/image\\\/\"}}]}<\/script>\n<!-- \/ Yoast SEO plugin. -->","yoast_head_json":{"title":"GYV\u016aN\u0172 KARALYST\u0116 - knygel\u0117 su gyv\u016bn\u0173 apra\u0161ymais PDF | Metaforin\u0117s Kortos","description":"GYV\u016aN\u0172 KARALYST\u0116 knygel\u0117 pdf formatu suteikia galimyb\u0119 geriau pa\u017einti save, susitapatinant su gyv\u016bnais, j\u0173 geb\u0117jimais ir elgsenos ypatumais.\u00a0","robots":{"index":"index","follow":"follow","max-snippet":"max-snippet:-1","max-image-preview":"max-image-preview:large","max-video-preview":"max-video-preview:-1"},"canonical":"https:\/\/metaforineskortos.lt\/en\/parduotuve\/knygos\/gyvunu-karalyste-knygele-pdf\/","og_locale":"en_GB","og_type":"article","og_title":"GYV\u016aN\u0172 KARALYST\u0116 - knygel\u0117 su gyv\u016bn\u0173 apra\u0161ymais PDF | Metaforin\u0117s Kortos","og_description":"GYV\u016aN\u0172 KARALYST\u0116 knygel\u0117 pdf formatu suteikia galimyb\u0119 geriau pa\u017einti save, susitapatinant su gyv\u016bnais, j\u0173 geb\u0117jimais ir elgsenos ypatumais.\u00a0","og_url":"https:\/\/metaforineskortos.lt\/en\/parduotuve\/knygos\/gyvunu-karalyste-knygele-pdf\/","og_site_name":"Metaforin\u0117s Kortos","article_modified_time":"2026-03-13T07:39:22+00:00","og_image":[{"width":1890,"height":1512,"url":"https:\/\/metaforineskortos.lt\/wp-content\/uploads\/2024\/12\/Guvunu-knygele.png","type":"image\/png"}],"twitter_card":"summary_large_image","twitter_misc":{"Estimated reading time":"2 minutes"},"schema":{"@context":"https:\/\/schema.org","@graph":[{"@type":"WebPage","@id":"https:\/\/metaforineskortos.lt\/parduotuve\/knygos\/gyvunu-karalyste-knygele-pdf\/","url":"https:\/\/metaforineskortos.lt\/parduotuve\/knygos\/gyvunu-karalyste-knygele-pdf\/","name":"GYV\u016aN\u0172 KARALYST\u0116 - knygel\u0117 su gyv\u016bn\u0173 apra\u0161ymais PDF | Metaforin\u0117s Kortos","isPartOf":{"@id":"https:\/\/metaforineskortos.lt\/#website"},"primaryImageOfPage":{"@id":"https:\/\/metaforineskortos.lt\/parduotuve\/knygos\/gyvunu-karalyste-knygele-pdf\/#primaryimage"},"image":{"@id":"https:\/\/metaforineskortos.lt\/parduotuve\/knygos\/gyvunu-karalyste-knygele-pdf\/#primaryimage"},"thumbnailUrl":"https:\/\/i0.wp.com\/metaforineskortos.lt\/wp-content\/uploads\/2024\/12\/Guvunu-knygele.png?fit=1890%2C1512&ssl=1","datePublished":"2024-12-21T12:10:40+00:00","dateModified":"2026-03-13T07:39:22+00:00","description":"GYV\u016aN\u0172 KARALYST\u0116 knygel\u0117 pdf formatu suteikia galimyb\u0119 geriau pa\u017einti save, susitapatinant su gyv\u016bnais, j\u0173 geb\u0117jimais ir elgsenos ypatumais.\u00a0","breadcrumb":{"@id":"https:\/\/metaforineskortos.lt\/parduotuve\/knygos\/gyvunu-karalyste-knygele-pdf\/#breadcrumb"},"inLanguage":"en-GB","potentialAction":[{"@type":"ReadAction","target":["https:\/\/metaforineskortos.lt\/parduotuve\/knygos\/gyvunu-karalyste-knygele-pdf\/"]}]},{"@type":"ImageObject","inLanguage":"en-GB","@id":"https:\/\/metaforineskortos.lt\/parduotuve\/knygos\/gyvunu-karalyste-knygele-pdf\/#primaryimage","url":"https:\/\/i0.wp.com\/metaforineskortos.lt\/wp-content\/uploads\/2024\/12\/Guvunu-knygele.png?fit=1890%2C1512&ssl=1","contentUrl":"https:\/\/i0.wp.com\/metaforineskortos.lt\/wp-content\/uploads\/2024\/12\/Guvunu-knygele.png?fit=1890%2C1512&ssl=1","width":1890,"height":1512,"caption":"Gyv\u016bn\u0173 karalyst\u0117 knygel\u0117 pdf"},{"@type":"BreadcrumbList","@id":"https:\/\/metaforineskortos.lt\/parduotuve\/knygos\/gyvunu-karalyste-knygele-pdf\/#breadcrumb","itemListElement":[{"@type":"ListItem","position":1,"name":"Home","item":"https:\/\/metaforineskortos.lt\/"},{"@type":"ListItem","position":2,"name":"Parduotuv\u0117","item":"https:\/\/metaforineskortos.lt\/parduotuve\/"},{"@type":"ListItem","position":3,"name":"GYV\u016aN\u0172 KARALYST\u0116 &#8211; knygel\u0117 su gyv\u016bn\u0173 apra\u0161ymais PDF"}]},{"@type":"WebSite","@id":"https:\/\/metaforineskortos.lt\/#website","url":"https:\/\/metaforineskortos.lt\/","name":"Metaforin\u0117s Kortos","description":"Metaforin\u0117s Kortos ir Saviugdos Mokymai","publisher":{"@id":"https:\/\/metaforineskortos.lt\/#organization"},"potentialAction":[{"@type":"SearchAction","target":{"@type":"EntryPoint","urlTemplate":"https:\/\/metaforineskortos.lt\/?s={search_term_string}"},"query-input":{"@type":"PropertyValueSpecification","valueRequired":true,"valueName":"search_term_string"}}],"inLanguage":"en-GB"},{"@type":"Organization","@id":"https:\/\/metaforineskortos.lt\/#organization","name":"Metaforin\u0117s Kortos","url":"https:\/\/metaforineskortos.lt\/","logo":{"@type":"ImageObject","inLanguage":"en-GB","@id":"https:\/\/metaforineskortos.lt\/#\/schema\/logo\/image\/","url":"https:\/\/metaforineskortos.lt\/wp-content\/uploads\/2021\/03\/re-act-logo.svg","contentUrl":"https:\/\/metaforineskortos.lt\/wp-content\/uploads\/2021\/03\/re-act-logo.svg","width":117,"height":58,"caption":"Metaforin\u0117s Kortos"},"image":{"@id":"https:\/\/metaforineskortos.lt\/#\/schema\/logo\/image\/"}}]}},"jetpack_sharing_enabled":true,"_links":{"self":[{"href":"https:\/\/metaforineskortos.lt\/en\/wp-json\/wp\/v2\/product\/14220","targetHints":{"allow":["GET"]}}],"collection":[{"href":"https:\/\/metaforineskortos.lt\/en\/wp-json\/wp\/v2\/product"}],"about":[{"href":"https:\/\/metaforineskortos.lt\/en\/wp-json\/wp\/v2\/types\/product"}],"wp:featuredmedia":[{"embeddable":true,"href":"https:\/\/metaforineskortos.lt\/en\/wp-json\/wp\/v2\/media\/14227"}],"wp:attachment":[{"href":"https:\/\/metaforineskortos.lt\/en\/wp-json\/wp\/v2\/media?parent=14220"}],"wp:term":[{"taxonomy":"product_brand","embeddable":true,"href":"https:\/\/metaforineskortos.lt\/en\/wp-json\/wp\/v2\/product_brand?post=14220"},{"taxonomy":"product_cat","embeddable":true,"href":"https:\/\/metaforineskortos.lt\/en\/wp-json\/wp\/v2\/product_cat?post=14220"},{"taxonomy":"product_tag","embeddable":true,"href":"https:\/\/metaforineskortos.lt\/en\/wp-json\/wp\/v2\/product_tag?post=14220"}],"curies":[{"name":"wp","href":"https:\/\/api.w.org\/{rel}","templated":true}]}}