{"id":13853,"date":"2024-08-22T00:13:10","date_gmt":"2024-08-21T21:13:10","guid":{"rendered":"https:\/\/metaforineskortos.lt\/?post_type=product&#038;p=13853"},"modified":"2026-04-18T19:22:56","modified_gmt":"2026-04-18T16:22:56","slug":"kurybiskumo-kortos","status":"publish","type":"product","link":"https:\/\/metaforineskortos.lt\/en\/parduotuve\/metaforines-kortos\/kurybiskumo-kortos\/","title":{"rendered":"CREATIVITY CARDS - educational tool"},"content":{"rendered":"<p>CREATIVITY CARDS - Designed for anyone who wants to discover and unleash their inner creator.<\/p>\n<p>The set includes 40 cards and instructions. Each card contains a unique exercise designed to activate the imagination, awaken the imagination and stimulate creativity. The exercises are easily adapted to both individual work and engaging group assignments.<\/p>\n<p><em><strong><span style=\"font-size: 16px;\">Cards adapted for people with dyslexia!<\/span><\/strong><\/em><\/p>\n<p><strong>TIPS FOR USE:<\/strong><\/p>\n<ol>\n<li>\n<p class=\"body\" dir=\"auto\">Take one or more cards every day and complete the tasks indicated there.<\/p>\n<\/li>\n<li>\n<p class=\"body\" dir=\"auto\">Complete tasks by writing by hand - important areas of the brain are activated.<\/p>\n<\/li>\n<li>\n<p class=\"body\" dir=\"auto\">Complete the tasks together with your friends - discuss the obtained results, have fun competing with each other<\/p>\n<\/li>\n<li>\n<p class=\"body\" dir=\"auto\">Complete the same card tasks multiple times without repeating the same results for an even greater creative challenge.<\/p>\n<\/li>\n<li>\n<p class=\"body\" dir=\"auto\">Do one or more creative exercises with your colleagues before or during a work meeting - this will help you \"reload\" your thinking.<\/p>\n<\/li>\n<li>\n<p class=\"body\" dir=\"auto\">Use the exercises on the cards to conduct a variety of training sessions.<\/p>\n<\/li>\n<li>\n<p class=\"body\" dir=\"auto\">Come up with your own way, experiment and use the cards meaningfully!<\/p>\n<\/li>\n<\/ol>\n<p>Who is it for: \u2013 Personal development \u2b50\u2b50\u2b50\u00a0<span style=\"font-size: 16px; font-style: normal; font-weight: 400;\">\u2013 For educators, social workers \u2b50\u2b50\u2b50<\/span><span style=\"font-size: 16px; font-style: normal; font-weight: 400;\">\u00a0<\/span><span style=\"font-size: 16px;\">\u2013 For coaching specialists, consultants \u2b50\u2b50\u2b50 \u2013 For psychologists, psychotherapists \u2b50\u2b50\u2b50 \u2013 Training trainers, lecturers \u2b50\u2b50 \u2013 For HR specialists, personnel workers \u2b50\u2b50 \u2013 <\/span><a style=\"font-size: 16px; background-color: #ffffff;\" href=\"https:\/\/re-act.lt\/\" target=\"_blank\" rel=\"noopener\">For managers, teams<\/a><span style=\"font-size: 16px;\"> \u2b50\u2b50<\/span><\/p>\n<p class=\"block-product__subtitle\">There is no better time than now. Try it and see where your imagination can take you!<\/p>\n<p class=\"translation-block\">Find out how to use <a href=\"https:\/\/re-act.lt\/metodikos\/metaforines-kortos\/\" target=\"_blank\" rel=\"noopener\">metaphorical cards<\/a> in your activities, look here: <a href=\"https:\/\/metaforineskortos.lt\/en\/mokymai\/\" target=\"_blank\" rel=\"noopener\">COURSES<\/a><\/p>\n<div id=\"gtx-trans\" style=\"position: absolute; left: 5px; top: -2px;\">\n<div class=\"gtx-trans-icon\"><\/div>\n<\/div>","protected":false},"excerpt":{"rendered":"<p>CREATIVITY CARDS - Designed for anyone who wants to discover and unleash their inner creator.<\/p>\n<p>The set includes 40 cards and instructions. Each card contains a unique exercise designed to activate the imagination, awaken the imagination and stimulate creativity. The exercises are easily adapted to both individual work and engaging group assignments.<\/p>\n<p><em><strong><span style=\"font-size: 16px;\">Cards adapted for people with dyslexia!<\/span><\/strong><\/em><\/p>","protected":false},"featured_media":13854,"template":"","meta":{"site-sidebar-layout":"default","site-content-layout":"default","ast-site-content-layout":"default","site-content-style":"default","site-sidebar-style":"default","ast-global-header-display":"","ast-banner-title-visibility":"","ast-main-header-display":"","ast-hfb-above-header-display":"","ast-hfb-below-header-display":"","ast-hfb-mobile-header-display":"","site-post-title":"","ast-breadcrumbs-content":"","ast-featured-img":"","footer-sml-layout":"","ast-disable-related-posts":"","theme-transparent-header-meta":"default","adv-header-id-meta":"","stick-header-meta":"","header-above-stick-meta":"","header-main-stick-meta":"","header-below-stick-meta":"","astra-migrate-meta-layouts":"set","ast-page-background-enabled":"default","ast-page-background-meta":{"desktop":{"background-color":"","background-image":"","background-repeat":"repeat","background-position":"center center","background-size":"auto","background-attachment":"scroll","background-type":"","background-media":"","overlay-type":"","overlay-color":"","overlay-opacity":"","overlay-gradient":""},"tablet":{"background-color":"","background-image":"","background-repeat":"repeat","background-position":"center center","background-size":"auto","background-attachment":"scroll","background-type":"","background-media":"","overlay-type":"","overlay-color":"","overlay-opacity":"","overlay-gradient":""},"mobile":{"background-color":"","background-image":"","background-repeat":"repeat","background-position":"center center","background-size":"auto","background-attachment":"scroll","background-type":"","background-media":"","overlay-type":"","overlay-color":"","overlay-opacity":"","overlay-gradient":""}},"ast-content-background-meta":{"desktop":{"background-color":"var(--ast-global-color-5)","background-image":"","background-repeat":"repeat","background-position":"center center","background-size":"auto","background-attachment":"scroll","background-type":"","background-media":"","overlay-type":"","overlay-color":"","overlay-opacity":"","overlay-gradient":""},"tablet":{"background-color":"var(--ast-global-color-5)","background-image":"","background-repeat":"repeat","background-position":"center center","background-size":"auto","background-attachment":"scroll","background-type":"","background-media":"","overlay-type":"","overlay-color":"","overlay-opacity":"","overlay-gradient":""},"mobile":{"background-color":"var(--ast-global-color-5)","background-image":"","background-repeat":"repeat","background-position":"center center","background-size":"auto","background-attachment":"scroll","background-type":"","background-media":"","overlay-type":"","overlay-color":"","overlay-opacity":"","overlay-gradient":""}}},"product_brand":[],"product_cat":[31],"product_tag":[45,55,68,69,44,40],"class_list":{"0":"post-13853","1":"product","2":"type-product","3":"status-publish","4":"has-post-thumbnail","6":"product_cat-metaforines-kortos","7":"product_tag-edukacines","8":"product_tag-izvalgu","9":"product_tag-pokalbiai","10":"product_tag-pramoga","11":"product_tag-resursines","12":"product_tag-vaikiskos","13":"desktop-align-left","14":"tablet-align-left","15":"mobile-align-left","17":"first","18":"onbackorder","19":"sale","20":"taxable","21":"shipping-taxable","22":"purchasable","23":"product-type-simple"},"yoast_head":"<!-- This site is optimized with the Yoast SEO plugin v27.5 - https:\/\/yoast.com\/product\/yoast-seo-wordpress\/ -->\n<title>K\u016aRYBI\u0160KUMO KORTOS - lavinimo priemon\u0117 | Metaforin\u0117s Kortos<\/title>\n<meta name=\"description\" content=\"K\u016aRYBI\u0160KUMO KORTOS -\u00a040 unikali\u0173 pratim\u0173, sukurt\u0173 su\u017eadinti vaizduot\u0119 ir skatinti k\u016brybi\u0161kum\u0105. Pristaikytos ir \u017emon\u0117ms su disleksija!\" \/>\n<meta name=\"robots\" content=\"index, follow, max-snippet:-1, max-image-preview:large, max-video-preview:-1\" \/>\n<link rel=\"canonical\" href=\"https:\/\/metaforineskortos.lt\/en\/parduotuve\/metaforines-kortos\/kurybiskumo-kortos\/\" \/>\n<meta property=\"og:locale\" content=\"en_GB\" \/>\n<meta property=\"og:type\" content=\"article\" \/>\n<meta property=\"og:title\" content=\"K\u016aRYBI\u0160KUMO KORTOS - lavinimo priemon\u0117 | Metaforin\u0117s Kortos\" \/>\n<meta property=\"og:description\" content=\"K\u016aRYBI\u0160KUMO KORTOS -\u00a040 unikali\u0173 pratim\u0173, sukurt\u0173 su\u017eadinti vaizduot\u0119 ir skatinti k\u016brybi\u0161kum\u0105. Pristaikytos ir \u017emon\u0117ms su disleksija!\" \/>\n<meta property=\"og:url\" content=\"https:\/\/metaforineskortos.lt\/en\/parduotuve\/metaforines-kortos\/kurybiskumo-kortos\/\" \/>\n<meta property=\"og:site_name\" content=\"Metaforin\u0117s Kortos\" \/>\n<meta property=\"article:modified_time\" content=\"2026-04-18T16:22:56+00:00\" \/>\n<meta property=\"og:image\" content=\"https:\/\/metaforineskortos.lt\/wp-content\/uploads\/2024\/08\/Kurybiskumo-kortos-1024x819.png\" \/>\n\t<meta property=\"og:image:width\" content=\"1024\" \/>\n\t<meta property=\"og:image:height\" content=\"819\" \/>\n\t<meta property=\"og:image:type\" content=\"image\/png\" \/>\n<meta name=\"twitter:card\" content=\"summary_large_image\" \/>\n<meta name=\"twitter:label1\" content=\"Estimated reading time\" \/>\n\t<meta name=\"twitter:data1\" content=\"2 minutes\" \/>\n<script type=\"application\/ld+json\" class=\"yoast-schema-graph\">{\"@context\":\"https:\\\/\\\/schema.org\",\"@graph\":[{\"@type\":\"WebPage\",\"@id\":\"https:\\\/\\\/metaforineskortos.lt\\\/parduotuve\\\/metaforines-kortos\\\/kurybiskumo-kortos\\\/\",\"url\":\"https:\\\/\\\/metaforineskortos.lt\\\/parduotuve\\\/metaforines-kortos\\\/kurybiskumo-kortos\\\/\",\"name\":\"K\u016aRYBI\u0160KUMO KORTOS - lavinimo priemon\u0117 | Metaforin\u0117s Kortos\",\"isPartOf\":{\"@id\":\"https:\\\/\\\/metaforineskortos.lt\\\/#website\"},\"primaryImageOfPage\":{\"@id\":\"https:\\\/\\\/metaforineskortos.lt\\\/parduotuve\\\/metaforines-kortos\\\/kurybiskumo-kortos\\\/#primaryimage\"},\"image\":{\"@id\":\"https:\\\/\\\/metaforineskortos.lt\\\/parduotuve\\\/metaforines-kortos\\\/kurybiskumo-kortos\\\/#primaryimage\"},\"thumbnailUrl\":\"https:\\\/\\\/i0.wp.com\\\/metaforineskortos.lt\\\/wp-content\\\/uploads\\\/2024\\\/08\\\/Kurybiskumo-kortos.png?fit=1890%2C1512&ssl=1\",\"datePublished\":\"2024-08-21T21:13:10+00:00\",\"dateModified\":\"2026-04-18T16:22:56+00:00\",\"description\":\"K\u016aRYBI\u0160KUMO KORTOS -\u00a040 unikali\u0173 pratim\u0173, sukurt\u0173 su\u017eadinti vaizduot\u0119 ir skatinti k\u016brybi\u0161kum\u0105. Pristaikytos ir \u017emon\u0117ms su disleksija!\",\"breadcrumb\":{\"@id\":\"https:\\\/\\\/metaforineskortos.lt\\\/parduotuve\\\/metaforines-kortos\\\/kurybiskumo-kortos\\\/#breadcrumb\"},\"inLanguage\":\"en-GB\",\"potentialAction\":[{\"@type\":\"ReadAction\",\"target\":[\"https:\\\/\\\/metaforineskortos.lt\\\/parduotuve\\\/metaforines-kortos\\\/kurybiskumo-kortos\\\/\"]}]},{\"@type\":\"ImageObject\",\"inLanguage\":\"en-GB\",\"@id\":\"https:\\\/\\\/metaforineskortos.lt\\\/parduotuve\\\/metaforines-kortos\\\/kurybiskumo-kortos\\\/#primaryimage\",\"url\":\"https:\\\/\\\/i0.wp.com\\\/metaforineskortos.lt\\\/wp-content\\\/uploads\\\/2024\\\/08\\\/Kurybiskumo-kortos.png?fit=1890%2C1512&ssl=1\",\"contentUrl\":\"https:\\\/\\\/i0.wp.com\\\/metaforineskortos.lt\\\/wp-content\\\/uploads\\\/2024\\\/08\\\/Kurybiskumo-kortos.png?fit=1890%2C1512&ssl=1\",\"width\":1890,\"height\":1512,\"caption\":\"K\u016brybi\u0161kumo kortos\"},{\"@type\":\"BreadcrumbList\",\"@id\":\"https:\\\/\\\/metaforineskortos.lt\\\/parduotuve\\\/metaforines-kortos\\\/kurybiskumo-kortos\\\/#breadcrumb\",\"itemListElement\":[{\"@type\":\"ListItem\",\"position\":1,\"name\":\"Home\",\"item\":\"https:\\\/\\\/metaforineskortos.lt\\\/\"},{\"@type\":\"ListItem\",\"position\":2,\"name\":\"Parduotuv\u0117\",\"item\":\"https:\\\/\\\/metaforineskortos.lt\\\/parduotuve\\\/\"},{\"@type\":\"ListItem\",\"position\":3,\"name\":\"K\u016aRYBI\u0160KUMO KORTOS &#8211; lavinimo priemon\u0117\"}]},{\"@type\":\"WebSite\",\"@id\":\"https:\\\/\\\/metaforineskortos.lt\\\/#website\",\"url\":\"https:\\\/\\\/metaforineskortos.lt\\\/\",\"name\":\"Metaforin\u0117s Kortos\",\"description\":\"Metaforin\u0117s Kortos ir Saviugdos Mokymai\",\"publisher\":{\"@id\":\"https:\\\/\\\/metaforineskortos.lt\\\/#organization\"},\"potentialAction\":[{\"@type\":\"SearchAction\",\"target\":{\"@type\":\"EntryPoint\",\"urlTemplate\":\"https:\\\/\\\/metaforineskortos.lt\\\/?s={search_term_string}\"},\"query-input\":{\"@type\":\"PropertyValueSpecification\",\"valueRequired\":true,\"valueName\":\"search_term_string\"}}],\"inLanguage\":\"en-GB\"},{\"@type\":\"Organization\",\"@id\":\"https:\\\/\\\/metaforineskortos.lt\\\/#organization\",\"name\":\"Metaforin\u0117s Kortos\",\"url\":\"https:\\\/\\\/metaforineskortos.lt\\\/\",\"logo\":{\"@type\":\"ImageObject\",\"inLanguage\":\"en-GB\",\"@id\":\"https:\\\/\\\/metaforineskortos.lt\\\/#\\\/schema\\\/logo\\\/image\\\/\",\"url\":\"https:\\\/\\\/metaforineskortos.lt\\\/wp-content\\\/uploads\\\/2021\\\/03\\\/re-act-logo.svg\",\"contentUrl\":\"https:\\\/\\\/metaforineskortos.lt\\\/wp-content\\\/uploads\\\/2021\\\/03\\\/re-act-logo.svg\",\"width\":117,\"height\":58,\"caption\":\"Metaforin\u0117s Kortos\"},\"image\":{\"@id\":\"https:\\\/\\\/metaforineskortos.lt\\\/#\\\/schema\\\/logo\\\/image\\\/\"}}]}<\/script>\n<!-- \/ Yoast SEO plugin. -->","yoast_head_json":{"title":"K\u016aRYBI\u0160KUMO KORTOS - lavinimo priemon\u0117 | Metaforin\u0117s Kortos","description":"K\u016aRYBI\u0160KUMO KORTOS -\u00a040 unikali\u0173 pratim\u0173, sukurt\u0173 su\u017eadinti vaizduot\u0119 ir skatinti k\u016brybi\u0161kum\u0105. Pristaikytos ir \u017emon\u0117ms su disleksija!","robots":{"index":"index","follow":"follow","max-snippet":"max-snippet:-1","max-image-preview":"max-image-preview:large","max-video-preview":"max-video-preview:-1"},"canonical":"https:\/\/metaforineskortos.lt\/en\/parduotuve\/metaforines-kortos\/kurybiskumo-kortos\/","og_locale":"en_GB","og_type":"article","og_title":"K\u016aRYBI\u0160KUMO KORTOS - lavinimo priemon\u0117 | Metaforin\u0117s Kortos","og_description":"K\u016aRYBI\u0160KUMO KORTOS -\u00a040 unikali\u0173 pratim\u0173, sukurt\u0173 su\u017eadinti vaizduot\u0119 ir skatinti k\u016brybi\u0161kum\u0105. Pristaikytos ir \u017emon\u0117ms su disleksija!","og_url":"https:\/\/metaforineskortos.lt\/en\/parduotuve\/metaforines-kortos\/kurybiskumo-kortos\/","og_site_name":"Metaforin\u0117s Kortos","article_modified_time":"2026-04-18T16:22:56+00:00","og_image":[{"width":1024,"height":819,"url":"https:\/\/metaforineskortos.lt\/wp-content\/uploads\/2024\/08\/Kurybiskumo-kortos-1024x819.png","type":"image\/png"}],"twitter_card":"summary_large_image","twitter_misc":{"Estimated reading time":"2 minutes"},"schema":{"@context":"https:\/\/schema.org","@graph":[{"@type":"WebPage","@id":"https:\/\/metaforineskortos.lt\/parduotuve\/metaforines-kortos\/kurybiskumo-kortos\/","url":"https:\/\/metaforineskortos.lt\/parduotuve\/metaforines-kortos\/kurybiskumo-kortos\/","name":"K\u016aRYBI\u0160KUMO KORTOS - lavinimo priemon\u0117 | Metaforin\u0117s Kortos","isPartOf":{"@id":"https:\/\/metaforineskortos.lt\/#website"},"primaryImageOfPage":{"@id":"https:\/\/metaforineskortos.lt\/parduotuve\/metaforines-kortos\/kurybiskumo-kortos\/#primaryimage"},"image":{"@id":"https:\/\/metaforineskortos.lt\/parduotuve\/metaforines-kortos\/kurybiskumo-kortos\/#primaryimage"},"thumbnailUrl":"https:\/\/i0.wp.com\/metaforineskortos.lt\/wp-content\/uploads\/2024\/08\/Kurybiskumo-kortos.png?fit=1890%2C1512&ssl=1","datePublished":"2024-08-21T21:13:10+00:00","dateModified":"2026-04-18T16:22:56+00:00","description":"K\u016aRYBI\u0160KUMO KORTOS -\u00a040 unikali\u0173 pratim\u0173, sukurt\u0173 su\u017eadinti vaizduot\u0119 ir skatinti k\u016brybi\u0161kum\u0105. Pristaikytos ir \u017emon\u0117ms su disleksija!","breadcrumb":{"@id":"https:\/\/metaforineskortos.lt\/parduotuve\/metaforines-kortos\/kurybiskumo-kortos\/#breadcrumb"},"inLanguage":"en-GB","potentialAction":[{"@type":"ReadAction","target":["https:\/\/metaforineskortos.lt\/parduotuve\/metaforines-kortos\/kurybiskumo-kortos\/"]}]},{"@type":"ImageObject","inLanguage":"en-GB","@id":"https:\/\/metaforineskortos.lt\/parduotuve\/metaforines-kortos\/kurybiskumo-kortos\/#primaryimage","url":"https:\/\/i0.wp.com\/metaforineskortos.lt\/wp-content\/uploads\/2024\/08\/Kurybiskumo-kortos.png?fit=1890%2C1512&ssl=1","contentUrl":"https:\/\/i0.wp.com\/metaforineskortos.lt\/wp-content\/uploads\/2024\/08\/Kurybiskumo-kortos.png?fit=1890%2C1512&ssl=1","width":1890,"height":1512,"caption":"K\u016brybi\u0161kumo kortos"},{"@type":"BreadcrumbList","@id":"https:\/\/metaforineskortos.lt\/parduotuve\/metaforines-kortos\/kurybiskumo-kortos\/#breadcrumb","itemListElement":[{"@type":"ListItem","position":1,"name":"Home","item":"https:\/\/metaforineskortos.lt\/"},{"@type":"ListItem","position":2,"name":"Parduotuv\u0117","item":"https:\/\/metaforineskortos.lt\/parduotuve\/"},{"@type":"ListItem","position":3,"name":"K\u016aRYBI\u0160KUMO KORTOS &#8211; lavinimo priemon\u0117"}]},{"@type":"WebSite","@id":"https:\/\/metaforineskortos.lt\/#website","url":"https:\/\/metaforineskortos.lt\/","name":"Metaforin\u0117s Kortos","description":"Metaforin\u0117s Kortos ir Saviugdos Mokymai","publisher":{"@id":"https:\/\/metaforineskortos.lt\/#organization"},"potentialAction":[{"@type":"SearchAction","target":{"@type":"EntryPoint","urlTemplate":"https:\/\/metaforineskortos.lt\/?s={search_term_string}"},"query-input":{"@type":"PropertyValueSpecification","valueRequired":true,"valueName":"search_term_string"}}],"inLanguage":"en-GB"},{"@type":"Organization","@id":"https:\/\/metaforineskortos.lt\/#organization","name":"Metaforin\u0117s Kortos","url":"https:\/\/metaforineskortos.lt\/","logo":{"@type":"ImageObject","inLanguage":"en-GB","@id":"https:\/\/metaforineskortos.lt\/#\/schema\/logo\/image\/","url":"https:\/\/metaforineskortos.lt\/wp-content\/uploads\/2021\/03\/re-act-logo.svg","contentUrl":"https:\/\/metaforineskortos.lt\/wp-content\/uploads\/2021\/03\/re-act-logo.svg","width":117,"height":58,"caption":"Metaforin\u0117s Kortos"},"image":{"@id":"https:\/\/metaforineskortos.lt\/#\/schema\/logo\/image\/"}}]}},"jetpack_sharing_enabled":true,"_links":{"self":[{"href":"https:\/\/metaforineskortos.lt\/en\/wp-json\/wp\/v2\/product\/13853","targetHints":{"allow":["GET"]}}],"collection":[{"href":"https:\/\/metaforineskortos.lt\/en\/wp-json\/wp\/v2\/product"}],"about":[{"href":"https:\/\/metaforineskortos.lt\/en\/wp-json\/wp\/v2\/types\/product"}],"wp:featuredmedia":[{"embeddable":true,"href":"https:\/\/metaforineskortos.lt\/en\/wp-json\/wp\/v2\/media\/13854"}],"wp:attachment":[{"href":"https:\/\/metaforineskortos.lt\/en\/wp-json\/wp\/v2\/media?parent=13853"}],"wp:term":[{"taxonomy":"product_brand","embeddable":true,"href":"https:\/\/metaforineskortos.lt\/en\/wp-json\/wp\/v2\/product_brand?post=13853"},{"taxonomy":"product_cat","embeddable":true,"href":"https:\/\/metaforineskortos.lt\/en\/wp-json\/wp\/v2\/product_cat?post=13853"},{"taxonomy":"product_tag","embeddable":true,"href":"https:\/\/metaforineskortos.lt\/en\/wp-json\/wp\/v2\/product_tag?post=13853"}],"curies":[{"name":"wp","href":"https:\/\/api.w.org\/{rel}","templated":true}]}}