{"id":13575,"date":"2024-05-31T13:35:59","date_gmt":"2024-05-31T10:35:59","guid":{"rendered":"https:\/\/metaforineskortos.lt\/?post_type=product&#038;p=13575"},"modified":"2026-04-14T12:08:11","modified_gmt":"2026-04-14T09:08:11","slug":"emociju-pazinimas","status":"publish","type":"product","link":"https:\/\/metaforineskortos.lt\/en\/parduotuve\/metaforines-kortos\/emociju-pazinimas\/","title":{"rendered":"KNOWING AND MANAGING EMOTIONS - emotional education cards"},"content":{"rendered":"<p>KNOWING AND MANAGING EMOTIONS is a set of emotion cards that teaches you to know your emotions and manage them, and by developing this, the child develops his emotional intelligence, self-esteem, cooperates more effectively, achieves goals, is more motivated and creative.<\/p>\n<p><strong>Emotion cards consist of 3 parts:<\/strong><\/p>\n<ul>\n<li>+ <strong>27 emotion and feeling recognition cards<\/strong>;<\/li>\n<li>+ <strong>18 cards of different ways of managing emotions;<\/strong><\/li>\n<li><strong>5 blank cards to write down or draw your discovered emotions and coping methods.<\/strong><\/li>\n<\/ul>\n<p>All this so that the child learns not only to become aware of his emotions and feelings, but also to get acquainted with the most diverse ways of overcoming emotions.<\/p>\n<p><strong>Specification of Emotion Cards:<\/strong><\/p>\n<ul>\n<li>card size \u2013 90 x 60 mm;<\/li>\n<li>covered with factory laminate;<\/li>\n<li>packed in a cardboard box with a lid to make it convenient to insert and remove the cards every time.<\/li>\n<\/ul>\n<p>Who is it for: \u2013 Personal development \u2b50\u2b50\u2b50\u00a0<span style=\"font-size: 16px; font-style: normal; font-weight: 400;\">\u2013 For educators, social workers \u2b50\u2b50\u2b50<\/span><span style=\"font-size: 16px; font-style: normal; font-weight: 400;\">\u00a0<\/span><span style=\"font-size: 16px;\">\u2013 For coaching specialists, consultants \u2b50\u2b50\u2b50 \u2013 For psychologists, psychotherapists \u2b50\u2b50\u2b50 \u2013 For training trainers, lecturers \u2b50\u2b50 \u2013 For HR specialists, personnel workers \u2b50 \u2013 <\/span><a style=\"font-size: 16px; background-color: #ffffff;\" href=\"https:\/\/re-act.lt\/\" target=\"_blank\" rel=\"noopener\">For managers, teams<\/a><span style=\"font-size: 16px;\"> \u2b50<\/span><\/p>\n<p class=\"block-product__subtitle\">Children under three years of age are recommended to use with adult supervision.<\/p>\n<p><strong>PSYCHOLOGISTS AND EDUCATORS RECOMMEND TO HAVE THIS GAME IN EVERY HOME.<\/strong><\/p>\n<p class=\"translation-block\">Find out how to use <a href=\"https:\/\/re-act.lt\/metodikos\/metaforines-kortos\/\" target=\"_blank\" rel=\"noopener\">metaphorical cards<\/a> in your activities, look here: <a href=\"https:\/\/metaforineskortos.lt\/en\/mokymai\/\" target=\"_blank\" rel=\"noopener\">COURSES<\/a><\/p>\n<div id=\"gtx-trans\" style=\"position: absolute; left: 5px; top: -2px;\">\n<div class=\"gtx-trans-icon\"><\/div>\n<\/div>","protected":false},"excerpt":{"rendered":"<p>KNOWING AND MANAGING EMOTIONS is a set of emotion cards that teaches you to know your emotions and manage them, and by developing this, the child develops his emotional intelligence, self-esteem, cooperates more effectively, achieves goals, is more motivated and creative.<\/p>\n<p>The set includes 27 emotion and feeling recognition cards, 18 different emotion management cards and 5 blank cards for writing down or drawing your discovered emotions and coping methods.<\/p>","protected":false},"featured_media":13563,"template":"","meta":{"site-sidebar-layout":"default","site-content-layout":"default","ast-site-content-layout":"default","site-content-style":"default","site-sidebar-style":"default","ast-global-header-display":"","ast-banner-title-visibility":"","ast-main-header-display":"","ast-hfb-above-header-display":"","ast-hfb-below-header-display":"","ast-hfb-mobile-header-display":"","site-post-title":"","ast-breadcrumbs-content":"","ast-featured-img":"","footer-sml-layout":"","ast-disable-related-posts":"","theme-transparent-header-meta":"default","adv-header-id-meta":"","stick-header-meta":"","header-above-stick-meta":"","header-main-stick-meta":"","header-below-stick-meta":"","astra-migrate-meta-layouts":"set","ast-page-background-enabled":"default","ast-page-background-meta":{"desktop":{"background-color":"","background-image":"","background-repeat":"repeat","background-position":"center center","background-size":"auto","background-attachment":"scroll","background-type":"","background-media":"","overlay-type":"","overlay-color":"","overlay-opacity":"","overlay-gradient":""},"tablet":{"background-color":"","background-image":"","background-repeat":"repeat","background-position":"center center","background-size":"auto","background-attachment":"scroll","background-type":"","background-media":"","overlay-type":"","overlay-color":"","overlay-opacity":"","overlay-gradient":""},"mobile":{"background-color":"","background-image":"","background-repeat":"repeat","background-position":"center center","background-size":"auto","background-attachment":"scroll","background-type":"","background-media":"","overlay-type":"","overlay-color":"","overlay-opacity":"","overlay-gradient":""}},"ast-content-background-meta":{"desktop":{"background-color":"var(--ast-global-color-5)","background-image":"","background-repeat":"repeat","background-position":"center center","background-size":"auto","background-attachment":"scroll","background-type":"","background-media":"","overlay-type":"","overlay-color":"","overlay-opacity":"","overlay-gradient":""},"tablet":{"background-color":"var(--ast-global-color-5)","background-image":"","background-repeat":"repeat","background-position":"center center","background-size":"auto","background-attachment":"scroll","background-type":"","background-media":"","overlay-type":"","overlay-color":"","overlay-opacity":"","overlay-gradient":""},"mobile":{"background-color":"var(--ast-global-color-5)","background-image":"","background-repeat":"repeat","background-position":"center center","background-size":"auto","background-attachment":"scroll","background-type":"","background-media":"","overlay-type":"","overlay-color":"","overlay-opacity":"","overlay-gradient":""}}},"product_brand":[],"product_cat":[31],"product_tag":[45,71,69,44,40],"class_list":{"0":"post-13575","1":"product","2":"type-product","3":"status-publish","4":"has-post-thumbnail","6":"product_cat-metaforines-kortos","7":"product_tag-edukacines","8":"product_tag-emocijos","9":"product_tag-pramoga","10":"product_tag-resursines","11":"product_tag-vaikiskos","12":"desktop-align-left","13":"tablet-align-left","14":"mobile-align-left","16":"first","17":"instock","18":"taxable","19":"shipping-taxable","20":"purchasable","21":"product-type-simple"},"yoast_head":"<!-- This site is optimized with the Yoast SEO plugin v27.5 - https:\/\/yoast.com\/product\/yoast-seo-wordpress\/ -->\n<title>EMOCIJ\u0172 PA\u017dINIMAS IR VALDYMAS - emocinio lavinimo kortos | Metaforin\u0117s Kortos<\/title>\n<meta name=\"description\" content=\"EMOCIJ\u0172 PA\u017dINIMAS IR VALDYMAS ugdo vaiko emocin\u012f intelekt\u0105, savivert\u0119, geresn\u012f bendravim\u0105, tiksl\u0173 siekim\u0105, vaikass tampa labiau motyvuotas ir k\u016brybi\u0161kesnis.\" \/>\n<meta name=\"robots\" content=\"index, follow, max-snippet:-1, max-image-preview:large, max-video-preview:-1\" \/>\n<link rel=\"canonical\" href=\"https:\/\/metaforineskortos.lt\/en\/parduotuve\/metaforines-kortos\/emociju-pazinimas\/\" \/>\n<meta property=\"og:locale\" content=\"en_GB\" \/>\n<meta property=\"og:type\" content=\"article\" \/>\n<meta property=\"og:title\" content=\"EMOCIJ\u0172 PA\u017dINIMAS IR VALDYMAS - emocinio lavinimo kortos | Metaforin\u0117s Kortos\" \/>\n<meta property=\"og:description\" content=\"EMOCIJ\u0172 PA\u017dINIMAS IR VALDYMAS ugdo vaiko emocin\u012f intelekt\u0105, savivert\u0119, geresn\u012f bendravim\u0105, tiksl\u0173 siekim\u0105, vaikass tampa labiau motyvuotas ir k\u016brybi\u0161kesnis.\" \/>\n<meta property=\"og:url\" content=\"https:\/\/metaforineskortos.lt\/en\/parduotuve\/metaforines-kortos\/emociju-pazinimas\/\" \/>\n<meta property=\"og:site_name\" content=\"Metaforin\u0117s Kortos\" \/>\n<meta property=\"article:modified_time\" content=\"2026-04-14T09:08:11+00:00\" \/>\n<meta property=\"og:image\" content=\"https:\/\/metaforineskortos.lt\/wp-content\/uploads\/2024\/05\/EQ_Pazinimas-1024x819.png\" \/>\n\t<meta property=\"og:image:width\" content=\"1024\" \/>\n\t<meta property=\"og:image:height\" content=\"819\" \/>\n\t<meta property=\"og:image:type\" content=\"image\/png\" \/>\n<meta name=\"twitter:card\" content=\"summary_large_image\" \/>\n<meta name=\"twitter:label1\" content=\"Estimated reading time\" \/>\n\t<meta name=\"twitter:data1\" content=\"2 minutes\" \/>\n<script type=\"application\/ld+json\" class=\"yoast-schema-graph\">{\"@context\":\"https:\\\/\\\/schema.org\",\"@graph\":[{\"@type\":\"WebPage\",\"@id\":\"https:\\\/\\\/metaforineskortos.lt\\\/parduotuve\\\/metaforines-kortos\\\/emociju-pazinimas\\\/\",\"url\":\"https:\\\/\\\/metaforineskortos.lt\\\/parduotuve\\\/metaforines-kortos\\\/emociju-pazinimas\\\/\",\"name\":\"EMOCIJ\u0172 PA\u017dINIMAS IR VALDYMAS - emocinio lavinimo kortos | Metaforin\u0117s Kortos\",\"isPartOf\":{\"@id\":\"https:\\\/\\\/metaforineskortos.lt\\\/#website\"},\"primaryImageOfPage\":{\"@id\":\"https:\\\/\\\/metaforineskortos.lt\\\/parduotuve\\\/metaforines-kortos\\\/emociju-pazinimas\\\/#primaryimage\"},\"image\":{\"@id\":\"https:\\\/\\\/metaforineskortos.lt\\\/parduotuve\\\/metaforines-kortos\\\/emociju-pazinimas\\\/#primaryimage\"},\"thumbnailUrl\":\"https:\\\/\\\/i0.wp.com\\\/metaforineskortos.lt\\\/wp-content\\\/uploads\\\/2024\\\/05\\\/EQ_Pazinimas.png?fit=1890%2C1512&ssl=1\",\"datePublished\":\"2024-05-31T10:35:59+00:00\",\"dateModified\":\"2026-04-14T09:08:11+00:00\",\"description\":\"EMOCIJ\u0172 PA\u017dINIMAS IR VALDYMAS ugdo vaiko emocin\u012f intelekt\u0105, savivert\u0119, geresn\u012f bendravim\u0105, tiksl\u0173 siekim\u0105, vaikass tampa labiau motyvuotas ir k\u016brybi\u0161kesnis.\",\"breadcrumb\":{\"@id\":\"https:\\\/\\\/metaforineskortos.lt\\\/parduotuve\\\/metaforines-kortos\\\/emociju-pazinimas\\\/#breadcrumb\"},\"inLanguage\":\"en-GB\",\"potentialAction\":[{\"@type\":\"ReadAction\",\"target\":[\"https:\\\/\\\/metaforineskortos.lt\\\/parduotuve\\\/metaforines-kortos\\\/emociju-pazinimas\\\/\"]}]},{\"@type\":\"ImageObject\",\"inLanguage\":\"en-GB\",\"@id\":\"https:\\\/\\\/metaforineskortos.lt\\\/parduotuve\\\/metaforines-kortos\\\/emociju-pazinimas\\\/#primaryimage\",\"url\":\"https:\\\/\\\/i0.wp.com\\\/metaforineskortos.lt\\\/wp-content\\\/uploads\\\/2024\\\/05\\\/EQ_Pazinimas.png?fit=1890%2C1512&ssl=1\",\"contentUrl\":\"https:\\\/\\\/i0.wp.com\\\/metaforineskortos.lt\\\/wp-content\\\/uploads\\\/2024\\\/05\\\/EQ_Pazinimas.png?fit=1890%2C1512&ssl=1\",\"width\":1890,\"height\":1512,\"caption\":\"Emocij\u0173 pa\u017einimas\"},{\"@type\":\"BreadcrumbList\",\"@id\":\"https:\\\/\\\/metaforineskortos.lt\\\/parduotuve\\\/metaforines-kortos\\\/emociju-pazinimas\\\/#breadcrumb\",\"itemListElement\":[{\"@type\":\"ListItem\",\"position\":1,\"name\":\"Home\",\"item\":\"https:\\\/\\\/metaforineskortos.lt\\\/\"},{\"@type\":\"ListItem\",\"position\":2,\"name\":\"Parduotuv\u0117\",\"item\":\"https:\\\/\\\/metaforineskortos.lt\\\/parduotuve\\\/\"},{\"@type\":\"ListItem\",\"position\":3,\"name\":\"EMOCIJ\u0172 PA\u017dINIMAS IR VALDYMAS &#8211; emocinio lavinimo kortos\"}]},{\"@type\":\"WebSite\",\"@id\":\"https:\\\/\\\/metaforineskortos.lt\\\/#website\",\"url\":\"https:\\\/\\\/metaforineskortos.lt\\\/\",\"name\":\"Metaforin\u0117s Kortos\",\"description\":\"Metaforin\u0117s Kortos ir Saviugdos Mokymai\",\"publisher\":{\"@id\":\"https:\\\/\\\/metaforineskortos.lt\\\/#organization\"},\"potentialAction\":[{\"@type\":\"SearchAction\",\"target\":{\"@type\":\"EntryPoint\",\"urlTemplate\":\"https:\\\/\\\/metaforineskortos.lt\\\/?s={search_term_string}\"},\"query-input\":{\"@type\":\"PropertyValueSpecification\",\"valueRequired\":true,\"valueName\":\"search_term_string\"}}],\"inLanguage\":\"en-GB\"},{\"@type\":\"Organization\",\"@id\":\"https:\\\/\\\/metaforineskortos.lt\\\/#organization\",\"name\":\"Metaforin\u0117s Kortos\",\"url\":\"https:\\\/\\\/metaforineskortos.lt\\\/\",\"logo\":{\"@type\":\"ImageObject\",\"inLanguage\":\"en-GB\",\"@id\":\"https:\\\/\\\/metaforineskortos.lt\\\/#\\\/schema\\\/logo\\\/image\\\/\",\"url\":\"https:\\\/\\\/metaforineskortos.lt\\\/wp-content\\\/uploads\\\/2021\\\/03\\\/re-act-logo.svg\",\"contentUrl\":\"https:\\\/\\\/metaforineskortos.lt\\\/wp-content\\\/uploads\\\/2021\\\/03\\\/re-act-logo.svg\",\"width\":117,\"height\":58,\"caption\":\"Metaforin\u0117s Kortos\"},\"image\":{\"@id\":\"https:\\\/\\\/metaforineskortos.lt\\\/#\\\/schema\\\/logo\\\/image\\\/\"}}]}<\/script>\n<!-- \/ Yoast SEO plugin. -->","yoast_head_json":{"title":"EMOCIJ\u0172 PA\u017dINIMAS IR VALDYMAS - emocinio lavinimo kortos | Metaforin\u0117s Kortos","description":"EMOCIJ\u0172 PA\u017dINIMAS IR VALDYMAS ugdo vaiko emocin\u012f intelekt\u0105, savivert\u0119, geresn\u012f bendravim\u0105, tiksl\u0173 siekim\u0105, vaikass tampa labiau motyvuotas ir k\u016brybi\u0161kesnis.","robots":{"index":"index","follow":"follow","max-snippet":"max-snippet:-1","max-image-preview":"max-image-preview:large","max-video-preview":"max-video-preview:-1"},"canonical":"https:\/\/metaforineskortos.lt\/en\/parduotuve\/metaforines-kortos\/emociju-pazinimas\/","og_locale":"en_GB","og_type":"article","og_title":"EMOCIJ\u0172 PA\u017dINIMAS IR VALDYMAS - emocinio lavinimo kortos | Metaforin\u0117s Kortos","og_description":"EMOCIJ\u0172 PA\u017dINIMAS IR VALDYMAS ugdo vaiko emocin\u012f intelekt\u0105, savivert\u0119, geresn\u012f bendravim\u0105, tiksl\u0173 siekim\u0105, vaikass tampa labiau motyvuotas ir k\u016brybi\u0161kesnis.","og_url":"https:\/\/metaforineskortos.lt\/en\/parduotuve\/metaforines-kortos\/emociju-pazinimas\/","og_site_name":"Metaforin\u0117s Kortos","article_modified_time":"2026-04-14T09:08:11+00:00","og_image":[{"width":1024,"height":819,"url":"https:\/\/metaforineskortos.lt\/wp-content\/uploads\/2024\/05\/EQ_Pazinimas-1024x819.png","type":"image\/png"}],"twitter_card":"summary_large_image","twitter_misc":{"Estimated reading time":"2 minutes"},"schema":{"@context":"https:\/\/schema.org","@graph":[{"@type":"WebPage","@id":"https:\/\/metaforineskortos.lt\/parduotuve\/metaforines-kortos\/emociju-pazinimas\/","url":"https:\/\/metaforineskortos.lt\/parduotuve\/metaforines-kortos\/emociju-pazinimas\/","name":"EMOCIJ\u0172 PA\u017dINIMAS IR VALDYMAS - emocinio lavinimo kortos | Metaforin\u0117s Kortos","isPartOf":{"@id":"https:\/\/metaforineskortos.lt\/#website"},"primaryImageOfPage":{"@id":"https:\/\/metaforineskortos.lt\/parduotuve\/metaforines-kortos\/emociju-pazinimas\/#primaryimage"},"image":{"@id":"https:\/\/metaforineskortos.lt\/parduotuve\/metaforines-kortos\/emociju-pazinimas\/#primaryimage"},"thumbnailUrl":"https:\/\/i0.wp.com\/metaforineskortos.lt\/wp-content\/uploads\/2024\/05\/EQ_Pazinimas.png?fit=1890%2C1512&ssl=1","datePublished":"2024-05-31T10:35:59+00:00","dateModified":"2026-04-14T09:08:11+00:00","description":"EMOCIJ\u0172 PA\u017dINIMAS IR VALDYMAS ugdo vaiko emocin\u012f intelekt\u0105, savivert\u0119, geresn\u012f bendravim\u0105, tiksl\u0173 siekim\u0105, vaikass tampa labiau motyvuotas ir k\u016brybi\u0161kesnis.","breadcrumb":{"@id":"https:\/\/metaforineskortos.lt\/parduotuve\/metaforines-kortos\/emociju-pazinimas\/#breadcrumb"},"inLanguage":"en-GB","potentialAction":[{"@type":"ReadAction","target":["https:\/\/metaforineskortos.lt\/parduotuve\/metaforines-kortos\/emociju-pazinimas\/"]}]},{"@type":"ImageObject","inLanguage":"en-GB","@id":"https:\/\/metaforineskortos.lt\/parduotuve\/metaforines-kortos\/emociju-pazinimas\/#primaryimage","url":"https:\/\/i0.wp.com\/metaforineskortos.lt\/wp-content\/uploads\/2024\/05\/EQ_Pazinimas.png?fit=1890%2C1512&ssl=1","contentUrl":"https:\/\/i0.wp.com\/metaforineskortos.lt\/wp-content\/uploads\/2024\/05\/EQ_Pazinimas.png?fit=1890%2C1512&ssl=1","width":1890,"height":1512,"caption":"Emocij\u0173 pa\u017einimas"},{"@type":"BreadcrumbList","@id":"https:\/\/metaforineskortos.lt\/parduotuve\/metaforines-kortos\/emociju-pazinimas\/#breadcrumb","itemListElement":[{"@type":"ListItem","position":1,"name":"Home","item":"https:\/\/metaforineskortos.lt\/"},{"@type":"ListItem","position":2,"name":"Parduotuv\u0117","item":"https:\/\/metaforineskortos.lt\/parduotuve\/"},{"@type":"ListItem","position":3,"name":"EMOCIJ\u0172 PA\u017dINIMAS IR VALDYMAS &#8211; emocinio lavinimo kortos"}]},{"@type":"WebSite","@id":"https:\/\/metaforineskortos.lt\/#website","url":"https:\/\/metaforineskortos.lt\/","name":"Metaforin\u0117s Kortos","description":"Metaforin\u0117s Kortos ir Saviugdos Mokymai","publisher":{"@id":"https:\/\/metaforineskortos.lt\/#organization"},"potentialAction":[{"@type":"SearchAction","target":{"@type":"EntryPoint","urlTemplate":"https:\/\/metaforineskortos.lt\/?s={search_term_string}"},"query-input":{"@type":"PropertyValueSpecification","valueRequired":true,"valueName":"search_term_string"}}],"inLanguage":"en-GB"},{"@type":"Organization","@id":"https:\/\/metaforineskortos.lt\/#organization","name":"Metaforin\u0117s Kortos","url":"https:\/\/metaforineskortos.lt\/","logo":{"@type":"ImageObject","inLanguage":"en-GB","@id":"https:\/\/metaforineskortos.lt\/#\/schema\/logo\/image\/","url":"https:\/\/metaforineskortos.lt\/wp-content\/uploads\/2021\/03\/re-act-logo.svg","contentUrl":"https:\/\/metaforineskortos.lt\/wp-content\/uploads\/2021\/03\/re-act-logo.svg","width":117,"height":58,"caption":"Metaforin\u0117s Kortos"},"image":{"@id":"https:\/\/metaforineskortos.lt\/#\/schema\/logo\/image\/"}}]}},"jetpack_sharing_enabled":true,"_links":{"self":[{"href":"https:\/\/metaforineskortos.lt\/en\/wp-json\/wp\/v2\/product\/13575","targetHints":{"allow":["GET"]}}],"collection":[{"href":"https:\/\/metaforineskortos.lt\/en\/wp-json\/wp\/v2\/product"}],"about":[{"href":"https:\/\/metaforineskortos.lt\/en\/wp-json\/wp\/v2\/types\/product"}],"wp:featuredmedia":[{"embeddable":true,"href":"https:\/\/metaforineskortos.lt\/en\/wp-json\/wp\/v2\/media\/13563"}],"wp:attachment":[{"href":"https:\/\/metaforineskortos.lt\/en\/wp-json\/wp\/v2\/media?parent=13575"}],"wp:term":[{"taxonomy":"product_brand","embeddable":true,"href":"https:\/\/metaforineskortos.lt\/en\/wp-json\/wp\/v2\/product_brand?post=13575"},{"taxonomy":"product_cat","embeddable":true,"href":"https:\/\/metaforineskortos.lt\/en\/wp-json\/wp\/v2\/product_cat?post=13575"},{"taxonomy":"product_tag","embeddable":true,"href":"https:\/\/metaforineskortos.lt\/en\/wp-json\/wp\/v2\/product_tag?post=13575"}],"curies":[{"name":"wp","href":"https:\/\/api.w.org\/{rel}","templated":true}]}}