{"id":13571,"date":"2024-05-31T12:06:44","date_gmt":"2024-05-31T09:06:44","guid":{"rendered":"https:\/\/metaforineskortos.lt\/?post_type=product&#038;p=13571"},"modified":"2025-12-17T12:25:20","modified_gmt":"2025-12-17T09:25:20","slug":"jausmu-zaidimas","status":"publish","type":"product","link":"https:\/\/metaforineskortos.lt\/en\/parduotuve\/metaforines-kortos\/jausmu-zaidimas\/","title":{"rendered":"JAUSM\u0172 \u017dAIDIMAS (GAME OF FEELINGS) - a game of emotional education"},"content":{"rendered":"<p>JAUSM\u0172 \u017dAIDIMAS (GAME OF FEELINGS) is a fun way to get to know and recognize emerging emotions and feelings, expand knowledge about your own needs and those of others, and develop emotional intelligence.<\/p>\n<p>Do you want to spend a meaningful and fun letter with your family or class? This board game is for you!<\/p>\n<p><strong>The \"Emotional Game\" will help:<\/strong><\/p>\n<ul>\n<li>Get to know even 30 different emotions and feelings,<\/li>\n<li>Expand knowledge about your own needs and those of others,<\/li>\n<li>To talk even the most closed children,<\/li>\n<li>Understand what emotional difficulties the child is facing,<\/li>\n<li>How to solve these difficulties<\/li>\n<li>Tell about memorable adventures.<\/li>\n<\/ul>\n<p><strong>The game consists of:<\/strong><\/p>\n<ul>\n<li>As many as 30 different feelings and emotions cards,<\/li>\n<li>60 different questions related to emotions and feelings,<\/li>\n<li>Detailed instructions,<\/li>\n<li>Convenient boxes with lids.<\/li>\n<\/ul>\n<p>Who is it for: \u2013 Personal development \u2b50\u2b50\u2b50\u00a0<span style=\"font-size: 16px; font-style: normal; font-weight: 400;\">\u2013 For educators, social workers \u2b50\u2b50\u2b50<\/span><span style=\"font-size: 16px; font-style: normal; font-weight: 400;\">\u00a0<\/span><span style=\"font-size: 16px;\">\u2013 For coaching specialists, consultants \u2b50\u2b50\u2b50 \u2013 For psychologists, psychotherapists \u2b50\u2b50\u2b50 \u2013 For training trainers, lecturers \u2b50\u2b50 \u2013 For HR specialists, personnel workers \u2b50 \u2013 <\/span><a style=\"font-size: 16px; background-color: #ffffff;\" href=\"https:\/\/re-act.lt\/\" target=\"_blank\" rel=\"noopener\">For managers, teams<\/a><span style=\"font-size: 16px;\"> \u2b50<\/span><\/p>\n<p class=\"block-product__subtitle\">The game is best played between 2 and 5 people. Children under three years of age are recommended to use with adult supervision.<\/p>\n<p><strong>PSYCHOLOGISTS AND EDUCATORS RECOMMEND TO HAVE THIS GAME IN EVERY HOME.<\/strong><\/p>\n<p class=\"translation-block\">Find out how to use <a href=\"https:\/\/re-act.lt\/metodikos\/metaforines-kortos\/\" target=\"_blank\" rel=\"noopener\">metaphorical cards<\/a> in your activities, look here: <a href=\"https:\/\/metaforineskortos.lt\/en\/mokymai\/\" target=\"_blank\" rel=\"noopener\">COURSES<\/a><\/p>\n<div id=\"gtx-trans\" style=\"position: absolute; left: 5px; top: -2px;\">\n<div class=\"gtx-trans-icon\"><\/div>\n<\/div>","protected":false},"excerpt":{"rendered":"<p>JAUSM\u0172 \u017dAIDIMAS (GAME OF FEELINGS) is a fun way to get to know and recognize emerging emotions and feelings, expand knowledge about your own needs and those of others, and develop emotional intelligence.<\/p>\n<p>Do you want to spend a meaningful and fun letter with your family or class? This board game is for you!<\/p>","protected":false},"featured_media":13561,"template":"","meta":{"site-sidebar-layout":"default","site-content-layout":"default","ast-site-content-layout":"default","site-content-style":"default","site-sidebar-style":"default","ast-global-header-display":"","ast-banner-title-visibility":"","ast-main-header-display":"","ast-hfb-above-header-display":"","ast-hfb-below-header-display":"","ast-hfb-mobile-header-display":"","site-post-title":"","ast-breadcrumbs-content":"","ast-featured-img":"","footer-sml-layout":"","ast-disable-related-posts":"","theme-transparent-header-meta":"default","adv-header-id-meta":"","stick-header-meta":"","header-above-stick-meta":"","header-main-stick-meta":"","header-below-stick-meta":"","astra-migrate-meta-layouts":"set","ast-page-background-enabled":"default","ast-page-background-meta":{"desktop":{"background-color":"","background-image":"","background-repeat":"repeat","background-position":"center center","background-size":"auto","background-attachment":"scroll","background-type":"","background-media":"","overlay-type":"","overlay-color":"","overlay-opacity":"","overlay-gradient":""},"tablet":{"background-color":"","background-image":"","background-repeat":"repeat","background-position":"center center","background-size":"auto","background-attachment":"scroll","background-type":"","background-media":"","overlay-type":"","overlay-color":"","overlay-opacity":"","overlay-gradient":""},"mobile":{"background-color":"","background-image":"","background-repeat":"repeat","background-position":"center center","background-size":"auto","background-attachment":"scroll","background-type":"","background-media":"","overlay-type":"","overlay-color":"","overlay-opacity":"","overlay-gradient":""}},"ast-content-background-meta":{"desktop":{"background-color":"var(--ast-global-color-5)","background-image":"","background-repeat":"repeat","background-position":"center center","background-size":"auto","background-attachment":"scroll","background-type":"","background-media":"","overlay-type":"","overlay-color":"","overlay-opacity":"","overlay-gradient":""},"tablet":{"background-color":"var(--ast-global-color-5)","background-image":"","background-repeat":"repeat","background-position":"center center","background-size":"auto","background-attachment":"scroll","background-type":"","background-media":"","overlay-type":"","overlay-color":"","overlay-opacity":"","overlay-gradient":""},"mobile":{"background-color":"var(--ast-global-color-5)","background-image":"","background-repeat":"repeat","background-position":"center center","background-size":"auto","background-attachment":"scroll","background-type":"","background-media":"","overlay-type":"","overlay-color":"","overlay-opacity":"","overlay-gradient":""}}},"product_brand":[],"product_cat":[31],"product_tag":[45,71,69,44,40],"class_list":{"0":"post-13571","1":"product","2":"type-product","3":"status-publish","4":"has-post-thumbnail","6":"product_cat-metaforines-kortos","7":"product_tag-edukacines","8":"product_tag-emocijos","9":"product_tag-pramoga","10":"product_tag-resursines","11":"product_tag-vaikiskos","12":"desktop-align-left","13":"tablet-align-left","14":"mobile-align-left","16":"first","17":"instock","18":"taxable","19":"shipping-taxable","20":"purchasable","21":"product-type-simple"},"yoast_head":"<!-- This site is optimized with the Yoast SEO plugin v27.4 - https:\/\/yoast.com\/product\/yoast-seo-wordpress\/ -->\n<title>JAUSM\u0172 \u017dAIDIMAS - emocinio lavinimo \u017eaidimas - Metaforin\u0117s Kortos<\/title>\n<meta name=\"description\" content=\".JAUSM\u0172 \u017dAIDIMAS - tai smagus b\u016bdas pa\u017einti kylan\u010dias emocijas ir jausmus, prapl\u0117sti \u017einias apie savo ir kit\u0173 poreikius, auginti emocin\u012f intelekt\u0105.\" \/>\n<meta name=\"robots\" content=\"index, follow, max-snippet:-1, max-image-preview:large, max-video-preview:-1\" \/>\n<link rel=\"canonical\" href=\"https:\/\/metaforineskortos.lt\/en\/parduotuve\/metaforines-kortos\/jausmu-zaidimas\/\" \/>\n<meta property=\"og:locale\" content=\"en_GB\" \/>\n<meta property=\"og:type\" content=\"article\" \/>\n<meta property=\"og:title\" content=\"JAUSM\u0172 \u017dAIDIMAS - emocinio lavinimo \u017eaidimas - Metaforin\u0117s Kortos\" \/>\n<meta property=\"og:description\" content=\".JAUSM\u0172 \u017dAIDIMAS - tai smagus b\u016bdas pa\u017einti kylan\u010dias emocijas ir jausmus, prapl\u0117sti \u017einias apie savo ir kit\u0173 poreikius, auginti emocin\u012f intelekt\u0105.\" \/>\n<meta property=\"og:url\" content=\"https:\/\/metaforineskortos.lt\/en\/parduotuve\/metaforines-kortos\/jausmu-zaidimas\/\" \/>\n<meta property=\"og:site_name\" content=\"Metaforin\u0117s Kortos\" \/>\n<meta property=\"article:modified_time\" content=\"2025-12-17T09:25:20+00:00\" \/>\n<meta property=\"og:image\" content=\"https:\/\/metaforineskortos.lt\/wp-content\/uploads\/2024\/05\/EQ_Jausmai-1024x819.png\" \/>\n\t<meta property=\"og:image:width\" content=\"1024\" \/>\n\t<meta property=\"og:image:height\" content=\"819\" \/>\n\t<meta property=\"og:image:type\" content=\"image\/png\" \/>\n<meta name=\"twitter:card\" content=\"summary_large_image\" \/>\n<meta name=\"twitter:label1\" content=\"Estimated reading time\" \/>\n\t<meta name=\"twitter:data1\" content=\"2 minutes\" \/>\n<script type=\"application\/ld+json\" class=\"yoast-schema-graph\">{\"@context\":\"https:\\\/\\\/schema.org\",\"@graph\":[{\"@type\":\"WebPage\",\"@id\":\"https:\\\/\\\/metaforineskortos.lt\\\/parduotuve\\\/metaforines-kortos\\\/jausmu-zaidimas\\\/\",\"url\":\"https:\\\/\\\/metaforineskortos.lt\\\/parduotuve\\\/metaforines-kortos\\\/jausmu-zaidimas\\\/\",\"name\":\"JAUSM\u0172 \u017dAIDIMAS - emocinio lavinimo \u017eaidimas - Metaforin\u0117s Kortos\",\"isPartOf\":{\"@id\":\"https:\\\/\\\/metaforineskortos.lt\\\/#website\"},\"primaryImageOfPage\":{\"@id\":\"https:\\\/\\\/metaforineskortos.lt\\\/parduotuve\\\/metaforines-kortos\\\/jausmu-zaidimas\\\/#primaryimage\"},\"image\":{\"@id\":\"https:\\\/\\\/metaforineskortos.lt\\\/parduotuve\\\/metaforines-kortos\\\/jausmu-zaidimas\\\/#primaryimage\"},\"thumbnailUrl\":\"https:\\\/\\\/i0.wp.com\\\/metaforineskortos.lt\\\/wp-content\\\/uploads\\\/2024\\\/05\\\/EQ_Jausmai.png?fit=1890%2C1512&ssl=1\",\"datePublished\":\"2024-05-31T09:06:44+00:00\",\"dateModified\":\"2025-12-17T09:25:20+00:00\",\"description\":\".JAUSM\u0172 \u017dAIDIMAS - tai smagus b\u016bdas pa\u017einti kylan\u010dias emocijas ir jausmus, prapl\u0117sti \u017einias apie savo ir kit\u0173 poreikius, auginti emocin\u012f intelekt\u0105.\",\"breadcrumb\":{\"@id\":\"https:\\\/\\\/metaforineskortos.lt\\\/parduotuve\\\/metaforines-kortos\\\/jausmu-zaidimas\\\/#breadcrumb\"},\"inLanguage\":\"en-GB\",\"potentialAction\":[{\"@type\":\"ReadAction\",\"target\":[\"https:\\\/\\\/metaforineskortos.lt\\\/parduotuve\\\/metaforines-kortos\\\/jausmu-zaidimas\\\/\"]}]},{\"@type\":\"ImageObject\",\"inLanguage\":\"en-GB\",\"@id\":\"https:\\\/\\\/metaforineskortos.lt\\\/parduotuve\\\/metaforines-kortos\\\/jausmu-zaidimas\\\/#primaryimage\",\"url\":\"https:\\\/\\\/i0.wp.com\\\/metaforineskortos.lt\\\/wp-content\\\/uploads\\\/2024\\\/05\\\/EQ_Jausmai.png?fit=1890%2C1512&ssl=1\",\"contentUrl\":\"https:\\\/\\\/i0.wp.com\\\/metaforineskortos.lt\\\/wp-content\\\/uploads\\\/2024\\\/05\\\/EQ_Jausmai.png?fit=1890%2C1512&ssl=1\",\"width\":1890,\"height\":1512,\"caption\":\"Jausm\u0173 \u017eaidimas\"},{\"@type\":\"BreadcrumbList\",\"@id\":\"https:\\\/\\\/metaforineskortos.lt\\\/parduotuve\\\/metaforines-kortos\\\/jausmu-zaidimas\\\/#breadcrumb\",\"itemListElement\":[{\"@type\":\"ListItem\",\"position\":1,\"name\":\"Home\",\"item\":\"https:\\\/\\\/metaforineskortos.lt\\\/\"},{\"@type\":\"ListItem\",\"position\":2,\"name\":\"Parduotuv\u0117\",\"item\":\"https:\\\/\\\/metaforineskortos.lt\\\/parduotuve\\\/\"},{\"@type\":\"ListItem\",\"position\":3,\"name\":\"JAUSM\u0172 \u017dAIDIMAS &#8211; emocinio lavinimo \u017eaidimas\"}]},{\"@type\":\"WebSite\",\"@id\":\"https:\\\/\\\/metaforineskortos.lt\\\/#website\",\"url\":\"https:\\\/\\\/metaforineskortos.lt\\\/\",\"name\":\"Metaforin\u0117s Kortos\",\"description\":\"Metaforin\u0117s Kortos ir Saviugdos Mokymai\",\"publisher\":{\"@id\":\"https:\\\/\\\/metaforineskortos.lt\\\/#organization\"},\"potentialAction\":[{\"@type\":\"SearchAction\",\"target\":{\"@type\":\"EntryPoint\",\"urlTemplate\":\"https:\\\/\\\/metaforineskortos.lt\\\/?s={search_term_string}\"},\"query-input\":{\"@type\":\"PropertyValueSpecification\",\"valueRequired\":true,\"valueName\":\"search_term_string\"}}],\"inLanguage\":\"en-GB\"},{\"@type\":\"Organization\",\"@id\":\"https:\\\/\\\/metaforineskortos.lt\\\/#organization\",\"name\":\"Metaforin\u0117s Kortos\",\"url\":\"https:\\\/\\\/metaforineskortos.lt\\\/\",\"logo\":{\"@type\":\"ImageObject\",\"inLanguage\":\"en-GB\",\"@id\":\"https:\\\/\\\/metaforineskortos.lt\\\/#\\\/schema\\\/logo\\\/image\\\/\",\"url\":\"https:\\\/\\\/metaforineskortos.lt\\\/wp-content\\\/uploads\\\/2021\\\/03\\\/re-act-logo.svg\",\"contentUrl\":\"https:\\\/\\\/metaforineskortos.lt\\\/wp-content\\\/uploads\\\/2021\\\/03\\\/re-act-logo.svg\",\"width\":117,\"height\":58,\"caption\":\"Metaforin\u0117s Kortos\"},\"image\":{\"@id\":\"https:\\\/\\\/metaforineskortos.lt\\\/#\\\/schema\\\/logo\\\/image\\\/\"}}]}<\/script>\n<!-- \/ Yoast SEO plugin. -->","yoast_head_json":{"title":"JAUSM\u0172 \u017dAIDIMAS - emocinio lavinimo \u017eaidimas - Metaforin\u0117s Kortos","description":".JAUSM\u0172 \u017dAIDIMAS - tai smagus b\u016bdas pa\u017einti kylan\u010dias emocijas ir jausmus, prapl\u0117sti \u017einias apie savo ir kit\u0173 poreikius, auginti emocin\u012f intelekt\u0105.","robots":{"index":"index","follow":"follow","max-snippet":"max-snippet:-1","max-image-preview":"max-image-preview:large","max-video-preview":"max-video-preview:-1"},"canonical":"https:\/\/metaforineskortos.lt\/en\/parduotuve\/metaforines-kortos\/jausmu-zaidimas\/","og_locale":"en_GB","og_type":"article","og_title":"JAUSM\u0172 \u017dAIDIMAS - emocinio lavinimo \u017eaidimas - Metaforin\u0117s Kortos","og_description":".JAUSM\u0172 \u017dAIDIMAS - tai smagus b\u016bdas pa\u017einti kylan\u010dias emocijas ir jausmus, prapl\u0117sti \u017einias apie savo ir kit\u0173 poreikius, auginti emocin\u012f intelekt\u0105.","og_url":"https:\/\/metaforineskortos.lt\/en\/parduotuve\/metaforines-kortos\/jausmu-zaidimas\/","og_site_name":"Metaforin\u0117s Kortos","article_modified_time":"2025-12-17T09:25:20+00:00","og_image":[{"width":1024,"height":819,"url":"https:\/\/metaforineskortos.lt\/wp-content\/uploads\/2024\/05\/EQ_Jausmai-1024x819.png","type":"image\/png"}],"twitter_card":"summary_large_image","twitter_misc":{"Estimated reading time":"2 minutes"},"schema":{"@context":"https:\/\/schema.org","@graph":[{"@type":"WebPage","@id":"https:\/\/metaforineskortos.lt\/parduotuve\/metaforines-kortos\/jausmu-zaidimas\/","url":"https:\/\/metaforineskortos.lt\/parduotuve\/metaforines-kortos\/jausmu-zaidimas\/","name":"JAUSM\u0172 \u017dAIDIMAS - emocinio lavinimo \u017eaidimas - Metaforin\u0117s Kortos","isPartOf":{"@id":"https:\/\/metaforineskortos.lt\/#website"},"primaryImageOfPage":{"@id":"https:\/\/metaforineskortos.lt\/parduotuve\/metaforines-kortos\/jausmu-zaidimas\/#primaryimage"},"image":{"@id":"https:\/\/metaforineskortos.lt\/parduotuve\/metaforines-kortos\/jausmu-zaidimas\/#primaryimage"},"thumbnailUrl":"https:\/\/i0.wp.com\/metaforineskortos.lt\/wp-content\/uploads\/2024\/05\/EQ_Jausmai.png?fit=1890%2C1512&ssl=1","datePublished":"2024-05-31T09:06:44+00:00","dateModified":"2025-12-17T09:25:20+00:00","description":".JAUSM\u0172 \u017dAIDIMAS - tai smagus b\u016bdas pa\u017einti kylan\u010dias emocijas ir jausmus, prapl\u0117sti \u017einias apie savo ir kit\u0173 poreikius, auginti emocin\u012f intelekt\u0105.","breadcrumb":{"@id":"https:\/\/metaforineskortos.lt\/parduotuve\/metaforines-kortos\/jausmu-zaidimas\/#breadcrumb"},"inLanguage":"en-GB","potentialAction":[{"@type":"ReadAction","target":["https:\/\/metaforineskortos.lt\/parduotuve\/metaforines-kortos\/jausmu-zaidimas\/"]}]},{"@type":"ImageObject","inLanguage":"en-GB","@id":"https:\/\/metaforineskortos.lt\/parduotuve\/metaforines-kortos\/jausmu-zaidimas\/#primaryimage","url":"https:\/\/i0.wp.com\/metaforineskortos.lt\/wp-content\/uploads\/2024\/05\/EQ_Jausmai.png?fit=1890%2C1512&ssl=1","contentUrl":"https:\/\/i0.wp.com\/metaforineskortos.lt\/wp-content\/uploads\/2024\/05\/EQ_Jausmai.png?fit=1890%2C1512&ssl=1","width":1890,"height":1512,"caption":"Jausm\u0173 \u017eaidimas"},{"@type":"BreadcrumbList","@id":"https:\/\/metaforineskortos.lt\/parduotuve\/metaforines-kortos\/jausmu-zaidimas\/#breadcrumb","itemListElement":[{"@type":"ListItem","position":1,"name":"Home","item":"https:\/\/metaforineskortos.lt\/"},{"@type":"ListItem","position":2,"name":"Parduotuv\u0117","item":"https:\/\/metaforineskortos.lt\/parduotuve\/"},{"@type":"ListItem","position":3,"name":"JAUSM\u0172 \u017dAIDIMAS &#8211; emocinio lavinimo \u017eaidimas"}]},{"@type":"WebSite","@id":"https:\/\/metaforineskortos.lt\/#website","url":"https:\/\/metaforineskortos.lt\/","name":"Metaforin\u0117s Kortos","description":"Metaforin\u0117s Kortos ir Saviugdos Mokymai","publisher":{"@id":"https:\/\/metaforineskortos.lt\/#organization"},"potentialAction":[{"@type":"SearchAction","target":{"@type":"EntryPoint","urlTemplate":"https:\/\/metaforineskortos.lt\/?s={search_term_string}"},"query-input":{"@type":"PropertyValueSpecification","valueRequired":true,"valueName":"search_term_string"}}],"inLanguage":"en-GB"},{"@type":"Organization","@id":"https:\/\/metaforineskortos.lt\/#organization","name":"Metaforin\u0117s Kortos","url":"https:\/\/metaforineskortos.lt\/","logo":{"@type":"ImageObject","inLanguage":"en-GB","@id":"https:\/\/metaforineskortos.lt\/#\/schema\/logo\/image\/","url":"https:\/\/metaforineskortos.lt\/wp-content\/uploads\/2021\/03\/re-act-logo.svg","contentUrl":"https:\/\/metaforineskortos.lt\/wp-content\/uploads\/2021\/03\/re-act-logo.svg","width":117,"height":58,"caption":"Metaforin\u0117s Kortos"},"image":{"@id":"https:\/\/metaforineskortos.lt\/#\/schema\/logo\/image\/"}}]}},"jetpack_sharing_enabled":true,"_links":{"self":[{"href":"https:\/\/metaforineskortos.lt\/en\/wp-json\/wp\/v2\/product\/13571","targetHints":{"allow":["GET"]}}],"collection":[{"href":"https:\/\/metaforineskortos.lt\/en\/wp-json\/wp\/v2\/product"}],"about":[{"href":"https:\/\/metaforineskortos.lt\/en\/wp-json\/wp\/v2\/types\/product"}],"wp:featuredmedia":[{"embeddable":true,"href":"https:\/\/metaforineskortos.lt\/en\/wp-json\/wp\/v2\/media\/13561"}],"wp:attachment":[{"href":"https:\/\/metaforineskortos.lt\/en\/wp-json\/wp\/v2\/media?parent=13571"}],"wp:term":[{"taxonomy":"product_brand","embeddable":true,"href":"https:\/\/metaforineskortos.lt\/en\/wp-json\/wp\/v2\/product_brand?post=13571"},{"taxonomy":"product_cat","embeddable":true,"href":"https:\/\/metaforineskortos.lt\/en\/wp-json\/wp\/v2\/product_cat?post=13571"},{"taxonomy":"product_tag","embeddable":true,"href":"https:\/\/metaforineskortos.lt\/en\/wp-json\/wp\/v2\/product_tag?post=13571"}],"curies":[{"name":"wp","href":"https:\/\/api.w.org\/{rel}","templated":true}]}}