{"id":13560,"date":"2024-05-31T10:50:36","date_gmt":"2024-05-31T07:50:36","guid":{"rendered":"https:\/\/metaforineskortos.lt\/?post_type=product&#038;p=13560"},"modified":"2026-04-07T23:18:27","modified_gmt":"2026-04-07T20:18:27","slug":"pasitikiu-savimi","status":"publish","type":"product","link":"https:\/\/metaforineskortos.lt\/en\/parduotuve\/metaforines-kortos\/pasitikiu-savimi\/","title":{"rendered":"PASITIKIU SAVIMI (I TRUST MYSELF) - a game for emotional development"},"content":{"rendered":"<p>PASITIKIU SAVIMI (I TRUST MYSELF) - a therapeutic card game teaches children and adults self-reflection: the ability to know oneself, one's feelings and experiences. The game builds self-confidence, helps to build a relationship with the players. Not only do the children have a good time, but the adults learn a lot about each other together.<\/p>\n<p><strong>Additional benefits of PASITIKIU SAVIMI  (I TRUST MYSELF) therapeutic card game:<\/strong><\/p>\n<ol>\n<li><strong>This card game helps develop emotional intelligence: <\/strong>the game invites you to turn to yourself and get to know your inner self and environment better, to reflect.<\/li>\n<li><strong>This is a wonderful help in integrating new group members<\/strong>. Even <strong>116<\/strong> with the help of open-ended questions and game elements, it is possible to assess the problem-solving abilities of the players, to participate in the decision-making process and to raise group awareness.<\/li>\n<li><strong>Playing together will see you as players in a social context<\/strong>: keeping in line, making eye contact, following and\/or understanding rules, maintaining a conversation, coping with losses or wins. Think not only while walking, but also plan ahead, encourage other players, express your opinion, show empathy, adapt, express your feelings, trust others, ask for help, ask questions, communicate with others, express your creativity, vulnerability, etc.<\/li>\n<li><strong>The game allows you to strategizeThe game allows you to strategize<\/strong>: the game has a limited ability to not answer a question, see someone else's cards, change the course of the game, etc. Therefore, it is very interesting to watch what decisions each player makes. What decisions do you make yourself - are you more inclined to open up or strategize to win.<\/li>\n<li><strong>The game is perfect for therapeutic sessions: <\/strong>the game invites you to reflect on your existing strengths and growth opportunities. Also, actions that reinforce a positive self-concept, not by causing pressure, but by bringing fun.<\/li>\n<\/ol>\n<p>Who is it for: \u2013 Personal development \u2b50\u2b50\u2b50\u00a0<span style=\"font-size: 16px; font-style: normal; font-weight: 400;\">\u2013 For educators, social workers \u2b50\u2b50\u2b50<\/span><span style=\"font-size: 16px; font-style: normal; font-weight: 400;\">\u00a0<\/span><span style=\"font-size: 16px;\">\u2013 For coaching specialists, consultants \u2b50\u2b50\u2b50 \u2013 For psychologists, psychotherapists \u2b50\u2b50\u2b50 \u2013 For training trainers, lecturers \u2b50\u2b50 \u2013 For HR specialists, personnel workers \u2b50 \u2013 <\/span><a style=\"font-size: 16px; background-color: #ffffff;\" href=\"https:\/\/re-act.lt\/\" target=\"_blank\" rel=\"noopener\">For managers, teams<\/a><span style=\"font-size: 16px;\"> \u2b50<\/span><\/p>\n<p class=\"block-product__subtitle\">Not only do the children have a good time, but the adults learn a lot about each other together.<\/p>\n<p><strong>PSYCHOLOGISTS AND EDUCATORS RECOMMEND TO HAVE THIS GAME IN EVERY HOME.<\/strong><\/p>\n<p class=\"translation-block\">Find out how to use <a href=\"https:\/\/re-act.lt\/metodikos\/metaforines-kortos\/\" target=\"_blank\" rel=\"noopener\">metaphorical cards<\/a> in your activities, look here: <a href=\"https:\/\/metaforineskortos.lt\/en\/mokymai\/\" target=\"_blank\" rel=\"noopener\">COURSES<\/a><\/p>\n<div id=\"gtx-trans\" style=\"position: absolute; left: 5px; top: -2px;\">\n<div class=\"gtx-trans-icon\"><\/div>\n<\/div>","protected":false},"excerpt":{"rendered":"<p>PASITIKIU SAVIMI (I TRUST MYSELF) - a therapeutic card game teaches children and adults self-reflection: the ability to know oneself, one's feelings and experiences. The game builds self-confidence, helps to build a relationship with the players. Not only do the children have a good time, but the adults learn a lot about each other together.<\/p>\n<p>Not only do the children have a good time, but the adults learn a lot about each other together.<\/p>","protected":false},"featured_media":13562,"template":"","meta":{"site-sidebar-layout":"default","site-content-layout":"default","ast-site-content-layout":"default","site-content-style":"default","site-sidebar-style":"default","ast-global-header-display":"","ast-banner-title-visibility":"","ast-main-header-display":"","ast-hfb-above-header-display":"","ast-hfb-below-header-display":"","ast-hfb-mobile-header-display":"","site-post-title":"","ast-breadcrumbs-content":"","ast-featured-img":"","footer-sml-layout":"","ast-disable-related-posts":"","theme-transparent-header-meta":"default","adv-header-id-meta":"","stick-header-meta":"","header-above-stick-meta":"","header-main-stick-meta":"","header-below-stick-meta":"","astra-migrate-meta-layouts":"set","ast-page-background-enabled":"default","ast-page-background-meta":{"desktop":{"background-color":"","background-image":"","background-repeat":"repeat","background-position":"center center","background-size":"auto","background-attachment":"scroll","background-type":"","background-media":"","overlay-type":"","overlay-color":"","overlay-opacity":"","overlay-gradient":""},"tablet":{"background-color":"","background-image":"","background-repeat":"repeat","background-position":"center center","background-size":"auto","background-attachment":"scroll","background-type":"","background-media":"","overlay-type":"","overlay-color":"","overlay-opacity":"","overlay-gradient":""},"mobile":{"background-color":"","background-image":"","background-repeat":"repeat","background-position":"center center","background-size":"auto","background-attachment":"scroll","background-type":"","background-media":"","overlay-type":"","overlay-color":"","overlay-opacity":"","overlay-gradient":""}},"ast-content-background-meta":{"desktop":{"background-color":"var(--ast-global-color-5)","background-image":"","background-repeat":"repeat","background-position":"center center","background-size":"auto","background-attachment":"scroll","background-type":"","background-media":"","overlay-type":"","overlay-color":"","overlay-opacity":"","overlay-gradient":""},"tablet":{"background-color":"var(--ast-global-color-5)","background-image":"","background-repeat":"repeat","background-position":"center center","background-size":"auto","background-attachment":"scroll","background-type":"","background-media":"","overlay-type":"","overlay-color":"","overlay-opacity":"","overlay-gradient":""},"mobile":{"background-color":"var(--ast-global-color-5)","background-image":"","background-repeat":"repeat","background-position":"center center","background-size":"auto","background-attachment":"scroll","background-type":"","background-media":"","overlay-type":"","overlay-color":"","overlay-opacity":"","overlay-gradient":""}}},"product_brand":[],"product_cat":[31],"product_tag":[45,71,69,44,40],"class_list":{"0":"post-13560","1":"product","2":"type-product","3":"status-publish","4":"has-post-thumbnail","6":"product_cat-metaforines-kortos","7":"product_tag-edukacines","8":"product_tag-emocijos","9":"product_tag-pramoga","10":"product_tag-resursines","11":"product_tag-vaikiskos","12":"desktop-align-left","13":"tablet-align-left","14":"mobile-align-left","16":"first","17":"instock","18":"taxable","19":"shipping-taxable","20":"purchasable","21":"product-type-simple"},"yoast_head":"<!-- This site is optimized with the Yoast SEO plugin v27.4 - https:\/\/yoast.com\/product\/yoast-seo-wordpress\/ -->\n<title>PASITIKIU SAVIMI - emocinio lavinimo \u017eaidimas - Metaforin\u0117s Kortos<\/title>\n<meta name=\"description\" content=\"PASITIKIU SAVIMI - terapinis stalo kort\u0173 \u017eaidimas moko vaikus ir suaugusiuosius savirefleksijos: geb\u0117jimo pa\u017einti save, savo jausmus ir i\u0161gyvenimus.\" \/>\n<meta name=\"robots\" content=\"index, follow, max-snippet:-1, max-image-preview:large, max-video-preview:-1\" \/>\n<link rel=\"canonical\" href=\"https:\/\/metaforineskortos.lt\/en\/parduotuve\/metaforines-kortos\/pasitikiu-savimi\/\" \/>\n<meta property=\"og:locale\" content=\"en_GB\" \/>\n<meta property=\"og:type\" content=\"article\" \/>\n<meta property=\"og:title\" content=\"PASITIKIU SAVIMI - emocinio lavinimo \u017eaidimas - Metaforin\u0117s Kortos\" \/>\n<meta property=\"og:description\" content=\"PASITIKIU SAVIMI - terapinis stalo kort\u0173 \u017eaidimas moko vaikus ir suaugusiuosius savirefleksijos: geb\u0117jimo pa\u017einti save, savo jausmus ir i\u0161gyvenimus.\" \/>\n<meta property=\"og:url\" content=\"https:\/\/metaforineskortos.lt\/en\/parduotuve\/metaforines-kortos\/pasitikiu-savimi\/\" \/>\n<meta property=\"og:site_name\" content=\"Metaforin\u0117s Kortos\" \/>\n<meta property=\"article:modified_time\" content=\"2026-04-07T20:18:27+00:00\" \/>\n<meta property=\"og:image\" content=\"https:\/\/metaforineskortos.lt\/wp-content\/uploads\/2024\/05\/EQ_Pasitikiu-1024x819.png\" \/>\n\t<meta property=\"og:image:width\" content=\"1024\" \/>\n\t<meta property=\"og:image:height\" content=\"819\" \/>\n\t<meta property=\"og:image:type\" content=\"image\/png\" \/>\n<meta name=\"twitter:card\" content=\"summary_large_image\" \/>\n<meta name=\"twitter:label1\" content=\"Estimated reading time\" \/>\n\t<meta name=\"twitter:data1\" content=\"2 minutes\" \/>\n<script type=\"application\/ld+json\" class=\"yoast-schema-graph\">{\"@context\":\"https:\\\/\\\/schema.org\",\"@graph\":[{\"@type\":\"WebPage\",\"@id\":\"https:\\\/\\\/metaforineskortos.lt\\\/parduotuve\\\/metaforines-kortos\\\/pasitikiu-savimi\\\/\",\"url\":\"https:\\\/\\\/metaforineskortos.lt\\\/parduotuve\\\/metaforines-kortos\\\/pasitikiu-savimi\\\/\",\"name\":\"PASITIKIU SAVIMI - emocinio lavinimo \u017eaidimas - Metaforin\u0117s Kortos\",\"isPartOf\":{\"@id\":\"https:\\\/\\\/metaforineskortos.lt\\\/#website\"},\"primaryImageOfPage\":{\"@id\":\"https:\\\/\\\/metaforineskortos.lt\\\/parduotuve\\\/metaforines-kortos\\\/pasitikiu-savimi\\\/#primaryimage\"},\"image\":{\"@id\":\"https:\\\/\\\/metaforineskortos.lt\\\/parduotuve\\\/metaforines-kortos\\\/pasitikiu-savimi\\\/#primaryimage\"},\"thumbnailUrl\":\"https:\\\/\\\/i0.wp.com\\\/metaforineskortos.lt\\\/wp-content\\\/uploads\\\/2024\\\/05\\\/EQ_Pasitikiu.png?fit=1890%2C1512&ssl=1\",\"datePublished\":\"2024-05-31T07:50:36+00:00\",\"dateModified\":\"2026-04-07T20:18:27+00:00\",\"description\":\"PASITIKIU SAVIMI - terapinis stalo kort\u0173 \u017eaidimas moko vaikus ir suaugusiuosius savirefleksijos: geb\u0117jimo pa\u017einti save, savo jausmus ir i\u0161gyvenimus.\",\"breadcrumb\":{\"@id\":\"https:\\\/\\\/metaforineskortos.lt\\\/parduotuve\\\/metaforines-kortos\\\/pasitikiu-savimi\\\/#breadcrumb\"},\"inLanguage\":\"en-GB\",\"potentialAction\":[{\"@type\":\"ReadAction\",\"target\":[\"https:\\\/\\\/metaforineskortos.lt\\\/parduotuve\\\/metaforines-kortos\\\/pasitikiu-savimi\\\/\"]}]},{\"@type\":\"ImageObject\",\"inLanguage\":\"en-GB\",\"@id\":\"https:\\\/\\\/metaforineskortos.lt\\\/parduotuve\\\/metaforines-kortos\\\/pasitikiu-savimi\\\/#primaryimage\",\"url\":\"https:\\\/\\\/i0.wp.com\\\/metaforineskortos.lt\\\/wp-content\\\/uploads\\\/2024\\\/05\\\/EQ_Pasitikiu.png?fit=1890%2C1512&ssl=1\",\"contentUrl\":\"https:\\\/\\\/i0.wp.com\\\/metaforineskortos.lt\\\/wp-content\\\/uploads\\\/2024\\\/05\\\/EQ_Pasitikiu.png?fit=1890%2C1512&ssl=1\",\"width\":1890,\"height\":1512,\"caption\":\"Pasitikiu savimi\"},{\"@type\":\"BreadcrumbList\",\"@id\":\"https:\\\/\\\/metaforineskortos.lt\\\/parduotuve\\\/metaforines-kortos\\\/pasitikiu-savimi\\\/#breadcrumb\",\"itemListElement\":[{\"@type\":\"ListItem\",\"position\":1,\"name\":\"Home\",\"item\":\"https:\\\/\\\/metaforineskortos.lt\\\/\"},{\"@type\":\"ListItem\",\"position\":2,\"name\":\"Parduotuv\u0117\",\"item\":\"https:\\\/\\\/metaforineskortos.lt\\\/parduotuve\\\/\"},{\"@type\":\"ListItem\",\"position\":3,\"name\":\"PASITIKIU SAVIMI &#8211; emocinio lavinimo \u017eaidimas\"}]},{\"@type\":\"WebSite\",\"@id\":\"https:\\\/\\\/metaforineskortos.lt\\\/#website\",\"url\":\"https:\\\/\\\/metaforineskortos.lt\\\/\",\"name\":\"Metaforin\u0117s Kortos\",\"description\":\"Metaforin\u0117s Kortos ir Saviugdos Mokymai\",\"publisher\":{\"@id\":\"https:\\\/\\\/metaforineskortos.lt\\\/#organization\"},\"potentialAction\":[{\"@type\":\"SearchAction\",\"target\":{\"@type\":\"EntryPoint\",\"urlTemplate\":\"https:\\\/\\\/metaforineskortos.lt\\\/?s={search_term_string}\"},\"query-input\":{\"@type\":\"PropertyValueSpecification\",\"valueRequired\":true,\"valueName\":\"search_term_string\"}}],\"inLanguage\":\"en-GB\"},{\"@type\":\"Organization\",\"@id\":\"https:\\\/\\\/metaforineskortos.lt\\\/#organization\",\"name\":\"Metaforin\u0117s Kortos\",\"url\":\"https:\\\/\\\/metaforineskortos.lt\\\/\",\"logo\":{\"@type\":\"ImageObject\",\"inLanguage\":\"en-GB\",\"@id\":\"https:\\\/\\\/metaforineskortos.lt\\\/#\\\/schema\\\/logo\\\/image\\\/\",\"url\":\"https:\\\/\\\/metaforineskortos.lt\\\/wp-content\\\/uploads\\\/2021\\\/03\\\/re-act-logo.svg\",\"contentUrl\":\"https:\\\/\\\/metaforineskortos.lt\\\/wp-content\\\/uploads\\\/2021\\\/03\\\/re-act-logo.svg\",\"width\":117,\"height\":58,\"caption\":\"Metaforin\u0117s Kortos\"},\"image\":{\"@id\":\"https:\\\/\\\/metaforineskortos.lt\\\/#\\\/schema\\\/logo\\\/image\\\/\"}}]}<\/script>\n<!-- \/ Yoast SEO plugin. -->","yoast_head_json":{"title":"PASITIKIU SAVIMI - emocinio lavinimo \u017eaidimas - Metaforin\u0117s Kortos","description":"PASITIKIU SAVIMI - terapinis stalo kort\u0173 \u017eaidimas moko vaikus ir suaugusiuosius savirefleksijos: geb\u0117jimo pa\u017einti save, savo jausmus ir i\u0161gyvenimus.","robots":{"index":"index","follow":"follow","max-snippet":"max-snippet:-1","max-image-preview":"max-image-preview:large","max-video-preview":"max-video-preview:-1"},"canonical":"https:\/\/metaforineskortos.lt\/en\/parduotuve\/metaforines-kortos\/pasitikiu-savimi\/","og_locale":"en_GB","og_type":"article","og_title":"PASITIKIU SAVIMI - emocinio lavinimo \u017eaidimas - Metaforin\u0117s Kortos","og_description":"PASITIKIU SAVIMI - terapinis stalo kort\u0173 \u017eaidimas moko vaikus ir suaugusiuosius savirefleksijos: geb\u0117jimo pa\u017einti save, savo jausmus ir i\u0161gyvenimus.","og_url":"https:\/\/metaforineskortos.lt\/en\/parduotuve\/metaforines-kortos\/pasitikiu-savimi\/","og_site_name":"Metaforin\u0117s Kortos","article_modified_time":"2026-04-07T20:18:27+00:00","og_image":[{"width":1024,"height":819,"url":"https:\/\/metaforineskortos.lt\/wp-content\/uploads\/2024\/05\/EQ_Pasitikiu-1024x819.png","type":"image\/png"}],"twitter_card":"summary_large_image","twitter_misc":{"Estimated reading time":"2 minutes"},"schema":{"@context":"https:\/\/schema.org","@graph":[{"@type":"WebPage","@id":"https:\/\/metaforineskortos.lt\/parduotuve\/metaforines-kortos\/pasitikiu-savimi\/","url":"https:\/\/metaforineskortos.lt\/parduotuve\/metaforines-kortos\/pasitikiu-savimi\/","name":"PASITIKIU SAVIMI - emocinio lavinimo \u017eaidimas - Metaforin\u0117s Kortos","isPartOf":{"@id":"https:\/\/metaforineskortos.lt\/#website"},"primaryImageOfPage":{"@id":"https:\/\/metaforineskortos.lt\/parduotuve\/metaforines-kortos\/pasitikiu-savimi\/#primaryimage"},"image":{"@id":"https:\/\/metaforineskortos.lt\/parduotuve\/metaforines-kortos\/pasitikiu-savimi\/#primaryimage"},"thumbnailUrl":"https:\/\/i0.wp.com\/metaforineskortos.lt\/wp-content\/uploads\/2024\/05\/EQ_Pasitikiu.png?fit=1890%2C1512&ssl=1","datePublished":"2024-05-31T07:50:36+00:00","dateModified":"2026-04-07T20:18:27+00:00","description":"PASITIKIU SAVIMI - terapinis stalo kort\u0173 \u017eaidimas moko vaikus ir suaugusiuosius savirefleksijos: geb\u0117jimo pa\u017einti save, savo jausmus ir i\u0161gyvenimus.","breadcrumb":{"@id":"https:\/\/metaforineskortos.lt\/parduotuve\/metaforines-kortos\/pasitikiu-savimi\/#breadcrumb"},"inLanguage":"en-GB","potentialAction":[{"@type":"ReadAction","target":["https:\/\/metaforineskortos.lt\/parduotuve\/metaforines-kortos\/pasitikiu-savimi\/"]}]},{"@type":"ImageObject","inLanguage":"en-GB","@id":"https:\/\/metaforineskortos.lt\/parduotuve\/metaforines-kortos\/pasitikiu-savimi\/#primaryimage","url":"https:\/\/i0.wp.com\/metaforineskortos.lt\/wp-content\/uploads\/2024\/05\/EQ_Pasitikiu.png?fit=1890%2C1512&ssl=1","contentUrl":"https:\/\/i0.wp.com\/metaforineskortos.lt\/wp-content\/uploads\/2024\/05\/EQ_Pasitikiu.png?fit=1890%2C1512&ssl=1","width":1890,"height":1512,"caption":"Pasitikiu savimi"},{"@type":"BreadcrumbList","@id":"https:\/\/metaforineskortos.lt\/parduotuve\/metaforines-kortos\/pasitikiu-savimi\/#breadcrumb","itemListElement":[{"@type":"ListItem","position":1,"name":"Home","item":"https:\/\/metaforineskortos.lt\/"},{"@type":"ListItem","position":2,"name":"Parduotuv\u0117","item":"https:\/\/metaforineskortos.lt\/parduotuve\/"},{"@type":"ListItem","position":3,"name":"PASITIKIU SAVIMI &#8211; emocinio lavinimo \u017eaidimas"}]},{"@type":"WebSite","@id":"https:\/\/metaforineskortos.lt\/#website","url":"https:\/\/metaforineskortos.lt\/","name":"Metaforin\u0117s Kortos","description":"Metaforin\u0117s Kortos ir Saviugdos Mokymai","publisher":{"@id":"https:\/\/metaforineskortos.lt\/#organization"},"potentialAction":[{"@type":"SearchAction","target":{"@type":"EntryPoint","urlTemplate":"https:\/\/metaforineskortos.lt\/?s={search_term_string}"},"query-input":{"@type":"PropertyValueSpecification","valueRequired":true,"valueName":"search_term_string"}}],"inLanguage":"en-GB"},{"@type":"Organization","@id":"https:\/\/metaforineskortos.lt\/#organization","name":"Metaforin\u0117s Kortos","url":"https:\/\/metaforineskortos.lt\/","logo":{"@type":"ImageObject","inLanguage":"en-GB","@id":"https:\/\/metaforineskortos.lt\/#\/schema\/logo\/image\/","url":"https:\/\/metaforineskortos.lt\/wp-content\/uploads\/2021\/03\/re-act-logo.svg","contentUrl":"https:\/\/metaforineskortos.lt\/wp-content\/uploads\/2021\/03\/re-act-logo.svg","width":117,"height":58,"caption":"Metaforin\u0117s Kortos"},"image":{"@id":"https:\/\/metaforineskortos.lt\/#\/schema\/logo\/image\/"}}]}},"jetpack_sharing_enabled":true,"_links":{"self":[{"href":"https:\/\/metaforineskortos.lt\/en\/wp-json\/wp\/v2\/product\/13560","targetHints":{"allow":["GET"]}}],"collection":[{"href":"https:\/\/metaforineskortos.lt\/en\/wp-json\/wp\/v2\/product"}],"about":[{"href":"https:\/\/metaforineskortos.lt\/en\/wp-json\/wp\/v2\/types\/product"}],"wp:featuredmedia":[{"embeddable":true,"href":"https:\/\/metaforineskortos.lt\/en\/wp-json\/wp\/v2\/media\/13562"}],"wp:attachment":[{"href":"https:\/\/metaforineskortos.lt\/en\/wp-json\/wp\/v2\/media?parent=13560"}],"wp:term":[{"taxonomy":"product_brand","embeddable":true,"href":"https:\/\/metaforineskortos.lt\/en\/wp-json\/wp\/v2\/product_brand?post=13560"},{"taxonomy":"product_cat","embeddable":true,"href":"https:\/\/metaforineskortos.lt\/en\/wp-json\/wp\/v2\/product_cat?post=13560"},{"taxonomy":"product_tag","embeddable":true,"href":"https:\/\/metaforineskortos.lt\/en\/wp-json\/wp\/v2\/product_tag?post=13560"}],"curies":[{"name":"wp","href":"https:\/\/api.w.org\/{rel}","templated":true}]}}