{"id":13356,"date":"2024-03-13T19:37:42","date_gmt":"2024-03-13T16:37:42","guid":{"rendered":"https:\/\/metaforineskortos.lt\/?post_type=product&#038;p=13356"},"modified":"2026-04-16T13:48:44","modified_gmt":"2026-04-16T10:48:44","slug":"gyvunu-karalyste","status":"publish","type":"product","link":"https:\/\/metaforineskortos.lt\/en\/parduotuve\/metaforines-kortos\/gyvunu-karalyste\/","title":{"rendered":"ANIMAL KINGDOM - motivational cards"},"content":{"rendered":"<p>ANIMAL KINGDOM and the questions it raises give us the opportunity to get to know ourselves better, to align our actions and choices with our true desires.<\/p>\n<p style=\"font-weight: 400;\">Native American totems were the source of inspiration for creating these cards. By delving into the theme of animals, their lifestyle, energy, it became clear that each animal is unique. It can inspire various reflections in a person's life.<\/p>\n<p style=\"font-weight: 400;\">Rinkin\u012f sudaro 52 gyv\u016bn\u0173 kortel\u0117s, kiekvienas pateiks po 6 skirtingus klausimus apm\u0105stymams. Knygel\u0117je (pdf formatu) pateikti gyv\u016bn\u0173 apra\u0161ymai gali pad\u0117ti geriau \u012f juos \u012fsijausti.<\/p>\n<p style=\"font-weight: 400;\">By studying the insights and lessons offered by animals, we can initiate positive changes in our beliefs, behavior, and make more thoughtful decisions. If we spend at least once a week on one card, they will be enough for a year!<\/p>\n<p class=\"translation-block\">Great for: - Personal development \u2b50\u2b50\u2b50 - Coaching specialists, consultants \u2b50\u2b50\u2b50 - Educators, social workers \u2b50\u2b50\u2b50 - Psychologists, psychotherapists \u2b50\u2b50\u2b50 - Training trainers, lecturers \u2b50\u2b50 - HR specialists, personnel workers \u2b50 - Managers, teams \u2b50<\/p>\n<p>Animals encourage you to rely on your intuition, it will tell you the best way to go on this journey - maybe by an invented number, or maybe by drawing a random card or choosing an animal that attracts at the time and immersing yourself in its world? Each will bring unique and important messages, each worthy of your attention.<\/p>\n<p>It can also be used in communication with others. For example after choosing a card - to answer one or more of the given questions. You can choose a question you want to ask someone else, and thus pass the question-answer relay through the participants.<\/p>\n<p class=\"translation-block\">Find out how to use <a href=\"https:\/\/re-act.lt\/metodikos\/metaforines-kortos\/\" target=\"_blank\" rel=\"noopener\">metaphorical cards<\/a> in your activities, look here: <a href=\"https:\/\/metaforineskortos.lt\/en\/mokymai\/\" target=\"_blank\" rel=\"noopener\">COURSES<\/a><\/p>\n<div id=\"gtx-trans\" style=\"position: absolute; left: 5px; top: -2px;\">\n<div class=\"gtx-trans-icon\"><\/div>\n<\/div>","protected":false},"excerpt":{"rendered":"<p>ANIMAL KINGDOM and the questions it raises give us the opportunity to get to know ourselves better, to align our actions and choices with our true desires.<\/p>\n<p>Rinkin\u012f sudaro 52 gyv\u016bn\u0173 kortel\u0117s, kiekvienas pateiks po 6 skirtingus klausimus apm\u0105stymams, o knygel\u0117je (pdf formatu) pateikti gyv\u016bn\u0173 apra\u0161ymai gali pad\u0117ti geriau \u012f juos \u012fsijausti.<\/p>","protected":false},"featured_media":13353,"template":"","meta":{"site-sidebar-layout":"default","site-content-layout":"default","ast-site-content-layout":"default","site-content-style":"default","site-sidebar-style":"default","ast-global-header-display":"","ast-banner-title-visibility":"","ast-main-header-display":"","ast-hfb-above-header-display":"","ast-hfb-below-header-display":"","ast-hfb-mobile-header-display":"","site-post-title":"","ast-breadcrumbs-content":"","ast-featured-img":"","footer-sml-layout":"","ast-disable-related-posts":"","theme-transparent-header-meta":"default","adv-header-id-meta":"","stick-header-meta":"","header-above-stick-meta":"","header-main-stick-meta":"","header-below-stick-meta":"","astra-migrate-meta-layouts":"set","ast-page-background-enabled":"default","ast-page-background-meta":{"desktop":{"background-color":"","background-image":"","background-repeat":"repeat","background-position":"center center","background-size":"auto","background-attachment":"scroll","background-type":"","background-media":"","overlay-type":"","overlay-color":"","overlay-opacity":"","overlay-gradient":""},"tablet":{"background-color":"","background-image":"","background-repeat":"repeat","background-position":"center center","background-size":"auto","background-attachment":"scroll","background-type":"","background-media":"","overlay-type":"","overlay-color":"","overlay-opacity":"","overlay-gradient":""},"mobile":{"background-color":"","background-image":"","background-repeat":"repeat","background-position":"center center","background-size":"auto","background-attachment":"scroll","background-type":"","background-media":"","overlay-type":"","overlay-color":"","overlay-opacity":"","overlay-gradient":""}},"ast-content-background-meta":{"desktop":{"background-color":"var(--ast-global-color-5)","background-image":"","background-repeat":"repeat","background-position":"center center","background-size":"auto","background-attachment":"scroll","background-type":"","background-media":"","overlay-type":"","overlay-color":"","overlay-opacity":"","overlay-gradient":""},"tablet":{"background-color":"var(--ast-global-color-5)","background-image":"","background-repeat":"repeat","background-position":"center center","background-size":"auto","background-attachment":"scroll","background-type":"","background-media":"","overlay-type":"","overlay-color":"","overlay-opacity":"","overlay-gradient":""},"mobile":{"background-color":"var(--ast-global-color-5)","background-image":"","background-repeat":"repeat","background-position":"center center","background-size":"auto","background-attachment":"scroll","background-type":"","background-media":"","overlay-type":"","overlay-color":"","overlay-opacity":"","overlay-gradient":""}}},"product_brand":[],"product_cat":[31],"product_tag":[44],"class_list":{"0":"post-13356","1":"product","2":"type-product","3":"status-publish","4":"has-post-thumbnail","6":"product_cat-metaforines-kortos","7":"product_tag-resursines","8":"desktop-align-left","9":"tablet-align-left","10":"mobile-align-left","12":"first","13":"instock","14":"taxable","15":"shipping-taxable","16":"purchasable","17":"product-type-simple"},"yoast_head":"<!-- This site is optimized with the Yoast SEO plugin v27.6 - https:\/\/yoast.com\/product\/yoast-seo-wordpress\/ -->\n<title>GYV\u016aN\u0172 KARALYST\u0116 - motyvacin\u0117s kortos - Metaforin\u0117s Kortos<\/title>\n<meta name=\"description\" content=\"GYV\u016aN\u0172 KARALYST\u0116 ir jos keliami klausimai suteikia galimyb\u0119 geriau pa\u017einti save, suderinti savo veiksmus ir pasirinkimus su m\u016bs\u0173 tikraisiais tro\u0161kimais.\u00a0\" \/>\n<meta name=\"robots\" content=\"index, follow, max-snippet:-1, max-image-preview:large, max-video-preview:-1\" \/>\n<link rel=\"canonical\" href=\"https:\/\/metaforineskortos.lt\/en\/parduotuve\/metaforines-kortos\/gyvunu-karalyste\/\" \/>\n<meta property=\"og:locale\" content=\"en_GB\" \/>\n<meta property=\"og:type\" content=\"article\" \/>\n<meta property=\"og:title\" content=\"GYV\u016aN\u0172 KARALYST\u0116 - motyvacin\u0117s kortos - Metaforin\u0117s Kortos\" \/>\n<meta property=\"og:description\" content=\"GYV\u016aN\u0172 KARALYST\u0116 ir jos keliami klausimai suteikia galimyb\u0119 geriau pa\u017einti save, suderinti savo veiksmus ir pasirinkimus su m\u016bs\u0173 tikraisiais tro\u0161kimais.\u00a0\" \/>\n<meta property=\"og:url\" content=\"https:\/\/metaforineskortos.lt\/en\/parduotuve\/metaforines-kortos\/gyvunu-karalyste\/\" \/>\n<meta property=\"og:site_name\" content=\"Metaforin\u0117s Kortos\" \/>\n<meta property=\"article:modified_time\" content=\"2026-04-16T10:48:44+00:00\" \/>\n<meta property=\"og:image\" content=\"https:\/\/metaforineskortos.lt\/wp-content\/uploads\/2024\/03\/Gyvunu-karalyste_20240313_162014_0000-1024x819.png\" \/>\n\t<meta property=\"og:image:width\" content=\"1024\" \/>\n\t<meta property=\"og:image:height\" content=\"819\" \/>\n\t<meta property=\"og:image:type\" content=\"image\/png\" \/>\n<meta name=\"twitter:card\" content=\"summary_large_image\" \/>\n<meta name=\"twitter:label1\" content=\"Estimated reading time\" \/>\n\t<meta name=\"twitter:data1\" content=\"2 minutes\" \/>\n<script type=\"application\/ld+json\" class=\"yoast-schema-graph\">{\"@context\":\"https:\\\/\\\/schema.org\",\"@graph\":[{\"@type\":\"WebPage\",\"@id\":\"https:\\\/\\\/metaforineskortos.lt\\\/parduotuve\\\/metaforines-kortos\\\/gyvunu-karalyste\\\/\",\"url\":\"https:\\\/\\\/metaforineskortos.lt\\\/parduotuve\\\/metaforines-kortos\\\/gyvunu-karalyste\\\/\",\"name\":\"GYV\u016aN\u0172 KARALYST\u0116 - motyvacin\u0117s kortos - Metaforin\u0117s Kortos\",\"isPartOf\":{\"@id\":\"https:\\\/\\\/metaforineskortos.lt\\\/#website\"},\"primaryImageOfPage\":{\"@id\":\"https:\\\/\\\/metaforineskortos.lt\\\/parduotuve\\\/metaforines-kortos\\\/gyvunu-karalyste\\\/#primaryimage\"},\"image\":{\"@id\":\"https:\\\/\\\/metaforineskortos.lt\\\/parduotuve\\\/metaforines-kortos\\\/gyvunu-karalyste\\\/#primaryimage\"},\"thumbnailUrl\":\"https:\\\/\\\/i0.wp.com\\\/metaforineskortos.lt\\\/wp-content\\\/uploads\\\/2024\\\/03\\\/Gyvunu-karalyste_20240313_162014_0000.png?fit=1890%2C1512&ssl=1\",\"datePublished\":\"2024-03-13T16:37:42+00:00\",\"dateModified\":\"2026-04-16T10:48:44+00:00\",\"description\":\"GYV\u016aN\u0172 KARALYST\u0116 ir jos keliami klausimai suteikia galimyb\u0119 geriau pa\u017einti save, suderinti savo veiksmus ir pasirinkimus su m\u016bs\u0173 tikraisiais tro\u0161kimais.\u00a0\",\"breadcrumb\":{\"@id\":\"https:\\\/\\\/metaforineskortos.lt\\\/parduotuve\\\/metaforines-kortos\\\/gyvunu-karalyste\\\/#breadcrumb\"},\"inLanguage\":\"en-GB\",\"potentialAction\":[{\"@type\":\"ReadAction\",\"target\":[\"https:\\\/\\\/metaforineskortos.lt\\\/parduotuve\\\/metaforines-kortos\\\/gyvunu-karalyste\\\/\"]}]},{\"@type\":\"ImageObject\",\"inLanguage\":\"en-GB\",\"@id\":\"https:\\\/\\\/metaforineskortos.lt\\\/parduotuve\\\/metaforines-kortos\\\/gyvunu-karalyste\\\/#primaryimage\",\"url\":\"https:\\\/\\\/i0.wp.com\\\/metaforineskortos.lt\\\/wp-content\\\/uploads\\\/2024\\\/03\\\/Gyvunu-karalyste_20240313_162014_0000.png?fit=1890%2C1512&ssl=1\",\"contentUrl\":\"https:\\\/\\\/i0.wp.com\\\/metaforineskortos.lt\\\/wp-content\\\/uploads\\\/2024\\\/03\\\/Gyvunu-karalyste_20240313_162014_0000.png?fit=1890%2C1512&ssl=1\",\"width\":1890,\"height\":1512,\"caption\":\"Gyv\u016bn\u0173 karalyst\u0117\"},{\"@type\":\"BreadcrumbList\",\"@id\":\"https:\\\/\\\/metaforineskortos.lt\\\/parduotuve\\\/metaforines-kortos\\\/gyvunu-karalyste\\\/#breadcrumb\",\"itemListElement\":[{\"@type\":\"ListItem\",\"position\":1,\"name\":\"Home\",\"item\":\"https:\\\/\\\/metaforineskortos.lt\\\/\"},{\"@type\":\"ListItem\",\"position\":2,\"name\":\"Parduotuv\u0117\",\"item\":\"https:\\\/\\\/metaforineskortos.lt\\\/parduotuve\\\/\"},{\"@type\":\"ListItem\",\"position\":3,\"name\":\"GYV\u016aN\u0172 KARALYST\u0116 &#8211; motyvacin\u0117s kortos\"}]},{\"@type\":\"WebSite\",\"@id\":\"https:\\\/\\\/metaforineskortos.lt\\\/#website\",\"url\":\"https:\\\/\\\/metaforineskortos.lt\\\/\",\"name\":\"Metaforin\u0117s Kortos\",\"description\":\"Metaforin\u0117s Kortos ir Saviugdos Mokymai\",\"publisher\":{\"@id\":\"https:\\\/\\\/metaforineskortos.lt\\\/#organization\"},\"potentialAction\":[{\"@type\":\"SearchAction\",\"target\":{\"@type\":\"EntryPoint\",\"urlTemplate\":\"https:\\\/\\\/metaforineskortos.lt\\\/?s={search_term_string}\"},\"query-input\":{\"@type\":\"PropertyValueSpecification\",\"valueRequired\":true,\"valueName\":\"search_term_string\"}}],\"inLanguage\":\"en-GB\"},{\"@type\":\"Organization\",\"@id\":\"https:\\\/\\\/metaforineskortos.lt\\\/#organization\",\"name\":\"Metaforin\u0117s Kortos\",\"url\":\"https:\\\/\\\/metaforineskortos.lt\\\/\",\"logo\":{\"@type\":\"ImageObject\",\"inLanguage\":\"en-GB\",\"@id\":\"https:\\\/\\\/metaforineskortos.lt\\\/#\\\/schema\\\/logo\\\/image\\\/\",\"url\":\"https:\\\/\\\/metaforineskortos.lt\\\/wp-content\\\/uploads\\\/2021\\\/03\\\/re-act-logo.svg\",\"contentUrl\":\"https:\\\/\\\/metaforineskortos.lt\\\/wp-content\\\/uploads\\\/2021\\\/03\\\/re-act-logo.svg\",\"width\":117,\"height\":58,\"caption\":\"Metaforin\u0117s Kortos\"},\"image\":{\"@id\":\"https:\\\/\\\/metaforineskortos.lt\\\/#\\\/schema\\\/logo\\\/image\\\/\"}}]}<\/script>\n<!-- \/ Yoast SEO plugin. -->","yoast_head_json":{"title":"GYV\u016aN\u0172 KARALYST\u0116 - motyvacin\u0117s kortos - Metaforin\u0117s Kortos","description":"ANIMAL KINGDOM and the questions it raises give us the opportunity to get to know ourselves better, to align our actions and choices with our true desires.\u00a0","robots":{"index":"index","follow":"follow","max-snippet":"max-snippet:-1","max-image-preview":"max-image-preview:large","max-video-preview":"max-video-preview:-1"},"canonical":"https:\/\/metaforineskortos.lt\/en\/parduotuve\/metaforines-kortos\/gyvunu-karalyste\/","og_locale":"en_GB","og_type":"article","og_title":"GYV\u016aN\u0172 KARALYST\u0116 - motyvacin\u0117s kortos - Metaforin\u0117s Kortos","og_description":"GYV\u016aN\u0172 KARALYST\u0116 ir jos keliami klausimai suteikia galimyb\u0119 geriau pa\u017einti save, suderinti savo veiksmus ir pasirinkimus su m\u016bs\u0173 tikraisiais tro\u0161kimais.\u00a0","og_url":"https:\/\/metaforineskortos.lt\/en\/parduotuve\/metaforines-kortos\/gyvunu-karalyste\/","og_site_name":"Metaforin\u0117s Kortos","article_modified_time":"2026-04-16T10:48:44+00:00","og_image":[{"width":1024,"height":819,"url":"https:\/\/metaforineskortos.lt\/wp-content\/uploads\/2024\/03\/Gyvunu-karalyste_20240313_162014_0000-1024x819.png","type":"image\/png"}],"twitter_card":"summary_large_image","twitter_misc":{"Estimated reading time":"2 minutes"},"schema":{"@context":"https:\/\/schema.org","@graph":[{"@type":"WebPage","@id":"https:\/\/metaforineskortos.lt\/parduotuve\/metaforines-kortos\/gyvunu-karalyste\/","url":"https:\/\/metaforineskortos.lt\/parduotuve\/metaforines-kortos\/gyvunu-karalyste\/","name":"GYV\u016aN\u0172 KARALYST\u0116 - motyvacin\u0117s kortos - Metaforin\u0117s Kortos","isPartOf":{"@id":"https:\/\/metaforineskortos.lt\/#website"},"primaryImageOfPage":{"@id":"https:\/\/metaforineskortos.lt\/parduotuve\/metaforines-kortos\/gyvunu-karalyste\/#primaryimage"},"image":{"@id":"https:\/\/metaforineskortos.lt\/parduotuve\/metaforines-kortos\/gyvunu-karalyste\/#primaryimage"},"thumbnailUrl":"https:\/\/i0.wp.com\/metaforineskortos.lt\/wp-content\/uploads\/2024\/03\/Gyvunu-karalyste_20240313_162014_0000.png?fit=1890%2C1512&ssl=1","datePublished":"2024-03-13T16:37:42+00:00","dateModified":"2026-04-16T10:48:44+00:00","description":"ANIMAL KINGDOM and the questions it raises give us the opportunity to get to know ourselves better, to align our actions and choices with our true desires.\u00a0","breadcrumb":{"@id":"https:\/\/metaforineskortos.lt\/parduotuve\/metaforines-kortos\/gyvunu-karalyste\/#breadcrumb"},"inLanguage":"en-GB","potentialAction":[{"@type":"ReadAction","target":["https:\/\/metaforineskortos.lt\/parduotuve\/metaforines-kortos\/gyvunu-karalyste\/"]}]},{"@type":"ImageObject","inLanguage":"en-GB","@id":"https:\/\/metaforineskortos.lt\/parduotuve\/metaforines-kortos\/gyvunu-karalyste\/#primaryimage","url":"https:\/\/i0.wp.com\/metaforineskortos.lt\/wp-content\/uploads\/2024\/03\/Gyvunu-karalyste_20240313_162014_0000.png?fit=1890%2C1512&ssl=1","contentUrl":"https:\/\/i0.wp.com\/metaforineskortos.lt\/wp-content\/uploads\/2024\/03\/Gyvunu-karalyste_20240313_162014_0000.png?fit=1890%2C1512&ssl=1","width":1890,"height":1512,"caption":"Gyv\u016bn\u0173 karalyst\u0117"},{"@type":"BreadcrumbList","@id":"https:\/\/metaforineskortos.lt\/parduotuve\/metaforines-kortos\/gyvunu-karalyste\/#breadcrumb","itemListElement":[{"@type":"ListItem","position":1,"name":"Home","item":"https:\/\/metaforineskortos.lt\/"},{"@type":"ListItem","position":2,"name":"Parduotuv\u0117","item":"https:\/\/metaforineskortos.lt\/parduotuve\/"},{"@type":"ListItem","position":3,"name":"GYV\u016aN\u0172 KARALYST\u0116 &#8211; motyvacin\u0117s kortos"}]},{"@type":"WebSite","@id":"https:\/\/metaforineskortos.lt\/#website","url":"https:\/\/metaforineskortos.lt\/","name":"Metaforin\u0117s Kortos","description":"Metaforin\u0117s Kortos ir Saviugdos Mokymai","publisher":{"@id":"https:\/\/metaforineskortos.lt\/#organization"},"potentialAction":[{"@type":"SearchAction","target":{"@type":"EntryPoint","urlTemplate":"https:\/\/metaforineskortos.lt\/?s={search_term_string}"},"query-input":{"@type":"PropertyValueSpecification","valueRequired":true,"valueName":"search_term_string"}}],"inLanguage":"en-GB"},{"@type":"Organization","@id":"https:\/\/metaforineskortos.lt\/#organization","name":"Metaforin\u0117s Kortos","url":"https:\/\/metaforineskortos.lt\/","logo":{"@type":"ImageObject","inLanguage":"en-GB","@id":"https:\/\/metaforineskortos.lt\/#\/schema\/logo\/image\/","url":"https:\/\/metaforineskortos.lt\/wp-content\/uploads\/2021\/03\/re-act-logo.svg","contentUrl":"https:\/\/metaforineskortos.lt\/wp-content\/uploads\/2021\/03\/re-act-logo.svg","width":117,"height":58,"caption":"Metaforin\u0117s Kortos"},"image":{"@id":"https:\/\/metaforineskortos.lt\/#\/schema\/logo\/image\/"}}]}},"jetpack_sharing_enabled":true,"_links":{"self":[{"href":"https:\/\/metaforineskortos.lt\/en\/wp-json\/wp\/v2\/product\/13356","targetHints":{"allow":["GET"]}}],"collection":[{"href":"https:\/\/metaforineskortos.lt\/en\/wp-json\/wp\/v2\/product"}],"about":[{"href":"https:\/\/metaforineskortos.lt\/en\/wp-json\/wp\/v2\/types\/product"}],"wp:featuredmedia":[{"embeddable":true,"href":"https:\/\/metaforineskortos.lt\/en\/wp-json\/wp\/v2\/media\/13353"}],"wp:attachment":[{"href":"https:\/\/metaforineskortos.lt\/en\/wp-json\/wp\/v2\/media?parent=13356"}],"wp:term":[{"taxonomy":"product_brand","embeddable":true,"href":"https:\/\/metaforineskortos.lt\/en\/wp-json\/wp\/v2\/product_brand?post=13356"},{"taxonomy":"product_cat","embeddable":true,"href":"https:\/\/metaforineskortos.lt\/en\/wp-json\/wp\/v2\/product_cat?post=13356"},{"taxonomy":"product_tag","embeddable":true,"href":"https:\/\/metaforineskortos.lt\/en\/wp-json\/wp\/v2\/product_tag?post=13356"}],"curies":[{"name":"wp","href":"https:\/\/api.w.org\/{rel}","templated":true}]}}