{"id":13058,"date":"2023-12-22T15:05:59","date_gmt":"2023-12-22T12:05:59","guid":{"rendered":"https:\/\/metaforineskortos.lt\/?post_type=product&#038;p=13058"},"modified":"2025-08-24T13:57:08","modified_gmt":"2025-08-24T10:57:08","slug":"spalvinimo-knygele","status":"publish","type":"product","link":"https:\/\/metaforineskortos.lt\/en\/parduotuve\/knygos\/spalvinimo-knygele\/","title":{"rendered":"GOOD EMOTIONS - coloring book pdf"},"content":{"rendered":"<p>GOOD EMOTIONS coloring book is 24 black and white pictures of animals with positive statements. Coloring is a fun and important activity for a child's development. Download the free pdf file with pictures of positive messages and animals for coloring.<\/p>\n<p>By coloring, children develop fine motor skills, which is very important even for language development, so the coloring book will be very useful. Read what message the animal sends, discuss, ask how the child feels when saying the affirmation. Be creative and play with the kids!<\/p>\n<p class=\"translation-block\">Great for: - Personal development \u2b50\u2b50\u2b50 - Coaching specialists, consultants \u2b50\u2b50\u2b50 - Educators, social workers \u2b50\u2b50\u2b50 - Psychologists, psychotherapists \u2b50\u2b50\u2b50 - Training trainers, lecturers \u2b50\u2b50 - HR specialists, personnel workers \u2b50 - Managers, teams \u2b50<\/p>\n<p>Labai tinka naudoti kartu su\u00a0 korteli\u0173 rinkiniu &#8222;Vaik\u0173 ger\u0173 emocij\u0173 kortel\u0117s&#8221;.<\/p>\n<p>Methods of use:<\/p>\n<p>\u2022 Take out a card, discuss the picture. Repeat the affirmation together with the child several times. Ask how he feels when he says the written words.<br \/>\n\u2022 When the child is in a difficult situation, worried, worried or afraid, you can pull out a card and find out what the animals say about it. A positive affirmation will help you get out of the circle of bad thoughts.<br \/>\n\u2022 Play charades, follow fairy tales. Be creative, play with children.<\/p>\n<p class=\"translation-block\">Find out how to use <a href=\"https:\/\/re-act.lt\/metodikos\/metaforines-kortos\/\" target=\"_blank\" rel=\"noopener\">metaphorical cards<\/a> in your activities, look here: <a href=\"https:\/\/metaforineskortos.lt\/en\/mokymai\/\" target=\"_blank\" rel=\"noopener\">COURSES<\/a><\/p>\n<div id=\"gtx-trans\" style=\"position: absolute; left: 5px; top: -2px;\">\n<div class=\"gtx-trans-icon\"><\/div>\n<\/div>","protected":false},"excerpt":{"rendered":"<p>GOOD EMOTIONS coloring book is 24 black and white pictures of animals with positive statements. Coloring is a fun and important activity for a child's development. Download the free pdf file with pictures of positive messages and animals for coloring.<\/p>","protected":false},"featured_media":13064,"template":"","meta":{"site-sidebar-layout":"default","site-content-layout":"default","ast-site-content-layout":"default","site-content-style":"default","site-sidebar-style":"default","ast-global-header-display":"","ast-banner-title-visibility":"","ast-main-header-display":"","ast-hfb-above-header-display":"","ast-hfb-below-header-display":"","ast-hfb-mobile-header-display":"","site-post-title":"","ast-breadcrumbs-content":"","ast-featured-img":"","footer-sml-layout":"","ast-disable-related-posts":"","theme-transparent-header-meta":"default","adv-header-id-meta":"","stick-header-meta":"","header-above-stick-meta":"","header-main-stick-meta":"","header-below-stick-meta":"","astra-migrate-meta-layouts":"set","ast-page-background-enabled":"default","ast-page-background-meta":{"desktop":{"background-color":"","background-image":"","background-repeat":"repeat","background-position":"center center","background-size":"auto","background-attachment":"scroll","background-type":"","background-media":"","overlay-type":"","overlay-color":"","overlay-opacity":"","overlay-gradient":""},"tablet":{"background-color":"","background-image":"","background-repeat":"repeat","background-position":"center center","background-size":"auto","background-attachment":"scroll","background-type":"","background-media":"","overlay-type":"","overlay-color":"","overlay-opacity":"","overlay-gradient":""},"mobile":{"background-color":"","background-image":"","background-repeat":"repeat","background-position":"center center","background-size":"auto","background-attachment":"scroll","background-type":"","background-media":"","overlay-type":"","overlay-color":"","overlay-opacity":"","overlay-gradient":""}},"ast-content-background-meta":{"desktop":{"background-color":"var(--ast-global-color-5)","background-image":"","background-repeat":"repeat","background-position":"center center","background-size":"auto","background-attachment":"scroll","background-type":"","background-media":"","overlay-type":"","overlay-color":"","overlay-opacity":"","overlay-gradient":""},"tablet":{"background-color":"var(--ast-global-color-5)","background-image":"","background-repeat":"repeat","background-position":"center center","background-size":"auto","background-attachment":"scroll","background-type":"","background-media":"","overlay-type":"","overlay-color":"","overlay-opacity":"","overlay-gradient":""},"mobile":{"background-color":"var(--ast-global-color-5)","background-image":"","background-repeat":"repeat","background-position":"center center","background-size":"auto","background-attachment":"scroll","background-type":"","background-media":"","overlay-type":"","overlay-color":"","overlay-opacity":"","overlay-gradient":""}}},"product_brand":[],"product_cat":[62],"product_tag":[44,40],"class_list":{"0":"post-13058","1":"product","2":"type-product","3":"status-publish","4":"has-post-thumbnail","6":"product_cat-knygos","7":"product_tag-resursines","8":"product_tag-vaikiskos","9":"desktop-align-left","10":"tablet-align-left","11":"mobile-align-left","13":"first","14":"instock","15":"sale","16":"downloadable","17":"virtual","18":"taxable","19":"purchasable","20":"product-type-simple"},"yoast_head":"<!-- This site is optimized with the Yoast SEO plugin v27.6 - https:\/\/yoast.com\/product\/yoast-seo-wordpress\/ -->\n<title>GEROS EMOCIJOS - spalvinimo knygel\u0117 pdf | Metaforin\u0117s Kortos<\/title>\n<meta name=\"description\" content=\"GEROS EMOCIJOS spalvinimo knygel\u0117 pdf - tai 24 gyv\u016bn\u0173 nespalvoti paveiksl\u0117liai su pozityviais teiginiais. Spalvinimas lavina smulki\u0105j\u0105 motorik\u0105.\" \/>\n<meta name=\"robots\" content=\"index, follow, max-snippet:-1, max-image-preview:large, max-video-preview:-1\" \/>\n<link rel=\"canonical\" href=\"https:\/\/metaforineskortos.lt\/en\/parduotuve\/knygos\/spalvinimo-knygele\/\" \/>\n<meta property=\"og:locale\" content=\"en_GB\" \/>\n<meta property=\"og:type\" content=\"article\" \/>\n<meta property=\"og:title\" content=\"GEROS EMOCIJOS - spalvinimo knygel\u0117 pdf | Metaforin\u0117s Kortos\" \/>\n<meta property=\"og:description\" content=\"GEROS EMOCIJOS spalvinimo knygel\u0117 pdf - tai 24 gyv\u016bn\u0173 nespalvoti paveiksl\u0117liai su pozityviais teiginiais. Spalvinimas lavina smulki\u0105j\u0105 motorik\u0105.\" \/>\n<meta property=\"og:url\" content=\"https:\/\/metaforineskortos.lt\/en\/parduotuve\/knygos\/spalvinimo-knygele\/\" \/>\n<meta property=\"og:site_name\" content=\"Metaforin\u0117s Kortos\" \/>\n<meta property=\"article:modified_time\" content=\"2025-08-24T10:57:08+00:00\" \/>\n<meta property=\"og:image\" content=\"https:\/\/metaforineskortos.lt\/wp-content\/uploads\/2023\/12\/Spalvinimo-knygele.jpg\" \/>\n\t<meta property=\"og:image:width\" content=\"1890\" \/>\n\t<meta property=\"og:image:height\" content=\"1512\" \/>\n\t<meta property=\"og:image:type\" content=\"image\/jpeg\" \/>\n<meta name=\"twitter:card\" content=\"summary_large_image\" \/>\n<meta name=\"twitter:label1\" content=\"Estimated reading time\" \/>\n\t<meta name=\"twitter:data1\" content=\"2 minutes\" \/>\n<script type=\"application\/ld+json\" class=\"yoast-schema-graph\">{\"@context\":\"https:\\\/\\\/schema.org\",\"@graph\":[{\"@type\":\"WebPage\",\"@id\":\"https:\\\/\\\/metaforineskortos.lt\\\/parduotuve\\\/knygos\\\/spalvinimo-knygele\\\/\",\"url\":\"https:\\\/\\\/metaforineskortos.lt\\\/parduotuve\\\/knygos\\\/spalvinimo-knygele\\\/\",\"name\":\"GEROS EMOCIJOS - spalvinimo knygel\u0117 pdf | Metaforin\u0117s Kortos\",\"isPartOf\":{\"@id\":\"https:\\\/\\\/metaforineskortos.lt\\\/#website\"},\"primaryImageOfPage\":{\"@id\":\"https:\\\/\\\/metaforineskortos.lt\\\/parduotuve\\\/knygos\\\/spalvinimo-knygele\\\/#primaryimage\"},\"image\":{\"@id\":\"https:\\\/\\\/metaforineskortos.lt\\\/parduotuve\\\/knygos\\\/spalvinimo-knygele\\\/#primaryimage\"},\"thumbnailUrl\":\"https:\\\/\\\/i0.wp.com\\\/metaforineskortos.lt\\\/wp-content\\\/uploads\\\/2023\\\/12\\\/Spalvinimo-knygele.jpg?fit=1890%2C1512&ssl=1\",\"datePublished\":\"2023-12-22T12:05:59+00:00\",\"dateModified\":\"2025-08-24T10:57:08+00:00\",\"description\":\"GEROS EMOCIJOS spalvinimo knygel\u0117 pdf - tai 24 gyv\u016bn\u0173 nespalvoti paveiksl\u0117liai su pozityviais teiginiais. Spalvinimas lavina smulki\u0105j\u0105 motorik\u0105.\",\"breadcrumb\":{\"@id\":\"https:\\\/\\\/metaforineskortos.lt\\\/parduotuve\\\/knygos\\\/spalvinimo-knygele\\\/#breadcrumb\"},\"inLanguage\":\"en-GB\",\"potentialAction\":[{\"@type\":\"ReadAction\",\"target\":[\"https:\\\/\\\/metaforineskortos.lt\\\/parduotuve\\\/knygos\\\/spalvinimo-knygele\\\/\"]}]},{\"@type\":\"ImageObject\",\"inLanguage\":\"en-GB\",\"@id\":\"https:\\\/\\\/metaforineskortos.lt\\\/parduotuve\\\/knygos\\\/spalvinimo-knygele\\\/#primaryimage\",\"url\":\"https:\\\/\\\/i0.wp.com\\\/metaforineskortos.lt\\\/wp-content\\\/uploads\\\/2023\\\/12\\\/Spalvinimo-knygele.jpg?fit=1890%2C1512&ssl=1\",\"contentUrl\":\"https:\\\/\\\/i0.wp.com\\\/metaforineskortos.lt\\\/wp-content\\\/uploads\\\/2023\\\/12\\\/Spalvinimo-knygele.jpg?fit=1890%2C1512&ssl=1\",\"width\":1890,\"height\":1512,\"caption\":\"Geros emocijos - spalvinimo knygel\u0117 pdf\"},{\"@type\":\"BreadcrumbList\",\"@id\":\"https:\\\/\\\/metaforineskortos.lt\\\/parduotuve\\\/knygos\\\/spalvinimo-knygele\\\/#breadcrumb\",\"itemListElement\":[{\"@type\":\"ListItem\",\"position\":1,\"name\":\"Home\",\"item\":\"https:\\\/\\\/metaforineskortos.lt\\\/\"},{\"@type\":\"ListItem\",\"position\":2,\"name\":\"Parduotuv\u0117\",\"item\":\"https:\\\/\\\/metaforineskortos.lt\\\/parduotuve\\\/\"},{\"@type\":\"ListItem\",\"position\":3,\"name\":\"GEROS EMOCIJOS &#8211; spalvinimo knygel\u0117 pdf\"}]},{\"@type\":\"WebSite\",\"@id\":\"https:\\\/\\\/metaforineskortos.lt\\\/#website\",\"url\":\"https:\\\/\\\/metaforineskortos.lt\\\/\",\"name\":\"Metaforin\u0117s Kortos\",\"description\":\"Metaforin\u0117s Kortos ir Saviugdos Mokymai\",\"publisher\":{\"@id\":\"https:\\\/\\\/metaforineskortos.lt\\\/#organization\"},\"potentialAction\":[{\"@type\":\"SearchAction\",\"target\":{\"@type\":\"EntryPoint\",\"urlTemplate\":\"https:\\\/\\\/metaforineskortos.lt\\\/?s={search_term_string}\"},\"query-input\":{\"@type\":\"PropertyValueSpecification\",\"valueRequired\":true,\"valueName\":\"search_term_string\"}}],\"inLanguage\":\"en-GB\"},{\"@type\":\"Organization\",\"@id\":\"https:\\\/\\\/metaforineskortos.lt\\\/#organization\",\"name\":\"Metaforin\u0117s Kortos\",\"url\":\"https:\\\/\\\/metaforineskortos.lt\\\/\",\"logo\":{\"@type\":\"ImageObject\",\"inLanguage\":\"en-GB\",\"@id\":\"https:\\\/\\\/metaforineskortos.lt\\\/#\\\/schema\\\/logo\\\/image\\\/\",\"url\":\"https:\\\/\\\/metaforineskortos.lt\\\/wp-content\\\/uploads\\\/2021\\\/03\\\/re-act-logo.svg\",\"contentUrl\":\"https:\\\/\\\/metaforineskortos.lt\\\/wp-content\\\/uploads\\\/2021\\\/03\\\/re-act-logo.svg\",\"width\":117,\"height\":58,\"caption\":\"Metaforin\u0117s Kortos\"},\"image\":{\"@id\":\"https:\\\/\\\/metaforineskortos.lt\\\/#\\\/schema\\\/logo\\\/image\\\/\"}}]}<\/script>\n<!-- \/ Yoast SEO plugin. -->","yoast_head_json":{"title":"GEROS EMOCIJOS - spalvinimo knygel\u0117 pdf | Metaforin\u0117s Kortos","description":"GEROS EMOCIJOS spalvinimo knygel\u0117 pdf - tai 24 gyv\u016bn\u0173 nespalvoti paveiksl\u0117liai su pozityviais teiginiais. Spalvinimas lavina smulki\u0105j\u0105 motorik\u0105.","robots":{"index":"index","follow":"follow","max-snippet":"max-snippet:-1","max-image-preview":"max-image-preview:large","max-video-preview":"max-video-preview:-1"},"canonical":"https:\/\/metaforineskortos.lt\/en\/parduotuve\/knygos\/spalvinimo-knygele\/","og_locale":"en_GB","og_type":"article","og_title":"GEROS EMOCIJOS - spalvinimo knygel\u0117 pdf | Metaforin\u0117s Kortos","og_description":"GEROS EMOCIJOS spalvinimo knygel\u0117 pdf - tai 24 gyv\u016bn\u0173 nespalvoti paveiksl\u0117liai su pozityviais teiginiais. Spalvinimas lavina smulki\u0105j\u0105 motorik\u0105.","og_url":"https:\/\/metaforineskortos.lt\/en\/parduotuve\/knygos\/spalvinimo-knygele\/","og_site_name":"Metaforin\u0117s Kortos","article_modified_time":"2025-08-24T10:57:08+00:00","og_image":[{"width":1890,"height":1512,"url":"https:\/\/metaforineskortos.lt\/wp-content\/uploads\/2023\/12\/Spalvinimo-knygele.jpg","type":"image\/jpeg"}],"twitter_card":"summary_large_image","twitter_misc":{"Estimated reading time":"2 minutes"},"schema":{"@context":"https:\/\/schema.org","@graph":[{"@type":"WebPage","@id":"https:\/\/metaforineskortos.lt\/parduotuve\/knygos\/spalvinimo-knygele\/","url":"https:\/\/metaforineskortos.lt\/parduotuve\/knygos\/spalvinimo-knygele\/","name":"GEROS EMOCIJOS - spalvinimo knygel\u0117 pdf | Metaforin\u0117s Kortos","isPartOf":{"@id":"https:\/\/metaforineskortos.lt\/#website"},"primaryImageOfPage":{"@id":"https:\/\/metaforineskortos.lt\/parduotuve\/knygos\/spalvinimo-knygele\/#primaryimage"},"image":{"@id":"https:\/\/metaforineskortos.lt\/parduotuve\/knygos\/spalvinimo-knygele\/#primaryimage"},"thumbnailUrl":"https:\/\/i0.wp.com\/metaforineskortos.lt\/wp-content\/uploads\/2023\/12\/Spalvinimo-knygele.jpg?fit=1890%2C1512&ssl=1","datePublished":"2023-12-22T12:05:59+00:00","dateModified":"2025-08-24T10:57:08+00:00","description":"GEROS EMOCIJOS spalvinimo knygel\u0117 pdf - tai 24 gyv\u016bn\u0173 nespalvoti paveiksl\u0117liai su pozityviais teiginiais. Spalvinimas lavina smulki\u0105j\u0105 motorik\u0105.","breadcrumb":{"@id":"https:\/\/metaforineskortos.lt\/parduotuve\/knygos\/spalvinimo-knygele\/#breadcrumb"},"inLanguage":"en-GB","potentialAction":[{"@type":"ReadAction","target":["https:\/\/metaforineskortos.lt\/parduotuve\/knygos\/spalvinimo-knygele\/"]}]},{"@type":"ImageObject","inLanguage":"en-GB","@id":"https:\/\/metaforineskortos.lt\/parduotuve\/knygos\/spalvinimo-knygele\/#primaryimage","url":"https:\/\/i0.wp.com\/metaforineskortos.lt\/wp-content\/uploads\/2023\/12\/Spalvinimo-knygele.jpg?fit=1890%2C1512&ssl=1","contentUrl":"https:\/\/i0.wp.com\/metaforineskortos.lt\/wp-content\/uploads\/2023\/12\/Spalvinimo-knygele.jpg?fit=1890%2C1512&ssl=1","width":1890,"height":1512,"caption":"Geros emocijos - spalvinimo knygel\u0117 pdf"},{"@type":"BreadcrumbList","@id":"https:\/\/metaforineskortos.lt\/parduotuve\/knygos\/spalvinimo-knygele\/#breadcrumb","itemListElement":[{"@type":"ListItem","position":1,"name":"Home","item":"https:\/\/metaforineskortos.lt\/"},{"@type":"ListItem","position":2,"name":"Parduotuv\u0117","item":"https:\/\/metaforineskortos.lt\/parduotuve\/"},{"@type":"ListItem","position":3,"name":"GEROS EMOCIJOS &#8211; spalvinimo knygel\u0117 pdf"}]},{"@type":"WebSite","@id":"https:\/\/metaforineskortos.lt\/#website","url":"https:\/\/metaforineskortos.lt\/","name":"Metaforin\u0117s Kortos","description":"Metaforin\u0117s Kortos ir Saviugdos Mokymai","publisher":{"@id":"https:\/\/metaforineskortos.lt\/#organization"},"potentialAction":[{"@type":"SearchAction","target":{"@type":"EntryPoint","urlTemplate":"https:\/\/metaforineskortos.lt\/?s={search_term_string}"},"query-input":{"@type":"PropertyValueSpecification","valueRequired":true,"valueName":"search_term_string"}}],"inLanguage":"en-GB"},{"@type":"Organization","@id":"https:\/\/metaforineskortos.lt\/#organization","name":"Metaforin\u0117s Kortos","url":"https:\/\/metaforineskortos.lt\/","logo":{"@type":"ImageObject","inLanguage":"en-GB","@id":"https:\/\/metaforineskortos.lt\/#\/schema\/logo\/image\/","url":"https:\/\/metaforineskortos.lt\/wp-content\/uploads\/2021\/03\/re-act-logo.svg","contentUrl":"https:\/\/metaforineskortos.lt\/wp-content\/uploads\/2021\/03\/re-act-logo.svg","width":117,"height":58,"caption":"Metaforin\u0117s Kortos"},"image":{"@id":"https:\/\/metaforineskortos.lt\/#\/schema\/logo\/image\/"}}]}},"jetpack_sharing_enabled":true,"_links":{"self":[{"href":"https:\/\/metaforineskortos.lt\/en\/wp-json\/wp\/v2\/product\/13058","targetHints":{"allow":["GET"]}}],"collection":[{"href":"https:\/\/metaforineskortos.lt\/en\/wp-json\/wp\/v2\/product"}],"about":[{"href":"https:\/\/metaforineskortos.lt\/en\/wp-json\/wp\/v2\/types\/product"}],"wp:featuredmedia":[{"embeddable":true,"href":"https:\/\/metaforineskortos.lt\/en\/wp-json\/wp\/v2\/media\/13064"}],"wp:attachment":[{"href":"https:\/\/metaforineskortos.lt\/en\/wp-json\/wp\/v2\/media?parent=13058"}],"wp:term":[{"taxonomy":"product_brand","embeddable":true,"href":"https:\/\/metaforineskortos.lt\/en\/wp-json\/wp\/v2\/product_brand?post=13058"},{"taxonomy":"product_cat","embeddable":true,"href":"https:\/\/metaforineskortos.lt\/en\/wp-json\/wp\/v2\/product_cat?post=13058"},{"taxonomy":"product_tag","embeddable":true,"href":"https:\/\/metaforineskortos.lt\/en\/wp-json\/wp\/v2\/product_tag?post=13058"}],"curies":[{"name":"wp","href":"https:\/\/api.w.org\/{rel}","templated":true}]}}