{"id":12991,"date":"2023-12-07T18:49:43","date_gmt":"2023-12-07T15:49:43","guid":{"rendered":"https:\/\/metaforineskortos.lt\/?post_type=product&#038;p=12991"},"modified":"2026-04-16T23:46:08","modified_gmt":"2026-04-16T20:46:08","slug":"ribos-ir-pinigai-komplektas","status":"publish","type":"product","link":"https:\/\/metaforineskortos.lt\/en\/parduotuve\/komplektai\/ribos-ir-pinigai-komplektas\/","title":{"rendered":"RIBOS and PINIGAI (BOUNDARIES and MONEY) are metaphorical cards"},"content":{"rendered":"<p>BOUNDARIES and MONEY set is an excellent choice for those who delve into people's values, real needs and related beliefs. The set of MONEY cards will reveal the ability to self-assess your needs and the ability to ensure their implementation. The set of LIMITS cards will show how much we are affected by external factors and the social environment.<\/p>\n<p>BOUNDARIES are 66 metaphorical associative cards about people's personal boundaries. We all have our own needs and expectations, but we often fail to properly broadcast them to the environment. Some of us even lose the ability to recognize our own boundaries over time or misinterpret them. The more difficult it is to feel the limits of other people.<\/p>\n<p>MONEY is 66 metaphorical associative cards that will help you reveal your and your clients' attitude towards money and beliefs related to it. Various life and associative drawings will help us understand where our savings are draining and how we could increase our income. It is also perfect for determining attitudes towards other values.<\/p>\n<p class=\"translation-block\">Great for: <em>- Coaching specialists and consultants \u2b50\u2b50\u2b50 Personal use, training exercises \u2b50\u2b50\u2b50 - Educators, social workers <\/em>\u2b50\u2b50\u2b50<em> - Psychologists, psychotherapists <\/em>\u2b50\u2b50\u2b50<em> \u2013 For managers, team leaders \u2b50\u2b50\u2b50 <\/em><em> \u2013 HR specialists, personnel workers <\/em>\u2b50\u2b50\u2b50<em> \u2013 Training coaches, lecturers  <\/em>\u2b50\u2b50<em>\u2b50<\/em><\/p>\n<p>BOUNDARIES and MONEY kit will help you take a comprehensive look at our values, needs, their recognition and ability to get or keep them.<\/p>\n<p class=\"translation-block\">Find out how to use <a href=\"https:\/\/re-act.lt\/metodikos\/metaforines-kortos\/\" target=\"_blank\" rel=\"noopener\">metaphorical cards<\/a> in your activities, look here: <a href=\"https:\/\/metaforineskortos.lt\/en\/mokymai\/\" target=\"_blank\" rel=\"noopener\">COURSES<\/a><\/p>\n<div id=\"gtx-trans\" style=\"position: absolute; left: 253px; top: 46px;\">\n<div class=\"gtx-trans-icon\"><\/div>\n<\/div>","protected":false},"excerpt":{"rendered":"<p>BOUNDARIES and MONEY set is an excellent choice for those who delve into people's values, real needs and related beliefs. The set of MONEY cards will reveal the ability to self-assess your needs and the ability to ensure their implementation. The set of LIMITS cards will show how much we are affected by external factors and the social environment.<\/p>","protected":false},"featured_media":12992,"template":"","meta":{"site-sidebar-layout":"default","site-content-layout":"default","ast-site-content-layout":"default","site-content-style":"default","site-sidebar-style":"default","ast-global-header-display":"","ast-banner-title-visibility":"","ast-main-header-display":"","ast-hfb-above-header-display":"","ast-hfb-below-header-display":"","ast-hfb-mobile-header-display":"","site-post-title":"","ast-breadcrumbs-content":"","ast-featured-img":"","footer-sml-layout":"","ast-disable-related-posts":"","theme-transparent-header-meta":"default","adv-header-id-meta":"","stick-header-meta":"","header-above-stick-meta":"","header-main-stick-meta":"","header-below-stick-meta":"","astra-migrate-meta-layouts":"set","ast-page-background-enabled":"default","ast-page-background-meta":{"desktop":{"background-color":"","background-image":"","background-repeat":"repeat","background-position":"center center","background-size":"auto","background-attachment":"scroll","background-type":"","background-media":"","overlay-type":"","overlay-color":"","overlay-opacity":"","overlay-gradient":""},"tablet":{"background-color":"","background-image":"","background-repeat":"repeat","background-position":"center center","background-size":"auto","background-attachment":"scroll","background-type":"","background-media":"","overlay-type":"","overlay-color":"","overlay-opacity":"","overlay-gradient":""},"mobile":{"background-color":"","background-image":"","background-repeat":"repeat","background-position":"center center","background-size":"auto","background-attachment":"scroll","background-type":"","background-media":"","overlay-type":"","overlay-color":"","overlay-opacity":"","overlay-gradient":""}},"ast-content-background-meta":{"desktop":{"background-color":"var(--ast-global-color-5)","background-image":"","background-repeat":"repeat","background-position":"center center","background-size":"auto","background-attachment":"scroll","background-type":"","background-media":"","overlay-type":"","overlay-color":"","overlay-opacity":"","overlay-gradient":""},"tablet":{"background-color":"var(--ast-global-color-5)","background-image":"","background-repeat":"repeat","background-position":"center center","background-size":"auto","background-attachment":"scroll","background-type":"","background-media":"","overlay-type":"","overlay-color":"","overlay-opacity":"","overlay-gradient":""},"mobile":{"background-color":"var(--ast-global-color-5)","background-image":"","background-repeat":"repeat","background-position":"center center","background-size":"auto","background-attachment":"scroll","background-type":"","background-media":"","overlay-type":"","overlay-color":"","overlay-opacity":"","overlay-gradient":""}}},"product_brand":[],"product_cat":[66],"product_tag":[58,44,43,34],"class_list":{"0":"post-12991","1":"product","2":"type-product","3":"status-publish","4":"has-post-thumbnail","6":"product_cat-komplektai","7":"product_tag-populiarios","8":"product_tag-resursines","9":"product_tag-streso","10":"product_tag-universalios","11":"desktop-align-left","12":"tablet-align-left","13":"mobile-align-left","15":"first","16":"instock","17":"sale","18":"taxable","19":"shipping-taxable","20":"purchasable","21":"product-type-simple"},"yoast_head":"<!-- This site is optimized with the Yoast SEO plugin v27.4 - https:\/\/yoast.com\/product\/yoast-seo-wordpress\/ -->\n<title>RIBOS ir PINIGAI - du kort\u0173 rinkiniai apie poreikius ir vertybes | Metaforin\u0117s Kortos<\/title>\n<meta name=\"description\" content=\"RIBOS ir PINIGAI - tai du metaforini\u0173 asociatyvini\u0173 kort\u0173 rinkiniai apie asmenines \u017emoni\u0173 ribas ir po\u017ei\u016br\u012f \u012f materialines vertybes.\" \/>\n<meta name=\"robots\" content=\"index, follow, max-snippet:-1, max-image-preview:large, max-video-preview:-1\" \/>\n<link rel=\"canonical\" href=\"https:\/\/metaforineskortos.lt\/en\/parduotuve\/komplektai\/ribos-ir-pinigai-komplektas\/\" \/>\n<meta property=\"og:locale\" content=\"en_GB\" \/>\n<meta property=\"og:type\" content=\"article\" \/>\n<meta property=\"og:title\" content=\"RIBOS ir PINIGAI - du kort\u0173 rinkiniai apie poreikius ir vertybes | Metaforin\u0117s Kortos\" \/>\n<meta property=\"og:description\" content=\"RIBOS ir PINIGAI - tai du metaforini\u0173 asociatyvini\u0173 kort\u0173 rinkiniai apie asmenines \u017emoni\u0173 ribas ir po\u017ei\u016br\u012f \u012f materialines vertybes.\" \/>\n<meta property=\"og:url\" content=\"https:\/\/metaforineskortos.lt\/en\/parduotuve\/komplektai\/ribos-ir-pinigai-komplektas\/\" \/>\n<meta property=\"og:site_name\" content=\"Metaforin\u0117s Kortos\" \/>\n<meta property=\"article:modified_time\" content=\"2026-04-16T20:46:08+00:00\" \/>\n<meta property=\"og:image\" content=\"https:\/\/metaforineskortos.lt\/wp-content\/uploads\/2023\/12\/Ribos-ir-Pinigai-kompl-1024x819.png\" \/>\n\t<meta property=\"og:image:width\" content=\"1024\" \/>\n\t<meta property=\"og:image:height\" content=\"819\" \/>\n\t<meta property=\"og:image:type\" content=\"image\/png\" \/>\n<meta name=\"twitter:card\" content=\"summary_large_image\" \/>\n<meta name=\"twitter:label1\" content=\"Estimated reading time\" \/>\n\t<meta name=\"twitter:data1\" content=\"2 minutes\" \/>\n<script type=\"application\/ld+json\" class=\"yoast-schema-graph\">{\"@context\":\"https:\\\/\\\/schema.org\",\"@graph\":[{\"@type\":\"WebPage\",\"@id\":\"https:\\\/\\\/metaforineskortos.lt\\\/parduotuve\\\/komplektai\\\/ribos-ir-pinigai-komplektas\\\/\",\"url\":\"https:\\\/\\\/metaforineskortos.lt\\\/parduotuve\\\/komplektai\\\/ribos-ir-pinigai-komplektas\\\/\",\"name\":\"RIBOS ir PINIGAI - du kort\u0173 rinkiniai apie poreikius ir vertybes | Metaforin\u0117s Kortos\",\"isPartOf\":{\"@id\":\"https:\\\/\\\/metaforineskortos.lt\\\/#website\"},\"primaryImageOfPage\":{\"@id\":\"https:\\\/\\\/metaforineskortos.lt\\\/parduotuve\\\/komplektai\\\/ribos-ir-pinigai-komplektas\\\/#primaryimage\"},\"image\":{\"@id\":\"https:\\\/\\\/metaforineskortos.lt\\\/parduotuve\\\/komplektai\\\/ribos-ir-pinigai-komplektas\\\/#primaryimage\"},\"thumbnailUrl\":\"https:\\\/\\\/i0.wp.com\\\/metaforineskortos.lt\\\/wp-content\\\/uploads\\\/2023\\\/12\\\/Ribos-ir-Pinigai-kompl.png?fit=1890%2C1512&ssl=1\",\"datePublished\":\"2023-12-07T15:49:43+00:00\",\"dateModified\":\"2026-04-16T20:46:08+00:00\",\"description\":\"RIBOS ir PINIGAI - tai du metaforini\u0173 asociatyvini\u0173 kort\u0173 rinkiniai apie asmenines \u017emoni\u0173 ribas ir po\u017ei\u016br\u012f \u012f materialines vertybes.\",\"breadcrumb\":{\"@id\":\"https:\\\/\\\/metaforineskortos.lt\\\/parduotuve\\\/komplektai\\\/ribos-ir-pinigai-komplektas\\\/#breadcrumb\"},\"inLanguage\":\"en-GB\",\"potentialAction\":[{\"@type\":\"ReadAction\",\"target\":[\"https:\\\/\\\/metaforineskortos.lt\\\/parduotuve\\\/komplektai\\\/ribos-ir-pinigai-komplektas\\\/\"]}]},{\"@type\":\"ImageObject\",\"inLanguage\":\"en-GB\",\"@id\":\"https:\\\/\\\/metaforineskortos.lt\\\/parduotuve\\\/komplektai\\\/ribos-ir-pinigai-komplektas\\\/#primaryimage\",\"url\":\"https:\\\/\\\/i0.wp.com\\\/metaforineskortos.lt\\\/wp-content\\\/uploads\\\/2023\\\/12\\\/Ribos-ir-Pinigai-kompl.png?fit=1890%2C1512&ssl=1\",\"contentUrl\":\"https:\\\/\\\/i0.wp.com\\\/metaforineskortos.lt\\\/wp-content\\\/uploads\\\/2023\\\/12\\\/Ribos-ir-Pinigai-kompl.png?fit=1890%2C1512&ssl=1\",\"width\":1890,\"height\":1512,\"caption\":\"RIBOS ir PINIGAI komplektas\"},{\"@type\":\"BreadcrumbList\",\"@id\":\"https:\\\/\\\/metaforineskortos.lt\\\/parduotuve\\\/komplektai\\\/ribos-ir-pinigai-komplektas\\\/#breadcrumb\",\"itemListElement\":[{\"@type\":\"ListItem\",\"position\":1,\"name\":\"Home\",\"item\":\"https:\\\/\\\/metaforineskortos.lt\\\/\"},{\"@type\":\"ListItem\",\"position\":2,\"name\":\"Parduotuv\u0117\",\"item\":\"https:\\\/\\\/metaforineskortos.lt\\\/parduotuve\\\/\"},{\"@type\":\"ListItem\",\"position\":3,\"name\":\"RIBOS ir PINIGAI &#8211; metaforin\u0117s kortos\"}]},{\"@type\":\"WebSite\",\"@id\":\"https:\\\/\\\/metaforineskortos.lt\\\/#website\",\"url\":\"https:\\\/\\\/metaforineskortos.lt\\\/\",\"name\":\"Metaforin\u0117s Kortos\",\"description\":\"Metaforin\u0117s Kortos ir Saviugdos Mokymai\",\"publisher\":{\"@id\":\"https:\\\/\\\/metaforineskortos.lt\\\/#organization\"},\"potentialAction\":[{\"@type\":\"SearchAction\",\"target\":{\"@type\":\"EntryPoint\",\"urlTemplate\":\"https:\\\/\\\/metaforineskortos.lt\\\/?s={search_term_string}\"},\"query-input\":{\"@type\":\"PropertyValueSpecification\",\"valueRequired\":true,\"valueName\":\"search_term_string\"}}],\"inLanguage\":\"en-GB\"},{\"@type\":\"Organization\",\"@id\":\"https:\\\/\\\/metaforineskortos.lt\\\/#organization\",\"name\":\"Metaforin\u0117s Kortos\",\"url\":\"https:\\\/\\\/metaforineskortos.lt\\\/\",\"logo\":{\"@type\":\"ImageObject\",\"inLanguage\":\"en-GB\",\"@id\":\"https:\\\/\\\/metaforineskortos.lt\\\/#\\\/schema\\\/logo\\\/image\\\/\",\"url\":\"https:\\\/\\\/metaforineskortos.lt\\\/wp-content\\\/uploads\\\/2021\\\/03\\\/re-act-logo.svg\",\"contentUrl\":\"https:\\\/\\\/metaforineskortos.lt\\\/wp-content\\\/uploads\\\/2021\\\/03\\\/re-act-logo.svg\",\"width\":117,\"height\":58,\"caption\":\"Metaforin\u0117s Kortos\"},\"image\":{\"@id\":\"https:\\\/\\\/metaforineskortos.lt\\\/#\\\/schema\\\/logo\\\/image\\\/\"}}]}<\/script>\n<!-- \/ Yoast SEO plugin. -->","yoast_head_json":{"title":"RIBOS ir PINIGAI - du kort\u0173 rinkiniai apie poreikius ir vertybes | Metaforin\u0117s Kortos","description":"RIBOS ir PINIGAI - tai du metaforini\u0173 asociatyvini\u0173 kort\u0173 rinkiniai apie asmenines \u017emoni\u0173 ribas ir po\u017ei\u016br\u012f \u012f materialines vertybes.","robots":{"index":"index","follow":"follow","max-snippet":"max-snippet:-1","max-image-preview":"max-image-preview:large","max-video-preview":"max-video-preview:-1"},"canonical":"https:\/\/metaforineskortos.lt\/en\/parduotuve\/komplektai\/ribos-ir-pinigai-komplektas\/","og_locale":"en_GB","og_type":"article","og_title":"RIBOS ir PINIGAI - du kort\u0173 rinkiniai apie poreikius ir vertybes | Metaforin\u0117s Kortos","og_description":"RIBOS ir PINIGAI - tai du metaforini\u0173 asociatyvini\u0173 kort\u0173 rinkiniai apie asmenines \u017emoni\u0173 ribas ir po\u017ei\u016br\u012f \u012f materialines vertybes.","og_url":"https:\/\/metaforineskortos.lt\/en\/parduotuve\/komplektai\/ribos-ir-pinigai-komplektas\/","og_site_name":"Metaforin\u0117s Kortos","article_modified_time":"2026-04-16T20:46:08+00:00","og_image":[{"width":1024,"height":819,"url":"https:\/\/metaforineskortos.lt\/wp-content\/uploads\/2023\/12\/Ribos-ir-Pinigai-kompl-1024x819.png","type":"image\/png"}],"twitter_card":"summary_large_image","twitter_misc":{"Estimated reading time":"2 minutes"},"schema":{"@context":"https:\/\/schema.org","@graph":[{"@type":"WebPage","@id":"https:\/\/metaforineskortos.lt\/parduotuve\/komplektai\/ribos-ir-pinigai-komplektas\/","url":"https:\/\/metaforineskortos.lt\/parduotuve\/komplektai\/ribos-ir-pinigai-komplektas\/","name":"RIBOS ir PINIGAI - du kort\u0173 rinkiniai apie poreikius ir vertybes | Metaforin\u0117s Kortos","isPartOf":{"@id":"https:\/\/metaforineskortos.lt\/#website"},"primaryImageOfPage":{"@id":"https:\/\/metaforineskortos.lt\/parduotuve\/komplektai\/ribos-ir-pinigai-komplektas\/#primaryimage"},"image":{"@id":"https:\/\/metaforineskortos.lt\/parduotuve\/komplektai\/ribos-ir-pinigai-komplektas\/#primaryimage"},"thumbnailUrl":"https:\/\/i0.wp.com\/metaforineskortos.lt\/wp-content\/uploads\/2023\/12\/Ribos-ir-Pinigai-kompl.png?fit=1890%2C1512&ssl=1","datePublished":"2023-12-07T15:49:43+00:00","dateModified":"2026-04-16T20:46:08+00:00","description":"RIBOS ir PINIGAI - tai du metaforini\u0173 asociatyvini\u0173 kort\u0173 rinkiniai apie asmenines \u017emoni\u0173 ribas ir po\u017ei\u016br\u012f \u012f materialines vertybes.","breadcrumb":{"@id":"https:\/\/metaforineskortos.lt\/parduotuve\/komplektai\/ribos-ir-pinigai-komplektas\/#breadcrumb"},"inLanguage":"en-GB","potentialAction":[{"@type":"ReadAction","target":["https:\/\/metaforineskortos.lt\/parduotuve\/komplektai\/ribos-ir-pinigai-komplektas\/"]}]},{"@type":"ImageObject","inLanguage":"en-GB","@id":"https:\/\/metaforineskortos.lt\/parduotuve\/komplektai\/ribos-ir-pinigai-komplektas\/#primaryimage","url":"https:\/\/i0.wp.com\/metaforineskortos.lt\/wp-content\/uploads\/2023\/12\/Ribos-ir-Pinigai-kompl.png?fit=1890%2C1512&ssl=1","contentUrl":"https:\/\/i0.wp.com\/metaforineskortos.lt\/wp-content\/uploads\/2023\/12\/Ribos-ir-Pinigai-kompl.png?fit=1890%2C1512&ssl=1","width":1890,"height":1512,"caption":"RIBOS ir PINIGAI komplektas"},{"@type":"BreadcrumbList","@id":"https:\/\/metaforineskortos.lt\/parduotuve\/komplektai\/ribos-ir-pinigai-komplektas\/#breadcrumb","itemListElement":[{"@type":"ListItem","position":1,"name":"Home","item":"https:\/\/metaforineskortos.lt\/"},{"@type":"ListItem","position":2,"name":"Parduotuv\u0117","item":"https:\/\/metaforineskortos.lt\/parduotuve\/"},{"@type":"ListItem","position":3,"name":"RIBOS ir PINIGAI &#8211; metaforin\u0117s kortos"}]},{"@type":"WebSite","@id":"https:\/\/metaforineskortos.lt\/#website","url":"https:\/\/metaforineskortos.lt\/","name":"Metaforin\u0117s Kortos","description":"Metaforin\u0117s Kortos ir Saviugdos Mokymai","publisher":{"@id":"https:\/\/metaforineskortos.lt\/#organization"},"potentialAction":[{"@type":"SearchAction","target":{"@type":"EntryPoint","urlTemplate":"https:\/\/metaforineskortos.lt\/?s={search_term_string}"},"query-input":{"@type":"PropertyValueSpecification","valueRequired":true,"valueName":"search_term_string"}}],"inLanguage":"en-GB"},{"@type":"Organization","@id":"https:\/\/metaforineskortos.lt\/#organization","name":"Metaforin\u0117s Kortos","url":"https:\/\/metaforineskortos.lt\/","logo":{"@type":"ImageObject","inLanguage":"en-GB","@id":"https:\/\/metaforineskortos.lt\/#\/schema\/logo\/image\/","url":"https:\/\/metaforineskortos.lt\/wp-content\/uploads\/2021\/03\/re-act-logo.svg","contentUrl":"https:\/\/metaforineskortos.lt\/wp-content\/uploads\/2021\/03\/re-act-logo.svg","width":117,"height":58,"caption":"Metaforin\u0117s Kortos"},"image":{"@id":"https:\/\/metaforineskortos.lt\/#\/schema\/logo\/image\/"}}]}},"jetpack_sharing_enabled":true,"_links":{"self":[{"href":"https:\/\/metaforineskortos.lt\/en\/wp-json\/wp\/v2\/product\/12991","targetHints":{"allow":["GET"]}}],"collection":[{"href":"https:\/\/metaforineskortos.lt\/en\/wp-json\/wp\/v2\/product"}],"about":[{"href":"https:\/\/metaforineskortos.lt\/en\/wp-json\/wp\/v2\/types\/product"}],"wp:featuredmedia":[{"embeddable":true,"href":"https:\/\/metaforineskortos.lt\/en\/wp-json\/wp\/v2\/media\/12992"}],"wp:attachment":[{"href":"https:\/\/metaforineskortos.lt\/en\/wp-json\/wp\/v2\/media?parent=12991"}],"wp:term":[{"taxonomy":"product_brand","embeddable":true,"href":"https:\/\/metaforineskortos.lt\/en\/wp-json\/wp\/v2\/product_brand?post=12991"},{"taxonomy":"product_cat","embeddable":true,"href":"https:\/\/metaforineskortos.lt\/en\/wp-json\/wp\/v2\/product_cat?post=12991"},{"taxonomy":"product_tag","embeddable":true,"href":"https:\/\/metaforineskortos.lt\/en\/wp-json\/wp\/v2\/product_tag?post=12991"}],"curies":[{"name":"wp","href":"https:\/\/api.w.org\/{rel}","templated":true}]}}