{"id":12989,"date":"2023-12-07T18:34:25","date_gmt":"2023-12-07T15:34:25","guid":{"rendered":"https:\/\/metaforineskortos.lt\/?post_type=product&#038;p=12989"},"modified":"2026-04-13T09:01:22","modified_gmt":"2026-04-13T06:01:22","slug":"pinigai","status":"publish","type":"product","link":"https:\/\/metaforineskortos.lt\/en\/parduotuve\/metaforines-kortos\/pinigai\/","title":{"rendered":"PINIGAI (MONEY) \u2013 metaphorical card"},"content":{"rendered":"<p>MONEY is 66 metaphorical associative cards that will help you reveal your and your clients' attitude towards money and beliefs related to it. Various life and associative drawings will help us understand where our savings are draining and how we could increase our income. It is also perfect for determining attitudes towards other values.<\/p>\n<p class=\"translation-block\">Great for: <em>- Coaching specialists and consultants \u2b50\u2b50\u2b50 Personal use, training exercises \u2b50\u2b50\u2b50 - Educators, social workers <\/em>\u2b50\u2b50\u2b50<em> - Psychologists, psychotherapists <\/em>\u2b50\u2b50\u2b50<em> \u2013 For managers, team leaders \u2b50\u2b50\u2b50 <\/em><em> \u2013 HR specialists, personnel workers <\/em>\u2b50\u2b50\u2b50<em> \u2013 Training coaches, lecturers  <\/em>\u2b50\u2b50<em>\u2b50<\/em><\/p>\n<p>One of the main reasons why a person has problems, dissatisfaction with his life or the surrounding environment is the inability to create financial security and stability. With the help of these cards, you will be able to identify beliefs related to money: how it is received, saved and spent.<\/p>\n<p>A set of cards is suitable for use with this set of cards <a href=\"https:\/\/metaforineskortos.lt\/en\/parduotuve\/metaforines-kortos\/ribos\/\" target=\"_blank\" rel=\"noopener\">BOUNDARIES<\/a>.<\/p>\n<p class=\"translation-block\">Find out how to use <a href=\"https:\/\/re-act.lt\/metodikos\/metaforines-kortos\/\" target=\"_blank\" rel=\"noopener\">metaphorical cards<\/a> in your activities, look here: <a href=\"https:\/\/metaforineskortos.lt\/en\/mokymai\/\" target=\"_blank\" rel=\"noopener\">COURSES<\/a><\/p>\n<div id=\"gtx-trans\" style=\"position: absolute; left: 253px; top: 46px;\">\n<div class=\"gtx-trans-icon\"><\/div>\n<\/div>","protected":false},"excerpt":{"rendered":"<p>MONEY is 66 metaphorical associative cards that will help you reveal your and your clients' attitude towards money and beliefs related to it. Various life and associative drawings will help us understand where our savings are draining and how we could increase our income. It is also perfect for determining attitudes towards other values.<\/p>","protected":false},"featured_media":12988,"template":"","meta":{"site-sidebar-layout":"default","site-content-layout":"default","ast-site-content-layout":"default","site-content-style":"default","site-sidebar-style":"default","ast-global-header-display":"","ast-banner-title-visibility":"","ast-main-header-display":"","ast-hfb-above-header-display":"","ast-hfb-below-header-display":"","ast-hfb-mobile-header-display":"","site-post-title":"","ast-breadcrumbs-content":"","ast-featured-img":"","footer-sml-layout":"","ast-disable-related-posts":"","theme-transparent-header-meta":"default","adv-header-id-meta":"","stick-header-meta":"","header-above-stick-meta":"","header-main-stick-meta":"","header-below-stick-meta":"","astra-migrate-meta-layouts":"set","ast-page-background-enabled":"default","ast-page-background-meta":{"desktop":{"background-color":"","background-image":"","background-repeat":"repeat","background-position":"center center","background-size":"auto","background-attachment":"scroll","background-type":"","background-media":"","overlay-type":"","overlay-color":"","overlay-opacity":"","overlay-gradient":""},"tablet":{"background-color":"","background-image":"","background-repeat":"repeat","background-position":"center center","background-size":"auto","background-attachment":"scroll","background-type":"","background-media":"","overlay-type":"","overlay-color":"","overlay-opacity":"","overlay-gradient":""},"mobile":{"background-color":"","background-image":"","background-repeat":"repeat","background-position":"center center","background-size":"auto","background-attachment":"scroll","background-type":"","background-media":"","overlay-type":"","overlay-color":"","overlay-opacity":"","overlay-gradient":""}},"ast-content-background-meta":{"desktop":{"background-color":"var(--ast-global-color-5)","background-image":"","background-repeat":"repeat","background-position":"center center","background-size":"auto","background-attachment":"scroll","background-type":"","background-media":"","overlay-type":"","overlay-color":"","overlay-opacity":"","overlay-gradient":""},"tablet":{"background-color":"var(--ast-global-color-5)","background-image":"","background-repeat":"repeat","background-position":"center center","background-size":"auto","background-attachment":"scroll","background-type":"","background-media":"","overlay-type":"","overlay-color":"","overlay-opacity":"","overlay-gradient":""},"mobile":{"background-color":"var(--ast-global-color-5)","background-image":"","background-repeat":"repeat","background-position":"center center","background-size":"auto","background-attachment":"scroll","background-type":"","background-media":"","overlay-type":"","overlay-color":"","overlay-opacity":"","overlay-gradient":""}}},"product_brand":[],"product_cat":[31],"product_tag":[58,44,43,34],"class_list":{"0":"post-12989","1":"product","2":"type-product","3":"status-publish","4":"has-post-thumbnail","6":"product_cat-metaforines-kortos","7":"product_tag-populiarios","8":"product_tag-resursines","9":"product_tag-streso","10":"product_tag-universalios","11":"desktop-align-left","12":"tablet-align-left","13":"mobile-align-left","15":"first","16":"instock","17":"sale","18":"taxable","19":"shipping-taxable","20":"purchasable","21":"product-type-simple"},"yoast_head":"<!-- This site is optimized with the Yoast SEO plugin v27.4 - https:\/\/yoast.com\/product\/yoast-seo-wordpress\/ -->\n<title>PINIGAI - 66 kortel\u0117s apie po\u017ei\u016br\u012f \u012f pinigus | Metaforin\u0117s Kortos<\/title>\n<meta name=\"description\" content=\"PINIGAI - tai 66 metaforin\u0117s asociatyvin\u0117s kortel\u0117s apie po\u017ei\u016br\u012f \u012f pinigus, santyk\u012f su jais. Atskleid\u017eia su pinigais susijusius \u012fsitikinimus.\" \/>\n<meta name=\"robots\" content=\"index, follow, max-snippet:-1, max-image-preview:large, max-video-preview:-1\" \/>\n<link rel=\"canonical\" href=\"https:\/\/metaforineskortos.lt\/en\/parduotuve\/metaforines-kortos\/pinigai\/\" \/>\n<meta property=\"og:locale\" content=\"en_GB\" \/>\n<meta property=\"og:type\" content=\"article\" \/>\n<meta property=\"og:title\" content=\"PINIGAI - 66 kortel\u0117s apie po\u017ei\u016br\u012f \u012f pinigus | Metaforin\u0117s Kortos\" \/>\n<meta property=\"og:description\" content=\"PINIGAI - tai 66 metaforin\u0117s asociatyvin\u0117s kortel\u0117s apie po\u017ei\u016br\u012f \u012f pinigus, santyk\u012f su jais. Atskleid\u017eia su pinigais susijusius \u012fsitikinimus.\" \/>\n<meta property=\"og:url\" content=\"https:\/\/metaforineskortos.lt\/en\/parduotuve\/metaforines-kortos\/pinigai\/\" \/>\n<meta property=\"og:site_name\" content=\"Metaforin\u0117s Kortos\" \/>\n<meta property=\"article:modified_time\" content=\"2026-04-13T06:01:22+00:00\" \/>\n<meta property=\"og:image\" content=\"https:\/\/metaforineskortos.lt\/wp-content\/uploads\/2023\/12\/Pinigai-preke.png\" \/>\n\t<meta property=\"og:image:width\" content=\"1890\" \/>\n\t<meta property=\"og:image:height\" content=\"1512\" \/>\n\t<meta property=\"og:image:type\" content=\"image\/png\" \/>\n<meta name=\"twitter:card\" content=\"summary_large_image\" \/>\n<meta name=\"twitter:label1\" content=\"Estimated reading time\" \/>\n\t<meta name=\"twitter:data1\" content=\"1 minute\" \/>\n<script type=\"application\/ld+json\" class=\"yoast-schema-graph\">{\"@context\":\"https:\\\/\\\/schema.org\",\"@graph\":[{\"@type\":\"WebPage\",\"@id\":\"https:\\\/\\\/metaforineskortos.lt\\\/parduotuve\\\/metaforines-kortos\\\/pinigai\\\/\",\"url\":\"https:\\\/\\\/metaforineskortos.lt\\\/parduotuve\\\/metaforines-kortos\\\/pinigai\\\/\",\"name\":\"PINIGAI - 66 kortel\u0117s apie po\u017ei\u016br\u012f \u012f pinigus | Metaforin\u0117s Kortos\",\"isPartOf\":{\"@id\":\"https:\\\/\\\/metaforineskortos.lt\\\/#website\"},\"primaryImageOfPage\":{\"@id\":\"https:\\\/\\\/metaforineskortos.lt\\\/parduotuve\\\/metaforines-kortos\\\/pinigai\\\/#primaryimage\"},\"image\":{\"@id\":\"https:\\\/\\\/metaforineskortos.lt\\\/parduotuve\\\/metaforines-kortos\\\/pinigai\\\/#primaryimage\"},\"thumbnailUrl\":\"https:\\\/\\\/i0.wp.com\\\/metaforineskortos.lt\\\/wp-content\\\/uploads\\\/2023\\\/12\\\/Pinigai-preke.png?fit=1890%2C1512&ssl=1\",\"datePublished\":\"2023-12-07T15:34:25+00:00\",\"dateModified\":\"2026-04-13T06:01:22+00:00\",\"description\":\"PINIGAI - tai 66 metaforin\u0117s asociatyvin\u0117s kortel\u0117s apie po\u017ei\u016br\u012f \u012f pinigus, santyk\u012f su jais. Atskleid\u017eia su pinigais susijusius \u012fsitikinimus.\",\"breadcrumb\":{\"@id\":\"https:\\\/\\\/metaforineskortos.lt\\\/parduotuve\\\/metaforines-kortos\\\/pinigai\\\/#breadcrumb\"},\"inLanguage\":\"en-GB\",\"potentialAction\":[{\"@type\":\"ReadAction\",\"target\":[\"https:\\\/\\\/metaforineskortos.lt\\\/parduotuve\\\/metaforines-kortos\\\/pinigai\\\/\"]}]},{\"@type\":\"ImageObject\",\"inLanguage\":\"en-GB\",\"@id\":\"https:\\\/\\\/metaforineskortos.lt\\\/parduotuve\\\/metaforines-kortos\\\/pinigai\\\/#primaryimage\",\"url\":\"https:\\\/\\\/i0.wp.com\\\/metaforineskortos.lt\\\/wp-content\\\/uploads\\\/2023\\\/12\\\/Pinigai-preke.png?fit=1890%2C1512&ssl=1\",\"contentUrl\":\"https:\\\/\\\/i0.wp.com\\\/metaforineskortos.lt\\\/wp-content\\\/uploads\\\/2023\\\/12\\\/Pinigai-preke.png?fit=1890%2C1512&ssl=1\",\"width\":1890,\"height\":1512,\"caption\":\"PINIGAI metaforin\u0117s kortos\"},{\"@type\":\"BreadcrumbList\",\"@id\":\"https:\\\/\\\/metaforineskortos.lt\\\/parduotuve\\\/metaforines-kortos\\\/pinigai\\\/#breadcrumb\",\"itemListElement\":[{\"@type\":\"ListItem\",\"position\":1,\"name\":\"Home\",\"item\":\"https:\\\/\\\/metaforineskortos.lt\\\/\"},{\"@type\":\"ListItem\",\"position\":2,\"name\":\"Parduotuv\u0117\",\"item\":\"https:\\\/\\\/metaforineskortos.lt\\\/parduotuve\\\/\"},{\"@type\":\"ListItem\",\"position\":3,\"name\":\"PINIGAI &#8211; metaforin\u0117s kortos\"}]},{\"@type\":\"WebSite\",\"@id\":\"https:\\\/\\\/metaforineskortos.lt\\\/#website\",\"url\":\"https:\\\/\\\/metaforineskortos.lt\\\/\",\"name\":\"Metaforin\u0117s Kortos\",\"description\":\"Metaforin\u0117s Kortos ir Saviugdos Mokymai\",\"publisher\":{\"@id\":\"https:\\\/\\\/metaforineskortos.lt\\\/#organization\"},\"potentialAction\":[{\"@type\":\"SearchAction\",\"target\":{\"@type\":\"EntryPoint\",\"urlTemplate\":\"https:\\\/\\\/metaforineskortos.lt\\\/?s={search_term_string}\"},\"query-input\":{\"@type\":\"PropertyValueSpecification\",\"valueRequired\":true,\"valueName\":\"search_term_string\"}}],\"inLanguage\":\"en-GB\"},{\"@type\":\"Organization\",\"@id\":\"https:\\\/\\\/metaforineskortos.lt\\\/#organization\",\"name\":\"Metaforin\u0117s Kortos\",\"url\":\"https:\\\/\\\/metaforineskortos.lt\\\/\",\"logo\":{\"@type\":\"ImageObject\",\"inLanguage\":\"en-GB\",\"@id\":\"https:\\\/\\\/metaforineskortos.lt\\\/#\\\/schema\\\/logo\\\/image\\\/\",\"url\":\"https:\\\/\\\/metaforineskortos.lt\\\/wp-content\\\/uploads\\\/2021\\\/03\\\/re-act-logo.svg\",\"contentUrl\":\"https:\\\/\\\/metaforineskortos.lt\\\/wp-content\\\/uploads\\\/2021\\\/03\\\/re-act-logo.svg\",\"width\":117,\"height\":58,\"caption\":\"Metaforin\u0117s Kortos\"},\"image\":{\"@id\":\"https:\\\/\\\/metaforineskortos.lt\\\/#\\\/schema\\\/logo\\\/image\\\/\"}}]}<\/script>\n<!-- \/ Yoast SEO plugin. -->","yoast_head_json":{"title":"PINIGAI - 66 kortel\u0117s apie po\u017ei\u016br\u012f \u012f pinigus | Metaforin\u0117s Kortos","description":"PINIGAI - tai 66 metaforin\u0117s asociatyvin\u0117s kortel\u0117s apie po\u017ei\u016br\u012f \u012f pinigus, santyk\u012f su jais. Atskleid\u017eia su pinigais susijusius \u012fsitikinimus.","robots":{"index":"index","follow":"follow","max-snippet":"max-snippet:-1","max-image-preview":"max-image-preview:large","max-video-preview":"max-video-preview:-1"},"canonical":"https:\/\/metaforineskortos.lt\/en\/parduotuve\/metaforines-kortos\/pinigai\/","og_locale":"en_GB","og_type":"article","og_title":"PINIGAI - 66 kortel\u0117s apie po\u017ei\u016br\u012f \u012f pinigus | Metaforin\u0117s Kortos","og_description":"PINIGAI - tai 66 metaforin\u0117s asociatyvin\u0117s kortel\u0117s apie po\u017ei\u016br\u012f \u012f pinigus, santyk\u012f su jais. Atskleid\u017eia su pinigais susijusius \u012fsitikinimus.","og_url":"https:\/\/metaforineskortos.lt\/en\/parduotuve\/metaforines-kortos\/pinigai\/","og_site_name":"Metaforin\u0117s Kortos","article_modified_time":"2026-04-13T06:01:22+00:00","og_image":[{"width":1890,"height":1512,"url":"https:\/\/metaforineskortos.lt\/wp-content\/uploads\/2023\/12\/Pinigai-preke.png","type":"image\/png"}],"twitter_card":"summary_large_image","twitter_misc":{"Estimated reading time":"1 minute"},"schema":{"@context":"https:\/\/schema.org","@graph":[{"@type":"WebPage","@id":"https:\/\/metaforineskortos.lt\/parduotuve\/metaforines-kortos\/pinigai\/","url":"https:\/\/metaforineskortos.lt\/parduotuve\/metaforines-kortos\/pinigai\/","name":"PINIGAI - 66 kortel\u0117s apie po\u017ei\u016br\u012f \u012f pinigus | Metaforin\u0117s Kortos","isPartOf":{"@id":"https:\/\/metaforineskortos.lt\/#website"},"primaryImageOfPage":{"@id":"https:\/\/metaforineskortos.lt\/parduotuve\/metaforines-kortos\/pinigai\/#primaryimage"},"image":{"@id":"https:\/\/metaforineskortos.lt\/parduotuve\/metaforines-kortos\/pinigai\/#primaryimage"},"thumbnailUrl":"https:\/\/i0.wp.com\/metaforineskortos.lt\/wp-content\/uploads\/2023\/12\/Pinigai-preke.png?fit=1890%2C1512&ssl=1","datePublished":"2023-12-07T15:34:25+00:00","dateModified":"2026-04-13T06:01:22+00:00","description":"PINIGAI - tai 66 metaforin\u0117s asociatyvin\u0117s kortel\u0117s apie po\u017ei\u016br\u012f \u012f pinigus, santyk\u012f su jais. Atskleid\u017eia su pinigais susijusius \u012fsitikinimus.","breadcrumb":{"@id":"https:\/\/metaforineskortos.lt\/parduotuve\/metaforines-kortos\/pinigai\/#breadcrumb"},"inLanguage":"en-GB","potentialAction":[{"@type":"ReadAction","target":["https:\/\/metaforineskortos.lt\/parduotuve\/metaforines-kortos\/pinigai\/"]}]},{"@type":"ImageObject","inLanguage":"en-GB","@id":"https:\/\/metaforineskortos.lt\/parduotuve\/metaforines-kortos\/pinigai\/#primaryimage","url":"https:\/\/i0.wp.com\/metaforineskortos.lt\/wp-content\/uploads\/2023\/12\/Pinigai-preke.png?fit=1890%2C1512&ssl=1","contentUrl":"https:\/\/i0.wp.com\/metaforineskortos.lt\/wp-content\/uploads\/2023\/12\/Pinigai-preke.png?fit=1890%2C1512&ssl=1","width":1890,"height":1512,"caption":"PINIGAI metaforin\u0117s kortos"},{"@type":"BreadcrumbList","@id":"https:\/\/metaforineskortos.lt\/parduotuve\/metaforines-kortos\/pinigai\/#breadcrumb","itemListElement":[{"@type":"ListItem","position":1,"name":"Home","item":"https:\/\/metaforineskortos.lt\/"},{"@type":"ListItem","position":2,"name":"Parduotuv\u0117","item":"https:\/\/metaforineskortos.lt\/parduotuve\/"},{"@type":"ListItem","position":3,"name":"PINIGAI &#8211; metaforin\u0117s kortos"}]},{"@type":"WebSite","@id":"https:\/\/metaforineskortos.lt\/#website","url":"https:\/\/metaforineskortos.lt\/","name":"Metaforin\u0117s Kortos","description":"Metaforin\u0117s Kortos ir Saviugdos Mokymai","publisher":{"@id":"https:\/\/metaforineskortos.lt\/#organization"},"potentialAction":[{"@type":"SearchAction","target":{"@type":"EntryPoint","urlTemplate":"https:\/\/metaforineskortos.lt\/?s={search_term_string}"},"query-input":{"@type":"PropertyValueSpecification","valueRequired":true,"valueName":"search_term_string"}}],"inLanguage":"en-GB"},{"@type":"Organization","@id":"https:\/\/metaforineskortos.lt\/#organization","name":"Metaforin\u0117s Kortos","url":"https:\/\/metaforineskortos.lt\/","logo":{"@type":"ImageObject","inLanguage":"en-GB","@id":"https:\/\/metaforineskortos.lt\/#\/schema\/logo\/image\/","url":"https:\/\/metaforineskortos.lt\/wp-content\/uploads\/2021\/03\/re-act-logo.svg","contentUrl":"https:\/\/metaforineskortos.lt\/wp-content\/uploads\/2021\/03\/re-act-logo.svg","width":117,"height":58,"caption":"Metaforin\u0117s Kortos"},"image":{"@id":"https:\/\/metaforineskortos.lt\/#\/schema\/logo\/image\/"}}]}},"jetpack_sharing_enabled":true,"_links":{"self":[{"href":"https:\/\/metaforineskortos.lt\/en\/wp-json\/wp\/v2\/product\/12989","targetHints":{"allow":["GET"]}}],"collection":[{"href":"https:\/\/metaforineskortos.lt\/en\/wp-json\/wp\/v2\/product"}],"about":[{"href":"https:\/\/metaforineskortos.lt\/en\/wp-json\/wp\/v2\/types\/product"}],"wp:featuredmedia":[{"embeddable":true,"href":"https:\/\/metaforineskortos.lt\/en\/wp-json\/wp\/v2\/media\/12988"}],"wp:attachment":[{"href":"https:\/\/metaforineskortos.lt\/en\/wp-json\/wp\/v2\/media?parent=12989"}],"wp:term":[{"taxonomy":"product_brand","embeddable":true,"href":"https:\/\/metaforineskortos.lt\/en\/wp-json\/wp\/v2\/product_brand?post=12989"},{"taxonomy":"product_cat","embeddable":true,"href":"https:\/\/metaforineskortos.lt\/en\/wp-json\/wp\/v2\/product_cat?post=12989"},{"taxonomy":"product_tag","embeddable":true,"href":"https:\/\/metaforineskortos.lt\/en\/wp-json\/wp\/v2\/product_tag?post=12989"}],"curies":[{"name":"wp","href":"https:\/\/api.w.org\/{rel}","templated":true}]}}