{"id":12812,"date":"2023-09-25T12:09:57","date_gmt":"2023-09-25T09:09:57","guid":{"rendered":"https:\/\/metaforineskortos.lt\/?post_type=product&#038;p=12812"},"modified":"2023-09-25T14:14:55","modified_gmt":"2023-09-25T11:14:55","slug":"testas","status":"publish","type":"product","link":"https:\/\/metaforineskortos.lt\/en\/parduotuve\/mokymai\/testas\/","title":{"rendered":"QUIZ - select metaphorical cards (LT)"},"content":{"rendered":"<p class=\"translation-block\"><strong>Choosing metaphorical cards<\/strong> can be a challenge not only for beginners but also for professionals. The former need more information, instructions, more universal use. Meanwhile, professionals already want to specialize, deepen certain areas, and more and more specific choices are needed. <strong>Metaphorical card selection test -<\/strong> a great way and opportunity to easily check which metaphorical associative cards meet your needs and expectations.<\/p>\n<div class=\"xdj266r x11i5rnm xat24cr x1mh8g0r x1vvkbs x126k92a\">\n<div dir=\"auto\">Quiz will help you understand whether you have already properly formed your deck of cards, and maybe it is worth replenishing it. The assortment of cards is constantly expanding, so the selection of metaphorical cards can be reviewed periodically.<\/div>\n<div dir=\"auto\"><\/div>\n<\/div>\n<p class=\"translation-block\">You can find all offered goods or services in the <a href=\"https:\/\/metaforineskortos.lt\/en\/pardotuve\/\" target=\"_blank\" rel=\"noopener\">metaphor cards shop<\/a>. The assortment of metaphorical cards is one of the widest in Lithuania, so everyone will definitely find the most suitable set here. Cards come in a variety of styles, compositions and themes. Suitable for both personal and <a href=\"https:\/\/re-act.lt\/\" target=\"_blank\" rel=\"noopener\">professional use<\/a>.<\/p>\n<p class=\"translation-block\">If you want to learn how to use metaphorical cards in your own activity, check out our courses: from <a href=\"https:\/\/metaforineskortos.lt\/en\/patarimai\/\" target=\"_blank\" rel=\"noopener\">tips and advices<\/a>, <a href=\"https:\/\/metaforineskortos.lt\/en\/koucingo-sesija\/\" target=\"_blank\" rel=\"noopener\">personal sessions<\/a> to <a href=\"https:\/\/metaforineskortos.lt\/en\/mokymai\/specialus- course\/\" target=\"_blank\" rel=\"noopener\">group<\/a> or <a href=\"https:\/\/metaforineskortos.lt\/en\/mokymai\/komandiniai-mokymai\/\" target=\"_blank\" rel=\"noopener\">team training<\/a>.<\/p>\n<p><em><strong>Tips for completing the QUIZ- QUESTIONNAIRE:<\/strong><\/em><\/p>\n<ul>\n<li>The test is free and you can take it as many times as you need;<\/li>\n<li>Choose cards for one area of activity at the same time (do not mix all areas of use);<\/li>\n<li>It is advisable to purchase the TOP 5 card variants.<\/li>\n<li>A detailed schedule of cards will show you which sets you should still look into.<\/li>\n<li>A minus rating for the set means that it does not meet certain criteria specified by you.<\/li>\n<li>After completing the test, you will receive an email. a letter. Keep it as a reminder of which cards are worth buying.<\/li>\n<\/ul>","protected":false},"excerpt":{"rendered":"<p class=\"translation-block\"><strong>Choosing metaphorical cards<\/strong> can be a challenge not only for beginners but also for professionals. The former need more information, instructions, more universal use. Meanwhile, professionals already want to specialize, deepen certain areas, and more and more specific choices are needed.<\/p>","protected":false},"featured_media":12822,"template":"","meta":{"site-sidebar-layout":"default","site-content-layout":"default","ast-site-content-layout":"default","site-content-style":"default","site-sidebar-style":"default","ast-global-header-display":"","ast-banner-title-visibility":"","ast-main-header-display":"","ast-hfb-above-header-display":"","ast-hfb-below-header-display":"","ast-hfb-mobile-header-display":"","site-post-title":"","ast-breadcrumbs-content":"","ast-featured-img":"","footer-sml-layout":"","ast-disable-related-posts":"","theme-transparent-header-meta":"default","adv-header-id-meta":"","stick-header-meta":"","header-above-stick-meta":"","header-main-stick-meta":"","header-below-stick-meta":"","astra-migrate-meta-layouts":"set","ast-page-background-enabled":"default","ast-page-background-meta":{"desktop":{"background-color":"","background-image":"","background-repeat":"repeat","background-position":"center center","background-size":"auto","background-attachment":"scroll","background-type":"","background-media":"","overlay-type":"","overlay-color":"","overlay-opacity":"","overlay-gradient":""},"tablet":{"background-color":"","background-image":"","background-repeat":"repeat","background-position":"center center","background-size":"auto","background-attachment":"scroll","background-type":"","background-media":"","overlay-type":"","overlay-color":"","overlay-opacity":"","overlay-gradient":""},"mobile":{"background-color":"","background-image":"","background-repeat":"repeat","background-position":"center center","background-size":"auto","background-attachment":"scroll","background-type":"","background-media":"","overlay-type":"","overlay-color":"","overlay-opacity":"","overlay-gradient":""}},"ast-content-background-meta":{"desktop":{"background-color":"var(--ast-global-color-5)","background-image":"","background-repeat":"repeat","background-position":"center center","background-size":"auto","background-attachment":"scroll","background-type":"","background-media":"","overlay-type":"","overlay-color":"","overlay-opacity":"","overlay-gradient":""},"tablet":{"background-color":"var(--ast-global-color-5)","background-image":"","background-repeat":"repeat","background-position":"center center","background-size":"auto","background-attachment":"scroll","background-type":"","background-media":"","overlay-type":"","overlay-color":"","overlay-opacity":"","overlay-gradient":""},"mobile":{"background-color":"var(--ast-global-color-5)","background-image":"","background-repeat":"repeat","background-position":"center center","background-size":"auto","background-attachment":"scroll","background-type":"","background-media":"","overlay-type":"","overlay-color":"","overlay-opacity":"","overlay-gradient":""}}},"product_brand":[],"product_cat":[36],"product_tag":[45,65,70,34],"class_list":{"0":"post-12812","1":"product","2":"type-product","3":"status-publish","4":"has-post-thumbnail","6":"product_cat-mokymai","7":"product_tag-edukacines","8":"product_tag-mokymai","9":"product_tag-testas","10":"product_tag-universalios","11":"desktop-align-left","12":"tablet-align-left","13":"mobile-align-left","15":"first","16":"instock","17":"taxable","18":"shipping-taxable","19":"product-type-external"},"yoast_head":"<!-- This site is optimized with the Yoast SEO plugin v27.4 - https:\/\/yoast.com\/product\/yoast-seo-wordpress\/ -->\n<title>TESTAS - metaforini\u0173 kort\u0173 pasirinkimas | Metaforin\u0117s Kortos<\/title>\n<meta name=\"description\" content=\"Metaforini\u0173 kort\u0173 pasirinkimo testas - puikus b\u016bdas ir galimyb\u0117, lengvai pasitikrinti, kurios kortel\u0117s atitinka J\u016bs\u0173 poreikius, \u012fg\u016bd\u017eius ir l\u016bkes\u010dius.\" \/>\n<meta name=\"robots\" content=\"index, follow, max-snippet:-1, max-image-preview:large, max-video-preview:-1\" \/>\n<link rel=\"canonical\" href=\"https:\/\/metaforineskortos.lt\/en\/parduotuve\/mokymai\/testas\/\" \/>\n<meta property=\"og:locale\" content=\"en_GB\" \/>\n<meta property=\"og:type\" content=\"article\" \/>\n<meta property=\"og:title\" content=\"TESTAS - metaforini\u0173 kort\u0173 pasirinkimas | Metaforin\u0117s Kortos\" \/>\n<meta property=\"og:description\" content=\"Metaforini\u0173 kort\u0173 pasirinkimo testas - puikus b\u016bdas ir galimyb\u0117, lengvai pasitikrinti, kurios kortel\u0117s atitinka J\u016bs\u0173 poreikius, \u012fg\u016bd\u017eius ir l\u016bkes\u010dius.\" \/>\n<meta property=\"og:url\" content=\"https:\/\/metaforineskortos.lt\/en\/parduotuve\/mokymai\/testas\/\" \/>\n<meta property=\"og:site_name\" content=\"Metaforin\u0117s Kortos\" \/>\n<meta property=\"article:modified_time\" content=\"2023-09-25T11:14:55+00:00\" \/>\n<meta property=\"og:image\" content=\"https:\/\/metaforineskortos.lt\/wp-content\/uploads\/2023\/09\/MAK-TESTAS-1-1024x819.png\" \/>\n\t<meta property=\"og:image:width\" content=\"1024\" \/>\n\t<meta property=\"og:image:height\" content=\"819\" \/>\n\t<meta property=\"og:image:type\" content=\"image\/png\" \/>\n<meta name=\"twitter:card\" content=\"summary_large_image\" \/>\n<meta name=\"twitter:label1\" content=\"Estimated reading time\" \/>\n\t<meta name=\"twitter:data1\" content=\"2 minutes\" \/>\n<script type=\"application\/ld+json\" class=\"yoast-schema-graph\">{\"@context\":\"https:\\\/\\\/schema.org\",\"@graph\":[{\"@type\":\"WebPage\",\"@id\":\"https:\\\/\\\/metaforineskortos.lt\\\/parduotuve\\\/mokymai\\\/testas\\\/\",\"url\":\"https:\\\/\\\/metaforineskortos.lt\\\/parduotuve\\\/mokymai\\\/testas\\\/\",\"name\":\"TESTAS - metaforini\u0173 kort\u0173 pasirinkimas | Metaforin\u0117s Kortos\",\"isPartOf\":{\"@id\":\"https:\\\/\\\/metaforineskortos.lt\\\/#website\"},\"primaryImageOfPage\":{\"@id\":\"https:\\\/\\\/metaforineskortos.lt\\\/parduotuve\\\/mokymai\\\/testas\\\/#primaryimage\"},\"image\":{\"@id\":\"https:\\\/\\\/metaforineskortos.lt\\\/parduotuve\\\/mokymai\\\/testas\\\/#primaryimage\"},\"thumbnailUrl\":\"https:\\\/\\\/i0.wp.com\\\/metaforineskortos.lt\\\/wp-content\\\/uploads\\\/2023\\\/09\\\/MAK-TESTAS-1.png?fit=1890%2C1512&ssl=1\",\"datePublished\":\"2023-09-25T09:09:57+00:00\",\"dateModified\":\"2023-09-25T11:14:55+00:00\",\"description\":\"Metaforini\u0173 kort\u0173 pasirinkimo testas - puikus b\u016bdas ir galimyb\u0117, lengvai pasitikrinti, kurios kortel\u0117s atitinka J\u016bs\u0173 poreikius, \u012fg\u016bd\u017eius ir l\u016bkes\u010dius.\",\"breadcrumb\":{\"@id\":\"https:\\\/\\\/metaforineskortos.lt\\\/parduotuve\\\/mokymai\\\/testas\\\/#breadcrumb\"},\"inLanguage\":\"en-GB\",\"potentialAction\":[{\"@type\":\"ReadAction\",\"target\":[\"https:\\\/\\\/metaforineskortos.lt\\\/parduotuve\\\/mokymai\\\/testas\\\/\"]}]},{\"@type\":\"ImageObject\",\"inLanguage\":\"en-GB\",\"@id\":\"https:\\\/\\\/metaforineskortos.lt\\\/parduotuve\\\/mokymai\\\/testas\\\/#primaryimage\",\"url\":\"https:\\\/\\\/i0.wp.com\\\/metaforineskortos.lt\\\/wp-content\\\/uploads\\\/2023\\\/09\\\/MAK-TESTAS-1.png?fit=1890%2C1512&ssl=1\",\"contentUrl\":\"https:\\\/\\\/i0.wp.com\\\/metaforineskortos.lt\\\/wp-content\\\/uploads\\\/2023\\\/09\\\/MAK-TESTAS-1.png?fit=1890%2C1512&ssl=1\",\"width\":1890,\"height\":1512,\"caption\":\"TESTAS metaforini\u0173 kort\u0173 pasirinkimas\"},{\"@type\":\"BreadcrumbList\",\"@id\":\"https:\\\/\\\/metaforineskortos.lt\\\/parduotuve\\\/mokymai\\\/testas\\\/#breadcrumb\",\"itemListElement\":[{\"@type\":\"ListItem\",\"position\":1,\"name\":\"Home\",\"item\":\"https:\\\/\\\/metaforineskortos.lt\\\/\"},{\"@type\":\"ListItem\",\"position\":2,\"name\":\"Parduotuv\u0117\",\"item\":\"https:\\\/\\\/metaforineskortos.lt\\\/parduotuve\\\/\"},{\"@type\":\"ListItem\",\"position\":3,\"name\":\"TESTAS &#8211; metaforini\u0173 kort\u0173 pasirinkimas\"}]},{\"@type\":\"WebSite\",\"@id\":\"https:\\\/\\\/metaforineskortos.lt\\\/#website\",\"url\":\"https:\\\/\\\/metaforineskortos.lt\\\/\",\"name\":\"Metaforin\u0117s Kortos\",\"description\":\"Metaforin\u0117s Kortos ir Saviugdos Mokymai\",\"publisher\":{\"@id\":\"https:\\\/\\\/metaforineskortos.lt\\\/#organization\"},\"potentialAction\":[{\"@type\":\"SearchAction\",\"target\":{\"@type\":\"EntryPoint\",\"urlTemplate\":\"https:\\\/\\\/metaforineskortos.lt\\\/?s={search_term_string}\"},\"query-input\":{\"@type\":\"PropertyValueSpecification\",\"valueRequired\":true,\"valueName\":\"search_term_string\"}}],\"inLanguage\":\"en-GB\"},{\"@type\":\"Organization\",\"@id\":\"https:\\\/\\\/metaforineskortos.lt\\\/#organization\",\"name\":\"Metaforin\u0117s Kortos\",\"url\":\"https:\\\/\\\/metaforineskortos.lt\\\/\",\"logo\":{\"@type\":\"ImageObject\",\"inLanguage\":\"en-GB\",\"@id\":\"https:\\\/\\\/metaforineskortos.lt\\\/#\\\/schema\\\/logo\\\/image\\\/\",\"url\":\"https:\\\/\\\/metaforineskortos.lt\\\/wp-content\\\/uploads\\\/2021\\\/03\\\/re-act-logo.svg\",\"contentUrl\":\"https:\\\/\\\/metaforineskortos.lt\\\/wp-content\\\/uploads\\\/2021\\\/03\\\/re-act-logo.svg\",\"width\":117,\"height\":58,\"caption\":\"Metaforin\u0117s Kortos\"},\"image\":{\"@id\":\"https:\\\/\\\/metaforineskortos.lt\\\/#\\\/schema\\\/logo\\\/image\\\/\"}}]}<\/script>\n<!-- \/ Yoast SEO plugin. -->","yoast_head_json":{"title":"TESTAS - metaforini\u0173 kort\u0173 pasirinkimas | Metaforin\u0117s Kortos","description":"Metaforini\u0173 kort\u0173 pasirinkimo testas - puikus b\u016bdas ir galimyb\u0117, lengvai pasitikrinti, kurios kortel\u0117s atitinka J\u016bs\u0173 poreikius, \u012fg\u016bd\u017eius ir l\u016bkes\u010dius.","robots":{"index":"index","follow":"follow","max-snippet":"max-snippet:-1","max-image-preview":"max-image-preview:large","max-video-preview":"max-video-preview:-1"},"canonical":"https:\/\/metaforineskortos.lt\/en\/parduotuve\/mokymai\/testas\/","og_locale":"en_GB","og_type":"article","og_title":"TESTAS - metaforini\u0173 kort\u0173 pasirinkimas | Metaforin\u0117s Kortos","og_description":"Metaforini\u0173 kort\u0173 pasirinkimo testas - puikus b\u016bdas ir galimyb\u0117, lengvai pasitikrinti, kurios kortel\u0117s atitinka J\u016bs\u0173 poreikius, \u012fg\u016bd\u017eius ir l\u016bkes\u010dius.","og_url":"https:\/\/metaforineskortos.lt\/en\/parduotuve\/mokymai\/testas\/","og_site_name":"Metaforin\u0117s Kortos","article_modified_time":"2023-09-25T11:14:55+00:00","og_image":[{"width":1024,"height":819,"url":"https:\/\/metaforineskortos.lt\/wp-content\/uploads\/2023\/09\/MAK-TESTAS-1-1024x819.png","type":"image\/png"}],"twitter_card":"summary_large_image","twitter_misc":{"Estimated reading time":"2 minutes"},"schema":{"@context":"https:\/\/schema.org","@graph":[{"@type":"WebPage","@id":"https:\/\/metaforineskortos.lt\/parduotuve\/mokymai\/testas\/","url":"https:\/\/metaforineskortos.lt\/parduotuve\/mokymai\/testas\/","name":"TESTAS - metaforini\u0173 kort\u0173 pasirinkimas | Metaforin\u0117s Kortos","isPartOf":{"@id":"https:\/\/metaforineskortos.lt\/#website"},"primaryImageOfPage":{"@id":"https:\/\/metaforineskortos.lt\/parduotuve\/mokymai\/testas\/#primaryimage"},"image":{"@id":"https:\/\/metaforineskortos.lt\/parduotuve\/mokymai\/testas\/#primaryimage"},"thumbnailUrl":"https:\/\/i0.wp.com\/metaforineskortos.lt\/wp-content\/uploads\/2023\/09\/MAK-TESTAS-1.png?fit=1890%2C1512&ssl=1","datePublished":"2023-09-25T09:09:57+00:00","dateModified":"2023-09-25T11:14:55+00:00","description":"Metaforini\u0173 kort\u0173 pasirinkimo testas - puikus b\u016bdas ir galimyb\u0117, lengvai pasitikrinti, kurios kortel\u0117s atitinka J\u016bs\u0173 poreikius, \u012fg\u016bd\u017eius ir l\u016bkes\u010dius.","breadcrumb":{"@id":"https:\/\/metaforineskortos.lt\/parduotuve\/mokymai\/testas\/#breadcrumb"},"inLanguage":"en-GB","potentialAction":[{"@type":"ReadAction","target":["https:\/\/metaforineskortos.lt\/parduotuve\/mokymai\/testas\/"]}]},{"@type":"ImageObject","inLanguage":"en-GB","@id":"https:\/\/metaforineskortos.lt\/parduotuve\/mokymai\/testas\/#primaryimage","url":"https:\/\/i0.wp.com\/metaforineskortos.lt\/wp-content\/uploads\/2023\/09\/MAK-TESTAS-1.png?fit=1890%2C1512&ssl=1","contentUrl":"https:\/\/i0.wp.com\/metaforineskortos.lt\/wp-content\/uploads\/2023\/09\/MAK-TESTAS-1.png?fit=1890%2C1512&ssl=1","width":1890,"height":1512,"caption":"TESTAS metaforini\u0173 kort\u0173 pasirinkimas"},{"@type":"BreadcrumbList","@id":"https:\/\/metaforineskortos.lt\/parduotuve\/mokymai\/testas\/#breadcrumb","itemListElement":[{"@type":"ListItem","position":1,"name":"Home","item":"https:\/\/metaforineskortos.lt\/"},{"@type":"ListItem","position":2,"name":"Parduotuv\u0117","item":"https:\/\/metaforineskortos.lt\/parduotuve\/"},{"@type":"ListItem","position":3,"name":"TESTAS &#8211; metaforini\u0173 kort\u0173 pasirinkimas"}]},{"@type":"WebSite","@id":"https:\/\/metaforineskortos.lt\/#website","url":"https:\/\/metaforineskortos.lt\/","name":"Metaforin\u0117s Kortos","description":"Metaforin\u0117s Kortos ir Saviugdos Mokymai","publisher":{"@id":"https:\/\/metaforineskortos.lt\/#organization"},"potentialAction":[{"@type":"SearchAction","target":{"@type":"EntryPoint","urlTemplate":"https:\/\/metaforineskortos.lt\/?s={search_term_string}"},"query-input":{"@type":"PropertyValueSpecification","valueRequired":true,"valueName":"search_term_string"}}],"inLanguage":"en-GB"},{"@type":"Organization","@id":"https:\/\/metaforineskortos.lt\/#organization","name":"Metaforin\u0117s Kortos","url":"https:\/\/metaforineskortos.lt\/","logo":{"@type":"ImageObject","inLanguage":"en-GB","@id":"https:\/\/metaforineskortos.lt\/#\/schema\/logo\/image\/","url":"https:\/\/metaforineskortos.lt\/wp-content\/uploads\/2021\/03\/re-act-logo.svg","contentUrl":"https:\/\/metaforineskortos.lt\/wp-content\/uploads\/2021\/03\/re-act-logo.svg","width":117,"height":58,"caption":"Metaforin\u0117s Kortos"},"image":{"@id":"https:\/\/metaforineskortos.lt\/#\/schema\/logo\/image\/"}}]}},"jetpack_sharing_enabled":true,"_links":{"self":[{"href":"https:\/\/metaforineskortos.lt\/en\/wp-json\/wp\/v2\/product\/12812","targetHints":{"allow":["GET"]}}],"collection":[{"href":"https:\/\/metaforineskortos.lt\/en\/wp-json\/wp\/v2\/product"}],"about":[{"href":"https:\/\/metaforineskortos.lt\/en\/wp-json\/wp\/v2\/types\/product"}],"wp:featuredmedia":[{"embeddable":true,"href":"https:\/\/metaforineskortos.lt\/en\/wp-json\/wp\/v2\/media\/12822"}],"wp:attachment":[{"href":"https:\/\/metaforineskortos.lt\/en\/wp-json\/wp\/v2\/media?parent=12812"}],"wp:term":[{"taxonomy":"product_brand","embeddable":true,"href":"https:\/\/metaforineskortos.lt\/en\/wp-json\/wp\/v2\/product_brand?post=12812"},{"taxonomy":"product_cat","embeddable":true,"href":"https:\/\/metaforineskortos.lt\/en\/wp-json\/wp\/v2\/product_cat?post=12812"},{"taxonomy":"product_tag","embeddable":true,"href":"https:\/\/metaforineskortos.lt\/en\/wp-json\/wp\/v2\/product_tag?post=12812"}],"curies":[{"name":"wp","href":"https:\/\/api.w.org\/{rel}","templated":true}]}}