{"id":12767,"date":"2023-09-20T16:00:26","date_gmt":"2023-09-20T13:00:26","guid":{"rendered":"https:\/\/metaforineskortos.lt\/?post_type=product&#038;p=12767"},"modified":"2026-03-01T00:37:17","modified_gmt":"2026-02-28T21:37:17","slug":"grow-koucingo-klausimai","status":"publish","type":"product","link":"https:\/\/metaforineskortos.lt\/en\/parduotuve\/metaforines-kortos\/grow-koucingo-klausimai\/","title":{"rendered":"GROW kou\u010dingo kortos &#8211; 188 klausimai"},"content":{"rendered":"<p><strong>GROW kou\u010dingo kortos <\/strong>&#8211; tai 188 kou\u010dingo klausimai, pritaikyti bet kokiai u\u017eklausai. Gal\u0117site i\u0161samiai i\u0161tyrin\u0117ti visus poky\u010dio etapus, nuo tikslo iki veiksm\u0173 plano. Kou\u010dingo kortos suteikia netik\u0117tumo ir gylio efekt\u0105.<\/p>\n<p>GROW kou\u010dingo kortos &#8211; 188 kou\u010dingo klausimai ypa\u010d pravers:<\/p>\n<ul>\n<li class=\"translation-block\"><strong>Professionals<\/strong>. Brings innovation and enriches, diversifies coaching sessions.<\/li>\n<li class=\"translation-block\"><strong>Beginners<\/strong>. Helps to find the right questions, forms the skills of leading a session.<\/li>\n<li class=\"translation-block\"><strong>Supervisors<\/strong>. Encourages self-evaluation and improvement of available coaching competencies.<\/li>\n<li class=\"translation-block\"><strong>Group moderators<\/strong>. Provides clarity and consistency when working with groups.<\/li>\n<li class=\"translation-block\"><strong>Personal use<\/strong>. Allows you to easily solve emerging problems yourself.<\/li>\n<\/ul>\n<p class=\"translation-block\">Intended for: <em> - Coaching specialists, consultants<\/em>\u2b50\u2b50\u2b50<em> - Personal use, training exercises <\/em>\u2b50\u2b50\u2b50<em> - HR specialists, personnel workers<\/em>\u2b50\u2b50\u2b50 <em> - Managers, team leaders <\/em>\u2b50\u2b50\u2b50<em> - Psychologists, psychotherapists <\/em>\u2b50\u2b50<em> - Educators, social workers <\/em>\u2b50\u2b50<em> - Training coaches, lecturers \u2b50\u2b50<\/p>\n<p><strong><u>Set includes:<\/u><\/strong><\/p>\n<p class=\"translation-block\"><strong>G (Goal).<\/strong> 36 questions that help clarify the problem or the goal being pursued.<\/p>\n<p class=\"translation-block\"><strong>R (Reality).<\/strong> 36 questions revealing the current situation and the factors influencing it.<\/p>\n<p class=\"translation-block\"><strong>O (Options).<\/strong> 36 questions that encourage you to discover new, unconventional solutions.<\/p>\n<p><strong>W (Way).<\/strong> 36 questions that lead to the creation of an action plan and the determination to act.<\/p>\n<p><strong>Y (<\/strong><strong>Yes!<\/strong><strong>).<\/strong> 8 questions to check that the client knows what he wants and how he will achieve it.<\/p>\n<p><strong>S (Supervision).<\/strong> 36 questions for reviewing the session and improving competences.<\/p>\n<p>These cards work well with other coaching cards: <strong><a href=\"https:\/\/metaforineskortos.lt\/en\/parduotuve\/metaforines-kortos\/insight-izvalgu-kortos\/\" target=\"_blank\" rel=\"noopener\">Insight<\/a><\/strong> or <a href=\"https:\/\/metaforineskortos.lt\/en\/parduotuve\/metaforines-kortos\/resource-resursu-kortos\/\" target=\"_blank\" rel=\"noopener\"><strong>ReSource<\/strong><\/a>.<\/p>\n<p class=\"translation-block\">Find out how to use <a href=\"https:\/\/re-act.lt\/metodikos\/metaforines-kortos\/\" target=\"_blank\" rel=\"noopener\">metaphorical cards<\/a> in your activities, look here: <a href=\"https:\/\/metaforineskortos.lt\/en\/mokymai\/\" target=\"_blank\" rel=\"noopener\">COURSES<\/a><\/p>","protected":false},"excerpt":{"rendered":"<p class=\"translation-block\"><strong>GROW<\/strong> set consists of 188 coaching questions tailored to any query. You will be able to explore in detail all the stages of change, from the goal to the action plan. The cards add an effect of surprise and depth.<\/p>\n<p class=\"translation-block\">GROW - 188 coaching questions bring innovation and enrichment, diversify coaching sessions, help you discover the right questions, and shape the skills of conducting a session.\nEncourages self-evaluation and improvement of available coaching competencies.<\/p>\n<div id=\"gtx-trans\" style=\"position: absolute; left: -33px; top: 71px;\">\n<div class=\"gtx-trans-icon\"><\/div>\n<\/div>","protected":false},"featured_media":12768,"template":"","meta":{"site-sidebar-layout":"default","site-content-layout":"default","ast-site-content-layout":"default","site-content-style":"default","site-sidebar-style":"default","ast-global-header-display":"","ast-banner-title-visibility":"","ast-main-header-display":"","ast-hfb-above-header-display":"","ast-hfb-below-header-display":"","ast-hfb-mobile-header-display":"","site-post-title":"","ast-breadcrumbs-content":"","ast-featured-img":"","footer-sml-layout":"","ast-disable-related-posts":"","theme-transparent-header-meta":"default","adv-header-id-meta":"","stick-header-meta":"","header-above-stick-meta":"","header-main-stick-meta":"","header-below-stick-meta":"","astra-migrate-meta-layouts":"set","ast-page-background-enabled":"default","ast-page-background-meta":{"desktop":{"background-color":"","background-image":"","background-repeat":"repeat","background-position":"center center","background-size":"auto","background-attachment":"scroll","background-type":"","background-media":"","overlay-type":"","overlay-color":"","overlay-opacity":"","overlay-gradient":""},"tablet":{"background-color":"","background-image":"","background-repeat":"repeat","background-position":"center center","background-size":"auto","background-attachment":"scroll","background-type":"","background-media":"","overlay-type":"","overlay-color":"","overlay-opacity":"","overlay-gradient":""},"mobile":{"background-color":"","background-image":"","background-repeat":"repeat","background-position":"center center","background-size":"auto","background-attachment":"scroll","background-type":"","background-media":"","overlay-type":"","overlay-color":"","overlay-opacity":"","overlay-gradient":""}},"ast-content-background-meta":{"desktop":{"background-color":"var(--ast-global-color-5)","background-image":"","background-repeat":"repeat","background-position":"center center","background-size":"auto","background-attachment":"scroll","background-type":"","background-media":"","overlay-type":"","overlay-color":"","overlay-opacity":"","overlay-gradient":""},"tablet":{"background-color":"var(--ast-global-color-5)","background-image":"","background-repeat":"repeat","background-position":"center center","background-size":"auto","background-attachment":"scroll","background-type":"","background-media":"","overlay-type":"","overlay-color":"","overlay-opacity":"","overlay-gradient":""},"mobile":{"background-color":"var(--ast-global-color-5)","background-image":"","background-repeat":"repeat","background-position":"center center","background-size":"auto","background-attachment":"scroll","background-type":"","background-media":"","overlay-type":"","overlay-color":"","overlay-opacity":"","overlay-gradient":""}}},"product_brand":[],"product_cat":[31],"product_tag":[45,55,56,68,58,44,34],"class_list":{"0":"post-12767","1":"product","2":"type-product","3":"status-publish","4":"has-post-thumbnail","6":"product_cat-metaforines-kortos","7":"product_tag-edukacines","8":"product_tag-izvalgu","9":"product_tag-koucingines","10":"product_tag-pokalbiai","11":"product_tag-populiarios","12":"product_tag-resursines","13":"product_tag-universalios","14":"desktop-align-left","15":"tablet-align-left","16":"mobile-align-left","18":"first","19":"instock","20":"taxable","21":"shipping-taxable","22":"purchasable","23":"product-type-simple"},"yoast_head":"<!-- This site is optimized with the Yoast SEO plugin v27.3 - https:\/\/yoast.com\/product\/yoast-seo-wordpress\/ -->\n<title>GROW kou\u010dingo kortos - 188 kou\u010dingo klausimai - Metaforin\u0117s Kortos<\/title>\n<meta name=\"description\" content=\"GROW kou\u010dingo kortos - 188 klausimai pad\u0117s ir kou\u010dingo profesionalui, ir pradedan\u010diajam. Netik\u0117ti klausimai praturtins sesijas ir suteiks nauj\u0173 \u012f\u017evalg\u0173.\" \/>\n<meta name=\"robots\" content=\"index, follow, max-snippet:-1, max-image-preview:large, max-video-preview:-1\" \/>\n<link rel=\"canonical\" href=\"https:\/\/metaforineskortos.lt\/en\/parduotuve\/metaforines-kortos\/grow-koucingo-klausimai\/\" \/>\n<meta property=\"og:locale\" content=\"en_GB\" \/>\n<meta property=\"og:type\" content=\"article\" \/>\n<meta property=\"og:title\" content=\"GROW kou\u010dingo kortos - 188 kou\u010dingo klausimai - Metaforin\u0117s Kortos\" \/>\n<meta property=\"og:description\" content=\"GROW kou\u010dingo kortos - 188 klausimai pad\u0117s ir kou\u010dingo profesionalui, ir pradedan\u010diajam. Netik\u0117ti klausimai praturtins sesijas ir suteiks nauj\u0173 \u012f\u017evalg\u0173.\" \/>\n<meta property=\"og:url\" content=\"https:\/\/metaforineskortos.lt\/en\/parduotuve\/metaforines-kortos\/grow-koucingo-klausimai\/\" \/>\n<meta property=\"og:site_name\" content=\"Metaforin\u0117s Kortos\" \/>\n<meta property=\"article:modified_time\" content=\"2026-02-28T21:37:17+00:00\" \/>\n<meta property=\"og:image\" content=\"https:\/\/metaforineskortos.lt\/wp-content\/uploads\/2023\/09\/GROW-1024x819.png\" \/>\n\t<meta property=\"og:image:width\" content=\"1024\" \/>\n\t<meta property=\"og:image:height\" content=\"819\" \/>\n\t<meta property=\"og:image:type\" content=\"image\/png\" \/>\n<meta name=\"twitter:card\" content=\"summary_large_image\" \/>\n<meta name=\"twitter:label1\" content=\"Estimated reading time\" \/>\n\t<meta name=\"twitter:data1\" content=\"2 minutes\" \/>\n<script type=\"application\/ld+json\" class=\"yoast-schema-graph\">{\"@context\":\"https:\\\/\\\/schema.org\",\"@graph\":[{\"@type\":\"WebPage\",\"@id\":\"https:\\\/\\\/metaforineskortos.lt\\\/parduotuve\\\/metaforines-kortos\\\/grow-koucingo-klausimai\\\/\",\"url\":\"https:\\\/\\\/metaforineskortos.lt\\\/parduotuve\\\/metaforines-kortos\\\/grow-koucingo-klausimai\\\/\",\"name\":\"GROW kou\u010dingo kortos - 188 kou\u010dingo klausimai - Metaforin\u0117s Kortos\",\"isPartOf\":{\"@id\":\"https:\\\/\\\/metaforineskortos.lt\\\/#website\"},\"primaryImageOfPage\":{\"@id\":\"https:\\\/\\\/metaforineskortos.lt\\\/parduotuve\\\/metaforines-kortos\\\/grow-koucingo-klausimai\\\/#primaryimage\"},\"image\":{\"@id\":\"https:\\\/\\\/metaforineskortos.lt\\\/parduotuve\\\/metaforines-kortos\\\/grow-koucingo-klausimai\\\/#primaryimage\"},\"thumbnailUrl\":\"https:\\\/\\\/i0.wp.com\\\/metaforineskortos.lt\\\/wp-content\\\/uploads\\\/2023\\\/09\\\/GROW.png?fit=1890%2C1512&ssl=1\",\"datePublished\":\"2023-09-20T13:00:26+00:00\",\"dateModified\":\"2026-02-28T21:37:17+00:00\",\"description\":\"GROW kou\u010dingo kortos - 188 klausimai pad\u0117s ir kou\u010dingo profesionalui, ir pradedan\u010diajam. Netik\u0117ti klausimai praturtins sesijas ir suteiks nauj\u0173 \u012f\u017evalg\u0173.\",\"breadcrumb\":{\"@id\":\"https:\\\/\\\/metaforineskortos.lt\\\/parduotuve\\\/metaforines-kortos\\\/grow-koucingo-klausimai\\\/#breadcrumb\"},\"inLanguage\":\"en-GB\",\"potentialAction\":[{\"@type\":\"ReadAction\",\"target\":[\"https:\\\/\\\/metaforineskortos.lt\\\/parduotuve\\\/metaforines-kortos\\\/grow-koucingo-klausimai\\\/\"]}]},{\"@type\":\"ImageObject\",\"inLanguage\":\"en-GB\",\"@id\":\"https:\\\/\\\/metaforineskortos.lt\\\/parduotuve\\\/metaforines-kortos\\\/grow-koucingo-klausimai\\\/#primaryimage\",\"url\":\"https:\\\/\\\/i0.wp.com\\\/metaforineskortos.lt\\\/wp-content\\\/uploads\\\/2023\\\/09\\\/GROW.png?fit=1890%2C1512&ssl=1\",\"contentUrl\":\"https:\\\/\\\/i0.wp.com\\\/metaforineskortos.lt\\\/wp-content\\\/uploads\\\/2023\\\/09\\\/GROW.png?fit=1890%2C1512&ssl=1\",\"width\":1890,\"height\":1512,\"caption\":\"GROW 188 kou\u010dingo klausimai\"},{\"@type\":\"BreadcrumbList\",\"@id\":\"https:\\\/\\\/metaforineskortos.lt\\\/parduotuve\\\/metaforines-kortos\\\/grow-koucingo-klausimai\\\/#breadcrumb\",\"itemListElement\":[{\"@type\":\"ListItem\",\"position\":1,\"name\":\"Home\",\"item\":\"https:\\\/\\\/metaforineskortos.lt\\\/\"},{\"@type\":\"ListItem\",\"position\":2,\"name\":\"Parduotuv\u0117\",\"item\":\"https:\\\/\\\/metaforineskortos.lt\\\/parduotuve\\\/\"},{\"@type\":\"ListItem\",\"position\":3,\"name\":\"GROW kou\u010dingo kortos &#8211; 188 klausimai\"}]},{\"@type\":\"WebSite\",\"@id\":\"https:\\\/\\\/metaforineskortos.lt\\\/#website\",\"url\":\"https:\\\/\\\/metaforineskortos.lt\\\/\",\"name\":\"Metaforin\u0117s Kortos\",\"description\":\"Metaforin\u0117s Kortos ir Saviugdos Mokymai\",\"publisher\":{\"@id\":\"https:\\\/\\\/metaforineskortos.lt\\\/#organization\"},\"potentialAction\":[{\"@type\":\"SearchAction\",\"target\":{\"@type\":\"EntryPoint\",\"urlTemplate\":\"https:\\\/\\\/metaforineskortos.lt\\\/?s={search_term_string}\"},\"query-input\":{\"@type\":\"PropertyValueSpecification\",\"valueRequired\":true,\"valueName\":\"search_term_string\"}}],\"inLanguage\":\"en-GB\"},{\"@type\":\"Organization\",\"@id\":\"https:\\\/\\\/metaforineskortos.lt\\\/#organization\",\"name\":\"Metaforin\u0117s Kortos\",\"url\":\"https:\\\/\\\/metaforineskortos.lt\\\/\",\"logo\":{\"@type\":\"ImageObject\",\"inLanguage\":\"en-GB\",\"@id\":\"https:\\\/\\\/metaforineskortos.lt\\\/#\\\/schema\\\/logo\\\/image\\\/\",\"url\":\"https:\\\/\\\/metaforineskortos.lt\\\/wp-content\\\/uploads\\\/2021\\\/03\\\/re-act-logo.svg\",\"contentUrl\":\"https:\\\/\\\/metaforineskortos.lt\\\/wp-content\\\/uploads\\\/2021\\\/03\\\/re-act-logo.svg\",\"width\":117,\"height\":58,\"caption\":\"Metaforin\u0117s Kortos\"},\"image\":{\"@id\":\"https:\\\/\\\/metaforineskortos.lt\\\/#\\\/schema\\\/logo\\\/image\\\/\"}}]}<\/script>\n<!-- \/ Yoast SEO plugin. -->","yoast_head_json":{"title":"GROW kou\u010dingo kortos - 188 kou\u010dingo klausimai - Metaforin\u0117s Kortos","description":"GROW kou\u010dingo kortos - 188 klausimai pad\u0117s ir kou\u010dingo profesionalui, ir pradedan\u010diajam. Netik\u0117ti klausimai praturtins sesijas ir suteiks nauj\u0173 \u012f\u017evalg\u0173.","robots":{"index":"index","follow":"follow","max-snippet":"max-snippet:-1","max-image-preview":"max-image-preview:large","max-video-preview":"max-video-preview:-1"},"canonical":"https:\/\/metaforineskortos.lt\/en\/parduotuve\/metaforines-kortos\/grow-koucingo-klausimai\/","og_locale":"en_GB","og_type":"article","og_title":"GROW kou\u010dingo kortos - 188 kou\u010dingo klausimai - Metaforin\u0117s Kortos","og_description":"GROW kou\u010dingo kortos - 188 klausimai pad\u0117s ir kou\u010dingo profesionalui, ir pradedan\u010diajam. Netik\u0117ti klausimai praturtins sesijas ir suteiks nauj\u0173 \u012f\u017evalg\u0173.","og_url":"https:\/\/metaforineskortos.lt\/en\/parduotuve\/metaforines-kortos\/grow-koucingo-klausimai\/","og_site_name":"Metaforin\u0117s Kortos","article_modified_time":"2026-02-28T21:37:17+00:00","og_image":[{"width":1024,"height":819,"url":"https:\/\/metaforineskortos.lt\/wp-content\/uploads\/2023\/09\/GROW-1024x819.png","type":"image\/png"}],"twitter_card":"summary_large_image","twitter_misc":{"Estimated reading time":"2 minutes"},"schema":{"@context":"https:\/\/schema.org","@graph":[{"@type":"WebPage","@id":"https:\/\/metaforineskortos.lt\/parduotuve\/metaforines-kortos\/grow-koucingo-klausimai\/","url":"https:\/\/metaforineskortos.lt\/parduotuve\/metaforines-kortos\/grow-koucingo-klausimai\/","name":"GROW kou\u010dingo kortos - 188 kou\u010dingo klausimai - Metaforin\u0117s Kortos","isPartOf":{"@id":"https:\/\/metaforineskortos.lt\/#website"},"primaryImageOfPage":{"@id":"https:\/\/metaforineskortos.lt\/parduotuve\/metaforines-kortos\/grow-koucingo-klausimai\/#primaryimage"},"image":{"@id":"https:\/\/metaforineskortos.lt\/parduotuve\/metaforines-kortos\/grow-koucingo-klausimai\/#primaryimage"},"thumbnailUrl":"https:\/\/i0.wp.com\/metaforineskortos.lt\/wp-content\/uploads\/2023\/09\/GROW.png?fit=1890%2C1512&ssl=1","datePublished":"2023-09-20T13:00:26+00:00","dateModified":"2026-02-28T21:37:17+00:00","description":"GROW kou\u010dingo kortos - 188 klausimai pad\u0117s ir kou\u010dingo profesionalui, ir pradedan\u010diajam. Netik\u0117ti klausimai praturtins sesijas ir suteiks nauj\u0173 \u012f\u017evalg\u0173.","breadcrumb":{"@id":"https:\/\/metaforineskortos.lt\/parduotuve\/metaforines-kortos\/grow-koucingo-klausimai\/#breadcrumb"},"inLanguage":"en-GB","potentialAction":[{"@type":"ReadAction","target":["https:\/\/metaforineskortos.lt\/parduotuve\/metaforines-kortos\/grow-koucingo-klausimai\/"]}]},{"@type":"ImageObject","inLanguage":"en-GB","@id":"https:\/\/metaforineskortos.lt\/parduotuve\/metaforines-kortos\/grow-koucingo-klausimai\/#primaryimage","url":"https:\/\/i0.wp.com\/metaforineskortos.lt\/wp-content\/uploads\/2023\/09\/GROW.png?fit=1890%2C1512&ssl=1","contentUrl":"https:\/\/i0.wp.com\/metaforineskortos.lt\/wp-content\/uploads\/2023\/09\/GROW.png?fit=1890%2C1512&ssl=1","width":1890,"height":1512,"caption":"GROW 188 kou\u010dingo klausimai"},{"@type":"BreadcrumbList","@id":"https:\/\/metaforineskortos.lt\/parduotuve\/metaforines-kortos\/grow-koucingo-klausimai\/#breadcrumb","itemListElement":[{"@type":"ListItem","position":1,"name":"Home","item":"https:\/\/metaforineskortos.lt\/"},{"@type":"ListItem","position":2,"name":"Parduotuv\u0117","item":"https:\/\/metaforineskortos.lt\/parduotuve\/"},{"@type":"ListItem","position":3,"name":"GROW kou\u010dingo kortos &#8211; 188 klausimai"}]},{"@type":"WebSite","@id":"https:\/\/metaforineskortos.lt\/#website","url":"https:\/\/metaforineskortos.lt\/","name":"Metaforin\u0117s Kortos","description":"Metaforin\u0117s Kortos ir Saviugdos Mokymai","publisher":{"@id":"https:\/\/metaforineskortos.lt\/#organization"},"potentialAction":[{"@type":"SearchAction","target":{"@type":"EntryPoint","urlTemplate":"https:\/\/metaforineskortos.lt\/?s={search_term_string}"},"query-input":{"@type":"PropertyValueSpecification","valueRequired":true,"valueName":"search_term_string"}}],"inLanguage":"en-GB"},{"@type":"Organization","@id":"https:\/\/metaforineskortos.lt\/#organization","name":"Metaforin\u0117s Kortos","url":"https:\/\/metaforineskortos.lt\/","logo":{"@type":"ImageObject","inLanguage":"en-GB","@id":"https:\/\/metaforineskortos.lt\/#\/schema\/logo\/image\/","url":"https:\/\/metaforineskortos.lt\/wp-content\/uploads\/2021\/03\/re-act-logo.svg","contentUrl":"https:\/\/metaforineskortos.lt\/wp-content\/uploads\/2021\/03\/re-act-logo.svg","width":117,"height":58,"caption":"Metaforin\u0117s Kortos"},"image":{"@id":"https:\/\/metaforineskortos.lt\/#\/schema\/logo\/image\/"}}]}},"jetpack_sharing_enabled":true,"_links":{"self":[{"href":"https:\/\/metaforineskortos.lt\/en\/wp-json\/wp\/v2\/product\/12767","targetHints":{"allow":["GET"]}}],"collection":[{"href":"https:\/\/metaforineskortos.lt\/en\/wp-json\/wp\/v2\/product"}],"about":[{"href":"https:\/\/metaforineskortos.lt\/en\/wp-json\/wp\/v2\/types\/product"}],"wp:featuredmedia":[{"embeddable":true,"href":"https:\/\/metaforineskortos.lt\/en\/wp-json\/wp\/v2\/media\/12768"}],"wp:attachment":[{"href":"https:\/\/metaforineskortos.lt\/en\/wp-json\/wp\/v2\/media?parent=12767"}],"wp:term":[{"taxonomy":"product_brand","embeddable":true,"href":"https:\/\/metaforineskortos.lt\/en\/wp-json\/wp\/v2\/product_brand?post=12767"},{"taxonomy":"product_cat","embeddable":true,"href":"https:\/\/metaforineskortos.lt\/en\/wp-json\/wp\/v2\/product_cat?post=12767"},{"taxonomy":"product_tag","embeddable":true,"href":"https:\/\/metaforineskortos.lt\/en\/wp-json\/wp\/v2\/product_tag?post=12767"}],"curies":[{"name":"wp","href":"https:\/\/api.w.org\/{rel}","templated":true}]}}