{"id":12698,"date":"2023-08-17T13:10:31","date_gmt":"2023-08-17T10:10:31","guid":{"rendered":"https:\/\/metaforineskortos.lt\/?post_type=product&#038;p=12698"},"modified":"2026-04-02T08:12:14","modified_gmt":"2026-04-02T05:12:14","slug":"team-komandines-kortos","status":"publish","type":"product","link":"https:\/\/metaforineskortos.lt\/en\/parduotuve\/metaforines-kortos\/team-komandines-kortos\/","title":{"rendered":"TEAM associative cards"},"content":{"rendered":"<p data-start=\"12\" data-end=\"167\"><strong>TEAM<\/strong> \u2013 asociatyvini\u0173 kort\u0173 rinkinys, skirtas darbui su <a href=\"https:\/\/re-act.lt\/paslaugos\/komandiniai-mokymai\/\" target=\"_blank\" rel=\"noopener\">komandomis<\/a> ir organizacijomis. J\u012f sudaro <strong>i\u0161sami naudojimo instrukcija<\/strong> or <strong data-start=\"123\" data-end=\"138\">90 korteli\u0173<\/strong>, suskirstyt\u0173 \u012f tris dalis:<\/p>\n<ul data-start=\"168\" data-end=\"576\">\n<li data-start=\"168\" data-end=\"303\">\n<p data-start=\"170\" data-end=\"303\"><strong data-start=\"170\" data-end=\"195\">60 situacij\u0173 korteli\u0173<\/strong> \u2013 jose pavaizduotos \u012fvairios darbo aplinkos situacijos, tradicijos, tarpusavio santykiai, \u017emoni\u0173 elgsena.<\/p>\n<\/li>\n<li data-start=\"304\" data-end=\"424\">\n<p data-start=\"306\" data-end=\"424\"><strong data-start=\"306\" data-end=\"330\">10 vaidmen\u0173 korteli\u0173<\/strong> \u2013 atskleid\u017eia skirtingus vaidmenis ir pozicijas, kurias \u017emon\u0117s prisiima darbe ar komandoje.<\/p>\n<\/li>\n<li data-start=\"425\" data-end=\"576\">\n<p data-start=\"427\" data-end=\"576\"><strong data-start=\"427\" data-end=\"451\">20 technik\u0173 korteli\u0173<\/strong> \u2013 su metodais ir praktikomis, galin\u010diomis palengvinti sprendim\u0173 pri\u0117mim\u0105, skatinti bendradarbiavim\u0105 ir problem\u0173 sprendim\u0105.<\/p>\n<\/li>\n<\/ul>\n<p data-start=\"578\" data-end=\"809\"><strong data-start=\"578\" data-end=\"601\">Vert\u0117 ir paskirtis:<\/strong><br data-start=\"601\" data-end=\"604\" \/>\u0160is rinkinys \u2013 puikus \u012frankis norint pa\u017einti komand\u0105 ir jos dinamik\u0105. Kortel\u0117s atspindi ne tik darbo procesus, bet ir santykius, pasl\u0117ptus vaidmenis, \u012fpro\u010dius, \u012fmon\u0117s stiprybes bei silpnybes. Jos padeda:<\/p>\n<ul data-start=\"810\" data-end=\"1127\">\n<li data-start=\"810\" data-end=\"869\">\n<p data-start=\"812\" data-end=\"869\">Identifikuoti stipri\u0105sias ir silpn\u0105sias komandos puses.<\/p>\n<\/li>\n<li data-start=\"870\" data-end=\"914\">\n<p data-start=\"872\" data-end=\"914\">Aptarti disfunkcijas ir galimybes augti.<\/p>\n<\/li>\n<li data-start=\"915\" data-end=\"991\">\n<p data-start=\"917\" data-end=\"991\">Skatinti atvir\u0105 diskusij\u0105, pasitik\u0117jim\u0105 ir k\u016brybi\u0161k\u0105 problem\u0173 sprendim\u0105.<\/p>\n<\/li>\n<li data-start=\"992\" data-end=\"1051\">\n<p data-start=\"994\" data-end=\"1051\">\u012e\u017evelgti vaidmenis, kurie stiprina arba stabdo komand\u0105.<\/p>\n<\/li>\n<li data-start=\"1052\" data-end=\"1127\">\n<p data-start=\"1054\" data-end=\"1127\">Suprasti kult\u016br\u0105, tradicijas ir vertybes, kurios veikia komandos darb\u0105.<\/p>\n<\/li>\n<\/ul>\n<p data-start=\"1129\" data-end=\"1242\"><em><strong>Kortel\u0117s didesnio formato, be smulki\u0173 detali\u0173, tod\u0117l ypa\u010d tinka darbui su grup\u0117mis ir suteikia ai\u0161kumo u\u017esi\u0117mimuose.<\/strong><\/em><\/p>\n<p data-start=\"1244\" data-end=\"1284\"><strong data-start=\"1244\" data-end=\"1282\">Kam pravers:<\/strong><\/p>\n<ul>\n<li style=\"font-size: 16px;\" data-start=\"1464\" data-end=\"1498\">\n<p style=\"font-size: 16px;\" data-start=\"1466\" data-end=\"1498\">Vadovams, komand\u0173 lyderiams \u2b50\u2b50\u2b50\u2b50\u2b50<\/p>\n<\/li>\n<li style=\"font-size: 16px;\" data-start=\"1323\" data-end=\"1371\">\n<p style=\"font-size: 16px;\" data-start=\"1325\" data-end=\"1371\">HR specialistams, personalo darbuotojams \u2b50\u2b50\u2b50\u2b50\u2b50<\/p>\n<\/li>\n<li data-start=\"1285\" data-end=\"1322\">\n<p data-start=\"1287\" data-end=\"1322\">Mokym\u0173 treneriams, lektoriams \u2b50\u2b50\u2b50\u2b50<\/p>\n<\/li>\n<li data-start=\"1372\" data-end=\"1417\">\n<p data-start=\"1374\" data-end=\"1417\">Kou\u010dingo specialistams, konsultantams \u2b50\u2b50\u2b50<\/p>\n<\/li>\n<li data-start=\"1418\" data-end=\"1463\">\n<p data-start=\"1420\" data-end=\"1463\">Pedagogams, socialiniams darbuotojams \u2b50\u2b50<\/p>\n<\/li>\n<li data-start=\"1499\" data-end=\"1537\">\n<p data-start=\"1501\" data-end=\"1537\">Psichologams, psichoterapeutams \u2b50<\/p>\n<\/li>\n<li data-start=\"1538\" data-end=\"1567\">\n<p data-start=\"1540\" data-end=\"1567\">Asmeniniam tobul\u0117jimui \u2b50<\/p>\n<\/li>\n<\/ul>\n<p data-start=\"1540\" data-end=\"1567\"><em style=\"font-size: 16px;\">&#8211; &#8211; &#8211;<\/em><\/p>\n<p data-start=\"1540\" data-end=\"1567\"><strong><em style=\"font-size: 16px;\">Jei norite i\u0161mokti naudoti metaforines kortas savo veikloje, spauskite \u010dia: <a href=\"https:\/\/metaforineskortos.lt\/en\/mokymai\/\" target=\"_blank\" rel=\"noopener\">COURSES<\/a><\/em><\/strong><\/p>\n<div id=\"gtx-trans\" style=\"position: absolute; left: -21px; top: -2px;\">\n<div class=\"gtx-trans-icon\"><\/div>\n<\/div>","protected":false},"excerpt":{"rendered":"<p><b><i>TEAM<\/i><\/b>\u00a0associative team cards for strengthening business teams. The set consists of 90 cards: 60 cards with various situations reflecting various work situations, traditions, people's behavior, 10 cards with the roles we assume at work and 20 cards with techniques that can facilitate decision-making.<\/p>\n<p><b><i>TEAM <\/i><\/b>cards are packed in a luxurious, sturdy box. There are detailed instructions and questions for 60 work areas.<\/p>","protected":false},"featured_media":12423,"template":"","meta":{"site-sidebar-layout":"default","site-content-layout":"default","ast-site-content-layout":"default","site-content-style":"default","site-sidebar-style":"default","ast-global-header-display":"","ast-banner-title-visibility":"","ast-main-header-display":"","ast-hfb-above-header-display":"","ast-hfb-below-header-display":"","ast-hfb-mobile-header-display":"","site-post-title":"","ast-breadcrumbs-content":"","ast-featured-img":"","footer-sml-layout":"","ast-disable-related-posts":"","theme-transparent-header-meta":"default","adv-header-id-meta":"","stick-header-meta":"","header-above-stick-meta":"","header-main-stick-meta":"","header-below-stick-meta":"","astra-migrate-meta-layouts":"set","ast-page-background-enabled":"default","ast-page-background-meta":{"desktop":{"background-color":"","background-image":"","background-repeat":"repeat","background-position":"center center","background-size":"auto","background-attachment":"scroll","background-type":"","background-media":"","overlay-type":"","overlay-color":"","overlay-opacity":"","overlay-gradient":""},"tablet":{"background-color":"","background-image":"","background-repeat":"repeat","background-position":"center center","background-size":"auto","background-attachment":"scroll","background-type":"","background-media":"","overlay-type":"","overlay-color":"","overlay-opacity":"","overlay-gradient":""},"mobile":{"background-color":"","background-image":"","background-repeat":"repeat","background-position":"center center","background-size":"auto","background-attachment":"scroll","background-type":"","background-media":"","overlay-type":"","overlay-color":"","overlay-opacity":"","overlay-gradient":""}},"ast-content-background-meta":{"desktop":{"background-color":"var(--ast-global-color-5)","background-image":"","background-repeat":"repeat","background-position":"center center","background-size":"auto","background-attachment":"scroll","background-type":"","background-media":"","overlay-type":"","overlay-color":"","overlay-opacity":"","overlay-gradient":""},"tablet":{"background-color":"var(--ast-global-color-5)","background-image":"","background-repeat":"repeat","background-position":"center center","background-size":"auto","background-attachment":"scroll","background-type":"","background-media":"","overlay-type":"","overlay-color":"","overlay-opacity":"","overlay-gradient":""},"mobile":{"background-color":"var(--ast-global-color-5)","background-image":"","background-repeat":"repeat","background-position":"center center","background-size":"auto","background-attachment":"scroll","background-type":"","background-media":"","overlay-type":"","overlay-color":"","overlay-opacity":"","overlay-gradient":""}}},"product_brand":[],"product_cat":[31],"product_tag":[55,63,58],"class_list":{"0":"post-12698","1":"product","2":"type-product","3":"status-publish","4":"has-post-thumbnail","6":"product_cat-metaforines-kortos","7":"product_tag-izvalgu","8":"product_tag-komandines","9":"product_tag-populiarios","10":"desktop-align-left","11":"tablet-align-left","12":"mobile-align-left","14":"first","15":"instock","16":"taxable","17":"shipping-taxable","18":"purchasable","19":"product-type-simple"},"yoast_head":"<!-- This site is optimized with the Yoast SEO plugin v27.4 - https:\/\/yoast.com\/product\/yoast-seo-wordpress\/ -->\n<title>TEAM asociatyvin\u0117s komandin\u0117s kortos | Metaforin\u0117s Kortos<\/title>\n<meta name=\"description\" content=\"TEAM komandin\u0117s kortos skirtos darbui su komandomis. Rinkin\u012f sudaro 90 kort\u0173 su darbin\u0117mis situacijomis, vaidmenimis, technikomis ir instrukcija.\" \/>\n<meta name=\"robots\" content=\"index, follow, max-snippet:-1, max-image-preview:large, max-video-preview:-1\" \/>\n<link rel=\"canonical\" href=\"https:\/\/metaforineskortos.lt\/en\/parduotuve\/metaforines-kortos\/team-komandines-kortos\/\" \/>\n<meta property=\"og:locale\" content=\"en_GB\" \/>\n<meta property=\"og:type\" content=\"article\" \/>\n<meta property=\"og:title\" content=\"TEAM asociatyvin\u0117s komandin\u0117s kortos | Metaforin\u0117s Kortos\" \/>\n<meta property=\"og:description\" content=\"TEAM komandin\u0117s kortos skirtos darbui su komandomis. Rinkin\u012f sudaro 90 kort\u0173 su darbin\u0117mis situacijomis, vaidmenimis, technikomis ir instrukcija.\" \/>\n<meta property=\"og:url\" content=\"https:\/\/metaforineskortos.lt\/en\/parduotuve\/metaforines-kortos\/team-komandines-kortos\/\" \/>\n<meta property=\"og:site_name\" content=\"Metaforin\u0117s Kortos\" \/>\n<meta property=\"article:modified_time\" content=\"2026-04-02T05:12:14+00:00\" \/>\n<meta property=\"og:image\" content=\"https:\/\/metaforineskortos.lt\/wp-content\/uploads\/2023\/05\/343566471_6524113930973673_47720612172788034_n.jpg\" \/>\n\t<meta property=\"og:image:width\" content=\"1890\" \/>\n\t<meta property=\"og:image:height\" content=\"1512\" \/>\n\t<meta property=\"og:image:type\" content=\"image\/jpeg\" \/>\n<meta name=\"twitter:card\" content=\"summary_large_image\" \/>\n<meta name=\"twitter:label1\" content=\"Estimated reading time\" \/>\n\t<meta name=\"twitter:data1\" content=\"2 minutes\" \/>\n<script type=\"application\/ld+json\" class=\"yoast-schema-graph\">{\"@context\":\"https:\\\/\\\/schema.org\",\"@graph\":[{\"@type\":\"WebPage\",\"@id\":\"https:\\\/\\\/metaforineskortos.lt\\\/parduotuve\\\/metaforines-kortos\\\/team-komandines-kortos\\\/\",\"url\":\"https:\\\/\\\/metaforineskortos.lt\\\/parduotuve\\\/metaforines-kortos\\\/team-komandines-kortos\\\/\",\"name\":\"TEAM asociatyvin\u0117s komandin\u0117s kortos | Metaforin\u0117s Kortos\",\"isPartOf\":{\"@id\":\"https:\\\/\\\/metaforineskortos.lt\\\/#website\"},\"primaryImageOfPage\":{\"@id\":\"https:\\\/\\\/metaforineskortos.lt\\\/parduotuve\\\/metaforines-kortos\\\/team-komandines-kortos\\\/#primaryimage\"},\"image\":{\"@id\":\"https:\\\/\\\/metaforineskortos.lt\\\/parduotuve\\\/metaforines-kortos\\\/team-komandines-kortos\\\/#primaryimage\"},\"thumbnailUrl\":\"https:\\\/\\\/i0.wp.com\\\/metaforineskortos.lt\\\/wp-content\\\/uploads\\\/2023\\\/05\\\/343566471_6524113930973673_47720612172788034_n.jpg?fit=1890%2C1512&ssl=1\",\"datePublished\":\"2023-08-17T10:10:31+00:00\",\"dateModified\":\"2026-04-02T05:12:14+00:00\",\"description\":\"TEAM komandin\u0117s kortos skirtos darbui su komandomis. Rinkin\u012f sudaro 90 kort\u0173 su darbin\u0117mis situacijomis, vaidmenimis, technikomis ir instrukcija.\",\"breadcrumb\":{\"@id\":\"https:\\\/\\\/metaforineskortos.lt\\\/parduotuve\\\/metaforines-kortos\\\/team-komandines-kortos\\\/#breadcrumb\"},\"inLanguage\":\"en-GB\",\"potentialAction\":[{\"@type\":\"ReadAction\",\"target\":[\"https:\\\/\\\/metaforineskortos.lt\\\/parduotuve\\\/metaforines-kortos\\\/team-komandines-kortos\\\/\"]}]},{\"@type\":\"ImageObject\",\"inLanguage\":\"en-GB\",\"@id\":\"https:\\\/\\\/metaforineskortos.lt\\\/parduotuve\\\/metaforines-kortos\\\/team-komandines-kortos\\\/#primaryimage\",\"url\":\"https:\\\/\\\/i0.wp.com\\\/metaforineskortos.lt\\\/wp-content\\\/uploads\\\/2023\\\/05\\\/343566471_6524113930973673_47720612172788034_n.jpg?fit=1890%2C1512&ssl=1\",\"contentUrl\":\"https:\\\/\\\/i0.wp.com\\\/metaforineskortos.lt\\\/wp-content\\\/uploads\\\/2023\\\/05\\\/343566471_6524113930973673_47720612172788034_n.jpg?fit=1890%2C1512&ssl=1\",\"width\":1890,\"height\":1512,\"caption\":\"TEAM komandin\u0117s kortos\"},{\"@type\":\"BreadcrumbList\",\"@id\":\"https:\\\/\\\/metaforineskortos.lt\\\/parduotuve\\\/metaforines-kortos\\\/team-komandines-kortos\\\/#breadcrumb\",\"itemListElement\":[{\"@type\":\"ListItem\",\"position\":1,\"name\":\"Home\",\"item\":\"https:\\\/\\\/metaforineskortos.lt\\\/\"},{\"@type\":\"ListItem\",\"position\":2,\"name\":\"Parduotuv\u0117\",\"item\":\"https:\\\/\\\/metaforineskortos.lt\\\/parduotuve\\\/\"},{\"@type\":\"ListItem\",\"position\":3,\"name\":\"TEAM asociatyvin\u0117s komandin\u0117s kortos\"}]},{\"@type\":\"WebSite\",\"@id\":\"https:\\\/\\\/metaforineskortos.lt\\\/#website\",\"url\":\"https:\\\/\\\/metaforineskortos.lt\\\/\",\"name\":\"Metaforin\u0117s Kortos\",\"description\":\"Metaforin\u0117s Kortos ir Saviugdos Mokymai\",\"publisher\":{\"@id\":\"https:\\\/\\\/metaforineskortos.lt\\\/#organization\"},\"potentialAction\":[{\"@type\":\"SearchAction\",\"target\":{\"@type\":\"EntryPoint\",\"urlTemplate\":\"https:\\\/\\\/metaforineskortos.lt\\\/?s={search_term_string}\"},\"query-input\":{\"@type\":\"PropertyValueSpecification\",\"valueRequired\":true,\"valueName\":\"search_term_string\"}}],\"inLanguage\":\"en-GB\"},{\"@type\":\"Organization\",\"@id\":\"https:\\\/\\\/metaforineskortos.lt\\\/#organization\",\"name\":\"Metaforin\u0117s Kortos\",\"url\":\"https:\\\/\\\/metaforineskortos.lt\\\/\",\"logo\":{\"@type\":\"ImageObject\",\"inLanguage\":\"en-GB\",\"@id\":\"https:\\\/\\\/metaforineskortos.lt\\\/#\\\/schema\\\/logo\\\/image\\\/\",\"url\":\"https:\\\/\\\/metaforineskortos.lt\\\/wp-content\\\/uploads\\\/2021\\\/03\\\/re-act-logo.svg\",\"contentUrl\":\"https:\\\/\\\/metaforineskortos.lt\\\/wp-content\\\/uploads\\\/2021\\\/03\\\/re-act-logo.svg\",\"width\":117,\"height\":58,\"caption\":\"Metaforin\u0117s Kortos\"},\"image\":{\"@id\":\"https:\\\/\\\/metaforineskortos.lt\\\/#\\\/schema\\\/logo\\\/image\\\/\"}}]}<\/script>\n<!-- \/ Yoast SEO plugin. -->","yoast_head_json":{"title":"TEAM asociatyvin\u0117s komandin\u0117s kortos | Metaforin\u0117s Kortos","description":"TEAM komandin\u0117s kortos skirtos darbui su komandomis. Rinkin\u012f sudaro 90 kort\u0173 su darbin\u0117mis situacijomis, vaidmenimis, technikomis ir instrukcija.","robots":{"index":"index","follow":"follow","max-snippet":"max-snippet:-1","max-image-preview":"max-image-preview:large","max-video-preview":"max-video-preview:-1"},"canonical":"https:\/\/metaforineskortos.lt\/en\/parduotuve\/metaforines-kortos\/team-komandines-kortos\/","og_locale":"en_GB","og_type":"article","og_title":"TEAM asociatyvin\u0117s komandin\u0117s kortos | Metaforin\u0117s Kortos","og_description":"TEAM komandin\u0117s kortos skirtos darbui su komandomis. Rinkin\u012f sudaro 90 kort\u0173 su darbin\u0117mis situacijomis, vaidmenimis, technikomis ir instrukcija.","og_url":"https:\/\/metaforineskortos.lt\/en\/parduotuve\/metaforines-kortos\/team-komandines-kortos\/","og_site_name":"Metaforin\u0117s Kortos","article_modified_time":"2026-04-02T05:12:14+00:00","og_image":[{"width":1890,"height":1512,"url":"https:\/\/metaforineskortos.lt\/wp-content\/uploads\/2023\/05\/343566471_6524113930973673_47720612172788034_n.jpg","type":"image\/jpeg"}],"twitter_card":"summary_large_image","twitter_misc":{"Estimated reading time":"2 minutes"},"schema":{"@context":"https:\/\/schema.org","@graph":[{"@type":"WebPage","@id":"https:\/\/metaforineskortos.lt\/parduotuve\/metaforines-kortos\/team-komandines-kortos\/","url":"https:\/\/metaforineskortos.lt\/parduotuve\/metaforines-kortos\/team-komandines-kortos\/","name":"TEAM asociatyvin\u0117s komandin\u0117s kortos | Metaforin\u0117s Kortos","isPartOf":{"@id":"https:\/\/metaforineskortos.lt\/#website"},"primaryImageOfPage":{"@id":"https:\/\/metaforineskortos.lt\/parduotuve\/metaforines-kortos\/team-komandines-kortos\/#primaryimage"},"image":{"@id":"https:\/\/metaforineskortos.lt\/parduotuve\/metaforines-kortos\/team-komandines-kortos\/#primaryimage"},"thumbnailUrl":"https:\/\/i0.wp.com\/metaforineskortos.lt\/wp-content\/uploads\/2023\/05\/343566471_6524113930973673_47720612172788034_n.jpg?fit=1890%2C1512&ssl=1","datePublished":"2023-08-17T10:10:31+00:00","dateModified":"2026-04-02T05:12:14+00:00","description":"TEAM komandin\u0117s kortos skirtos darbui su komandomis. Rinkin\u012f sudaro 90 kort\u0173 su darbin\u0117mis situacijomis, vaidmenimis, technikomis ir instrukcija.","breadcrumb":{"@id":"https:\/\/metaforineskortos.lt\/parduotuve\/metaforines-kortos\/team-komandines-kortos\/#breadcrumb"},"inLanguage":"en-GB","potentialAction":[{"@type":"ReadAction","target":["https:\/\/metaforineskortos.lt\/parduotuve\/metaforines-kortos\/team-komandines-kortos\/"]}]},{"@type":"ImageObject","inLanguage":"en-GB","@id":"https:\/\/metaforineskortos.lt\/parduotuve\/metaforines-kortos\/team-komandines-kortos\/#primaryimage","url":"https:\/\/i0.wp.com\/metaforineskortos.lt\/wp-content\/uploads\/2023\/05\/343566471_6524113930973673_47720612172788034_n.jpg?fit=1890%2C1512&ssl=1","contentUrl":"https:\/\/i0.wp.com\/metaforineskortos.lt\/wp-content\/uploads\/2023\/05\/343566471_6524113930973673_47720612172788034_n.jpg?fit=1890%2C1512&ssl=1","width":1890,"height":1512,"caption":"TEAM komandin\u0117s kortos"},{"@type":"BreadcrumbList","@id":"https:\/\/metaforineskortos.lt\/parduotuve\/metaforines-kortos\/team-komandines-kortos\/#breadcrumb","itemListElement":[{"@type":"ListItem","position":1,"name":"Home","item":"https:\/\/metaforineskortos.lt\/"},{"@type":"ListItem","position":2,"name":"Parduotuv\u0117","item":"https:\/\/metaforineskortos.lt\/parduotuve\/"},{"@type":"ListItem","position":3,"name":"TEAM asociatyvin\u0117s komandin\u0117s kortos"}]},{"@type":"WebSite","@id":"https:\/\/metaforineskortos.lt\/#website","url":"https:\/\/metaforineskortos.lt\/","name":"Metaforin\u0117s Kortos","description":"Metaforin\u0117s Kortos ir Saviugdos Mokymai","publisher":{"@id":"https:\/\/metaforineskortos.lt\/#organization"},"potentialAction":[{"@type":"SearchAction","target":{"@type":"EntryPoint","urlTemplate":"https:\/\/metaforineskortos.lt\/?s={search_term_string}"},"query-input":{"@type":"PropertyValueSpecification","valueRequired":true,"valueName":"search_term_string"}}],"inLanguage":"en-GB"},{"@type":"Organization","@id":"https:\/\/metaforineskortos.lt\/#organization","name":"Metaforin\u0117s Kortos","url":"https:\/\/metaforineskortos.lt\/","logo":{"@type":"ImageObject","inLanguage":"en-GB","@id":"https:\/\/metaforineskortos.lt\/#\/schema\/logo\/image\/","url":"https:\/\/metaforineskortos.lt\/wp-content\/uploads\/2021\/03\/re-act-logo.svg","contentUrl":"https:\/\/metaforineskortos.lt\/wp-content\/uploads\/2021\/03\/re-act-logo.svg","width":117,"height":58,"caption":"Metaforin\u0117s Kortos"},"image":{"@id":"https:\/\/metaforineskortos.lt\/#\/schema\/logo\/image\/"}}]}},"jetpack_sharing_enabled":true,"_links":{"self":[{"href":"https:\/\/metaforineskortos.lt\/en\/wp-json\/wp\/v2\/product\/12698","targetHints":{"allow":["GET"]}}],"collection":[{"href":"https:\/\/metaforineskortos.lt\/en\/wp-json\/wp\/v2\/product"}],"about":[{"href":"https:\/\/metaforineskortos.lt\/en\/wp-json\/wp\/v2\/types\/product"}],"wp:featuredmedia":[{"embeddable":true,"href":"https:\/\/metaforineskortos.lt\/en\/wp-json\/wp\/v2\/media\/12423"}],"wp:attachment":[{"href":"https:\/\/metaforineskortos.lt\/en\/wp-json\/wp\/v2\/media?parent=12698"}],"wp:term":[{"taxonomy":"product_brand","embeddable":true,"href":"https:\/\/metaforineskortos.lt\/en\/wp-json\/wp\/v2\/product_brand?post=12698"},{"taxonomy":"product_cat","embeddable":true,"href":"https:\/\/metaforineskortos.lt\/en\/wp-json\/wp\/v2\/product_cat?post=12698"},{"taxonomy":"product_tag","embeddable":true,"href":"https:\/\/metaforineskortos.lt\/en\/wp-json\/wp\/v2\/product_tag?post=12698"}],"curies":[{"name":"wp","href":"https:\/\/api.w.org\/{rel}","templated":true}]}}