{"id":12589,"date":"2023-07-11T11:37:48","date_gmt":"2023-07-11T08:37:48","guid":{"rendered":"https:\/\/metaforineskortos.lt\/?post_type=product&#038;p=12589"},"modified":"2026-02-11T17:00:16","modified_gmt":"2026-02-11T14:00:16","slug":"patarliu-komplektas","status":"publish","type":"product","link":"https:\/\/metaforineskortos.lt\/en\/parduotuve\/komplektai\/patarliu-komplektas\/","title":{"rendered":"PROVERBS - educational cards set"},"content":{"rendered":"<p>Patarli\u0173 komplektas &#8211; puikus pasirinkimas norintiems ne tik pasigilinti \u012f m\u016bs\u0173 tautosak\u0105, i\u0161bandyti naujus edokacinius \u017eaidimus, bet ir sutaupyti. PATARL\u0116S, PRIE\u017dOD\u017dIAI IR M\u012eSL\u0116S &#8211; tai edukacin\u0117s lavinamosios kortel\u0117s su vaizdingais posakiais, atspindin\u010diais gyvenimo vertybes, rei\u0161kinius ir \u017emoni\u0173 poelgius. Rinkinius sudaro po 54 korteles, kuriose pateiktos \u012fvairios patarl\u0117s, prie\u017eod\u017eiai ir m\u012fsl\u0117s. Patarli\u0173 komplektas susideda i\u0161 dviej\u0173 rinkini\u0173: lengv\u0173 ir suaugusiems skirt\u0173 rinkini\u0173. Tad tiks kiekvienai am\u017eiaus ar i\u0161silavinimo grupei.<\/p>\n<p class=\"translation-block\">Great for: <em>\u2013 For personal use, educational exercises <\/em>\u2b50\u2b50\u2b50<em>\u2013 For educators, social workers <\/em>\u2b50\u2b50\u2b50<em>\u2013 For training coaches, lecturers <\/em>\u2b50\u2b50\u2b50<em>\u00a0\u2013 For coaching specialists and consultants\u00a0<\/em>\u2b50\u2b50\u2b50<em>\u00a0\u2013 HR specialists, personnel workers\u00a0<\/em>\u2b50\u2b50 <em>\u00a0\u2013 Managers, team leaders\u00a0<\/em>\u2b50 <em>\u2013 Psychologists, psychotherapists <\/em>\u2b50<\/p>\n<p>\u0160ias korteles galima naudoti tiek pramogai, tiek <a href=\"https:\/\/re-act.lt\/\" target=\"_blank\" rel=\"noopener\">edukacijai<\/a>, ir \u012fvairaus am\u017eiaus bei i\u0161silavinimo \u017emon\u0117ms. J\u0173 yra keletas sunkumo lygi\u0173: nuo pa\u010di\u0173 papras\u010diausi\u0173, lengvai suprantam\u0173 iki sunki\u0173, ar skirt\u0173 suaugusiems (N14). Yra instrukcija, kur rasite ne vien\u0105 j\u0173 <a href=\"https:\/\/metaforineskortos.lt\/en\/mokymai\/\" target=\"_blank\" rel=\"noopener\">panaudojimo b\u016bd\u0105<\/a> ir kelet\u0105 tu\u0161\u010di\u0173 korteli\u0173, J\u016bs\u0173 m\u0117gstamiems posakiams ar patarl\u0117ms u\u017esira\u0161yti. Patarli\u0173 komplektas prad\u017eiugins kiekvien\u0105 m\u0117gstant\u012f intelektualias ir aktyvias veiklas.<\/p>","protected":false},"excerpt":{"rendered":"<p>Patarli\u0173 komplektas \u2013 puikus pasirinkimas norintiems ne tik pasigilinti \u012f m\u016bs\u0173 tautosak\u0105, i\u0161bandyti naujus edokacinius \u017eaidimus, bet ir sutaupyti. PATARL\u0116S, PRIE\u017dOD\u017dIAI IR M\u012eSL\u0116S \u2013 tai edukacin\u0117s lavinamosios kortel\u0117s su vaizdingais posakiais, atspindin\u010diais gyvenimo vertybes, rei\u0161kinius ir \u017emoni\u0173 poelgius. Rinkinius sudaro po 54 korteles, kuriose pateiktos \u012fvairios patarl\u0117s, prie\u017eod\u017eiai ir m\u012fsl\u0117s. Patarli\u0173 komplektas susideda i\u0161 2-\u0173 rinkini\u0173: lengv\u0173 ir suaugusiems skirt\u0173 rinkini\u0173.<\/p>","protected":false},"featured_media":10750,"template":"","meta":{"site-sidebar-layout":"default","site-content-layout":"default","ast-site-content-layout":"default","site-content-style":"default","site-sidebar-style":"default","ast-global-header-display":"","ast-banner-title-visibility":"","ast-main-header-display":"","ast-hfb-above-header-display":"","ast-hfb-below-header-display":"","ast-hfb-mobile-header-display":"","site-post-title":"","ast-breadcrumbs-content":"","ast-featured-img":"","footer-sml-layout":"","ast-disable-related-posts":"","theme-transparent-header-meta":"default","adv-header-id-meta":"","stick-header-meta":"","header-above-stick-meta":"","header-main-stick-meta":"","header-below-stick-meta":"","astra-migrate-meta-layouts":"set","ast-page-background-enabled":"default","ast-page-background-meta":{"desktop":{"background-color":"","background-image":"","background-repeat":"repeat","background-position":"center center","background-size":"auto","background-attachment":"scroll","background-type":"","background-media":"","overlay-type":"","overlay-color":"","overlay-opacity":"","overlay-gradient":""},"tablet":{"background-color":"","background-image":"","background-repeat":"repeat","background-position":"center center","background-size":"auto","background-attachment":"scroll","background-type":"","background-media":"","overlay-type":"","overlay-color":"","overlay-opacity":"","overlay-gradient":""},"mobile":{"background-color":"","background-image":"","background-repeat":"repeat","background-position":"center center","background-size":"auto","background-attachment":"scroll","background-type":"","background-media":"","overlay-type":"","overlay-color":"","overlay-opacity":"","overlay-gradient":""}},"ast-content-background-meta":{"desktop":{"background-color":"var(--ast-global-color-5)","background-image":"","background-repeat":"repeat","background-position":"center center","background-size":"auto","background-attachment":"scroll","background-type":"","background-media":"","overlay-type":"","overlay-color":"","overlay-opacity":"","overlay-gradient":""},"tablet":{"background-color":"var(--ast-global-color-5)","background-image":"","background-repeat":"repeat","background-position":"center center","background-size":"auto","background-attachment":"scroll","background-type":"","background-media":"","overlay-type":"","overlay-color":"","overlay-opacity":"","overlay-gradient":""},"mobile":{"background-color":"var(--ast-global-color-5)","background-image":"","background-repeat":"repeat","background-position":"center center","background-size":"auto","background-attachment":"scroll","background-type":"","background-media":"","overlay-type":"","overlay-color":"","overlay-opacity":"","overlay-gradient":""}}},"product_brand":[],"product_cat":[66],"product_tag":[45,68,69,40],"class_list":{"0":"post-12589","1":"product","2":"type-product","3":"status-publish","4":"has-post-thumbnail","6":"product_cat-komplektai","7":"product_tag-edukacines","8":"product_tag-pokalbiai","9":"product_tag-pramoga","10":"product_tag-vaikiskos","11":"desktop-align-left","12":"tablet-align-left","13":"mobile-align-left","15":"first","16":"instock","17":"sale","18":"taxable","19":"shipping-taxable","20":"purchasable","21":"product-type-simple"},"yoast_head":"<!-- This site is optimized with the Yoast SEO plugin v27.4 - https:\/\/yoast.com\/product\/yoast-seo-wordpress\/ -->\n<title>PATARLI\u0172 komplektas - edukacin\u0117s kortos - Metaforin\u0117s Kortos<\/title>\n<meta name=\"description\" content=\"Patarli\u0173 komplektas - tai 4 patarli\u0173 rinkiniai, nuo lengv\u0173 iki N14. Patarl\u0117s atspindi gyvenimo vertybes, \u017emoni\u0173 poelgius ir moko i\u0161minties.\" \/>\n<meta name=\"robots\" content=\"index, follow, max-snippet:-1, max-image-preview:large, max-video-preview:-1\" \/>\n<link rel=\"canonical\" href=\"https:\/\/metaforineskortos.lt\/en\/parduotuve\/komplektai\/patarliu-komplektas\/\" \/>\n<meta property=\"og:locale\" content=\"en_GB\" \/>\n<meta property=\"og:type\" content=\"article\" \/>\n<meta property=\"og:title\" content=\"PATARLI\u0172 komplektas - edukacin\u0117s kortos - Metaforin\u0117s Kortos\" \/>\n<meta property=\"og:description\" content=\"Patarli\u0173 komplektas - tai 4 patarli\u0173 rinkiniai, nuo lengv\u0173 iki N14. Patarl\u0117s atspindi gyvenimo vertybes, \u017emoni\u0173 poelgius ir moko i\u0161minties.\" \/>\n<meta property=\"og:url\" content=\"https:\/\/metaforineskortos.lt\/en\/parduotuve\/komplektai\/patarliu-komplektas\/\" \/>\n<meta property=\"og:site_name\" content=\"Metaforin\u0117s Kortos\" \/>\n<meta property=\"article:modified_time\" content=\"2026-02-11T14:00:16+00:00\" \/>\n<meta property=\"og:image\" content=\"https:\/\/metaforineskortos.lt\/wp-content\/uploads\/2021\/06\/Patarles-e1624952166602.jpg\" \/>\n\t<meta property=\"og:image:width\" content=\"800\" \/>\n\t<meta property=\"og:image:height\" content=\"640\" \/>\n\t<meta property=\"og:image:type\" content=\"image\/jpeg\" \/>\n<meta name=\"twitter:card\" content=\"summary_large_image\" \/>\n<meta name=\"twitter:label1\" content=\"Estimated reading time\" \/>\n\t<meta name=\"twitter:data1\" content=\"2 minutes\" \/>\n<script type=\"application\/ld+json\" class=\"yoast-schema-graph\">{\"@context\":\"https:\\\/\\\/schema.org\",\"@graph\":[{\"@type\":\"WebPage\",\"@id\":\"https:\\\/\\\/metaforineskortos.lt\\\/parduotuve\\\/komplektai\\\/patarliu-komplektas\\\/\",\"url\":\"https:\\\/\\\/metaforineskortos.lt\\\/parduotuve\\\/komplektai\\\/patarliu-komplektas\\\/\",\"name\":\"PATARLI\u0172 komplektas - edukacin\u0117s kortos - Metaforin\u0117s Kortos\",\"isPartOf\":{\"@id\":\"https:\\\/\\\/metaforineskortos.lt\\\/#website\"},\"primaryImageOfPage\":{\"@id\":\"https:\\\/\\\/metaforineskortos.lt\\\/parduotuve\\\/komplektai\\\/patarliu-komplektas\\\/#primaryimage\"},\"image\":{\"@id\":\"https:\\\/\\\/metaforineskortos.lt\\\/parduotuve\\\/komplektai\\\/patarliu-komplektas\\\/#primaryimage\"},\"thumbnailUrl\":\"https:\\\/\\\/i0.wp.com\\\/metaforineskortos.lt\\\/wp-content\\\/uploads\\\/2021\\\/06\\\/Patarles-e1624952166602.jpg?fit=800%2C640&ssl=1\",\"datePublished\":\"2023-07-11T08:37:48+00:00\",\"dateModified\":\"2026-02-11T14:00:16+00:00\",\"description\":\"Patarli\u0173 komplektas - tai 4 patarli\u0173 rinkiniai, nuo lengv\u0173 iki N14. Patarl\u0117s atspindi gyvenimo vertybes, \u017emoni\u0173 poelgius ir moko i\u0161minties.\",\"breadcrumb\":{\"@id\":\"https:\\\/\\\/metaforineskortos.lt\\\/parduotuve\\\/komplektai\\\/patarliu-komplektas\\\/#breadcrumb\"},\"inLanguage\":\"en-GB\",\"potentialAction\":[{\"@type\":\"ReadAction\",\"target\":[\"https:\\\/\\\/metaforineskortos.lt\\\/parduotuve\\\/komplektai\\\/patarliu-komplektas\\\/\"]}]},{\"@type\":\"ImageObject\",\"inLanguage\":\"en-GB\",\"@id\":\"https:\\\/\\\/metaforineskortos.lt\\\/parduotuve\\\/komplektai\\\/patarliu-komplektas\\\/#primaryimage\",\"url\":\"https:\\\/\\\/i0.wp.com\\\/metaforineskortos.lt\\\/wp-content\\\/uploads\\\/2021\\\/06\\\/Patarles-e1624952166602.jpg?fit=800%2C640&ssl=1\",\"contentUrl\":\"https:\\\/\\\/i0.wp.com\\\/metaforineskortos.lt\\\/wp-content\\\/uploads\\\/2021\\\/06\\\/Patarles-e1624952166602.jpg?fit=800%2C640&ssl=1\",\"width\":800,\"height\":640,\"caption\":\"Patarl\u0117s, prie\u017eod\u017eiai ir m\u012fsl\u0117s\"},{\"@type\":\"BreadcrumbList\",\"@id\":\"https:\\\/\\\/metaforineskortos.lt\\\/parduotuve\\\/komplektai\\\/patarliu-komplektas\\\/#breadcrumb\",\"itemListElement\":[{\"@type\":\"ListItem\",\"position\":1,\"name\":\"Home\",\"item\":\"https:\\\/\\\/metaforineskortos.lt\\\/\"},{\"@type\":\"ListItem\",\"position\":2,\"name\":\"Parduotuv\u0117\",\"item\":\"https:\\\/\\\/metaforineskortos.lt\\\/parduotuve\\\/\"},{\"@type\":\"ListItem\",\"position\":3,\"name\":\"PATARLI\u0172 komplektas &#8211; edukacin\u0117s kortos\"}]},{\"@type\":\"WebSite\",\"@id\":\"https:\\\/\\\/metaforineskortos.lt\\\/#website\",\"url\":\"https:\\\/\\\/metaforineskortos.lt\\\/\",\"name\":\"Metaforin\u0117s Kortos\",\"description\":\"Metaforin\u0117s Kortos ir Saviugdos Mokymai\",\"publisher\":{\"@id\":\"https:\\\/\\\/metaforineskortos.lt\\\/#organization\"},\"potentialAction\":[{\"@type\":\"SearchAction\",\"target\":{\"@type\":\"EntryPoint\",\"urlTemplate\":\"https:\\\/\\\/metaforineskortos.lt\\\/?s={search_term_string}\"},\"query-input\":{\"@type\":\"PropertyValueSpecification\",\"valueRequired\":true,\"valueName\":\"search_term_string\"}}],\"inLanguage\":\"en-GB\"},{\"@type\":\"Organization\",\"@id\":\"https:\\\/\\\/metaforineskortos.lt\\\/#organization\",\"name\":\"Metaforin\u0117s Kortos\",\"url\":\"https:\\\/\\\/metaforineskortos.lt\\\/\",\"logo\":{\"@type\":\"ImageObject\",\"inLanguage\":\"en-GB\",\"@id\":\"https:\\\/\\\/metaforineskortos.lt\\\/#\\\/schema\\\/logo\\\/image\\\/\",\"url\":\"https:\\\/\\\/metaforineskortos.lt\\\/wp-content\\\/uploads\\\/2021\\\/03\\\/re-act-logo.svg\",\"contentUrl\":\"https:\\\/\\\/metaforineskortos.lt\\\/wp-content\\\/uploads\\\/2021\\\/03\\\/re-act-logo.svg\",\"width\":117,\"height\":58,\"caption\":\"Metaforin\u0117s Kortos\"},\"image\":{\"@id\":\"https:\\\/\\\/metaforineskortos.lt\\\/#\\\/schema\\\/logo\\\/image\\\/\"}}]}<\/script>\n<!-- \/ Yoast SEO plugin. -->","yoast_head_json":{"title":"PATARLI\u0172 komplektas - edukacin\u0117s kortos - Metaforin\u0117s Kortos","description":"Patarli\u0173 komplektas - tai 4 patarli\u0173 rinkiniai, nuo lengv\u0173 iki N14. Patarl\u0117s atspindi gyvenimo vertybes, \u017emoni\u0173 poelgius ir moko i\u0161minties.","robots":{"index":"index","follow":"follow","max-snippet":"max-snippet:-1","max-image-preview":"max-image-preview:large","max-video-preview":"max-video-preview:-1"},"canonical":"https:\/\/metaforineskortos.lt\/en\/parduotuve\/komplektai\/patarliu-komplektas\/","og_locale":"en_GB","og_type":"article","og_title":"PATARLI\u0172 komplektas - edukacin\u0117s kortos - Metaforin\u0117s Kortos","og_description":"Patarli\u0173 komplektas - tai 4 patarli\u0173 rinkiniai, nuo lengv\u0173 iki N14. Patarl\u0117s atspindi gyvenimo vertybes, \u017emoni\u0173 poelgius ir moko i\u0161minties.","og_url":"https:\/\/metaforineskortos.lt\/en\/parduotuve\/komplektai\/patarliu-komplektas\/","og_site_name":"Metaforin\u0117s Kortos","article_modified_time":"2026-02-11T14:00:16+00:00","og_image":[{"width":800,"height":640,"url":"https:\/\/metaforineskortos.lt\/wp-content\/uploads\/2021\/06\/Patarles-e1624952166602.jpg","type":"image\/jpeg"}],"twitter_card":"summary_large_image","twitter_misc":{"Estimated reading time":"2 minutes"},"schema":{"@context":"https:\/\/schema.org","@graph":[{"@type":"WebPage","@id":"https:\/\/metaforineskortos.lt\/parduotuve\/komplektai\/patarliu-komplektas\/","url":"https:\/\/metaforineskortos.lt\/parduotuve\/komplektai\/patarliu-komplektas\/","name":"PATARLI\u0172 komplektas - edukacin\u0117s kortos - Metaforin\u0117s Kortos","isPartOf":{"@id":"https:\/\/metaforineskortos.lt\/#website"},"primaryImageOfPage":{"@id":"https:\/\/metaforineskortos.lt\/parduotuve\/komplektai\/patarliu-komplektas\/#primaryimage"},"image":{"@id":"https:\/\/metaforineskortos.lt\/parduotuve\/komplektai\/patarliu-komplektas\/#primaryimage"},"thumbnailUrl":"https:\/\/i0.wp.com\/metaforineskortos.lt\/wp-content\/uploads\/2021\/06\/Patarles-e1624952166602.jpg?fit=800%2C640&ssl=1","datePublished":"2023-07-11T08:37:48+00:00","dateModified":"2026-02-11T14:00:16+00:00","description":"Patarli\u0173 komplektas - tai 4 patarli\u0173 rinkiniai, nuo lengv\u0173 iki N14. Patarl\u0117s atspindi gyvenimo vertybes, \u017emoni\u0173 poelgius ir moko i\u0161minties.","breadcrumb":{"@id":"https:\/\/metaforineskortos.lt\/parduotuve\/komplektai\/patarliu-komplektas\/#breadcrumb"},"inLanguage":"en-GB","potentialAction":[{"@type":"ReadAction","target":["https:\/\/metaforineskortos.lt\/parduotuve\/komplektai\/patarliu-komplektas\/"]}]},{"@type":"ImageObject","inLanguage":"en-GB","@id":"https:\/\/metaforineskortos.lt\/parduotuve\/komplektai\/patarliu-komplektas\/#primaryimage","url":"https:\/\/i0.wp.com\/metaforineskortos.lt\/wp-content\/uploads\/2021\/06\/Patarles-e1624952166602.jpg?fit=800%2C640&ssl=1","contentUrl":"https:\/\/i0.wp.com\/metaforineskortos.lt\/wp-content\/uploads\/2021\/06\/Patarles-e1624952166602.jpg?fit=800%2C640&ssl=1","width":800,"height":640,"caption":"Patarl\u0117s, prie\u017eod\u017eiai ir m\u012fsl\u0117s"},{"@type":"BreadcrumbList","@id":"https:\/\/metaforineskortos.lt\/parduotuve\/komplektai\/patarliu-komplektas\/#breadcrumb","itemListElement":[{"@type":"ListItem","position":1,"name":"Home","item":"https:\/\/metaforineskortos.lt\/"},{"@type":"ListItem","position":2,"name":"Parduotuv\u0117","item":"https:\/\/metaforineskortos.lt\/parduotuve\/"},{"@type":"ListItem","position":3,"name":"PATARLI\u0172 komplektas &#8211; edukacin\u0117s kortos"}]},{"@type":"WebSite","@id":"https:\/\/metaforineskortos.lt\/#website","url":"https:\/\/metaforineskortos.lt\/","name":"Metaforin\u0117s Kortos","description":"Metaforin\u0117s Kortos ir Saviugdos Mokymai","publisher":{"@id":"https:\/\/metaforineskortos.lt\/#organization"},"potentialAction":[{"@type":"SearchAction","target":{"@type":"EntryPoint","urlTemplate":"https:\/\/metaforineskortos.lt\/?s={search_term_string}"},"query-input":{"@type":"PropertyValueSpecification","valueRequired":true,"valueName":"search_term_string"}}],"inLanguage":"en-GB"},{"@type":"Organization","@id":"https:\/\/metaforineskortos.lt\/#organization","name":"Metaforin\u0117s Kortos","url":"https:\/\/metaforineskortos.lt\/","logo":{"@type":"ImageObject","inLanguage":"en-GB","@id":"https:\/\/metaforineskortos.lt\/#\/schema\/logo\/image\/","url":"https:\/\/metaforineskortos.lt\/wp-content\/uploads\/2021\/03\/re-act-logo.svg","contentUrl":"https:\/\/metaforineskortos.lt\/wp-content\/uploads\/2021\/03\/re-act-logo.svg","width":117,"height":58,"caption":"Metaforin\u0117s Kortos"},"image":{"@id":"https:\/\/metaforineskortos.lt\/#\/schema\/logo\/image\/"}}]}},"jetpack_sharing_enabled":true,"_links":{"self":[{"href":"https:\/\/metaforineskortos.lt\/en\/wp-json\/wp\/v2\/product\/12589","targetHints":{"allow":["GET"]}}],"collection":[{"href":"https:\/\/metaforineskortos.lt\/en\/wp-json\/wp\/v2\/product"}],"about":[{"href":"https:\/\/metaforineskortos.lt\/en\/wp-json\/wp\/v2\/types\/product"}],"wp:featuredmedia":[{"embeddable":true,"href":"https:\/\/metaforineskortos.lt\/en\/wp-json\/wp\/v2\/media\/10750"}],"wp:attachment":[{"href":"https:\/\/metaforineskortos.lt\/en\/wp-json\/wp\/v2\/media?parent=12589"}],"wp:term":[{"taxonomy":"product_brand","embeddable":true,"href":"https:\/\/metaforineskortos.lt\/en\/wp-json\/wp\/v2\/product_brand?post=12589"},{"taxonomy":"product_cat","embeddable":true,"href":"https:\/\/metaforineskortos.lt\/en\/wp-json\/wp\/v2\/product_cat?post=12589"},{"taxonomy":"product_tag","embeddable":true,"href":"https:\/\/metaforineskortos.lt\/en\/wp-json\/wp\/v2\/product_tag?post=12589"}],"curies":[{"name":"wp","href":"https:\/\/api.w.org\/{rel}","templated":true}]}}