{"id":12427,"date":"2023-05-11T13:57:45","date_gmt":"2023-05-11T10:57:45","guid":{"rendered":"https:\/\/metaforineskortos.lt\/?post_type=product&#038;p=12427"},"modified":"2025-09-22T14:23:25","modified_gmt":"2025-09-22T11:23:25","slug":"team-ir-type","status":"publish","type":"product","link":"https:\/\/metaforineskortos.lt\/en\/parduotuve\/komplektai\/team-ir-type\/","title":{"rendered":"TEAM and TYPE set"},"content":{"rendered":"<p>TEAM associative team cards and TYPE associative typological cards.<\/p>\n<p class=\"translation-block\"><strong><em>TEAM <\/em><\/strong>associative team cards. The set consists of 90 cards: 60 cards with various situations reflecting various work situations, traditions, people's behavior, 10 cards with the roles we assume at work and 20 cards with techniques that can facilitate decision-making.<\/p>\n<p class=\"translation-block\"><strong><em>TYPE<\/em><\/strong> associative typological cards consists of 90 cards with various situations reflecting people's states, beliefs, emotions, resources, desires and fears. These cards are most suited to the Enneagram typology, but can be very easily used to work with other typologies or simply to get to know people better from inside.<\/p>\n<p class=\"translation-block\">Great for: <em> - Training trainers, lecturers <\/em>\u2b50\u2b50\u2b50<em> - HR specialists, personnel workers <\/em>\u2b50\u2b50\u2b50<em> - Coaching specialists, consultants <\/em>\u2b50\u2b50\u2b50<em> - For educators, social workers <\/em>\u2b50\u2b50\u2b50<em> - For managers, teams <\/em>\u2b50\u2b50<em> - For psychologists, psychotherapists <\/em>\u2b50\u2b50<em> - For personal development<\/em> \u2b50\u2b50<\/p>\n<p>TEAM associative team cards are the perfect tool for every manager, team leader, HR employee and business consultant and lecturer. It is very suitable for working with groups, because it has a larger format, without small details. Each card reveals the functions and dysfunctions of the company. It helps to identify strengths and weaknesses, to discover resources for improvement. An indispensable tool for team building and business growth.<\/p>\n<p class=\"translation-block\">TYPE cards are great fit for working with groups, because they have a larger size format, with little of small details. Each card of the deck reveals the client's basic needs and emotions. Helps identify strengths and weaknesses, discover resources for improvement. An irreplaceable tool for learning <a href=\"https:\/\/re-act.lt\/metodikos\/eneagrama\/\" target=\"_blank\" rel=\"noopener\"> Enneagram <\/a> or in testing your knowledge.<\/p>\n<p class=\"translation-block\">Find out how to use <a href=\"https:\/\/re-act.lt\/metodikos\/metaforines-kortos\/\" target=\"_blank\" rel=\"noopener\">metaphorical cards<\/a> in your activities, look here: <a href=\"https:\/\/metaforineskortos.lt\/en\/mokymai\/\" target=\"_blank\" rel=\"noopener\">COURSES<\/a><\/p>\n<div id=\"gtx-trans\" style=\"position: absolute; left: -21px; top: -2px;\">\n<div class=\"gtx-trans-icon\"><\/div>\n<\/div>","protected":false},"excerpt":{"rendered":"<p class=\"translation-block\"><strong><em>TEAM <\/em><\/strong>associative team cards. The set consists of 60 cards with work situations, human behavior, 10 cards with the roles we assume at work and 20 cards with techniques and methods that can facilitate decision-making.<\/p>\n<p class=\"translation-block\"><strong><em>TYPE<\/em><\/strong> associative typological cards consists of 90 cards with various situations reflecting people's states, beliefs, emotions, resources, desires and fears.<\/p>","protected":false},"featured_media":12430,"template":"","meta":{"site-sidebar-layout":"default","site-content-layout":"default","ast-site-content-layout":"default","site-content-style":"default","site-sidebar-style":"default","ast-global-header-display":"","ast-banner-title-visibility":"","ast-main-header-display":"","ast-hfb-above-header-display":"","ast-hfb-below-header-display":"","ast-hfb-mobile-header-display":"","site-post-title":"","ast-breadcrumbs-content":"","ast-featured-img":"","footer-sml-layout":"","ast-disable-related-posts":"","theme-transparent-header-meta":"default","adv-header-id-meta":"","stick-header-meta":"","header-above-stick-meta":"","header-main-stick-meta":"","header-below-stick-meta":"","astra-migrate-meta-layouts":"default","ast-page-background-enabled":"default","ast-page-background-meta":{"desktop":{"background-color":"","background-image":"","background-repeat":"repeat","background-position":"center center","background-size":"auto","background-attachment":"scroll","background-type":"","background-media":"","overlay-type":"","overlay-color":"","overlay-opacity":"","overlay-gradient":""},"tablet":{"background-color":"","background-image":"","background-repeat":"repeat","background-position":"center center","background-size":"auto","background-attachment":"scroll","background-type":"","background-media":"","overlay-type":"","overlay-color":"","overlay-opacity":"","overlay-gradient":""},"mobile":{"background-color":"","background-image":"","background-repeat":"repeat","background-position":"center center","background-size":"auto","background-attachment":"scroll","background-type":"","background-media":"","overlay-type":"","overlay-color":"","overlay-opacity":"","overlay-gradient":""}},"ast-content-background-meta":{"desktop":{"background-color":"var(--ast-global-color-5)","background-image":"","background-repeat":"repeat","background-position":"center center","background-size":"auto","background-attachment":"scroll","background-type":"","background-media":"","overlay-type":"","overlay-color":"","overlay-opacity":"","overlay-gradient":""},"tablet":{"background-color":"var(--ast-global-color-5)","background-image":"","background-repeat":"repeat","background-position":"center center","background-size":"auto","background-attachment":"scroll","background-type":"","background-media":"","overlay-type":"","overlay-color":"","overlay-opacity":"","overlay-gradient":""},"mobile":{"background-color":"var(--ast-global-color-5)","background-image":"","background-repeat":"repeat","background-position":"center center","background-size":"auto","background-attachment":"scroll","background-type":"","background-media":"","overlay-type":"","overlay-color":"","overlay-opacity":"","overlay-gradient":""}}},"product_brand":[],"product_cat":[66],"product_tag":[45,55,63],"class_list":{"0":"post-12427","1":"product","2":"type-product","3":"status-publish","4":"has-post-thumbnail","6":"product_cat-komplektai","7":"product_tag-edukacines","8":"product_tag-izvalgu","9":"product_tag-komandines","10":"desktop-align-left","11":"tablet-align-left","12":"mobile-align-left","14":"first","15":"instock","16":"sale","17":"taxable","18":"shipping-taxable","19":"purchasable","20":"product-type-variable"},"yoast_head":"<!-- This site is optimized with the Yoast SEO plugin v27.4 - https:\/\/yoast.com\/product\/yoast-seo-wordpress\/ -->\n<title>TEAM ir TYPE komplektas | Metaforin\u0117s Kortos<\/title>\n<meta name=\"description\" content=\"TEAM ir TYPE asociatyvin\u0117s tipologin\u0117s komandin\u0117s kortos. Jos atskleid\u017eia \u012fvairius \u017emogaus m\u0105stymo ir elgesio modelius \u012fvairiose gyvenimo srityse.\" \/>\n<meta name=\"robots\" content=\"index, follow, max-snippet:-1, max-image-preview:large, max-video-preview:-1\" \/>\n<link rel=\"canonical\" href=\"https:\/\/metaforineskortos.lt\/en\/parduotuve\/komplektai\/team-ir-type\/\" \/>\n<meta property=\"og:locale\" content=\"en_GB\" \/>\n<meta property=\"og:type\" content=\"article\" \/>\n<meta property=\"og:title\" content=\"TEAM ir TYPE komplektas | Metaforin\u0117s Kortos\" \/>\n<meta property=\"og:description\" content=\"TEAM ir TYPE asociatyvin\u0117s tipologin\u0117s komandin\u0117s kortos. Jos atskleid\u017eia \u012fvairius \u017emogaus m\u0105stymo ir elgesio modelius \u012fvairiose gyvenimo srityse.\" \/>\n<meta property=\"og:url\" content=\"https:\/\/metaforineskortos.lt\/en\/parduotuve\/komplektai\/team-ir-type\/\" \/>\n<meta property=\"og:site_name\" content=\"Metaforin\u0117s Kortos\" \/>\n<meta property=\"article:modified_time\" content=\"2025-09-22T11:23:25+00:00\" \/>\n<meta property=\"og:image\" content=\"https:\/\/metaforineskortos.lt\/wp-content\/uploads\/2023\/05\/343475266_1569157990243155_5473070102188791918_n.jpg\" \/>\n\t<meta property=\"og:image:width\" content=\"1890\" \/>\n\t<meta property=\"og:image:height\" content=\"1512\" \/>\n\t<meta property=\"og:image:type\" content=\"image\/jpeg\" \/>\n<meta name=\"twitter:card\" content=\"summary_large_image\" \/>\n<meta name=\"twitter:label1\" content=\"Estimated reading time\" \/>\n\t<meta name=\"twitter:data1\" content=\"2 minutes\" \/>\n<script type=\"application\/ld+json\" class=\"yoast-schema-graph\">{\"@context\":\"https:\\\/\\\/schema.org\",\"@graph\":[{\"@type\":\"WebPage\",\"@id\":\"https:\\\/\\\/metaforineskortos.lt\\\/parduotuve\\\/komplektai\\\/team-ir-type\\\/\",\"url\":\"https:\\\/\\\/metaforineskortos.lt\\\/parduotuve\\\/komplektai\\\/team-ir-type\\\/\",\"name\":\"TEAM ir TYPE komplektas | Metaforin\u0117s Kortos\",\"isPartOf\":{\"@id\":\"https:\\\/\\\/metaforineskortos.lt\\\/#website\"},\"primaryImageOfPage\":{\"@id\":\"https:\\\/\\\/metaforineskortos.lt\\\/parduotuve\\\/komplektai\\\/team-ir-type\\\/#primaryimage\"},\"image\":{\"@id\":\"https:\\\/\\\/metaforineskortos.lt\\\/parduotuve\\\/komplektai\\\/team-ir-type\\\/#primaryimage\"},\"thumbnailUrl\":\"https:\\\/\\\/i0.wp.com\\\/metaforineskortos.lt\\\/wp-content\\\/uploads\\\/2023\\\/05\\\/343475266_1569157990243155_5473070102188791918_n.jpg?fit=1890%2C1512&ssl=1\",\"datePublished\":\"2023-05-11T10:57:45+00:00\",\"dateModified\":\"2025-09-22T11:23:25+00:00\",\"description\":\"TEAM ir TYPE asociatyvin\u0117s tipologin\u0117s komandin\u0117s kortos. Jos atskleid\u017eia \u012fvairius \u017emogaus m\u0105stymo ir elgesio modelius \u012fvairiose gyvenimo srityse.\",\"breadcrumb\":{\"@id\":\"https:\\\/\\\/metaforineskortos.lt\\\/parduotuve\\\/komplektai\\\/team-ir-type\\\/#breadcrumb\"},\"inLanguage\":\"en-GB\",\"potentialAction\":[{\"@type\":\"ReadAction\",\"target\":[\"https:\\\/\\\/metaforineskortos.lt\\\/parduotuve\\\/komplektai\\\/team-ir-type\\\/\"]}]},{\"@type\":\"ImageObject\",\"inLanguage\":\"en-GB\",\"@id\":\"https:\\\/\\\/metaforineskortos.lt\\\/parduotuve\\\/komplektai\\\/team-ir-type\\\/#primaryimage\",\"url\":\"https:\\\/\\\/i0.wp.com\\\/metaforineskortos.lt\\\/wp-content\\\/uploads\\\/2023\\\/05\\\/343475266_1569157990243155_5473070102188791918_n.jpg?fit=1890%2C1512&ssl=1\",\"contentUrl\":\"https:\\\/\\\/i0.wp.com\\\/metaforineskortos.lt\\\/wp-content\\\/uploads\\\/2023\\\/05\\\/343475266_1569157990243155_5473070102188791918_n.jpg?fit=1890%2C1512&ssl=1\",\"width\":1890,\"height\":1512,\"caption\":\"TEAM ir TYPE\"},{\"@type\":\"BreadcrumbList\",\"@id\":\"https:\\\/\\\/metaforineskortos.lt\\\/parduotuve\\\/komplektai\\\/team-ir-type\\\/#breadcrumb\",\"itemListElement\":[{\"@type\":\"ListItem\",\"position\":1,\"name\":\"Home\",\"item\":\"https:\\\/\\\/metaforineskortos.lt\\\/\"},{\"@type\":\"ListItem\",\"position\":2,\"name\":\"Parduotuv\u0117\",\"item\":\"https:\\\/\\\/metaforineskortos.lt\\\/parduotuve\\\/\"},{\"@type\":\"ListItem\",\"position\":3,\"name\":\"TEAM ir TYPE komplektas\"}]},{\"@type\":\"WebSite\",\"@id\":\"https:\\\/\\\/metaforineskortos.lt\\\/#website\",\"url\":\"https:\\\/\\\/metaforineskortos.lt\\\/\",\"name\":\"Metaforin\u0117s Kortos\",\"description\":\"Metaforin\u0117s Kortos ir Saviugdos Mokymai\",\"publisher\":{\"@id\":\"https:\\\/\\\/metaforineskortos.lt\\\/#organization\"},\"potentialAction\":[{\"@type\":\"SearchAction\",\"target\":{\"@type\":\"EntryPoint\",\"urlTemplate\":\"https:\\\/\\\/metaforineskortos.lt\\\/?s={search_term_string}\"},\"query-input\":{\"@type\":\"PropertyValueSpecification\",\"valueRequired\":true,\"valueName\":\"search_term_string\"}}],\"inLanguage\":\"en-GB\"},{\"@type\":\"Organization\",\"@id\":\"https:\\\/\\\/metaforineskortos.lt\\\/#organization\",\"name\":\"Metaforin\u0117s Kortos\",\"url\":\"https:\\\/\\\/metaforineskortos.lt\\\/\",\"logo\":{\"@type\":\"ImageObject\",\"inLanguage\":\"en-GB\",\"@id\":\"https:\\\/\\\/metaforineskortos.lt\\\/#\\\/schema\\\/logo\\\/image\\\/\",\"url\":\"https:\\\/\\\/metaforineskortos.lt\\\/wp-content\\\/uploads\\\/2021\\\/03\\\/re-act-logo.svg\",\"contentUrl\":\"https:\\\/\\\/metaforineskortos.lt\\\/wp-content\\\/uploads\\\/2021\\\/03\\\/re-act-logo.svg\",\"width\":117,\"height\":58,\"caption\":\"Metaforin\u0117s Kortos\"},\"image\":{\"@id\":\"https:\\\/\\\/metaforineskortos.lt\\\/#\\\/schema\\\/logo\\\/image\\\/\"}}]}<\/script>\n<!-- \/ Yoast SEO plugin. -->","yoast_head_json":{"title":"TEAM ir TYPE komplektas | Metaforin\u0117s Kortos","description":"TEAM ir TYPE asociatyvin\u0117s tipologin\u0117s komandin\u0117s kortos. Jos atskleid\u017eia \u012fvairius \u017emogaus m\u0105stymo ir elgesio modelius \u012fvairiose gyvenimo srityse.","robots":{"index":"index","follow":"follow","max-snippet":"max-snippet:-1","max-image-preview":"max-image-preview:large","max-video-preview":"max-video-preview:-1"},"canonical":"https:\/\/metaforineskortos.lt\/en\/parduotuve\/komplektai\/team-ir-type\/","og_locale":"en_GB","og_type":"article","og_title":"TEAM ir TYPE komplektas | Metaforin\u0117s Kortos","og_description":"TEAM ir TYPE asociatyvin\u0117s tipologin\u0117s komandin\u0117s kortos. Jos atskleid\u017eia \u012fvairius \u017emogaus m\u0105stymo ir elgesio modelius \u012fvairiose gyvenimo srityse.","og_url":"https:\/\/metaforineskortos.lt\/en\/parduotuve\/komplektai\/team-ir-type\/","og_site_name":"Metaforin\u0117s Kortos","article_modified_time":"2025-09-22T11:23:25+00:00","og_image":[{"width":1890,"height":1512,"url":"https:\/\/metaforineskortos.lt\/wp-content\/uploads\/2023\/05\/343475266_1569157990243155_5473070102188791918_n.jpg","type":"image\/jpeg"}],"twitter_card":"summary_large_image","twitter_misc":{"Estimated reading time":"2 minutes"},"schema":{"@context":"https:\/\/schema.org","@graph":[{"@type":"WebPage","@id":"https:\/\/metaforineskortos.lt\/parduotuve\/komplektai\/team-ir-type\/","url":"https:\/\/metaforineskortos.lt\/parduotuve\/komplektai\/team-ir-type\/","name":"TEAM ir TYPE komplektas | Metaforin\u0117s Kortos","isPartOf":{"@id":"https:\/\/metaforineskortos.lt\/#website"},"primaryImageOfPage":{"@id":"https:\/\/metaforineskortos.lt\/parduotuve\/komplektai\/team-ir-type\/#primaryimage"},"image":{"@id":"https:\/\/metaforineskortos.lt\/parduotuve\/komplektai\/team-ir-type\/#primaryimage"},"thumbnailUrl":"https:\/\/i0.wp.com\/metaforineskortos.lt\/wp-content\/uploads\/2023\/05\/343475266_1569157990243155_5473070102188791918_n.jpg?fit=1890%2C1512&ssl=1","datePublished":"2023-05-11T10:57:45+00:00","dateModified":"2025-09-22T11:23:25+00:00","description":"TEAM ir TYPE asociatyvin\u0117s tipologin\u0117s komandin\u0117s kortos. Jos atskleid\u017eia \u012fvairius \u017emogaus m\u0105stymo ir elgesio modelius \u012fvairiose gyvenimo srityse.","breadcrumb":{"@id":"https:\/\/metaforineskortos.lt\/parduotuve\/komplektai\/team-ir-type\/#breadcrumb"},"inLanguage":"en-GB","potentialAction":[{"@type":"ReadAction","target":["https:\/\/metaforineskortos.lt\/parduotuve\/komplektai\/team-ir-type\/"]}]},{"@type":"ImageObject","inLanguage":"en-GB","@id":"https:\/\/metaforineskortos.lt\/parduotuve\/komplektai\/team-ir-type\/#primaryimage","url":"https:\/\/i0.wp.com\/metaforineskortos.lt\/wp-content\/uploads\/2023\/05\/343475266_1569157990243155_5473070102188791918_n.jpg?fit=1890%2C1512&ssl=1","contentUrl":"https:\/\/i0.wp.com\/metaforineskortos.lt\/wp-content\/uploads\/2023\/05\/343475266_1569157990243155_5473070102188791918_n.jpg?fit=1890%2C1512&ssl=1","width":1890,"height":1512,"caption":"TEAM ir TYPE"},{"@type":"BreadcrumbList","@id":"https:\/\/metaforineskortos.lt\/parduotuve\/komplektai\/team-ir-type\/#breadcrumb","itemListElement":[{"@type":"ListItem","position":1,"name":"Home","item":"https:\/\/metaforineskortos.lt\/"},{"@type":"ListItem","position":2,"name":"Parduotuv\u0117","item":"https:\/\/metaforineskortos.lt\/parduotuve\/"},{"@type":"ListItem","position":3,"name":"TEAM ir TYPE komplektas"}]},{"@type":"WebSite","@id":"https:\/\/metaforineskortos.lt\/#website","url":"https:\/\/metaforineskortos.lt\/","name":"Metaforin\u0117s Kortos","description":"Metaforin\u0117s Kortos ir Saviugdos Mokymai","publisher":{"@id":"https:\/\/metaforineskortos.lt\/#organization"},"potentialAction":[{"@type":"SearchAction","target":{"@type":"EntryPoint","urlTemplate":"https:\/\/metaforineskortos.lt\/?s={search_term_string}"},"query-input":{"@type":"PropertyValueSpecification","valueRequired":true,"valueName":"search_term_string"}}],"inLanguage":"en-GB"},{"@type":"Organization","@id":"https:\/\/metaforineskortos.lt\/#organization","name":"Metaforin\u0117s Kortos","url":"https:\/\/metaforineskortos.lt\/","logo":{"@type":"ImageObject","inLanguage":"en-GB","@id":"https:\/\/metaforineskortos.lt\/#\/schema\/logo\/image\/","url":"https:\/\/metaforineskortos.lt\/wp-content\/uploads\/2021\/03\/re-act-logo.svg","contentUrl":"https:\/\/metaforineskortos.lt\/wp-content\/uploads\/2021\/03\/re-act-logo.svg","width":117,"height":58,"caption":"Metaforin\u0117s Kortos"},"image":{"@id":"https:\/\/metaforineskortos.lt\/#\/schema\/logo\/image\/"}}]}},"jetpack_sharing_enabled":true,"_links":{"self":[{"href":"https:\/\/metaforineskortos.lt\/en\/wp-json\/wp\/v2\/product\/12427","targetHints":{"allow":["GET"]}}],"collection":[{"href":"https:\/\/metaforineskortos.lt\/en\/wp-json\/wp\/v2\/product"}],"about":[{"href":"https:\/\/metaforineskortos.lt\/en\/wp-json\/wp\/v2\/types\/product"}],"wp:featuredmedia":[{"embeddable":true,"href":"https:\/\/metaforineskortos.lt\/en\/wp-json\/wp\/v2\/media\/12430"}],"wp:attachment":[{"href":"https:\/\/metaforineskortos.lt\/en\/wp-json\/wp\/v2\/media?parent=12427"}],"wp:term":[{"taxonomy":"product_brand","embeddable":true,"href":"https:\/\/metaforineskortos.lt\/en\/wp-json\/wp\/v2\/product_brand?post=12427"},{"taxonomy":"product_cat","embeddable":true,"href":"https:\/\/metaforineskortos.lt\/en\/wp-json\/wp\/v2\/product_cat?post=12427"},{"taxonomy":"product_tag","embeddable":true,"href":"https:\/\/metaforineskortos.lt\/en\/wp-json\/wp\/v2\/product_tag?post=12427"}],"curies":[{"name":"wp","href":"https:\/\/api.w.org\/{rel}","templated":true}]}}