{"id":12327,"date":"2023-04-13T12:29:33","date_gmt":"2023-04-13T09:29:33","guid":{"rendered":"https:\/\/metaforineskortos.lt\/?post_type=product&#038;p=12327"},"modified":"2025-10-25T11:38:49","modified_gmt":"2025-10-25T08:38:49","slug":"veiklos-labirintai","status":"publish","type":"product","link":"https:\/\/metaforineskortos.lt\/en\/parduotuve\/knygos\/veiklos-labirintai\/","title":{"rendered":"ACTIVITY LABYRINTHS self-education book (LT)"},"content":{"rendered":"<p>Knyga &#8222;Veiklos labirintai&#8221; &#8211; tai lyg pilnas mokym\u0173 kursas popieriuje. Ji skirta kiekvienam \u0161iek tiek pasiklydusiam savo gyvenime, veikloje ir mintyse. Kai klausim\u0173 daugiau nei atsakym\u0173 verta stabtelti ir apgalvoti savo norus, veiksmus, galimybes. Knyga \u201eVeiklos labirintai\u201c apima kelet\u0105 sav\u0119s pa\u017einimui svarbi\u0173 metodik\u0173, joje yra daugyb\u0117 klausim\u0173, u\u017eduo\u010di\u0173, pratim\u0173 ir \u012fvairi\u0173 technik\u0173.<\/p>\n<p>Kam skirta: <em>\u2013 Asmeniniam naudojimui, lavinimo pratimams \u2b50\u2b50\u2b50 \u2013 Kou\u010dingo specialistams ir konsultantams <\/em>\u2b50\u2b50\u2b50<em> \u2013 Pedagogams, socialiniams darbuotojams <\/em> \u2b50\u2b50\u2b50 <em>\u2013 Mokym\u0173 treneriams, lektoriams <\/em><em>\u2b50\u2b50\u2b50 \u2013 HR specialistams, personalo darbuotojams <\/em>\u2b50\u2b50 <em>\u2013<\/em><em> Psichologams, psichoterapeutams \u2b50\u2b50<\/em><em> \u2013 Vadovams, komand\u0173 lyderiams <\/em>\u2b50\u2b50<\/p>\n<p><a href=\"https:\/\/www.ofisodramos.lt\/\" target=\"_blank\" rel=\"noopener\">Knygos autor\u0117 Paulina Botyri\u016bt\u0117<\/a> skatina atrasti stebukling\u0105 s\u0117kming\u0173 poky\u010di\u0173 piliul\u0119, bet tikrai ne i\u0161or\u0117je, o savyje. Stebuklas ne\u012fvyksta per vien\u0105 nakt\u012f, tam reikia laiko \u2013 steb\u0117ti ir tyrin\u0117ti save, kalb\u0117tis su savimi, ie\u0161koti atsakym\u0173 \u012f klausimus, bandyti, eksperimentuoti. Tai procesas, o \u0161i knyga yra tam, kad \u0161is kelias b\u016bt\u0173 bent kuo paprastesnis ir smagesnis.<\/p>\n<p>If you lack knowledge on how to use metaphorical cards in your activities, check out here: <a href=\"https:\/\/metaforineskortos.lt\/en\/mokymai\/\" target=\"_blank\" rel=\"noopener\">COURSES<\/a><\/p>\n<div id=\"gtx-trans\" style=\"position: absolute; left: 253px; top: 46px;\">\n<div class=\"gtx-trans-icon\"><\/div>\n<\/div>","protected":false},"excerpt":{"rendered":"<p>The book \"Labyrinths of Activities\" is like a complete training course on paper. It is for everyone who is a little lost in their life, activities and thoughts. When there are more questions than answers, it's worth stopping and thinking about your wishes, actions, and possibilities. The book \"Labyrinths of Activity\" contains many questions, tasks, exercises and various methodologies.\n<i>(Only in Lithuanian language)<\/p>\n<p>&nbsp;<\/p>\n<p>&nbsp;<\/p>","protected":false},"featured_media":12334,"template":"","meta":{"site-sidebar-layout":"default","site-content-layout":"default","ast-site-content-layout":"default","site-content-style":"default","site-sidebar-style":"default","ast-global-header-display":"","ast-banner-title-visibility":"","ast-main-header-display":"","ast-hfb-above-header-display":"","ast-hfb-below-header-display":"","ast-hfb-mobile-header-display":"","site-post-title":"","ast-breadcrumbs-content":"","ast-featured-img":"","footer-sml-layout":"","ast-disable-related-posts":"","theme-transparent-header-meta":"default","adv-header-id-meta":"","stick-header-meta":"","header-above-stick-meta":"","header-main-stick-meta":"","header-below-stick-meta":"","astra-migrate-meta-layouts":"set","ast-page-background-enabled":"default","ast-page-background-meta":{"desktop":{"background-color":"","background-image":"","background-repeat":"repeat","background-position":"center center","background-size":"auto","background-attachment":"scroll","background-type":"","background-media":"","overlay-type":"","overlay-color":"","overlay-opacity":"","overlay-gradient":""},"tablet":{"background-color":"","background-image":"","background-repeat":"repeat","background-position":"center center","background-size":"auto","background-attachment":"scroll","background-type":"","background-media":"","overlay-type":"","overlay-color":"","overlay-opacity":"","overlay-gradient":""},"mobile":{"background-color":"","background-image":"","background-repeat":"repeat","background-position":"center center","background-size":"auto","background-attachment":"scroll","background-type":"","background-media":"","overlay-type":"","overlay-color":"","overlay-opacity":"","overlay-gradient":""}},"ast-content-background-meta":{"desktop":{"background-color":"var(--ast-global-color-5)","background-image":"","background-repeat":"repeat","background-position":"center center","background-size":"auto","background-attachment":"scroll","background-type":"","background-media":"","overlay-type":"","overlay-color":"","overlay-opacity":"","overlay-gradient":""},"tablet":{"background-color":"var(--ast-global-color-5)","background-image":"","background-repeat":"repeat","background-position":"center center","background-size":"auto","background-attachment":"scroll","background-type":"","background-media":"","overlay-type":"","overlay-color":"","overlay-opacity":"","overlay-gradient":""},"mobile":{"background-color":"var(--ast-global-color-5)","background-image":"","background-repeat":"repeat","background-position":"center center","background-size":"auto","background-attachment":"scroll","background-type":"","background-media":"","overlay-type":"","overlay-color":"","overlay-opacity":"","overlay-gradient":""}}},"product_brand":[],"product_cat":[62],"product_tag":[55,58,42],"class_list":{"0":"post-12327","1":"product","2":"type-product","3":"status-publish","4":"has-post-thumbnail","6":"product_cat-knygos","7":"product_tag-izvalgu","8":"product_tag-populiarios","9":"product_tag-santykiams","10":"desktop-align-left","11":"tablet-align-left","12":"mobile-align-left","14":"first","15":"outofstock","16":"taxable","17":"shipping-taxable","18":"purchasable","19":"product-type-simple"},"yoast_head":"<!-- This site is optimized with the Yoast SEO plugin v27.3 - https:\/\/yoast.com\/product\/yoast-seo-wordpress\/ -->\n<title>VEIKLOS LABIRINTAI - saviugdos knyga<\/title>\n<meta name=\"description\" content=\"Knyga &quot;Veiklos labirintai&quot; - tai lyg pilnas mokym\u0173 kursas popieriuje. Ji skirta kiekvienam \u0161iek tiek pasiklydusiam savo gyvenime, veikloje ir mintyse.\" \/>\n<meta name=\"robots\" content=\"index, follow, max-snippet:-1, max-image-preview:large, max-video-preview:-1\" \/>\n<link rel=\"canonical\" href=\"https:\/\/metaforineskortos.lt\/en\/parduotuve\/knygos\/veiklos-labirintai\/\" \/>\n<meta property=\"og:locale\" content=\"en_GB\" \/>\n<meta property=\"og:type\" content=\"article\" \/>\n<meta property=\"og:title\" content=\"VEIKLOS LABIRINTAI - saviugdos knyga\" \/>\n<meta property=\"og:description\" content=\"Knyga &quot;Veiklos labirintai&quot; - tai lyg pilnas mokym\u0173 kursas popieriuje. Ji skirta kiekvienam \u0161iek tiek pasiklydusiam savo gyvenime, veikloje ir mintyse.\" \/>\n<meta property=\"og:url\" content=\"https:\/\/metaforineskortos.lt\/en\/parduotuve\/knygos\/veiklos-labirintai\/\" \/>\n<meta property=\"og:site_name\" content=\"Metaforin\u0117s Kortos\" \/>\n<meta property=\"article:modified_time\" content=\"2025-10-25T08:38:49+00:00\" \/>\n<meta property=\"og:image\" content=\"https:\/\/metaforineskortos.lt\/wp-content\/uploads\/2023\/04\/Veiklos-lab-1024x819.png\" \/>\n\t<meta property=\"og:image:width\" content=\"1024\" \/>\n\t<meta property=\"og:image:height\" content=\"819\" \/>\n\t<meta property=\"og:image:type\" content=\"image\/png\" \/>\n<meta name=\"twitter:card\" content=\"summary_large_image\" \/>\n<meta name=\"twitter:label1\" content=\"Estimated reading time\" \/>\n\t<meta name=\"twitter:data1\" content=\"2 minutes\" \/>\n<script type=\"application\/ld+json\" class=\"yoast-schema-graph\">{\"@context\":\"https:\\\/\\\/schema.org\",\"@graph\":[{\"@type\":\"WebPage\",\"@id\":\"https:\\\/\\\/metaforineskortos.lt\\\/parduotuve\\\/knygos\\\/veiklos-labirintai\\\/\",\"url\":\"https:\\\/\\\/metaforineskortos.lt\\\/parduotuve\\\/knygos\\\/veiklos-labirintai\\\/\",\"name\":\"VEIKLOS LABIRINTAI - saviugdos knyga\",\"isPartOf\":{\"@id\":\"https:\\\/\\\/metaforineskortos.lt\\\/#website\"},\"primaryImageOfPage\":{\"@id\":\"https:\\\/\\\/metaforineskortos.lt\\\/parduotuve\\\/knygos\\\/veiklos-labirintai\\\/#primaryimage\"},\"image\":{\"@id\":\"https:\\\/\\\/metaforineskortos.lt\\\/parduotuve\\\/knygos\\\/veiklos-labirintai\\\/#primaryimage\"},\"thumbnailUrl\":\"https:\\\/\\\/i0.wp.com\\\/metaforineskortos.lt\\\/wp-content\\\/uploads\\\/2023\\\/04\\\/Veiklos-lab.png?fit=1890%2C1512&ssl=1\",\"datePublished\":\"2023-04-13T09:29:33+00:00\",\"dateModified\":\"2025-10-25T08:38:49+00:00\",\"description\":\"Knyga \\\"Veiklos labirintai\\\" - tai lyg pilnas mokym\u0173 kursas popieriuje. Ji skirta kiekvienam \u0161iek tiek pasiklydusiam savo gyvenime, veikloje ir mintyse.\",\"breadcrumb\":{\"@id\":\"https:\\\/\\\/metaforineskortos.lt\\\/parduotuve\\\/knygos\\\/veiklos-labirintai\\\/#breadcrumb\"},\"inLanguage\":\"en-GB\",\"potentialAction\":[{\"@type\":\"ReadAction\",\"target\":[\"https:\\\/\\\/metaforineskortos.lt\\\/parduotuve\\\/knygos\\\/veiklos-labirintai\\\/\"]}]},{\"@type\":\"ImageObject\",\"inLanguage\":\"en-GB\",\"@id\":\"https:\\\/\\\/metaforineskortos.lt\\\/parduotuve\\\/knygos\\\/veiklos-labirintai\\\/#primaryimage\",\"url\":\"https:\\\/\\\/i0.wp.com\\\/metaforineskortos.lt\\\/wp-content\\\/uploads\\\/2023\\\/04\\\/Veiklos-lab.png?fit=1890%2C1512&ssl=1\",\"contentUrl\":\"https:\\\/\\\/i0.wp.com\\\/metaforineskortos.lt\\\/wp-content\\\/uploads\\\/2023\\\/04\\\/Veiklos-lab.png?fit=1890%2C1512&ssl=1\",\"width\":1890,\"height\":1512,\"caption\":\"Knyga Veiklos labirintai\"},{\"@type\":\"BreadcrumbList\",\"@id\":\"https:\\\/\\\/metaforineskortos.lt\\\/parduotuve\\\/knygos\\\/veiklos-labirintai\\\/#breadcrumb\",\"itemListElement\":[{\"@type\":\"ListItem\",\"position\":1,\"name\":\"Home\",\"item\":\"https:\\\/\\\/metaforineskortos.lt\\\/\"},{\"@type\":\"ListItem\",\"position\":2,\"name\":\"Parduotuv\u0117\",\"item\":\"https:\\\/\\\/metaforineskortos.lt\\\/parduotuve\\\/\"},{\"@type\":\"ListItem\",\"position\":3,\"name\":\"VEIKLOS LABIRINTAI &#8211; saviugdos knyga\"}]},{\"@type\":\"WebSite\",\"@id\":\"https:\\\/\\\/metaforineskortos.lt\\\/#website\",\"url\":\"https:\\\/\\\/metaforineskortos.lt\\\/\",\"name\":\"Metaforin\u0117s Kortos\",\"description\":\"Metaforin\u0117s Kortos ir Saviugdos Mokymai\",\"publisher\":{\"@id\":\"https:\\\/\\\/metaforineskortos.lt\\\/#organization\"},\"potentialAction\":[{\"@type\":\"SearchAction\",\"target\":{\"@type\":\"EntryPoint\",\"urlTemplate\":\"https:\\\/\\\/metaforineskortos.lt\\\/?s={search_term_string}\"},\"query-input\":{\"@type\":\"PropertyValueSpecification\",\"valueRequired\":true,\"valueName\":\"search_term_string\"}}],\"inLanguage\":\"en-GB\"},{\"@type\":\"Organization\",\"@id\":\"https:\\\/\\\/metaforineskortos.lt\\\/#organization\",\"name\":\"Metaforin\u0117s Kortos\",\"url\":\"https:\\\/\\\/metaforineskortos.lt\\\/\",\"logo\":{\"@type\":\"ImageObject\",\"inLanguage\":\"en-GB\",\"@id\":\"https:\\\/\\\/metaforineskortos.lt\\\/#\\\/schema\\\/logo\\\/image\\\/\",\"url\":\"https:\\\/\\\/metaforineskortos.lt\\\/wp-content\\\/uploads\\\/2021\\\/03\\\/re-act-logo.svg\",\"contentUrl\":\"https:\\\/\\\/metaforineskortos.lt\\\/wp-content\\\/uploads\\\/2021\\\/03\\\/re-act-logo.svg\",\"width\":117,\"height\":58,\"caption\":\"Metaforin\u0117s Kortos\"},\"image\":{\"@id\":\"https:\\\/\\\/metaforineskortos.lt\\\/#\\\/schema\\\/logo\\\/image\\\/\"}}]}<\/script>\n<!-- \/ Yoast SEO plugin. -->","yoast_head_json":{"title":"VEIKLOS LABIRINTAI - saviugdos knyga","description":"Knyga \"Veiklos labirintai\" - tai lyg pilnas mokym\u0173 kursas popieriuje. Ji skirta kiekvienam \u0161iek tiek pasiklydusiam savo gyvenime, veikloje ir mintyse.","robots":{"index":"index","follow":"follow","max-snippet":"max-snippet:-1","max-image-preview":"max-image-preview:large","max-video-preview":"max-video-preview:-1"},"canonical":"https:\/\/metaforineskortos.lt\/en\/parduotuve\/knygos\/veiklos-labirintai\/","og_locale":"en_GB","og_type":"article","og_title":"VEIKLOS LABIRINTAI - saviugdos knyga","og_description":"Knyga \"Veiklos labirintai\" - tai lyg pilnas mokym\u0173 kursas popieriuje. Ji skirta kiekvienam \u0161iek tiek pasiklydusiam savo gyvenime, veikloje ir mintyse.","og_url":"https:\/\/metaforineskortos.lt\/en\/parduotuve\/knygos\/veiklos-labirintai\/","og_site_name":"Metaforin\u0117s Kortos","article_modified_time":"2025-10-25T08:38:49+00:00","og_image":[{"width":1024,"height":819,"url":"https:\/\/metaforineskortos.lt\/wp-content\/uploads\/2023\/04\/Veiklos-lab-1024x819.png","type":"image\/png"}],"twitter_card":"summary_large_image","twitter_misc":{"Estimated reading time":"2 minutes"},"schema":{"@context":"https:\/\/schema.org","@graph":[{"@type":"WebPage","@id":"https:\/\/metaforineskortos.lt\/parduotuve\/knygos\/veiklos-labirintai\/","url":"https:\/\/metaforineskortos.lt\/parduotuve\/knygos\/veiklos-labirintai\/","name":"VEIKLOS LABIRINTAI - saviugdos knyga","isPartOf":{"@id":"https:\/\/metaforineskortos.lt\/#website"},"primaryImageOfPage":{"@id":"https:\/\/metaforineskortos.lt\/parduotuve\/knygos\/veiklos-labirintai\/#primaryimage"},"image":{"@id":"https:\/\/metaforineskortos.lt\/parduotuve\/knygos\/veiklos-labirintai\/#primaryimage"},"thumbnailUrl":"https:\/\/i0.wp.com\/metaforineskortos.lt\/wp-content\/uploads\/2023\/04\/Veiklos-lab.png?fit=1890%2C1512&ssl=1","datePublished":"2023-04-13T09:29:33+00:00","dateModified":"2025-10-25T08:38:49+00:00","description":"Knyga \"Veiklos labirintai\" - tai lyg pilnas mokym\u0173 kursas popieriuje. Ji skirta kiekvienam \u0161iek tiek pasiklydusiam savo gyvenime, veikloje ir mintyse.","breadcrumb":{"@id":"https:\/\/metaforineskortos.lt\/parduotuve\/knygos\/veiklos-labirintai\/#breadcrumb"},"inLanguage":"en-GB","potentialAction":[{"@type":"ReadAction","target":["https:\/\/metaforineskortos.lt\/parduotuve\/knygos\/veiklos-labirintai\/"]}]},{"@type":"ImageObject","inLanguage":"en-GB","@id":"https:\/\/metaforineskortos.lt\/parduotuve\/knygos\/veiklos-labirintai\/#primaryimage","url":"https:\/\/i0.wp.com\/metaforineskortos.lt\/wp-content\/uploads\/2023\/04\/Veiklos-lab.png?fit=1890%2C1512&ssl=1","contentUrl":"https:\/\/i0.wp.com\/metaforineskortos.lt\/wp-content\/uploads\/2023\/04\/Veiklos-lab.png?fit=1890%2C1512&ssl=1","width":1890,"height":1512,"caption":"Knyga Veiklos labirintai"},{"@type":"BreadcrumbList","@id":"https:\/\/metaforineskortos.lt\/parduotuve\/knygos\/veiklos-labirintai\/#breadcrumb","itemListElement":[{"@type":"ListItem","position":1,"name":"Home","item":"https:\/\/metaforineskortos.lt\/"},{"@type":"ListItem","position":2,"name":"Parduotuv\u0117","item":"https:\/\/metaforineskortos.lt\/parduotuve\/"},{"@type":"ListItem","position":3,"name":"VEIKLOS LABIRINTAI &#8211; saviugdos knyga"}]},{"@type":"WebSite","@id":"https:\/\/metaforineskortos.lt\/#website","url":"https:\/\/metaforineskortos.lt\/","name":"Metaforin\u0117s Kortos","description":"Metaforin\u0117s Kortos ir Saviugdos Mokymai","publisher":{"@id":"https:\/\/metaforineskortos.lt\/#organization"},"potentialAction":[{"@type":"SearchAction","target":{"@type":"EntryPoint","urlTemplate":"https:\/\/metaforineskortos.lt\/?s={search_term_string}"},"query-input":{"@type":"PropertyValueSpecification","valueRequired":true,"valueName":"search_term_string"}}],"inLanguage":"en-GB"},{"@type":"Organization","@id":"https:\/\/metaforineskortos.lt\/#organization","name":"Metaforin\u0117s Kortos","url":"https:\/\/metaforineskortos.lt\/","logo":{"@type":"ImageObject","inLanguage":"en-GB","@id":"https:\/\/metaforineskortos.lt\/#\/schema\/logo\/image\/","url":"https:\/\/metaforineskortos.lt\/wp-content\/uploads\/2021\/03\/re-act-logo.svg","contentUrl":"https:\/\/metaforineskortos.lt\/wp-content\/uploads\/2021\/03\/re-act-logo.svg","width":117,"height":58,"caption":"Metaforin\u0117s Kortos"},"image":{"@id":"https:\/\/metaforineskortos.lt\/#\/schema\/logo\/image\/"}}]}},"jetpack_sharing_enabled":true,"_links":{"self":[{"href":"https:\/\/metaforineskortos.lt\/en\/wp-json\/wp\/v2\/product\/12327","targetHints":{"allow":["GET"]}}],"collection":[{"href":"https:\/\/metaforineskortos.lt\/en\/wp-json\/wp\/v2\/product"}],"about":[{"href":"https:\/\/metaforineskortos.lt\/en\/wp-json\/wp\/v2\/types\/product"}],"wp:featuredmedia":[{"embeddable":true,"href":"https:\/\/metaforineskortos.lt\/en\/wp-json\/wp\/v2\/media\/12334"}],"wp:attachment":[{"href":"https:\/\/metaforineskortos.lt\/en\/wp-json\/wp\/v2\/media?parent=12327"}],"wp:term":[{"taxonomy":"product_brand","embeddable":true,"href":"https:\/\/metaforineskortos.lt\/en\/wp-json\/wp\/v2\/product_brand?post=12327"},{"taxonomy":"product_cat","embeddable":true,"href":"https:\/\/metaforineskortos.lt\/en\/wp-json\/wp\/v2\/product_cat?post=12327"},{"taxonomy":"product_tag","embeddable":true,"href":"https:\/\/metaforineskortos.lt\/en\/wp-json\/wp\/v2\/product_tag?post=12327"}],"curies":[{"name":"wp","href":"https:\/\/api.w.org\/{rel}","templated":true}]}}