{"id":12172,"date":"2023-02-16T13:08:10","date_gmt":"2023-02-16T10:08:10","guid":{"rendered":"https:\/\/metaforineskortos.lt\/?post_type=product&#038;p=12172"},"modified":"2026-04-07T23:09:23","modified_gmt":"2026-04-07T20:09:23","slug":"laikas-sau","status":"publish","type":"product","link":"https:\/\/metaforineskortos.lt\/en\/parduotuve\/metaforines-kortos\/laikas-sau\/","title":{"rendered":"LAIKAS SAU (TIME FOR YOURSELF) affirmation cards"},"content":{"rendered":"<p><strong><em>LAIKAS SAU (TIME FOR YOURSELF)<\/em><\/strong> &#8211; tai pa\u017einimo kortos. Rinkin\u012f sudaro 50 sav\u0119s pa\u017einimo ir pri\u0117mimo korteli\u0173. Kiekvienoje j\u0173 yra klausimas, afirmacija ir paskatinimas veikti. Klausimai pad\u0117s Jums lengviau pa\u017einti save, reflektuoti, priimti, didinti savivert\u0119 ir meil\u0119 SAU. Afirmacija suteiks pasitik\u0117jimo ir palaikymo, pad\u0117s keisti \u012fsisen\u0117jusius m\u0105stymo \u012fpro\u010dius. Veiksm\u0173 planas paskatins \u017eengti pirmuosius \u017eingsnius link norim\u0173 poky\u010di\u0173.<\/p>\n<p>For: - Personal development \u2b50\u2b50\u2b50 - Psychologists, psychotherapists \u2b50\u2b50 - Coaching specialists, consultants \u2b50\u2b50 - Educators, social workers \u2b50\u2b50 - Training coaches, lecturers \u2b50 - HR specialists, personnel workers \u2b50 - Managers, teams \u2b50<\/p>\n<p>LAIKAS SAU (TIME FOR YOURSELF) recognition cards are a very simple way to remind ourselves every day that we are worthy of happiness and love. Each card has several uses: encouraging openness, providing support, and providing guidance for action. Can be used personally, in a circle of friends or in awareness training.<\/p>\n<p class=\"translation-block\">Find out how to use various <a href=\"https:\/\/re-act.lt\/metodikos\/metaforines-kortos\/\" target=\"_blank\" rel=\"noopener\">metaphorical cards<\/a> in your activities, look here: <a href=\"https:\/\/metaforineskortos.lt\/en\/mokymai\/\" target=\"_blank\" rel=\"noopener\">TRAINING<\/a><\/p>\n<div id=\"gtx-trans\">\n<div class=\"gtx-trans-icon\"><\/div>\n<\/div>","protected":false},"excerpt":{"rendered":"<p><strong><em>LAIKAS SAU (TIME FOR YOURSELF)<\/em><\/strong> - these are 50 self-knowledge and acceptance cards. Each one consists of a question, an affirmation, and a call to action. The questions will help you get to know yourself more easily, reflect, accept, increase your self-worth and self-love. Affirmation will provide confidence and support, help to change old thinking habits. An action plan will encourage you to take the first steps towards the desired change.<\/p>","protected":false},"featured_media":12176,"template":"","meta":{"site-sidebar-layout":"default","site-content-layout":"default","ast-site-content-layout":"default","site-content-style":"default","site-sidebar-style":"default","ast-global-header-display":"","ast-banner-title-visibility":"","ast-main-header-display":"","ast-hfb-above-header-display":"","ast-hfb-below-header-display":"","ast-hfb-mobile-header-display":"","site-post-title":"","ast-breadcrumbs-content":"","ast-featured-img":"","footer-sml-layout":"","ast-disable-related-posts":"","theme-transparent-header-meta":"default","adv-header-id-meta":"","stick-header-meta":"","header-above-stick-meta":"","header-main-stick-meta":"","header-below-stick-meta":"","astra-migrate-meta-layouts":"set","ast-page-background-enabled":"default","ast-page-background-meta":{"desktop":{"background-color":"","background-image":"","background-repeat":"repeat","background-position":"center center","background-size":"auto","background-attachment":"scroll","background-type":"","background-media":"","overlay-type":"","overlay-color":"","overlay-opacity":"","overlay-gradient":""},"tablet":{"background-color":"","background-image":"","background-repeat":"repeat","background-position":"center center","background-size":"auto","background-attachment":"scroll","background-type":"","background-media":"","overlay-type":"","overlay-color":"","overlay-opacity":"","overlay-gradient":""},"mobile":{"background-color":"","background-image":"","background-repeat":"repeat","background-position":"center center","background-size":"auto","background-attachment":"scroll","background-type":"","background-media":"","overlay-type":"","overlay-color":"","overlay-opacity":"","overlay-gradient":""}},"ast-content-background-meta":{"desktop":{"background-color":"var(--ast-global-color-5)","background-image":"","background-repeat":"repeat","background-position":"center center","background-size":"auto","background-attachment":"scroll","background-type":"","background-media":"","overlay-type":"","overlay-color":"","overlay-opacity":"","overlay-gradient":""},"tablet":{"background-color":"var(--ast-global-color-5)","background-image":"","background-repeat":"repeat","background-position":"center center","background-size":"auto","background-attachment":"scroll","background-type":"","background-media":"","overlay-type":"","overlay-color":"","overlay-opacity":"","overlay-gradient":""},"mobile":{"background-color":"var(--ast-global-color-5)","background-image":"","background-repeat":"repeat","background-position":"center center","background-size":"auto","background-attachment":"scroll","background-type":"","background-media":"","overlay-type":"","overlay-color":"","overlay-opacity":"","overlay-gradient":""}}},"product_brand":[],"product_cat":[31],"product_tag":[68,44,34],"class_list":{"0":"post-12172","1":"product","2":"type-product","3":"status-publish","4":"has-post-thumbnail","6":"product_cat-metaforines-kortos","7":"product_tag-pokalbiai","8":"product_tag-resursines","9":"product_tag-universalios","10":"desktop-align-left","11":"tablet-align-left","12":"mobile-align-left","14":"first","15":"instock","16":"taxable","17":"shipping-taxable","18":"purchasable","19":"product-type-simple"},"yoast_head":"<!-- This site is optimized with the Yoast SEO plugin v27.3 - https:\/\/yoast.com\/product\/yoast-seo-wordpress\/ -->\n<title>LAIKAS SAU pa\u017einimo kortos | Metaforin\u0117s Kortos<\/title>\n<meta name=\"description\" content=\"LAIKAS SAU - tai pa\u017einimo kortos su 50 s\u0105moningum\u0105 skatinan\u010di\u0173 klausim\u0173, afirmacij\u0173 suteikian\u010di\u0173 pasitik\u0117jimo ir paskatinim\u0173 eiti link norim\u0173 poky\u010di\u0173.\" \/>\n<meta name=\"robots\" content=\"index, follow, max-snippet:-1, max-image-preview:large, max-video-preview:-1\" \/>\n<link rel=\"canonical\" href=\"https:\/\/metaforineskortos.lt\/en\/parduotuve\/metaforines-kortos\/laikas-sau\/\" \/>\n<meta property=\"og:locale\" content=\"en_GB\" \/>\n<meta property=\"og:type\" content=\"article\" \/>\n<meta property=\"og:title\" content=\"LAIKAS SAU pa\u017einimo kortos | Metaforin\u0117s Kortos\" \/>\n<meta property=\"og:description\" content=\"LAIKAS SAU - tai pa\u017einimo kortos su 50 s\u0105moningum\u0105 skatinan\u010di\u0173 klausim\u0173, afirmacij\u0173 suteikian\u010di\u0173 pasitik\u0117jimo ir paskatinim\u0173 eiti link norim\u0173 poky\u010di\u0173.\" \/>\n<meta property=\"og:url\" content=\"https:\/\/metaforineskortos.lt\/en\/parduotuve\/metaforines-kortos\/laikas-sau\/\" \/>\n<meta property=\"og:site_name\" content=\"Metaforin\u0117s Kortos\" \/>\n<meta property=\"article:modified_time\" content=\"2026-04-07T20:09:23+00:00\" \/>\n<meta property=\"og:image\" content=\"https:\/\/metaforineskortos.lt\/wp-content\/uploads\/2023\/02\/Laikas-SAU.jpg\" \/>\n\t<meta property=\"og:image:width\" content=\"1890\" \/>\n\t<meta property=\"og:image:height\" content=\"1512\" \/>\n\t<meta property=\"og:image:type\" content=\"image\/jpeg\" \/>\n<meta name=\"twitter:card\" content=\"summary_large_image\" \/>\n<meta name=\"twitter:label1\" content=\"Estimated reading time\" \/>\n\t<meta name=\"twitter:data1\" content=\"1 minute\" \/>\n<script type=\"application\/ld+json\" class=\"yoast-schema-graph\">{\"@context\":\"https:\\\/\\\/schema.org\",\"@graph\":[{\"@type\":\"WebPage\",\"@id\":\"https:\\\/\\\/metaforineskortos.lt\\\/parduotuve\\\/metaforines-kortos\\\/laikas-sau\\\/\",\"url\":\"https:\\\/\\\/metaforineskortos.lt\\\/parduotuve\\\/metaforines-kortos\\\/laikas-sau\\\/\",\"name\":\"LAIKAS SAU pa\u017einimo kortos | Metaforin\u0117s Kortos\",\"isPartOf\":{\"@id\":\"https:\\\/\\\/metaforineskortos.lt\\\/#website\"},\"primaryImageOfPage\":{\"@id\":\"https:\\\/\\\/metaforineskortos.lt\\\/parduotuve\\\/metaforines-kortos\\\/laikas-sau\\\/#primaryimage\"},\"image\":{\"@id\":\"https:\\\/\\\/metaforineskortos.lt\\\/parduotuve\\\/metaforines-kortos\\\/laikas-sau\\\/#primaryimage\"},\"thumbnailUrl\":\"https:\\\/\\\/i0.wp.com\\\/metaforineskortos.lt\\\/wp-content\\\/uploads\\\/2023\\\/02\\\/Laikas-SAU.jpg?fit=1890%2C1512&ssl=1\",\"datePublished\":\"2023-02-16T10:08:10+00:00\",\"dateModified\":\"2026-04-07T20:09:23+00:00\",\"description\":\"LAIKAS SAU - tai pa\u017einimo kortos su 50 s\u0105moningum\u0105 skatinan\u010di\u0173 klausim\u0173, afirmacij\u0173 suteikian\u010di\u0173 pasitik\u0117jimo ir paskatinim\u0173 eiti link norim\u0173 poky\u010di\u0173.\",\"breadcrumb\":{\"@id\":\"https:\\\/\\\/metaforineskortos.lt\\\/parduotuve\\\/metaforines-kortos\\\/laikas-sau\\\/#breadcrumb\"},\"inLanguage\":\"en-GB\",\"potentialAction\":[{\"@type\":\"ReadAction\",\"target\":[\"https:\\\/\\\/metaforineskortos.lt\\\/parduotuve\\\/metaforines-kortos\\\/laikas-sau\\\/\"]}]},{\"@type\":\"ImageObject\",\"inLanguage\":\"en-GB\",\"@id\":\"https:\\\/\\\/metaforineskortos.lt\\\/parduotuve\\\/metaforines-kortos\\\/laikas-sau\\\/#primaryimage\",\"url\":\"https:\\\/\\\/i0.wp.com\\\/metaforineskortos.lt\\\/wp-content\\\/uploads\\\/2023\\\/02\\\/Laikas-SAU.jpg?fit=1890%2C1512&ssl=1\",\"contentUrl\":\"https:\\\/\\\/i0.wp.com\\\/metaforineskortos.lt\\\/wp-content\\\/uploads\\\/2023\\\/02\\\/Laikas-SAU.jpg?fit=1890%2C1512&ssl=1\",\"width\":1890,\"height\":1512,\"caption\":\"Laikas SAU pa\u017einimo kortos\"},{\"@type\":\"BreadcrumbList\",\"@id\":\"https:\\\/\\\/metaforineskortos.lt\\\/parduotuve\\\/metaforines-kortos\\\/laikas-sau\\\/#breadcrumb\",\"itemListElement\":[{\"@type\":\"ListItem\",\"position\":1,\"name\":\"Home\",\"item\":\"https:\\\/\\\/metaforineskortos.lt\\\/\"},{\"@type\":\"ListItem\",\"position\":2,\"name\":\"Parduotuv\u0117\",\"item\":\"https:\\\/\\\/metaforineskortos.lt\\\/parduotuve\\\/\"},{\"@type\":\"ListItem\",\"position\":3,\"name\":\"LAIKAS SAU pa\u017einimo kortos\"}]},{\"@type\":\"WebSite\",\"@id\":\"https:\\\/\\\/metaforineskortos.lt\\\/#website\",\"url\":\"https:\\\/\\\/metaforineskortos.lt\\\/\",\"name\":\"Metaforin\u0117s Kortos\",\"description\":\"Metaforin\u0117s Kortos ir Saviugdos Mokymai\",\"publisher\":{\"@id\":\"https:\\\/\\\/metaforineskortos.lt\\\/#organization\"},\"potentialAction\":[{\"@type\":\"SearchAction\",\"target\":{\"@type\":\"EntryPoint\",\"urlTemplate\":\"https:\\\/\\\/metaforineskortos.lt\\\/?s={search_term_string}\"},\"query-input\":{\"@type\":\"PropertyValueSpecification\",\"valueRequired\":true,\"valueName\":\"search_term_string\"}}],\"inLanguage\":\"en-GB\"},{\"@type\":\"Organization\",\"@id\":\"https:\\\/\\\/metaforineskortos.lt\\\/#organization\",\"name\":\"Metaforin\u0117s Kortos\",\"url\":\"https:\\\/\\\/metaforineskortos.lt\\\/\",\"logo\":{\"@type\":\"ImageObject\",\"inLanguage\":\"en-GB\",\"@id\":\"https:\\\/\\\/metaforineskortos.lt\\\/#\\\/schema\\\/logo\\\/image\\\/\",\"url\":\"https:\\\/\\\/metaforineskortos.lt\\\/wp-content\\\/uploads\\\/2021\\\/03\\\/re-act-logo.svg\",\"contentUrl\":\"https:\\\/\\\/metaforineskortos.lt\\\/wp-content\\\/uploads\\\/2021\\\/03\\\/re-act-logo.svg\",\"width\":117,\"height\":58,\"caption\":\"Metaforin\u0117s Kortos\"},\"image\":{\"@id\":\"https:\\\/\\\/metaforineskortos.lt\\\/#\\\/schema\\\/logo\\\/image\\\/\"}}]}<\/script>\n<!-- \/ Yoast SEO plugin. -->","yoast_head_json":{"title":"LAIKAS SAU pa\u017einimo kortos | Metaforin\u0117s Kortos","description":"LAIKAS SAU - tai pa\u017einimo kortos su 50 s\u0105moningum\u0105 skatinan\u010di\u0173 klausim\u0173, afirmacij\u0173 suteikian\u010di\u0173 pasitik\u0117jimo ir paskatinim\u0173 eiti link norim\u0173 poky\u010di\u0173.","robots":{"index":"index","follow":"follow","max-snippet":"max-snippet:-1","max-image-preview":"max-image-preview:large","max-video-preview":"max-video-preview:-1"},"canonical":"https:\/\/metaforineskortos.lt\/en\/parduotuve\/metaforines-kortos\/laikas-sau\/","og_locale":"en_GB","og_type":"article","og_title":"LAIKAS SAU pa\u017einimo kortos | Metaforin\u0117s Kortos","og_description":"LAIKAS SAU - tai pa\u017einimo kortos su 50 s\u0105moningum\u0105 skatinan\u010di\u0173 klausim\u0173, afirmacij\u0173 suteikian\u010di\u0173 pasitik\u0117jimo ir paskatinim\u0173 eiti link norim\u0173 poky\u010di\u0173.","og_url":"https:\/\/metaforineskortos.lt\/en\/parduotuve\/metaforines-kortos\/laikas-sau\/","og_site_name":"Metaforin\u0117s Kortos","article_modified_time":"2026-04-07T20:09:23+00:00","og_image":[{"width":1890,"height":1512,"url":"https:\/\/metaforineskortos.lt\/wp-content\/uploads\/2023\/02\/Laikas-SAU.jpg","type":"image\/jpeg"}],"twitter_card":"summary_large_image","twitter_misc":{"Estimated reading time":"1 minute"},"schema":{"@context":"https:\/\/schema.org","@graph":[{"@type":"WebPage","@id":"https:\/\/metaforineskortos.lt\/parduotuve\/metaforines-kortos\/laikas-sau\/","url":"https:\/\/metaforineskortos.lt\/parduotuve\/metaforines-kortos\/laikas-sau\/","name":"LAIKAS SAU pa\u017einimo kortos | Metaforin\u0117s Kortos","isPartOf":{"@id":"https:\/\/metaforineskortos.lt\/#website"},"primaryImageOfPage":{"@id":"https:\/\/metaforineskortos.lt\/parduotuve\/metaforines-kortos\/laikas-sau\/#primaryimage"},"image":{"@id":"https:\/\/metaforineskortos.lt\/parduotuve\/metaforines-kortos\/laikas-sau\/#primaryimage"},"thumbnailUrl":"https:\/\/i0.wp.com\/metaforineskortos.lt\/wp-content\/uploads\/2023\/02\/Laikas-SAU.jpg?fit=1890%2C1512&ssl=1","datePublished":"2023-02-16T10:08:10+00:00","dateModified":"2026-04-07T20:09:23+00:00","description":"LAIKAS SAU - tai pa\u017einimo kortos su 50 s\u0105moningum\u0105 skatinan\u010di\u0173 klausim\u0173, afirmacij\u0173 suteikian\u010di\u0173 pasitik\u0117jimo ir paskatinim\u0173 eiti link norim\u0173 poky\u010di\u0173.","breadcrumb":{"@id":"https:\/\/metaforineskortos.lt\/parduotuve\/metaforines-kortos\/laikas-sau\/#breadcrumb"},"inLanguage":"en-GB","potentialAction":[{"@type":"ReadAction","target":["https:\/\/metaforineskortos.lt\/parduotuve\/metaforines-kortos\/laikas-sau\/"]}]},{"@type":"ImageObject","inLanguage":"en-GB","@id":"https:\/\/metaforineskortos.lt\/parduotuve\/metaforines-kortos\/laikas-sau\/#primaryimage","url":"https:\/\/i0.wp.com\/metaforineskortos.lt\/wp-content\/uploads\/2023\/02\/Laikas-SAU.jpg?fit=1890%2C1512&ssl=1","contentUrl":"https:\/\/i0.wp.com\/metaforineskortos.lt\/wp-content\/uploads\/2023\/02\/Laikas-SAU.jpg?fit=1890%2C1512&ssl=1","width":1890,"height":1512,"caption":"Laikas SAU pa\u017einimo kortos"},{"@type":"BreadcrumbList","@id":"https:\/\/metaforineskortos.lt\/parduotuve\/metaforines-kortos\/laikas-sau\/#breadcrumb","itemListElement":[{"@type":"ListItem","position":1,"name":"Home","item":"https:\/\/metaforineskortos.lt\/"},{"@type":"ListItem","position":2,"name":"Parduotuv\u0117","item":"https:\/\/metaforineskortos.lt\/parduotuve\/"},{"@type":"ListItem","position":3,"name":"LAIKAS SAU pa\u017einimo kortos"}]},{"@type":"WebSite","@id":"https:\/\/metaforineskortos.lt\/#website","url":"https:\/\/metaforineskortos.lt\/","name":"Metaforin\u0117s Kortos","description":"Metaforin\u0117s Kortos ir Saviugdos Mokymai","publisher":{"@id":"https:\/\/metaforineskortos.lt\/#organization"},"potentialAction":[{"@type":"SearchAction","target":{"@type":"EntryPoint","urlTemplate":"https:\/\/metaforineskortos.lt\/?s={search_term_string}"},"query-input":{"@type":"PropertyValueSpecification","valueRequired":true,"valueName":"search_term_string"}}],"inLanguage":"en-GB"},{"@type":"Organization","@id":"https:\/\/metaforineskortos.lt\/#organization","name":"Metaforin\u0117s Kortos","url":"https:\/\/metaforineskortos.lt\/","logo":{"@type":"ImageObject","inLanguage":"en-GB","@id":"https:\/\/metaforineskortos.lt\/#\/schema\/logo\/image\/","url":"https:\/\/metaforineskortos.lt\/wp-content\/uploads\/2021\/03\/re-act-logo.svg","contentUrl":"https:\/\/metaforineskortos.lt\/wp-content\/uploads\/2021\/03\/re-act-logo.svg","width":117,"height":58,"caption":"Metaforin\u0117s Kortos"},"image":{"@id":"https:\/\/metaforineskortos.lt\/#\/schema\/logo\/image\/"}}]}},"jetpack_sharing_enabled":true,"_links":{"self":[{"href":"https:\/\/metaforineskortos.lt\/en\/wp-json\/wp\/v2\/product\/12172","targetHints":{"allow":["GET"]}}],"collection":[{"href":"https:\/\/metaforineskortos.lt\/en\/wp-json\/wp\/v2\/product"}],"about":[{"href":"https:\/\/metaforineskortos.lt\/en\/wp-json\/wp\/v2\/types\/product"}],"wp:featuredmedia":[{"embeddable":true,"href":"https:\/\/metaforineskortos.lt\/en\/wp-json\/wp\/v2\/media\/12176"}],"wp:attachment":[{"href":"https:\/\/metaforineskortos.lt\/en\/wp-json\/wp\/v2\/media?parent=12172"}],"wp:term":[{"taxonomy":"product_brand","embeddable":true,"href":"https:\/\/metaforineskortos.lt\/en\/wp-json\/wp\/v2\/product_brand?post=12172"},{"taxonomy":"product_cat","embeddable":true,"href":"https:\/\/metaforineskortos.lt\/en\/wp-json\/wp\/v2\/product_cat?post=12172"},{"taxonomy":"product_tag","embeddable":true,"href":"https:\/\/metaforineskortos.lt\/en\/wp-json\/wp\/v2\/product_tag?post=12172"}],"curies":[{"name":"wp","href":"https:\/\/api.w.org\/{rel}","templated":true}]}}