{"id":12110,"date":"2023-01-14T19:30:14","date_gmt":"2023-01-14T16:30:14","guid":{"rendered":"https:\/\/metaforineskortos.lt\/?post_type=product&#038;p=12110"},"modified":"2024-11-18T11:55:59","modified_gmt":"2024-11-18T08:55:59","slug":"karjera","status":"publish","type":"product","link":"https:\/\/metaforineskortos.lt\/en\/parduotuve\/metaforines-kortos\/karjera\/","title":{"rendered":"CAREER - metaphorical cards"},"content":{"rendered":"<p>CAREER is a set of 80 cards with pictures and words to help you clarify your career direction. These metaphorical cards bring more clarity and resources to each person's quest for career, activity and life goals, inner harmony and balance.<br \/>\nThe author of Metaphorical Associative Cards CAREER is Kamila Golod, a therapeutic coaching specialist who works with adults and high school students. Author of the photos, photographer Inga Sinkevi\u010dien\u0117.<\/p>\n<p>The technique of working with associative metaphorical cards is simple. Just formulate a question and draw the cards. Looking at the photo and delving into the question, think about what thoughts and feelings arise, what new things you discover in yourself, what resources and desired direction emerge.<\/p>\n<p class=\"translation-block\">Great for: <em>- Coaching specialists and consultants \u2b50\u2b50\u2b50 Personal use, training exercises \u2b50\u2b50\u2b50 - Educators, social workers <\/em>\u2b50\u2b50\u2b50<em> - Psychologists, psychotherapists <\/em>\u2b50\u2b50\u2b50<em> \u2013 For managers, team leaders \u2b50\u2b50\u2b50 <\/em><em> \u2013 HR specialists, personnel workers <\/em>\u2b50\u2b50\u2b50<em> \u2013 Training coaches, lecturers  <\/em>\u2b50\u2b50<em>\u2b50<\/em><\/p>\n<p>If you lack knowledge on how to use metaphorical cards in your activities, check out here:\u00a0<a href=\"https:\/\/metaforineskortos.lt\/en\/mokymai\/\" target=\"_blank\" rel=\"noopener\">COURSES<\/a><\/p>","protected":false},"excerpt":{"rendered":"<p>KARJERA \u2013 tai 80-ies korteli\u0173 rinkinys su nuotraukomis ir \u017eod\u017eiais padedan\u010diais i\u0161sigrynininti savo karjeros krypt\u012f. \u0160ios metaforin\u0117s kortos duoda daugiau ai\u0161kumo ir resurs\u0173 kiekvieno \u017emogaus u\u017eklausoje apie karjer\u0105, veiklos ir gyvenimo tikslus, vidin\u0119 harmonij\u0105 ir balans\u0105.<\/p>\n<p>DEJA \u0160I\u0172 KORTELI\u0172 NEBETUR\u0116SIME.<\/p>\n<p>Galimi analogai: Type, Pinigai, InSight<\/p>","protected":false},"featured_media":12114,"template":"","meta":{"site-sidebar-layout":"default","site-content-layout":"default","ast-site-content-layout":"default","site-content-style":"default","site-sidebar-style":"default","ast-global-header-display":"","ast-banner-title-visibility":"","ast-main-header-display":"","ast-hfb-above-header-display":"","ast-hfb-below-header-display":"","ast-hfb-mobile-header-display":"","site-post-title":"","ast-breadcrumbs-content":"","ast-featured-img":"","footer-sml-layout":"","ast-disable-related-posts":"","theme-transparent-header-meta":"default","adv-header-id-meta":"","stick-header-meta":"","header-above-stick-meta":"","header-main-stick-meta":"","header-below-stick-meta":"","astra-migrate-meta-layouts":"set","ast-page-background-enabled":"default","ast-page-background-meta":{"desktop":{"background-color":"","background-image":"","background-repeat":"repeat","background-position":"center center","background-size":"auto","background-attachment":"scroll","background-type":"","background-media":"","overlay-type":"","overlay-color":"","overlay-opacity":"","overlay-gradient":""},"tablet":{"background-color":"","background-image":"","background-repeat":"repeat","background-position":"center center","background-size":"auto","background-attachment":"scroll","background-type":"","background-media":"","overlay-type":"","overlay-color":"","overlay-opacity":"","overlay-gradient":""},"mobile":{"background-color":"","background-image":"","background-repeat":"repeat","background-position":"center center","background-size":"auto","background-attachment":"scroll","background-type":"","background-media":"","overlay-type":"","overlay-color":"","overlay-opacity":"","overlay-gradient":""}},"ast-content-background-meta":{"desktop":{"background-color":"var(--ast-global-color-5)","background-image":"","background-repeat":"repeat","background-position":"center center","background-size":"auto","background-attachment":"scroll","background-type":"","background-media":"","overlay-type":"","overlay-color":"","overlay-opacity":"","overlay-gradient":""},"tablet":{"background-color":"var(--ast-global-color-5)","background-image":"","background-repeat":"repeat","background-position":"center center","background-size":"auto","background-attachment":"scroll","background-type":"","background-media":"","overlay-type":"","overlay-color":"","overlay-opacity":"","overlay-gradient":""},"mobile":{"background-color":"var(--ast-global-color-5)","background-image":"","background-repeat":"repeat","background-position":"center center","background-size":"auto","background-attachment":"scroll","background-type":"","background-media":"","overlay-type":"","overlay-color":"","overlay-opacity":"","overlay-gradient":""}}},"product_brand":[],"product_cat":[31],"product_tag":[55,56],"class_list":{"0":"post-12110","1":"product","2":"type-product","3":"status-publish","4":"has-post-thumbnail","6":"product_cat-metaforines-kortos","7":"product_tag-izvalgu","8":"product_tag-koucingines","9":"desktop-align-left","10":"tablet-align-left","11":"mobile-align-left","13":"first","14":"outofstock","15":"taxable","16":"shipping-taxable","17":"purchasable","18":"product-type-simple"},"yoast_head":"<!-- This site is optimized with the Yoast SEO plugin v27.4 - https:\/\/yoast.com\/product\/yoast-seo-wordpress\/ -->\n<title>KARJERA metaforin\u0117s kortos | Metaforin\u0117s Kortos<\/title>\n<meta name=\"description\" content=\"Metaforin\u0117s kortos KARJERA duoda ai\u0161kumo ir resurs\u0173 kiekvieno \u017emogaus u\u017eklausoje apie karjer\u0105, veiklos ir gyvenimo tikslus, vidin\u0119 harmonij\u0105 ir balans\u0105.\" \/>\n<meta name=\"robots\" content=\"index, follow, max-snippet:-1, max-image-preview:large, max-video-preview:-1\" \/>\n<link rel=\"canonical\" href=\"https:\/\/metaforineskortos.lt\/en\/parduotuve\/metaforines-kortos\/karjera\/\" \/>\n<meta property=\"og:locale\" content=\"en_GB\" \/>\n<meta property=\"og:type\" content=\"article\" \/>\n<meta property=\"og:title\" content=\"KARJERA metaforin\u0117s kortos | Metaforin\u0117s Kortos\" \/>\n<meta property=\"og:description\" content=\"Metaforin\u0117s kortos KARJERA duoda ai\u0161kumo ir resurs\u0173 kiekvieno \u017emogaus u\u017eklausoje apie karjer\u0105, veiklos ir gyvenimo tikslus, vidin\u0119 harmonij\u0105 ir balans\u0105.\" \/>\n<meta property=\"og:url\" content=\"https:\/\/metaforineskortos.lt\/en\/parduotuve\/metaforines-kortos\/karjera\/\" \/>\n<meta property=\"og:site_name\" content=\"Metaforin\u0117s Kortos\" \/>\n<meta property=\"article:modified_time\" content=\"2024-11-18T08:55:59+00:00\" \/>\n<meta property=\"og:image\" content=\"https:\/\/metaforineskortos.lt\/wp-content\/uploads\/2023\/01\/Karjera-1024x819.png\" \/>\n\t<meta property=\"og:image:width\" content=\"1024\" \/>\n\t<meta property=\"og:image:height\" content=\"819\" \/>\n\t<meta property=\"og:image:type\" content=\"image\/png\" \/>\n<meta name=\"twitter:card\" content=\"summary_large_image\" \/>\n<meta name=\"twitter:label1\" content=\"Estimated reading time\" \/>\n\t<meta name=\"twitter:data1\" content=\"1 minute\" \/>\n<script type=\"application\/ld+json\" class=\"yoast-schema-graph\">{\"@context\":\"https:\\\/\\\/schema.org\",\"@graph\":[{\"@type\":\"WebPage\",\"@id\":\"https:\\\/\\\/metaforineskortos.lt\\\/parduotuve\\\/metaforines-kortos\\\/karjera\\\/\",\"url\":\"https:\\\/\\\/metaforineskortos.lt\\\/parduotuve\\\/metaforines-kortos\\\/karjera\\\/\",\"name\":\"KARJERA metaforin\u0117s kortos | Metaforin\u0117s Kortos\",\"isPartOf\":{\"@id\":\"https:\\\/\\\/metaforineskortos.lt\\\/#website\"},\"primaryImageOfPage\":{\"@id\":\"https:\\\/\\\/metaforineskortos.lt\\\/parduotuve\\\/metaforines-kortos\\\/karjera\\\/#primaryimage\"},\"image\":{\"@id\":\"https:\\\/\\\/metaforineskortos.lt\\\/parduotuve\\\/metaforines-kortos\\\/karjera\\\/#primaryimage\"},\"thumbnailUrl\":\"https:\\\/\\\/i0.wp.com\\\/metaforineskortos.lt\\\/wp-content\\\/uploads\\\/2023\\\/01\\\/Karjera.png?fit=1890%2C1512&ssl=1\",\"datePublished\":\"2023-01-14T16:30:14+00:00\",\"dateModified\":\"2024-11-18T08:55:59+00:00\",\"description\":\"Metaforin\u0117s kortos KARJERA duoda ai\u0161kumo ir resurs\u0173 kiekvieno \u017emogaus u\u017eklausoje apie karjer\u0105, veiklos ir gyvenimo tikslus, vidin\u0119 harmonij\u0105 ir balans\u0105.\",\"breadcrumb\":{\"@id\":\"https:\\\/\\\/metaforineskortos.lt\\\/parduotuve\\\/metaforines-kortos\\\/karjera\\\/#breadcrumb\"},\"inLanguage\":\"en-GB\",\"potentialAction\":[{\"@type\":\"ReadAction\",\"target\":[\"https:\\\/\\\/metaforineskortos.lt\\\/parduotuve\\\/metaforines-kortos\\\/karjera\\\/\"]}]},{\"@type\":\"ImageObject\",\"inLanguage\":\"en-GB\",\"@id\":\"https:\\\/\\\/metaforineskortos.lt\\\/parduotuve\\\/metaforines-kortos\\\/karjera\\\/#primaryimage\",\"url\":\"https:\\\/\\\/i0.wp.com\\\/metaforineskortos.lt\\\/wp-content\\\/uploads\\\/2023\\\/01\\\/Karjera.png?fit=1890%2C1512&ssl=1\",\"contentUrl\":\"https:\\\/\\\/i0.wp.com\\\/metaforineskortos.lt\\\/wp-content\\\/uploads\\\/2023\\\/01\\\/Karjera.png?fit=1890%2C1512&ssl=1\",\"width\":1890,\"height\":1512,\"caption\":\"Karjera metaforin\u0117s kortos\"},{\"@type\":\"BreadcrumbList\",\"@id\":\"https:\\\/\\\/metaforineskortos.lt\\\/parduotuve\\\/metaforines-kortos\\\/karjera\\\/#breadcrumb\",\"itemListElement\":[{\"@type\":\"ListItem\",\"position\":1,\"name\":\"Home\",\"item\":\"https:\\\/\\\/metaforineskortos.lt\\\/\"},{\"@type\":\"ListItem\",\"position\":2,\"name\":\"Parduotuv\u0117\",\"item\":\"https:\\\/\\\/metaforineskortos.lt\\\/parduotuve\\\/\"},{\"@type\":\"ListItem\",\"position\":3,\"name\":\"KARJERA &#8211; metaforin\u0117s kortos\"}]},{\"@type\":\"WebSite\",\"@id\":\"https:\\\/\\\/metaforineskortos.lt\\\/#website\",\"url\":\"https:\\\/\\\/metaforineskortos.lt\\\/\",\"name\":\"Metaforin\u0117s Kortos\",\"description\":\"Metaforin\u0117s Kortos ir Saviugdos Mokymai\",\"publisher\":{\"@id\":\"https:\\\/\\\/metaforineskortos.lt\\\/#organization\"},\"potentialAction\":[{\"@type\":\"SearchAction\",\"target\":{\"@type\":\"EntryPoint\",\"urlTemplate\":\"https:\\\/\\\/metaforineskortos.lt\\\/?s={search_term_string}\"},\"query-input\":{\"@type\":\"PropertyValueSpecification\",\"valueRequired\":true,\"valueName\":\"search_term_string\"}}],\"inLanguage\":\"en-GB\"},{\"@type\":\"Organization\",\"@id\":\"https:\\\/\\\/metaforineskortos.lt\\\/#organization\",\"name\":\"Metaforin\u0117s Kortos\",\"url\":\"https:\\\/\\\/metaforineskortos.lt\\\/\",\"logo\":{\"@type\":\"ImageObject\",\"inLanguage\":\"en-GB\",\"@id\":\"https:\\\/\\\/metaforineskortos.lt\\\/#\\\/schema\\\/logo\\\/image\\\/\",\"url\":\"https:\\\/\\\/metaforineskortos.lt\\\/wp-content\\\/uploads\\\/2021\\\/03\\\/re-act-logo.svg\",\"contentUrl\":\"https:\\\/\\\/metaforineskortos.lt\\\/wp-content\\\/uploads\\\/2021\\\/03\\\/re-act-logo.svg\",\"width\":117,\"height\":58,\"caption\":\"Metaforin\u0117s Kortos\"},\"image\":{\"@id\":\"https:\\\/\\\/metaforineskortos.lt\\\/#\\\/schema\\\/logo\\\/image\\\/\"}}]}<\/script>\n<!-- \/ Yoast SEO plugin. -->","yoast_head_json":{"title":"KARJERA metaforin\u0117s kortos | Metaforin\u0117s Kortos","description":"Metaforin\u0117s kortos KARJERA duoda ai\u0161kumo ir resurs\u0173 kiekvieno \u017emogaus u\u017eklausoje apie karjer\u0105, veiklos ir gyvenimo tikslus, vidin\u0119 harmonij\u0105 ir balans\u0105.","robots":{"index":"index","follow":"follow","max-snippet":"max-snippet:-1","max-image-preview":"max-image-preview:large","max-video-preview":"max-video-preview:-1"},"canonical":"https:\/\/metaforineskortos.lt\/en\/parduotuve\/metaforines-kortos\/karjera\/","og_locale":"en_GB","og_type":"article","og_title":"KARJERA metaforin\u0117s kortos | Metaforin\u0117s Kortos","og_description":"Metaforin\u0117s kortos KARJERA duoda ai\u0161kumo ir resurs\u0173 kiekvieno \u017emogaus u\u017eklausoje apie karjer\u0105, veiklos ir gyvenimo tikslus, vidin\u0119 harmonij\u0105 ir balans\u0105.","og_url":"https:\/\/metaforineskortos.lt\/en\/parduotuve\/metaforines-kortos\/karjera\/","og_site_name":"Metaforin\u0117s Kortos","article_modified_time":"2024-11-18T08:55:59+00:00","og_image":[{"width":1024,"height":819,"url":"https:\/\/metaforineskortos.lt\/wp-content\/uploads\/2023\/01\/Karjera-1024x819.png","type":"image\/png"}],"twitter_card":"summary_large_image","twitter_misc":{"Estimated reading time":"1 minute"},"schema":{"@context":"https:\/\/schema.org","@graph":[{"@type":"WebPage","@id":"https:\/\/metaforineskortos.lt\/parduotuve\/metaforines-kortos\/karjera\/","url":"https:\/\/metaforineskortos.lt\/parduotuve\/metaforines-kortos\/karjera\/","name":"KARJERA metaforin\u0117s kortos | Metaforin\u0117s Kortos","isPartOf":{"@id":"https:\/\/metaforineskortos.lt\/#website"},"primaryImageOfPage":{"@id":"https:\/\/metaforineskortos.lt\/parduotuve\/metaforines-kortos\/karjera\/#primaryimage"},"image":{"@id":"https:\/\/metaforineskortos.lt\/parduotuve\/metaforines-kortos\/karjera\/#primaryimage"},"thumbnailUrl":"https:\/\/i0.wp.com\/metaforineskortos.lt\/wp-content\/uploads\/2023\/01\/Karjera.png?fit=1890%2C1512&ssl=1","datePublished":"2023-01-14T16:30:14+00:00","dateModified":"2024-11-18T08:55:59+00:00","description":"Metaforin\u0117s kortos KARJERA duoda ai\u0161kumo ir resurs\u0173 kiekvieno \u017emogaus u\u017eklausoje apie karjer\u0105, veiklos ir gyvenimo tikslus, vidin\u0119 harmonij\u0105 ir balans\u0105.","breadcrumb":{"@id":"https:\/\/metaforineskortos.lt\/parduotuve\/metaforines-kortos\/karjera\/#breadcrumb"},"inLanguage":"en-GB","potentialAction":[{"@type":"ReadAction","target":["https:\/\/metaforineskortos.lt\/parduotuve\/metaforines-kortos\/karjera\/"]}]},{"@type":"ImageObject","inLanguage":"en-GB","@id":"https:\/\/metaforineskortos.lt\/parduotuve\/metaforines-kortos\/karjera\/#primaryimage","url":"https:\/\/i0.wp.com\/metaforineskortos.lt\/wp-content\/uploads\/2023\/01\/Karjera.png?fit=1890%2C1512&ssl=1","contentUrl":"https:\/\/i0.wp.com\/metaforineskortos.lt\/wp-content\/uploads\/2023\/01\/Karjera.png?fit=1890%2C1512&ssl=1","width":1890,"height":1512,"caption":"Karjera metaforin\u0117s kortos"},{"@type":"BreadcrumbList","@id":"https:\/\/metaforineskortos.lt\/parduotuve\/metaforines-kortos\/karjera\/#breadcrumb","itemListElement":[{"@type":"ListItem","position":1,"name":"Home","item":"https:\/\/metaforineskortos.lt\/"},{"@type":"ListItem","position":2,"name":"Parduotuv\u0117","item":"https:\/\/metaforineskortos.lt\/parduotuve\/"},{"@type":"ListItem","position":3,"name":"KARJERA &#8211; metaforin\u0117s kortos"}]},{"@type":"WebSite","@id":"https:\/\/metaforineskortos.lt\/#website","url":"https:\/\/metaforineskortos.lt\/","name":"Metaforin\u0117s Kortos","description":"Metaforin\u0117s Kortos ir Saviugdos Mokymai","publisher":{"@id":"https:\/\/metaforineskortos.lt\/#organization"},"potentialAction":[{"@type":"SearchAction","target":{"@type":"EntryPoint","urlTemplate":"https:\/\/metaforineskortos.lt\/?s={search_term_string}"},"query-input":{"@type":"PropertyValueSpecification","valueRequired":true,"valueName":"search_term_string"}}],"inLanguage":"en-GB"},{"@type":"Organization","@id":"https:\/\/metaforineskortos.lt\/#organization","name":"Metaforin\u0117s Kortos","url":"https:\/\/metaforineskortos.lt\/","logo":{"@type":"ImageObject","inLanguage":"en-GB","@id":"https:\/\/metaforineskortos.lt\/#\/schema\/logo\/image\/","url":"https:\/\/metaforineskortos.lt\/wp-content\/uploads\/2021\/03\/re-act-logo.svg","contentUrl":"https:\/\/metaforineskortos.lt\/wp-content\/uploads\/2021\/03\/re-act-logo.svg","width":117,"height":58,"caption":"Metaforin\u0117s Kortos"},"image":{"@id":"https:\/\/metaforineskortos.lt\/#\/schema\/logo\/image\/"}}]}},"jetpack_sharing_enabled":true,"_links":{"self":[{"href":"https:\/\/metaforineskortos.lt\/en\/wp-json\/wp\/v2\/product\/12110","targetHints":{"allow":["GET"]}}],"collection":[{"href":"https:\/\/metaforineskortos.lt\/en\/wp-json\/wp\/v2\/product"}],"about":[{"href":"https:\/\/metaforineskortos.lt\/en\/wp-json\/wp\/v2\/types\/product"}],"wp:featuredmedia":[{"embeddable":true,"href":"https:\/\/metaforineskortos.lt\/en\/wp-json\/wp\/v2\/media\/12114"}],"wp:attachment":[{"href":"https:\/\/metaforineskortos.lt\/en\/wp-json\/wp\/v2\/media?parent=12110"}],"wp:term":[{"taxonomy":"product_brand","embeddable":true,"href":"https:\/\/metaforineskortos.lt\/en\/wp-json\/wp\/v2\/product_brand?post=12110"},{"taxonomy":"product_cat","embeddable":true,"href":"https:\/\/metaforineskortos.lt\/en\/wp-json\/wp\/v2\/product_cat?post=12110"},{"taxonomy":"product_tag","embeddable":true,"href":"https:\/\/metaforineskortos.lt\/en\/wp-json\/wp\/v2\/product_tag?post=12110"}],"curies":[{"name":"wp","href":"https:\/\/api.w.org\/{rel}","templated":true}]}}