{"id":12019,"date":"2022-12-15T03:22:38","date_gmt":"2022-12-15T00:22:38","guid":{"rendered":"https:\/\/metaforineskortos.lt\/?post_type=product&#038;p=12019"},"modified":"2024-12-22T12:54:16","modified_gmt":"2024-12-22T09:54:16","slug":"dovanu-kuponas","status":"publish","type":"product","link":"https:\/\/metaforineskortos.lt\/en\/parduotuve\/kuponai\/dovanu-kuponas\/","title":{"rendered":"Gift Card"},"content":{"rendered":"<p class=\"translation-block\"><strong>Gift card<\/strong> is a great and safe choice when you are unsure what kind of gift you want to buy. Gift card (voucher) comes in convenient pdf format, that allows you to send a gift immediately.<\/p>\n<p class=\"translation-block\">Gift card coupon can be used in order to purchase any products or services in our <a href=\"https:\/\/metaforineskortos.lt\/en\/pardotuve\/\" target=\"_blank\" rel=\"noopener\">metaphorical cards shop<\/a> (voucher can not be used to get a discount on delivery). Our e-store  assortment of metaphorical cards is one of the widest in Lithuania, and every person can find the best card set for their needs. Metaphorical cards come in a variety of styles, compositions and themes. Suitable for both personal and <a href=\"https:\/\/re-act.lt\/\" target=\"_blank\" rel=\"noopener\">professional use<\/a>.<\/p>\n<p class=\"translation-block\">If you want to learn how to use metaphorical cards in your own activity, check out our courses: from <a href=\"https:\/\/metaforineskortos.lt\/en\/patarimai\/\" target=\"_blank\" rel=\"noopener\">tips and advices<\/a>, <a href=\"https:\/\/metaforineskortos.lt\/en\/koucingo-sesija\/\" target=\"_blank\" rel=\"noopener\">personal sessions<\/a> to <a href=\"https:\/\/metaforineskortos.lt\/en\/mokymai\/specialus- course\/\" target=\"_blank\" rel=\"noopener\">group<\/a> or <a href=\"https:\/\/metaforineskortos.lt\/en\/mokymai\/komandiniai-mokymai\/\" target=\"_blank\" rel=\"noopener\">team training<\/a>.<\/p>\n<p><em><strong>More information about gift cards and coupons:<\/strong><\/em><\/p>\n<ul>\n<li>Gift card coupon comes in pdf format and is sent by mail within 3 hours (max. 1 W\/D)<\/li>\n<li>Coupon options: 30 EUR, 50 EUR and 100 EUR.<\/li>\n<li>Gift coupon is valid for 3 months from order date.<\/li>\n<li>Each coupon has a unique discount code and can be used at your next purchase.<\/li>\n<li>Gift card coupon can only be used once.<\/li>\n<li>If the price for products in the cart exceeds the amount of the gift voucher, the difference will be paid by the customer himself.<\/li>\n<li>Gift card coupons are non-refundable, non-exchangeable for cash and cannot be used to purchase other coupons.<\/li>\n<\/ul>\n<p>&nbsp;<\/p>","protected":false},"excerpt":{"rendered":"<p class=\"translation-block\"><strong>Gift card<\/strong> is a great and safe choice when you are unsure what kind of gift you want to buy. Gift card (voucher) comes in convenient pdf format, that allows you to send a gift immediately.<\/p>\n<p class=\"translation-block\">Gift card can be used in order to purchase any products or services in our <a href=\"https:\/\/metaforineskortos.lt\/en\/pardotuve\/\" target=\"_blank\" rel=\"noopener\">metaphorical cards shop<\/a> (voucher can not be used to get a discount on delivery and it is not possible to use it with other coupons).<\/p>","protected":false},"featured_media":12029,"template":"","meta":{"site-sidebar-layout":"default","site-content-layout":"default","ast-site-content-layout":"default","site-content-style":"default","site-sidebar-style":"default","ast-global-header-display":"","ast-banner-title-visibility":"","ast-main-header-display":"","ast-hfb-above-header-display":"","ast-hfb-below-header-display":"","ast-hfb-mobile-header-display":"","site-post-title":"","ast-breadcrumbs-content":"","ast-featured-img":"","footer-sml-layout":"","ast-disable-related-posts":"","theme-transparent-header-meta":"default","adv-header-id-meta":"","stick-header-meta":"","header-above-stick-meta":"","header-main-stick-meta":"","header-below-stick-meta":"","astra-migrate-meta-layouts":"set","ast-page-background-enabled":"default","ast-page-background-meta":{"desktop":{"background-color":"","background-image":"","background-repeat":"repeat","background-position":"center center","background-size":"auto","background-attachment":"scroll","background-type":"","background-media":"","overlay-type":"","overlay-color":"","overlay-opacity":"","overlay-gradient":""},"tablet":{"background-color":"","background-image":"","background-repeat":"repeat","background-position":"center center","background-size":"auto","background-attachment":"scroll","background-type":"","background-media":"","overlay-type":"","overlay-color":"","overlay-opacity":"","overlay-gradient":""},"mobile":{"background-color":"","background-image":"","background-repeat":"repeat","background-position":"center center","background-size":"auto","background-attachment":"scroll","background-type":"","background-media":"","overlay-type":"","overlay-color":"","overlay-opacity":"","overlay-gradient":""}},"ast-content-background-meta":{"desktop":{"background-color":"var(--ast-global-color-5)","background-image":"","background-repeat":"repeat","background-position":"center center","background-size":"auto","background-attachment":"scroll","background-type":"","background-media":"","overlay-type":"","overlay-color":"","overlay-opacity":"","overlay-gradient":""},"tablet":{"background-color":"var(--ast-global-color-5)","background-image":"","background-repeat":"repeat","background-position":"center center","background-size":"auto","background-attachment":"scroll","background-type":"","background-media":"","overlay-type":"","overlay-color":"","overlay-opacity":"","overlay-gradient":""},"mobile":{"background-color":"var(--ast-global-color-5)","background-image":"","background-repeat":"repeat","background-position":"center center","background-size":"auto","background-attachment":"scroll","background-type":"","background-media":"","overlay-type":"","overlay-color":"","overlay-opacity":"","overlay-gradient":""}}},"product_brand":[],"product_cat":[61],"product_tag":[],"class_list":{"0":"post-12019","1":"product","2":"type-product","3":"status-publish","4":"has-post-thumbnail","6":"product_cat-kuponai","7":"desktop-align-left","8":"tablet-align-left","9":"mobile-align-left","11":"first","12":"instock","13":"sale","14":"taxable","15":"shipping-taxable","16":"purchasable","17":"product-type-variable"},"yoast_head":"<!-- This site is optimized with the Yoast SEO plugin v27.6 - https:\/\/yoast.com\/product\/yoast-seo-wordpress\/ -->\n<title>Dovan\u0173 kuponas - Metaforin\u0117s Kortos<\/title>\n<meta name=\"description\" content=\"Dovan\u0173 kuponas pdf formatu visuomet puikus, greitas ir saugus pasirinkimas, kai nesame tikri kokios konkre\u010diai dovanos nori m\u016bs\u0173 artimas \u017emogus.\" \/>\n<meta name=\"robots\" content=\"index, follow, max-snippet:-1, max-image-preview:large, max-video-preview:-1\" \/>\n<link rel=\"canonical\" href=\"https:\/\/metaforineskortos.lt\/en\/parduotuve\/kuponai\/dovanu-kuponas\/\" \/>\n<meta property=\"og:locale\" content=\"en_GB\" \/>\n<meta property=\"og:type\" content=\"article\" \/>\n<meta property=\"og:title\" content=\"Dovan\u0173 kuponas - Metaforin\u0117s Kortos\" \/>\n<meta property=\"og:description\" content=\"Dovan\u0173 kuponas pdf formatu visuomet puikus, greitas ir saugus pasirinkimas, kai nesame tikri kokios konkre\u010diai dovanos nori m\u016bs\u0173 artimas \u017emogus.\" \/>\n<meta property=\"og:url\" content=\"https:\/\/metaforineskortos.lt\/en\/parduotuve\/kuponai\/dovanu-kuponas\/\" \/>\n<meta property=\"og:site_name\" content=\"Metaforin\u0117s Kortos\" \/>\n<meta property=\"article:modified_time\" content=\"2024-12-22T09:54:16+00:00\" \/>\n<meta property=\"og:image\" content=\"https:\/\/metaforineskortos.lt\/wp-content\/uploads\/2022\/12\/Dovanu-kuponas.png\" \/>\n\t<meta property=\"og:image:width\" content=\"1890\" \/>\n\t<meta property=\"og:image:height\" content=\"1512\" \/>\n\t<meta property=\"og:image:type\" content=\"image\/png\" \/>\n<meta name=\"twitter:card\" content=\"summary_large_image\" \/>\n<meta name=\"twitter:label1\" content=\"Estimated reading time\" \/>\n\t<meta name=\"twitter:data1\" content=\"2 minutes\" \/>\n<script type=\"application\/ld+json\" class=\"yoast-schema-graph\">{\"@context\":\"https:\\\/\\\/schema.org\",\"@graph\":[{\"@type\":\"WebPage\",\"@id\":\"https:\\\/\\\/metaforineskortos.lt\\\/parduotuve\\\/kuponai\\\/dovanu-kuponas\\\/\",\"url\":\"https:\\\/\\\/metaforineskortos.lt\\\/parduotuve\\\/kuponai\\\/dovanu-kuponas\\\/\",\"name\":\"Dovan\u0173 kuponas - Metaforin\u0117s Kortos\",\"isPartOf\":{\"@id\":\"https:\\\/\\\/metaforineskortos.lt\\\/#website\"},\"primaryImageOfPage\":{\"@id\":\"https:\\\/\\\/metaforineskortos.lt\\\/parduotuve\\\/kuponai\\\/dovanu-kuponas\\\/#primaryimage\"},\"image\":{\"@id\":\"https:\\\/\\\/metaforineskortos.lt\\\/parduotuve\\\/kuponai\\\/dovanu-kuponas\\\/#primaryimage\"},\"thumbnailUrl\":\"https:\\\/\\\/i0.wp.com\\\/metaforineskortos.lt\\\/wp-content\\\/uploads\\\/2022\\\/12\\\/Dovanu-kuponas.png?fit=1890%2C1512&ssl=1\",\"datePublished\":\"2022-12-15T00:22:38+00:00\",\"dateModified\":\"2024-12-22T09:54:16+00:00\",\"description\":\"Dovan\u0173 kuponas pdf formatu visuomet puikus, greitas ir saugus pasirinkimas, kai nesame tikri kokios konkre\u010diai dovanos nori m\u016bs\u0173 artimas \u017emogus.\",\"breadcrumb\":{\"@id\":\"https:\\\/\\\/metaforineskortos.lt\\\/parduotuve\\\/kuponai\\\/dovanu-kuponas\\\/#breadcrumb\"},\"inLanguage\":\"en-GB\",\"potentialAction\":[{\"@type\":\"ReadAction\",\"target\":[\"https:\\\/\\\/metaforineskortos.lt\\\/parduotuve\\\/kuponai\\\/dovanu-kuponas\\\/\"]}]},{\"@type\":\"ImageObject\",\"inLanguage\":\"en-GB\",\"@id\":\"https:\\\/\\\/metaforineskortos.lt\\\/parduotuve\\\/kuponai\\\/dovanu-kuponas\\\/#primaryimage\",\"url\":\"https:\\\/\\\/i0.wp.com\\\/metaforineskortos.lt\\\/wp-content\\\/uploads\\\/2022\\\/12\\\/Dovanu-kuponas.png?fit=1890%2C1512&ssl=1\",\"contentUrl\":\"https:\\\/\\\/i0.wp.com\\\/metaforineskortos.lt\\\/wp-content\\\/uploads\\\/2022\\\/12\\\/Dovanu-kuponas.png?fit=1890%2C1512&ssl=1\",\"width\":1890,\"height\":1512,\"caption\":\"Dovan\u0173 kuponas\"},{\"@type\":\"BreadcrumbList\",\"@id\":\"https:\\\/\\\/metaforineskortos.lt\\\/parduotuve\\\/kuponai\\\/dovanu-kuponas\\\/#breadcrumb\",\"itemListElement\":[{\"@type\":\"ListItem\",\"position\":1,\"name\":\"Home\",\"item\":\"https:\\\/\\\/metaforineskortos.lt\\\/\"},{\"@type\":\"ListItem\",\"position\":2,\"name\":\"Parduotuv\u0117\",\"item\":\"https:\\\/\\\/metaforineskortos.lt\\\/parduotuve\\\/\"},{\"@type\":\"ListItem\",\"position\":3,\"name\":\"Dovan\u0173 kuponas\"}]},{\"@type\":\"WebSite\",\"@id\":\"https:\\\/\\\/metaforineskortos.lt\\\/#website\",\"url\":\"https:\\\/\\\/metaforineskortos.lt\\\/\",\"name\":\"Metaforin\u0117s Kortos\",\"description\":\"Metaforin\u0117s Kortos ir Saviugdos Mokymai\",\"publisher\":{\"@id\":\"https:\\\/\\\/metaforineskortos.lt\\\/#organization\"},\"potentialAction\":[{\"@type\":\"SearchAction\",\"target\":{\"@type\":\"EntryPoint\",\"urlTemplate\":\"https:\\\/\\\/metaforineskortos.lt\\\/?s={search_term_string}\"},\"query-input\":{\"@type\":\"PropertyValueSpecification\",\"valueRequired\":true,\"valueName\":\"search_term_string\"}}],\"inLanguage\":\"en-GB\"},{\"@type\":\"Organization\",\"@id\":\"https:\\\/\\\/metaforineskortos.lt\\\/#organization\",\"name\":\"Metaforin\u0117s Kortos\",\"url\":\"https:\\\/\\\/metaforineskortos.lt\\\/\",\"logo\":{\"@type\":\"ImageObject\",\"inLanguage\":\"en-GB\",\"@id\":\"https:\\\/\\\/metaforineskortos.lt\\\/#\\\/schema\\\/logo\\\/image\\\/\",\"url\":\"https:\\\/\\\/metaforineskortos.lt\\\/wp-content\\\/uploads\\\/2021\\\/03\\\/re-act-logo.svg\",\"contentUrl\":\"https:\\\/\\\/metaforineskortos.lt\\\/wp-content\\\/uploads\\\/2021\\\/03\\\/re-act-logo.svg\",\"width\":117,\"height\":58,\"caption\":\"Metaforin\u0117s Kortos\"},\"image\":{\"@id\":\"https:\\\/\\\/metaforineskortos.lt\\\/#\\\/schema\\\/logo\\\/image\\\/\"}}]}<\/script>\n<!-- \/ Yoast SEO plugin. -->","yoast_head_json":{"title":"Dovan\u0173 kuponas - Metaforin\u0117s Kortos","description":"Dovan\u0173 kuponas pdf formatu visuomet puikus, greitas ir saugus pasirinkimas, kai nesame tikri kokios konkre\u010diai dovanos nori m\u016bs\u0173 artimas \u017emogus.","robots":{"index":"index","follow":"follow","max-snippet":"max-snippet:-1","max-image-preview":"max-image-preview:large","max-video-preview":"max-video-preview:-1"},"canonical":"https:\/\/metaforineskortos.lt\/en\/parduotuve\/kuponai\/dovanu-kuponas\/","og_locale":"en_GB","og_type":"article","og_title":"Dovan\u0173 kuponas - Metaforin\u0117s Kortos","og_description":"Dovan\u0173 kuponas pdf formatu visuomet puikus, greitas ir saugus pasirinkimas, kai nesame tikri kokios konkre\u010diai dovanos nori m\u016bs\u0173 artimas \u017emogus.","og_url":"https:\/\/metaforineskortos.lt\/en\/parduotuve\/kuponai\/dovanu-kuponas\/","og_site_name":"Metaforin\u0117s Kortos","article_modified_time":"2024-12-22T09:54:16+00:00","og_image":[{"width":1890,"height":1512,"url":"https:\/\/metaforineskortos.lt\/wp-content\/uploads\/2022\/12\/Dovanu-kuponas.png","type":"image\/png"}],"twitter_card":"summary_large_image","twitter_misc":{"Estimated reading time":"2 minutes"},"schema":{"@context":"https:\/\/schema.org","@graph":[{"@type":"WebPage","@id":"https:\/\/metaforineskortos.lt\/parduotuve\/kuponai\/dovanu-kuponas\/","url":"https:\/\/metaforineskortos.lt\/parduotuve\/kuponai\/dovanu-kuponas\/","name":"Dovan\u0173 kuponas - Metaforin\u0117s Kortos","isPartOf":{"@id":"https:\/\/metaforineskortos.lt\/#website"},"primaryImageOfPage":{"@id":"https:\/\/metaforineskortos.lt\/parduotuve\/kuponai\/dovanu-kuponas\/#primaryimage"},"image":{"@id":"https:\/\/metaforineskortos.lt\/parduotuve\/kuponai\/dovanu-kuponas\/#primaryimage"},"thumbnailUrl":"https:\/\/i0.wp.com\/metaforineskortos.lt\/wp-content\/uploads\/2022\/12\/Dovanu-kuponas.png?fit=1890%2C1512&ssl=1","datePublished":"2022-12-15T00:22:38+00:00","dateModified":"2024-12-22T09:54:16+00:00","description":"Dovan\u0173 kuponas pdf formatu visuomet puikus, greitas ir saugus pasirinkimas, kai nesame tikri kokios konkre\u010diai dovanos nori m\u016bs\u0173 artimas \u017emogus.","breadcrumb":{"@id":"https:\/\/metaforineskortos.lt\/parduotuve\/kuponai\/dovanu-kuponas\/#breadcrumb"},"inLanguage":"en-GB","potentialAction":[{"@type":"ReadAction","target":["https:\/\/metaforineskortos.lt\/parduotuve\/kuponai\/dovanu-kuponas\/"]}]},{"@type":"ImageObject","inLanguage":"en-GB","@id":"https:\/\/metaforineskortos.lt\/parduotuve\/kuponai\/dovanu-kuponas\/#primaryimage","url":"https:\/\/i0.wp.com\/metaforineskortos.lt\/wp-content\/uploads\/2022\/12\/Dovanu-kuponas.png?fit=1890%2C1512&ssl=1","contentUrl":"https:\/\/i0.wp.com\/metaforineskortos.lt\/wp-content\/uploads\/2022\/12\/Dovanu-kuponas.png?fit=1890%2C1512&ssl=1","width":1890,"height":1512,"caption":"Dovan\u0173 kuponas"},{"@type":"BreadcrumbList","@id":"https:\/\/metaforineskortos.lt\/parduotuve\/kuponai\/dovanu-kuponas\/#breadcrumb","itemListElement":[{"@type":"ListItem","position":1,"name":"Home","item":"https:\/\/metaforineskortos.lt\/"},{"@type":"ListItem","position":2,"name":"Parduotuv\u0117","item":"https:\/\/metaforineskortos.lt\/parduotuve\/"},{"@type":"ListItem","position":3,"name":"Dovan\u0173 kuponas"}]},{"@type":"WebSite","@id":"https:\/\/metaforineskortos.lt\/#website","url":"https:\/\/metaforineskortos.lt\/","name":"Metaforin\u0117s Kortos","description":"Metaforin\u0117s Kortos ir Saviugdos Mokymai","publisher":{"@id":"https:\/\/metaforineskortos.lt\/#organization"},"potentialAction":[{"@type":"SearchAction","target":{"@type":"EntryPoint","urlTemplate":"https:\/\/metaforineskortos.lt\/?s={search_term_string}"},"query-input":{"@type":"PropertyValueSpecification","valueRequired":true,"valueName":"search_term_string"}}],"inLanguage":"en-GB"},{"@type":"Organization","@id":"https:\/\/metaforineskortos.lt\/#organization","name":"Metaforin\u0117s Kortos","url":"https:\/\/metaforineskortos.lt\/","logo":{"@type":"ImageObject","inLanguage":"en-GB","@id":"https:\/\/metaforineskortos.lt\/#\/schema\/logo\/image\/","url":"https:\/\/metaforineskortos.lt\/wp-content\/uploads\/2021\/03\/re-act-logo.svg","contentUrl":"https:\/\/metaforineskortos.lt\/wp-content\/uploads\/2021\/03\/re-act-logo.svg","width":117,"height":58,"caption":"Metaforin\u0117s Kortos"},"image":{"@id":"https:\/\/metaforineskortos.lt\/#\/schema\/logo\/image\/"}}]}},"jetpack_sharing_enabled":true,"_links":{"self":[{"href":"https:\/\/metaforineskortos.lt\/en\/wp-json\/wp\/v2\/product\/12019","targetHints":{"allow":["GET"]}}],"collection":[{"href":"https:\/\/metaforineskortos.lt\/en\/wp-json\/wp\/v2\/product"}],"about":[{"href":"https:\/\/metaforineskortos.lt\/en\/wp-json\/wp\/v2\/types\/product"}],"wp:featuredmedia":[{"embeddable":true,"href":"https:\/\/metaforineskortos.lt\/en\/wp-json\/wp\/v2\/media\/12029"}],"wp:attachment":[{"href":"https:\/\/metaforineskortos.lt\/en\/wp-json\/wp\/v2\/media?parent=12019"}],"wp:term":[{"taxonomy":"product_brand","embeddable":true,"href":"https:\/\/metaforineskortos.lt\/en\/wp-json\/wp\/v2\/product_brand?post=12019"},{"taxonomy":"product_cat","embeddable":true,"href":"https:\/\/metaforineskortos.lt\/en\/wp-json\/wp\/v2\/product_cat?post=12019"},{"taxonomy":"product_tag","embeddable":true,"href":"https:\/\/metaforineskortos.lt\/en\/wp-json\/wp\/v2\/product_tag?post=12019"}],"curies":[{"name":"wp","href":"https:\/\/api.w.org\/{rel}","templated":true}]}}