{"id":11848,"date":"2022-11-14T12:03:35","date_gmt":"2022-11-14T09:03:35","guid":{"rendered":"https:\/\/metaforineskortos.lt\/?post_type=product&#038;p=11848"},"modified":"2026-04-11T11:31:38","modified_gmt":"2026-04-11T08:31:38","slug":"laikas-kartu-bendravimo-kortos","status":"publish","type":"product","link":"https:\/\/metaforineskortos.lt\/en\/parduotuve\/metaforines-kortos\/laikas-kartu-bendravimo-kortos\/","title":{"rendered":"TIME TOGETHER - communication cards"},"content":{"rendered":"<p class=\"translation-block\">TIME TOGETHER communication cards with 180 questions, 5 different topics: personal, family, past and future, couple relationship and intimacy. It's a communication game that you can play with your partner or close friends as well as with your children, removing some of the question topics.<\/p>\n<p>Great for: - Personal development \u2b50\u2b50\u2b50 - Psychologists, psychotherapists \u2b50\u2b50 - Coaching specialists, consultants \u2b50\u2b50 - Educators, social workers \u2b50\u2b50 - Training coaches, lecturers \u2b50 - HR specialists, personnel workers \u2b50 - Managers, teams \u2b50<\/p>\n<p>TIME TOGETHER is a very easy and fun way to connect with people, start a conversation, speak up, be heard and find others. The set contains 180 playing cards and instructions with several ways to use them.<\/p>\n<p class=\"translation-block\">Find out how to use various <a href=\"https:\/\/re-act.lt\/metodikos\/metaforines-kortos\/\" target=\"_blank\" rel=\"noopener\">metaphorical cards<\/a> in your activities, look here: <a href=\"https:\/\/metaforineskortos.lt\/en\/mokymai\/\" target=\"_blank\" rel=\"noopener\">TRAINING<\/a><\/p>\n<div id=\"gtx-trans\" style=\"position: absolute; left: -21px; top: -2px;\">\n<div class=\"gtx-trans-icon\"><\/div>\n<\/div>","protected":false},"excerpt":{"rendered":"<p class=\"translation-block\"><strong>TIME TOGETHER<\/strong> \u2013 communication cards with 180 questions, 5 different topics: personal, family, past and future, couple relationship and intimacy. It's a communication game that you can play with your partner or close friends as well as with your children, removing some of the question topics.\n(Only in Lithuanian language)<\/p>","protected":false},"featured_media":11851,"template":"","meta":{"site-sidebar-layout":"default","site-content-layout":"default","ast-site-content-layout":"default","site-content-style":"default","site-sidebar-style":"default","ast-global-header-display":"","ast-banner-title-visibility":"","ast-main-header-display":"","ast-hfb-above-header-display":"","ast-hfb-below-header-display":"","ast-hfb-mobile-header-display":"","site-post-title":"","ast-breadcrumbs-content":"","ast-featured-img":"","footer-sml-layout":"","ast-disable-related-posts":"","theme-transparent-header-meta":"default","adv-header-id-meta":"","stick-header-meta":"","header-above-stick-meta":"","header-main-stick-meta":"","header-below-stick-meta":"","astra-migrate-meta-layouts":"set","ast-page-background-enabled":"default","ast-page-background-meta":{"desktop":{"background-color":"","background-image":"","background-repeat":"repeat","background-position":"center center","background-size":"auto","background-attachment":"scroll","background-type":"","background-media":"","overlay-type":"","overlay-color":"","overlay-opacity":"","overlay-gradient":""},"tablet":{"background-color":"","background-image":"","background-repeat":"repeat","background-position":"center center","background-size":"auto","background-attachment":"scroll","background-type":"","background-media":"","overlay-type":"","overlay-color":"","overlay-opacity":"","overlay-gradient":""},"mobile":{"background-color":"","background-image":"","background-repeat":"repeat","background-position":"center center","background-size":"auto","background-attachment":"scroll","background-type":"","background-media":"","overlay-type":"","overlay-color":"","overlay-opacity":"","overlay-gradient":""}},"ast-content-background-meta":{"desktop":{"background-color":"var(--ast-global-color-5)","background-image":"","background-repeat":"repeat","background-position":"center center","background-size":"auto","background-attachment":"scroll","background-type":"","background-media":"","overlay-type":"","overlay-color":"","overlay-opacity":"","overlay-gradient":""},"tablet":{"background-color":"var(--ast-global-color-5)","background-image":"","background-repeat":"repeat","background-position":"center center","background-size":"auto","background-attachment":"scroll","background-type":"","background-media":"","overlay-type":"","overlay-color":"","overlay-opacity":"","overlay-gradient":""},"mobile":{"background-color":"var(--ast-global-color-5)","background-image":"","background-repeat":"repeat","background-position":"center center","background-size":"auto","background-attachment":"scroll","background-type":"","background-media":"","overlay-type":"","overlay-color":"","overlay-opacity":"","overlay-gradient":""}}},"product_brand":[],"product_cat":[31],"product_tag":[68,44,34],"class_list":{"0":"post-11848","1":"product","2":"type-product","3":"status-publish","4":"has-post-thumbnail","6":"product_cat-metaforines-kortos","7":"product_tag-pokalbiai","8":"product_tag-resursines","9":"product_tag-universalios","10":"desktop-align-left","11":"tablet-align-left","12":"mobile-align-left","14":"first","15":"instock","16":"taxable","17":"shipping-taxable","18":"purchasable","19":"product-type-simple"},"yoast_head":"<!-- This site is optimized with the Yoast SEO plugin v27.6 - https:\/\/yoast.com\/product\/yoast-seo-wordpress\/ -->\n<title>LAIKAS KARTU - bendravimo kortos | Metaforin\u0117s Kortos<\/title>\n<meta name=\"description\" content=\"LAIKAS KARTU - tai bendravimo kortos su 180 klausim\u0173, 5-iomis skirtingomis temomis: asmeniniai, \u0161eima, praeitis bei ateitis, poros santykiai ir intymumas.\" \/>\n<meta name=\"robots\" content=\"index, follow, max-snippet:-1, max-image-preview:large, max-video-preview:-1\" \/>\n<link rel=\"canonical\" href=\"https:\/\/metaforineskortos.lt\/en\/parduotuve\/metaforines-kortos\/laikas-kartu-bendravimo-kortos\/\" \/>\n<meta property=\"og:locale\" content=\"en_GB\" \/>\n<meta property=\"og:type\" content=\"article\" \/>\n<meta property=\"og:title\" content=\"LAIKAS KARTU - bendravimo kortos | Metaforin\u0117s Kortos\" \/>\n<meta property=\"og:description\" content=\"LAIKAS KARTU - tai bendravimo kortos su 180 klausim\u0173, 5-iomis skirtingomis temomis: asmeniniai, \u0161eima, praeitis bei ateitis, poros santykiai ir intymumas.\" \/>\n<meta property=\"og:url\" content=\"https:\/\/metaforineskortos.lt\/en\/parduotuve\/metaforines-kortos\/laikas-kartu-bendravimo-kortos\/\" \/>\n<meta property=\"og:site_name\" content=\"Metaforin\u0117s Kortos\" \/>\n<meta property=\"article:modified_time\" content=\"2026-04-11T08:31:38+00:00\" \/>\n<meta property=\"og:image\" content=\"https:\/\/metaforineskortos.lt\/wp-content\/uploads\/2022\/11\/315472526_903206440620981_8410946982681440196_n-1-e1668469018712.jpg\" \/>\n\t<meta property=\"og:image:width\" content=\"890\" \/>\n\t<meta property=\"og:image:height\" content=\"712\" \/>\n\t<meta property=\"og:image:type\" content=\"image\/jpeg\" \/>\n<meta name=\"twitter:card\" content=\"summary_large_image\" \/>\n<meta name=\"twitter:label1\" content=\"Estimated reading time\" \/>\n\t<meta name=\"twitter:data1\" content=\"1 minute\" \/>\n<script type=\"application\/ld+json\" class=\"yoast-schema-graph\">{\"@context\":\"https:\\\/\\\/schema.org\",\"@graph\":[{\"@type\":\"WebPage\",\"@id\":\"https:\\\/\\\/metaforineskortos.lt\\\/parduotuve\\\/metaforines-kortos\\\/laikas-kartu-bendravimo-kortos\\\/\",\"url\":\"https:\\\/\\\/metaforineskortos.lt\\\/parduotuve\\\/metaforines-kortos\\\/laikas-kartu-bendravimo-kortos\\\/\",\"name\":\"LAIKAS KARTU - bendravimo kortos | Metaforin\u0117s Kortos\",\"isPartOf\":{\"@id\":\"https:\\\/\\\/metaforineskortos.lt\\\/#website\"},\"primaryImageOfPage\":{\"@id\":\"https:\\\/\\\/metaforineskortos.lt\\\/parduotuve\\\/metaforines-kortos\\\/laikas-kartu-bendravimo-kortos\\\/#primaryimage\"},\"image\":{\"@id\":\"https:\\\/\\\/metaforineskortos.lt\\\/parduotuve\\\/metaforines-kortos\\\/laikas-kartu-bendravimo-kortos\\\/#primaryimage\"},\"thumbnailUrl\":\"https:\\\/\\\/i0.wp.com\\\/metaforineskortos.lt\\\/wp-content\\\/uploads\\\/2022\\\/11\\\/315472526_903206440620981_8410946982681440196_n-1-e1668469018712.jpg?fit=890%2C712&ssl=1\",\"datePublished\":\"2022-11-14T09:03:35+00:00\",\"dateModified\":\"2026-04-11T08:31:38+00:00\",\"description\":\"LAIKAS KARTU - tai bendravimo kortos su 180 klausim\u0173, 5-iomis skirtingomis temomis: asmeniniai, \u0161eima, praeitis bei ateitis, poros santykiai ir intymumas.\",\"breadcrumb\":{\"@id\":\"https:\\\/\\\/metaforineskortos.lt\\\/parduotuve\\\/metaforines-kortos\\\/laikas-kartu-bendravimo-kortos\\\/#breadcrumb\"},\"inLanguage\":\"en-GB\",\"potentialAction\":[{\"@type\":\"ReadAction\",\"target\":[\"https:\\\/\\\/metaforineskortos.lt\\\/parduotuve\\\/metaforines-kortos\\\/laikas-kartu-bendravimo-kortos\\\/\"]}]},{\"@type\":\"ImageObject\",\"inLanguage\":\"en-GB\",\"@id\":\"https:\\\/\\\/metaforineskortos.lt\\\/parduotuve\\\/metaforines-kortos\\\/laikas-kartu-bendravimo-kortos\\\/#primaryimage\",\"url\":\"https:\\\/\\\/i0.wp.com\\\/metaforineskortos.lt\\\/wp-content\\\/uploads\\\/2022\\\/11\\\/315472526_903206440620981_8410946982681440196_n-1-e1668469018712.jpg?fit=890%2C712&ssl=1\",\"contentUrl\":\"https:\\\/\\\/i0.wp.com\\\/metaforineskortos.lt\\\/wp-content\\\/uploads\\\/2022\\\/11\\\/315472526_903206440620981_8410946982681440196_n-1-e1668469018712.jpg?fit=890%2C712&ssl=1\",\"width\":890,\"height\":712,\"caption\":\"LAIKAS KARTU bendravimo kortos\"},{\"@type\":\"BreadcrumbList\",\"@id\":\"https:\\\/\\\/metaforineskortos.lt\\\/parduotuve\\\/metaforines-kortos\\\/laikas-kartu-bendravimo-kortos\\\/#breadcrumb\",\"itemListElement\":[{\"@type\":\"ListItem\",\"position\":1,\"name\":\"Home\",\"item\":\"https:\\\/\\\/metaforineskortos.lt\\\/\"},{\"@type\":\"ListItem\",\"position\":2,\"name\":\"Parduotuv\u0117\",\"item\":\"https:\\\/\\\/metaforineskortos.lt\\\/parduotuve\\\/\"},{\"@type\":\"ListItem\",\"position\":3,\"name\":\"LAIKAS KARTU &#8211; bendravimo kortos\"}]},{\"@type\":\"WebSite\",\"@id\":\"https:\\\/\\\/metaforineskortos.lt\\\/#website\",\"url\":\"https:\\\/\\\/metaforineskortos.lt\\\/\",\"name\":\"Metaforin\u0117s Kortos\",\"description\":\"Metaforin\u0117s Kortos ir Saviugdos Mokymai\",\"publisher\":{\"@id\":\"https:\\\/\\\/metaforineskortos.lt\\\/#organization\"},\"potentialAction\":[{\"@type\":\"SearchAction\",\"target\":{\"@type\":\"EntryPoint\",\"urlTemplate\":\"https:\\\/\\\/metaforineskortos.lt\\\/?s={search_term_string}\"},\"query-input\":{\"@type\":\"PropertyValueSpecification\",\"valueRequired\":true,\"valueName\":\"search_term_string\"}}],\"inLanguage\":\"en-GB\"},{\"@type\":\"Organization\",\"@id\":\"https:\\\/\\\/metaforineskortos.lt\\\/#organization\",\"name\":\"Metaforin\u0117s Kortos\",\"url\":\"https:\\\/\\\/metaforineskortos.lt\\\/\",\"logo\":{\"@type\":\"ImageObject\",\"inLanguage\":\"en-GB\",\"@id\":\"https:\\\/\\\/metaforineskortos.lt\\\/#\\\/schema\\\/logo\\\/image\\\/\",\"url\":\"https:\\\/\\\/metaforineskortos.lt\\\/wp-content\\\/uploads\\\/2021\\\/03\\\/re-act-logo.svg\",\"contentUrl\":\"https:\\\/\\\/metaforineskortos.lt\\\/wp-content\\\/uploads\\\/2021\\\/03\\\/re-act-logo.svg\",\"width\":117,\"height\":58,\"caption\":\"Metaforin\u0117s Kortos\"},\"image\":{\"@id\":\"https:\\\/\\\/metaforineskortos.lt\\\/#\\\/schema\\\/logo\\\/image\\\/\"}}]}<\/script>\n<!-- \/ Yoast SEO plugin. -->","yoast_head_json":{"title":"LAIKAS KARTU - bendravimo kortos | Metaforin\u0117s Kortos","description":"LAIKAS KARTU - tai bendravimo kortos su 180 klausim\u0173, 5-iomis skirtingomis temomis: asmeniniai, \u0161eima, praeitis bei ateitis, poros santykiai ir intymumas.","robots":{"index":"index","follow":"follow","max-snippet":"max-snippet:-1","max-image-preview":"max-image-preview:large","max-video-preview":"max-video-preview:-1"},"canonical":"https:\/\/metaforineskortos.lt\/en\/parduotuve\/metaforines-kortos\/laikas-kartu-bendravimo-kortos\/","og_locale":"en_GB","og_type":"article","og_title":"LAIKAS KARTU - bendravimo kortos | Metaforin\u0117s Kortos","og_description":"LAIKAS KARTU - tai bendravimo kortos su 180 klausim\u0173, 5-iomis skirtingomis temomis: asmeniniai, \u0161eima, praeitis bei ateitis, poros santykiai ir intymumas.","og_url":"https:\/\/metaforineskortos.lt\/en\/parduotuve\/metaforines-kortos\/laikas-kartu-bendravimo-kortos\/","og_site_name":"Metaforin\u0117s Kortos","article_modified_time":"2026-04-11T08:31:38+00:00","og_image":[{"width":890,"height":712,"url":"https:\/\/metaforineskortos.lt\/wp-content\/uploads\/2022\/11\/315472526_903206440620981_8410946982681440196_n-1-e1668469018712.jpg","type":"image\/jpeg"}],"twitter_card":"summary_large_image","twitter_misc":{"Estimated reading time":"1 minute"},"schema":{"@context":"https:\/\/schema.org","@graph":[{"@type":"WebPage","@id":"https:\/\/metaforineskortos.lt\/parduotuve\/metaforines-kortos\/laikas-kartu-bendravimo-kortos\/","url":"https:\/\/metaforineskortos.lt\/parduotuve\/metaforines-kortos\/laikas-kartu-bendravimo-kortos\/","name":"LAIKAS KARTU - bendravimo kortos | Metaforin\u0117s Kortos","isPartOf":{"@id":"https:\/\/metaforineskortos.lt\/#website"},"primaryImageOfPage":{"@id":"https:\/\/metaforineskortos.lt\/parduotuve\/metaforines-kortos\/laikas-kartu-bendravimo-kortos\/#primaryimage"},"image":{"@id":"https:\/\/metaforineskortos.lt\/parduotuve\/metaforines-kortos\/laikas-kartu-bendravimo-kortos\/#primaryimage"},"thumbnailUrl":"https:\/\/i0.wp.com\/metaforineskortos.lt\/wp-content\/uploads\/2022\/11\/315472526_903206440620981_8410946982681440196_n-1-e1668469018712.jpg?fit=890%2C712&ssl=1","datePublished":"2022-11-14T09:03:35+00:00","dateModified":"2026-04-11T08:31:38+00:00","description":"LAIKAS KARTU - tai bendravimo kortos su 180 klausim\u0173, 5-iomis skirtingomis temomis: asmeniniai, \u0161eima, praeitis bei ateitis, poros santykiai ir intymumas.","breadcrumb":{"@id":"https:\/\/metaforineskortos.lt\/parduotuve\/metaforines-kortos\/laikas-kartu-bendravimo-kortos\/#breadcrumb"},"inLanguage":"en-GB","potentialAction":[{"@type":"ReadAction","target":["https:\/\/metaforineskortos.lt\/parduotuve\/metaforines-kortos\/laikas-kartu-bendravimo-kortos\/"]}]},{"@type":"ImageObject","inLanguage":"en-GB","@id":"https:\/\/metaforineskortos.lt\/parduotuve\/metaforines-kortos\/laikas-kartu-bendravimo-kortos\/#primaryimage","url":"https:\/\/i0.wp.com\/metaforineskortos.lt\/wp-content\/uploads\/2022\/11\/315472526_903206440620981_8410946982681440196_n-1-e1668469018712.jpg?fit=890%2C712&ssl=1","contentUrl":"https:\/\/i0.wp.com\/metaforineskortos.lt\/wp-content\/uploads\/2022\/11\/315472526_903206440620981_8410946982681440196_n-1-e1668469018712.jpg?fit=890%2C712&ssl=1","width":890,"height":712,"caption":"LAIKAS KARTU bendravimo kortos"},{"@type":"BreadcrumbList","@id":"https:\/\/metaforineskortos.lt\/parduotuve\/metaforines-kortos\/laikas-kartu-bendravimo-kortos\/#breadcrumb","itemListElement":[{"@type":"ListItem","position":1,"name":"Home","item":"https:\/\/metaforineskortos.lt\/"},{"@type":"ListItem","position":2,"name":"Parduotuv\u0117","item":"https:\/\/metaforineskortos.lt\/parduotuve\/"},{"@type":"ListItem","position":3,"name":"LAIKAS KARTU &#8211; bendravimo kortos"}]},{"@type":"WebSite","@id":"https:\/\/metaforineskortos.lt\/#website","url":"https:\/\/metaforineskortos.lt\/","name":"Metaforin\u0117s Kortos","description":"Metaforin\u0117s Kortos ir Saviugdos Mokymai","publisher":{"@id":"https:\/\/metaforineskortos.lt\/#organization"},"potentialAction":[{"@type":"SearchAction","target":{"@type":"EntryPoint","urlTemplate":"https:\/\/metaforineskortos.lt\/?s={search_term_string}"},"query-input":{"@type":"PropertyValueSpecification","valueRequired":true,"valueName":"search_term_string"}}],"inLanguage":"en-GB"},{"@type":"Organization","@id":"https:\/\/metaforineskortos.lt\/#organization","name":"Metaforin\u0117s Kortos","url":"https:\/\/metaforineskortos.lt\/","logo":{"@type":"ImageObject","inLanguage":"en-GB","@id":"https:\/\/metaforineskortos.lt\/#\/schema\/logo\/image\/","url":"https:\/\/metaforineskortos.lt\/wp-content\/uploads\/2021\/03\/re-act-logo.svg","contentUrl":"https:\/\/metaforineskortos.lt\/wp-content\/uploads\/2021\/03\/re-act-logo.svg","width":117,"height":58,"caption":"Metaforin\u0117s Kortos"},"image":{"@id":"https:\/\/metaforineskortos.lt\/#\/schema\/logo\/image\/"}}]}},"jetpack_sharing_enabled":true,"_links":{"self":[{"href":"https:\/\/metaforineskortos.lt\/en\/wp-json\/wp\/v2\/product\/11848","targetHints":{"allow":["GET"]}}],"collection":[{"href":"https:\/\/metaforineskortos.lt\/en\/wp-json\/wp\/v2\/product"}],"about":[{"href":"https:\/\/metaforineskortos.lt\/en\/wp-json\/wp\/v2\/types\/product"}],"wp:featuredmedia":[{"embeddable":true,"href":"https:\/\/metaforineskortos.lt\/en\/wp-json\/wp\/v2\/media\/11851"}],"wp:attachment":[{"href":"https:\/\/metaforineskortos.lt\/en\/wp-json\/wp\/v2\/media?parent=11848"}],"wp:term":[{"taxonomy":"product_brand","embeddable":true,"href":"https:\/\/metaforineskortos.lt\/en\/wp-json\/wp\/v2\/product_brand?post=11848"},{"taxonomy":"product_cat","embeddable":true,"href":"https:\/\/metaforineskortos.lt\/en\/wp-json\/wp\/v2\/product_cat?post=11848"},{"taxonomy":"product_tag","embeddable":true,"href":"https:\/\/metaforineskortos.lt\/en\/wp-json\/wp\/v2\/product_tag?post=11848"}],"curies":[{"name":"wp","href":"https:\/\/api.w.org\/{rel}","templated":true}]}}