{"id":11788,"date":"2022-10-14T11:33:43","date_gmt":"2022-10-14T08:33:43","guid":{"rendered":"https:\/\/metaforineskortos.lt\/?post_type=product&#038;p=11788"},"modified":"2026-01-13T16:24:40","modified_gmt":"2026-01-13T13:24:40","slug":"type","status":"publish","type":"product","link":"https:\/\/metaforineskortos.lt\/en\/parduotuve\/metaforines-kortos\/type\/","title":{"rendered":"TYPE \u2013 associative typological cards"},"content":{"rendered":"<p class=\"translation-block\"><strong><em>TYPE<\/em><\/strong> associative typological cards consists of 90 cards with various situations reflecting people's states, beliefs, emotions, resources, desires and fears. These cards are most suited to the Enneagram typology, but can be very easily used to work with other typologies or simply to get to know people better from inside.<\/p>\n<p class=\"translation-block\">Great for: <em> - Training trainers, lecturers <\/em>\u2b50\u2b50\u2b50<em> - HR specialists, personnel workers <\/em>\u2b50\u2b50\u2b50<em> - Coaching specialists, consultants <\/em>\u2b50\u2b50\u2b50<em> - For educators, social workers <\/em>\u2b50\u2b50\u2b50<em> - For managers, teams <\/em>\u2b50\u2b50<em> - For psychologists, psychotherapists <\/em>\u2b50\u2b50<em> - For personal development<\/em> \u2b50\u2b50<\/p>\n<p class=\"translation-block\">TYPE associative typological cards are very suitable for working with groups, because they are in a larger format, without small details. Each card reveals the client's basic needs and emotions. It helps to identify strengths and weaknesses, to discover resources for improvement. An irreplaceable tool when learning the Enneagram or testing the acquired knowledge.<\/p>\n<p class=\"translation-block\">Find out how to use <a href=\"https:\/\/re-act.lt\/metodikos\/metaforines-kortos\/\" target=\"_blank\" rel=\"noopener\">metaphorical cards<\/a> in your activities, look here: <a href=\"https:\/\/metaforineskortos.lt\/en\/mokymai\/\" target=\"_blank\" rel=\"noopener\">COURSES<\/a><\/p>\n<p><a href=\"https:\/\/re-act.lt\/metodikos\/eneagramos-testas\/\" target=\"_blank\" rel=\"noopener\">Eneagramos testas<\/a> pad\u0117s lengvai atrasti savo Eneagramos tip\u0105. Spauskite \u010dia: <strong><a href=\"https:\/\/re-act.lt\/metodikos\/eneagramos-testas\/\" target=\"_blank\" rel=\"noopener\">ENEAGRAMOS TESTAS<\/a><\/strong><\/p>\n<div id=\"gtx-trans\" style=\"position: absolute; left: -21px; top: -2px;\">\n<div class=\"gtx-trans-icon\"><\/div>\n<\/div>","protected":false},"excerpt":{"rendered":"<p class=\"translation-block\"><strong><em>TYPE<\/em><\/strong> associative typological cards consists of 90 cards with various situations reflecting people's states, beliefs, emotions, resources, desires and fears. These cards are most suited to the Enneagram typology, but can be very easily used to work with other typologies or simply to get to know people better from inside.<\/p>\n<p><em><strong>Eneagramos tipas (Rinkiniuose su pa\u017eym\u0117tais Eneatipais) nurodytas ant korteli\u0173 nugar\u0117li\u0173. Dviej\u0173 rodykli\u0173 s\u0105lytis yra ties tuo Eneatipu, kuriam standarti\u0161kai priskiriama kortel\u0117. Vis tik primename, kad kortel\u0117 gali atspind\u0117ti ir kit\u0173 Eneatip\u0173 savybes, priklausomai nuo to k\u0105 naudotojas joje akcentuos.\u00a0<\/strong><\/em><\/p>","protected":false},"featured_media":11790,"template":"","meta":{"site-sidebar-layout":"default","site-content-layout":"default","ast-site-content-layout":"default","site-content-style":"default","site-sidebar-style":"default","ast-global-header-display":"","ast-banner-title-visibility":"","ast-main-header-display":"","ast-hfb-above-header-display":"","ast-hfb-below-header-display":"","ast-hfb-mobile-header-display":"","site-post-title":"","ast-breadcrumbs-content":"","ast-featured-img":"","footer-sml-layout":"","ast-disable-related-posts":"","theme-transparent-header-meta":"default","adv-header-id-meta":"","stick-header-meta":"","header-above-stick-meta":"","header-main-stick-meta":"","header-below-stick-meta":"","astra-migrate-meta-layouts":"set","ast-page-background-enabled":"default","ast-page-background-meta":{"desktop":{"background-color":"","background-image":"","background-repeat":"repeat","background-position":"center center","background-size":"auto","background-attachment":"scroll","background-type":"","background-media":"","overlay-type":"","overlay-color":"","overlay-opacity":"","overlay-gradient":""},"tablet":{"background-color":"","background-image":"","background-repeat":"repeat","background-position":"center center","background-size":"auto","background-attachment":"scroll","background-type":"","background-media":"","overlay-type":"","overlay-color":"","overlay-opacity":"","overlay-gradient":""},"mobile":{"background-color":"","background-image":"","background-repeat":"repeat","background-position":"center center","background-size":"auto","background-attachment":"scroll","background-type":"","background-media":"","overlay-type":"","overlay-color":"","overlay-opacity":"","overlay-gradient":""}},"ast-content-background-meta":{"desktop":{"background-color":"var(--ast-global-color-5)","background-image":"","background-repeat":"repeat","background-position":"center center","background-size":"auto","background-attachment":"scroll","background-type":"","background-media":"","overlay-type":"","overlay-color":"","overlay-opacity":"","overlay-gradient":""},"tablet":{"background-color":"var(--ast-global-color-5)","background-image":"","background-repeat":"repeat","background-position":"center center","background-size":"auto","background-attachment":"scroll","background-type":"","background-media":"","overlay-type":"","overlay-color":"","overlay-opacity":"","overlay-gradient":""},"mobile":{"background-color":"var(--ast-global-color-5)","background-image":"","background-repeat":"repeat","background-position":"center center","background-size":"auto","background-attachment":"scroll","background-type":"","background-media":"","overlay-type":"","overlay-color":"","overlay-opacity":"","overlay-gradient":""}}},"product_brand":[],"product_cat":[31],"product_tag":[58,44,34],"class_list":{"0":"post-11788","1":"product","2":"type-product","3":"status-publish","4":"has-post-thumbnail","6":"product_cat-metaforines-kortos","7":"product_tag-populiarios","8":"product_tag-resursines","9":"product_tag-universalios","10":"desktop-align-left","11":"tablet-align-left","12":"mobile-align-left","14":"first","15":"instock","16":"sale","17":"taxable","18":"shipping-taxable","19":"purchasable","20":"product-type-variable"},"yoast_head":"<!-- This site is optimized with the Yoast SEO plugin v27.4 - https:\/\/yoast.com\/product\/yoast-seo-wordpress\/ -->\n<title>TYPE asociatyvin\u0117s tipologin\u0117s kortos | Metaforin\u0117s Kortos<\/title>\n<meta name=\"description\" content=\"TYPE asociatyvin\u0117s tipologin\u0117s kortos. Rinkin\u012f sudaro 90 pie\u0161ini\u0173 atspindin\u010di\u0173 \u017emoni\u0173 b\u016bsenas, \u012fsitikinimus, emocijas, tro\u0161kimus ir baimes. Yra instrukcija.\" \/>\n<meta name=\"robots\" content=\"index, follow, max-snippet:-1, max-image-preview:large, max-video-preview:-1\" \/>\n<link rel=\"canonical\" href=\"https:\/\/metaforineskortos.lt\/en\/parduotuve\/metaforines-kortos\/type\/\" \/>\n<meta property=\"og:locale\" content=\"en_GB\" \/>\n<meta property=\"og:type\" content=\"article\" \/>\n<meta property=\"og:title\" content=\"TYPE asociatyvin\u0117s tipologin\u0117s kortos | Metaforin\u0117s Kortos\" \/>\n<meta property=\"og:description\" content=\"TYPE asociatyvin\u0117s tipologin\u0117s kortos. Rinkin\u012f sudaro 90 pie\u0161ini\u0173 atspindin\u010di\u0173 \u017emoni\u0173 b\u016bsenas, \u012fsitikinimus, emocijas, tro\u0161kimus ir baimes. Yra instrukcija.\" \/>\n<meta property=\"og:url\" content=\"https:\/\/metaforineskortos.lt\/en\/parduotuve\/metaforines-kortos\/type\/\" \/>\n<meta property=\"og:site_name\" content=\"Metaforin\u0117s Kortos\" \/>\n<meta property=\"article:modified_time\" content=\"2026-01-13T13:24:40+00:00\" \/>\n<meta property=\"og:image\" content=\"https:\/\/metaforineskortos.lt\/wp-content\/uploads\/2022\/10\/\u201e\u201e\u201e\u201e\u201eDizainas-be-pavadinimo-kopija-kopija-kopija-kopija-kopija-1024x819.png\" \/>\n\t<meta property=\"og:image:width\" content=\"1024\" \/>\n\t<meta property=\"og:image:height\" content=\"819\" \/>\n\t<meta property=\"og:image:type\" content=\"image\/png\" \/>\n<meta name=\"twitter:card\" content=\"summary_large_image\" \/>\n<meta name=\"twitter:label1\" content=\"Estimated reading time\" \/>\n\t<meta name=\"twitter:data1\" content=\"1 minute\" \/>\n<script type=\"application\/ld+json\" class=\"yoast-schema-graph\">{\"@context\":\"https:\\\/\\\/schema.org\",\"@graph\":[{\"@type\":\"WebPage\",\"@id\":\"https:\\\/\\\/metaforineskortos.lt\\\/parduotuve\\\/metaforines-kortos\\\/type\\\/\",\"url\":\"https:\\\/\\\/metaforineskortos.lt\\\/parduotuve\\\/metaforines-kortos\\\/type\\\/\",\"name\":\"TYPE asociatyvin\u0117s tipologin\u0117s kortos | Metaforin\u0117s Kortos\",\"isPartOf\":{\"@id\":\"https:\\\/\\\/metaforineskortos.lt\\\/#website\"},\"primaryImageOfPage\":{\"@id\":\"https:\\\/\\\/metaforineskortos.lt\\\/parduotuve\\\/metaforines-kortos\\\/type\\\/#primaryimage\"},\"image\":{\"@id\":\"https:\\\/\\\/metaforineskortos.lt\\\/parduotuve\\\/metaforines-kortos\\\/type\\\/#primaryimage\"},\"thumbnailUrl\":\"https:\\\/\\\/i0.wp.com\\\/metaforineskortos.lt\\\/wp-content\\\/uploads\\\/2022\\\/10\\\/%E2%80%9E%E2%80%9E%E2%80%9E%E2%80%9E%E2%80%9EDizainas-be-pavadinimo-kopija-kopija-kopija-kopija-kopija.png?fit=1890%2C1512&ssl=1\",\"datePublished\":\"2022-10-14T08:33:43+00:00\",\"dateModified\":\"2026-01-13T13:24:40+00:00\",\"description\":\"TYPE asociatyvin\u0117s tipologin\u0117s kortos. Rinkin\u012f sudaro 90 pie\u0161ini\u0173 atspindin\u010di\u0173 \u017emoni\u0173 b\u016bsenas, \u012fsitikinimus, emocijas, tro\u0161kimus ir baimes. Yra instrukcija.\",\"breadcrumb\":{\"@id\":\"https:\\\/\\\/metaforineskortos.lt\\\/parduotuve\\\/metaforines-kortos\\\/type\\\/#breadcrumb\"},\"inLanguage\":\"en-GB\",\"potentialAction\":[{\"@type\":\"ReadAction\",\"target\":[\"https:\\\/\\\/metaforineskortos.lt\\\/parduotuve\\\/metaforines-kortos\\\/type\\\/\"]}]},{\"@type\":\"ImageObject\",\"inLanguage\":\"en-GB\",\"@id\":\"https:\\\/\\\/metaforineskortos.lt\\\/parduotuve\\\/metaforines-kortos\\\/type\\\/#primaryimage\",\"url\":\"https:\\\/\\\/i0.wp.com\\\/metaforineskortos.lt\\\/wp-content\\\/uploads\\\/2022\\\/10\\\/%E2%80%9E%E2%80%9E%E2%80%9E%E2%80%9E%E2%80%9EDizainas-be-pavadinimo-kopija-kopija-kopija-kopija-kopija.png?fit=1890%2C1512&ssl=1\",\"contentUrl\":\"https:\\\/\\\/i0.wp.com\\\/metaforineskortos.lt\\\/wp-content\\\/uploads\\\/2022\\\/10\\\/%E2%80%9E%E2%80%9E%E2%80%9E%E2%80%9E%E2%80%9EDizainas-be-pavadinimo-kopija-kopija-kopija-kopija-kopija.png?fit=1890%2C1512&ssl=1\",\"width\":1890,\"height\":1512,\"caption\":\"TYPE tipologin\u0117s kortos\"},{\"@type\":\"BreadcrumbList\",\"@id\":\"https:\\\/\\\/metaforineskortos.lt\\\/parduotuve\\\/metaforines-kortos\\\/type\\\/#breadcrumb\",\"itemListElement\":[{\"@type\":\"ListItem\",\"position\":1,\"name\":\"Home\",\"item\":\"https:\\\/\\\/metaforineskortos.lt\\\/\"},{\"@type\":\"ListItem\",\"position\":2,\"name\":\"Parduotuv\u0117\",\"item\":\"https:\\\/\\\/metaforineskortos.lt\\\/parduotuve\\\/\"},{\"@type\":\"ListItem\",\"position\":3,\"name\":\"TYPE &#8211; asociatyvin\u0117s tipologin\u0117s kortos\"}]},{\"@type\":\"WebSite\",\"@id\":\"https:\\\/\\\/metaforineskortos.lt\\\/#website\",\"url\":\"https:\\\/\\\/metaforineskortos.lt\\\/\",\"name\":\"Metaforin\u0117s Kortos\",\"description\":\"Metaforin\u0117s Kortos ir Saviugdos Mokymai\",\"publisher\":{\"@id\":\"https:\\\/\\\/metaforineskortos.lt\\\/#organization\"},\"potentialAction\":[{\"@type\":\"SearchAction\",\"target\":{\"@type\":\"EntryPoint\",\"urlTemplate\":\"https:\\\/\\\/metaforineskortos.lt\\\/?s={search_term_string}\"},\"query-input\":{\"@type\":\"PropertyValueSpecification\",\"valueRequired\":true,\"valueName\":\"search_term_string\"}}],\"inLanguage\":\"en-GB\"},{\"@type\":\"Organization\",\"@id\":\"https:\\\/\\\/metaforineskortos.lt\\\/#organization\",\"name\":\"Metaforin\u0117s Kortos\",\"url\":\"https:\\\/\\\/metaforineskortos.lt\\\/\",\"logo\":{\"@type\":\"ImageObject\",\"inLanguage\":\"en-GB\",\"@id\":\"https:\\\/\\\/metaforineskortos.lt\\\/#\\\/schema\\\/logo\\\/image\\\/\",\"url\":\"https:\\\/\\\/metaforineskortos.lt\\\/wp-content\\\/uploads\\\/2021\\\/03\\\/re-act-logo.svg\",\"contentUrl\":\"https:\\\/\\\/metaforineskortos.lt\\\/wp-content\\\/uploads\\\/2021\\\/03\\\/re-act-logo.svg\",\"width\":117,\"height\":58,\"caption\":\"Metaforin\u0117s Kortos\"},\"image\":{\"@id\":\"https:\\\/\\\/metaforineskortos.lt\\\/#\\\/schema\\\/logo\\\/image\\\/\"}}]}<\/script>\n<!-- \/ Yoast SEO plugin. -->","yoast_head_json":{"title":"TYPE asociatyvin\u0117s tipologin\u0117s kortos | Metaforin\u0117s Kortos","description":"TYPE asociatyvin\u0117s tipologin\u0117s kortos. Rinkin\u012f sudaro 90 pie\u0161ini\u0173 atspindin\u010di\u0173 \u017emoni\u0173 b\u016bsenas, \u012fsitikinimus, emocijas, tro\u0161kimus ir baimes. Yra instrukcija.","robots":{"index":"index","follow":"follow","max-snippet":"max-snippet:-1","max-image-preview":"max-image-preview:large","max-video-preview":"max-video-preview:-1"},"canonical":"https:\/\/metaforineskortos.lt\/en\/parduotuve\/metaforines-kortos\/type\/","og_locale":"en_GB","og_type":"article","og_title":"TYPE asociatyvin\u0117s tipologin\u0117s kortos | Metaforin\u0117s Kortos","og_description":"TYPE asociatyvin\u0117s tipologin\u0117s kortos. Rinkin\u012f sudaro 90 pie\u0161ini\u0173 atspindin\u010di\u0173 \u017emoni\u0173 b\u016bsenas, \u012fsitikinimus, emocijas, tro\u0161kimus ir baimes. Yra instrukcija.","og_url":"https:\/\/metaforineskortos.lt\/en\/parduotuve\/metaforines-kortos\/type\/","og_site_name":"Metaforin\u0117s Kortos","article_modified_time":"2026-01-13T13:24:40+00:00","og_image":[{"width":1024,"height":819,"url":"https:\/\/metaforineskortos.lt\/wp-content\/uploads\/2022\/10\/\u201e\u201e\u201e\u201e\u201eDizainas-be-pavadinimo-kopija-kopija-kopija-kopija-kopija-1024x819.png","type":"image\/png"}],"twitter_card":"summary_large_image","twitter_misc":{"Estimated reading time":"1 minute"},"schema":{"@context":"https:\/\/schema.org","@graph":[{"@type":"WebPage","@id":"https:\/\/metaforineskortos.lt\/parduotuve\/metaforines-kortos\/type\/","url":"https:\/\/metaforineskortos.lt\/parduotuve\/metaforines-kortos\/type\/","name":"TYPE asociatyvin\u0117s tipologin\u0117s kortos | Metaforin\u0117s Kortos","isPartOf":{"@id":"https:\/\/metaforineskortos.lt\/#website"},"primaryImageOfPage":{"@id":"https:\/\/metaforineskortos.lt\/parduotuve\/metaforines-kortos\/type\/#primaryimage"},"image":{"@id":"https:\/\/metaforineskortos.lt\/parduotuve\/metaforines-kortos\/type\/#primaryimage"},"thumbnailUrl":"https:\/\/i0.wp.com\/metaforineskortos.lt\/wp-content\/uploads\/2022\/10\/%E2%80%9E%E2%80%9E%E2%80%9E%E2%80%9E%E2%80%9EDizainas-be-pavadinimo-kopija-kopija-kopija-kopija-kopija.png?fit=1890%2C1512&ssl=1","datePublished":"2022-10-14T08:33:43+00:00","dateModified":"2026-01-13T13:24:40+00:00","description":"TYPE asociatyvin\u0117s tipologin\u0117s kortos. Rinkin\u012f sudaro 90 pie\u0161ini\u0173 atspindin\u010di\u0173 \u017emoni\u0173 b\u016bsenas, \u012fsitikinimus, emocijas, tro\u0161kimus ir baimes. Yra instrukcija.","breadcrumb":{"@id":"https:\/\/metaforineskortos.lt\/parduotuve\/metaforines-kortos\/type\/#breadcrumb"},"inLanguage":"en-GB","potentialAction":[{"@type":"ReadAction","target":["https:\/\/metaforineskortos.lt\/parduotuve\/metaforines-kortos\/type\/"]}]},{"@type":"ImageObject","inLanguage":"en-GB","@id":"https:\/\/metaforineskortos.lt\/parduotuve\/metaforines-kortos\/type\/#primaryimage","url":"https:\/\/i0.wp.com\/metaforineskortos.lt\/wp-content\/uploads\/2022\/10\/%E2%80%9E%E2%80%9E%E2%80%9E%E2%80%9E%E2%80%9EDizainas-be-pavadinimo-kopija-kopija-kopija-kopija-kopija.png?fit=1890%2C1512&ssl=1","contentUrl":"https:\/\/i0.wp.com\/metaforineskortos.lt\/wp-content\/uploads\/2022\/10\/%E2%80%9E%E2%80%9E%E2%80%9E%E2%80%9E%E2%80%9EDizainas-be-pavadinimo-kopija-kopija-kopija-kopija-kopija.png?fit=1890%2C1512&ssl=1","width":1890,"height":1512,"caption":"TYPE tipologin\u0117s kortos"},{"@type":"BreadcrumbList","@id":"https:\/\/metaforineskortos.lt\/parduotuve\/metaforines-kortos\/type\/#breadcrumb","itemListElement":[{"@type":"ListItem","position":1,"name":"Home","item":"https:\/\/metaforineskortos.lt\/"},{"@type":"ListItem","position":2,"name":"Parduotuv\u0117","item":"https:\/\/metaforineskortos.lt\/parduotuve\/"},{"@type":"ListItem","position":3,"name":"TYPE &#8211; asociatyvin\u0117s tipologin\u0117s kortos"}]},{"@type":"WebSite","@id":"https:\/\/metaforineskortos.lt\/#website","url":"https:\/\/metaforineskortos.lt\/","name":"Metaforin\u0117s Kortos","description":"Metaforin\u0117s Kortos ir Saviugdos Mokymai","publisher":{"@id":"https:\/\/metaforineskortos.lt\/#organization"},"potentialAction":[{"@type":"SearchAction","target":{"@type":"EntryPoint","urlTemplate":"https:\/\/metaforineskortos.lt\/?s={search_term_string}"},"query-input":{"@type":"PropertyValueSpecification","valueRequired":true,"valueName":"search_term_string"}}],"inLanguage":"en-GB"},{"@type":"Organization","@id":"https:\/\/metaforineskortos.lt\/#organization","name":"Metaforin\u0117s Kortos","url":"https:\/\/metaforineskortos.lt\/","logo":{"@type":"ImageObject","inLanguage":"en-GB","@id":"https:\/\/metaforineskortos.lt\/#\/schema\/logo\/image\/","url":"https:\/\/metaforineskortos.lt\/wp-content\/uploads\/2021\/03\/re-act-logo.svg","contentUrl":"https:\/\/metaforineskortos.lt\/wp-content\/uploads\/2021\/03\/re-act-logo.svg","width":117,"height":58,"caption":"Metaforin\u0117s Kortos"},"image":{"@id":"https:\/\/metaforineskortos.lt\/#\/schema\/logo\/image\/"}}]}},"jetpack_sharing_enabled":true,"_links":{"self":[{"href":"https:\/\/metaforineskortos.lt\/en\/wp-json\/wp\/v2\/product\/11788","targetHints":{"allow":["GET"]}}],"collection":[{"href":"https:\/\/metaforineskortos.lt\/en\/wp-json\/wp\/v2\/product"}],"about":[{"href":"https:\/\/metaforineskortos.lt\/en\/wp-json\/wp\/v2\/types\/product"}],"wp:featuredmedia":[{"embeddable":true,"href":"https:\/\/metaforineskortos.lt\/en\/wp-json\/wp\/v2\/media\/11790"}],"wp:attachment":[{"href":"https:\/\/metaforineskortos.lt\/en\/wp-json\/wp\/v2\/media?parent=11788"}],"wp:term":[{"taxonomy":"product_brand","embeddable":true,"href":"https:\/\/metaforineskortos.lt\/en\/wp-json\/wp\/v2\/product_brand?post=11788"},{"taxonomy":"product_cat","embeddable":true,"href":"https:\/\/metaforineskortos.lt\/en\/wp-json\/wp\/v2\/product_cat?post=11788"},{"taxonomy":"product_tag","embeddable":true,"href":"https:\/\/metaforineskortos.lt\/en\/wp-json\/wp\/v2\/product_tag?post=11788"}],"curies":[{"name":"wp","href":"https:\/\/api.w.org\/{rel}","templated":true}]}}