{"id":11777,"date":"2022-10-11T17:35:43","date_gmt":"2022-10-11T14:35:43","guid":{"rendered":"https:\/\/metaforineskortos.lt\/?post_type=product&#038;p=11777"},"modified":"2026-04-04T14:49:16","modified_gmt":"2026-04-04T11:49:16","slug":"insight-resource-komplektas","status":"publish","type":"product","link":"https:\/\/metaforineskortos.lt\/en\/parduotuve\/komplektai\/insight-resource-komplektas\/","title":{"rendered":"InSight and ReSource set"},"content":{"rendered":"<p class=\"translation-block\"><a href=\"https:\/\/metaforineskortos.lt\/en\/pardotuve\/metaforines-kortos\/insight-izvalgu-kortos\/\" target=\"_blank\" rel=\"noopener\"><em><strong>InSight<\/strong> <\/em><\/a> -  new insights and original ideas, and <a href=\"https:\/\/metaforineskortos.lt\/en\/pardotuve\/metaforines-kortos\/resource-resursu-kortos\/\" target=\"_blank\" rel=\"noopener \"><em><strong>ReSource<\/strong><\/em><\/a> - is the ability to see new opportunities and use available resources. This metaphorical card set will help to fully reveal the strengths of each person or team member. Use them to determine goals.<\/p>\n<p class=\"translation-block\">The <em><strong>ReSource<\/strong><\/em> (Coaching Resource Cards) set consists of 88 cards with metaphorical positive images and 88 cards with supportive words.<\/p>\n<p class=\"translation-block\">The <em><strong>InSight<\/strong><\/em> (Coaching Insight Cards) set consists of 88 cards with metaphorical impactful pictures and 88 cards with meaningful words.<\/p>\n<p class=\"translation-block\">Great for:<em> - Coaching specialists, consultants <\/em>\u2b50\u2b50\u2b50<em> - Managers, team leaders <\/em>\u2b50\u2b50\u2b50<em> - HR specialists, personnel workers <\/em>\u2b50\u2b50\u2b50<em> - For personal use, training exercises <\/em>\u2b50\u2b50\u2b50<em> - For psychologists, psychotherapists <\/em>\u2b50\u2b50<em> - For educators, social workers <\/em>\u2b50\u2b50<em> - For training coaches, lecturers \u2b50\u2b50<\/p>\n<p>Using these cards, you can make more than 7 thousand combinations and look at the situation from different angles. Metaphorical cards allow us to see nuances that can complicate or facilitate the implementation of plans, and to discover missing resources.<\/p>\n<p class=\"translation-block\"><strong><a href=\"https:\/\/metaforineskortos.lt\/en\/pardotuve\/metaforines-kortos\/insight-izvalgu-kortos\/\" target=\"_blank\" rel=\"noopener\">Insight<\/a><\/strong> and <a href=\"https:\/\/metaforineskortos.lt\/en\/pardotuve\/metaforines-kortos\/resource-resursu-kortos\/\" target=\"_blank\" rel=\"noopener\"><strong>Resource<\/strong><\/a> card sets can also be purchased separately. You can also choose cards with <a href=\"https:\/\/metaforineskortos.lt\/en\/pardotuve\/metaforines-kortos\/zodziai\/\" target=\"_blank\" rel=\"noopener\"><strong>English Words<\/strong><\/a> (specify your preference in the order notes).<\/p>\n<p class=\"translation-block\">Find out how to use <a href=\"https:\/\/re-act.lt\/metodikos\/metaforines-kortos\/\" target=\"_blank\" rel=\"noopener\">metaphorical cards<\/a> in your activities, look here: <a href=\"https:\/\/metaforineskortos.lt\/en\/mokymai\/\" target=\"_blank\" rel=\"noopener\">COURSES<\/a><\/p>","protected":false},"excerpt":{"rendered":"<p class=\"translation-block\"><a href=\"https:\/\/metaforineskortos.lt\/en\/pardotuve\/metaforines-kortos\/insight-izvalgu-kortos\/\" target=\"_blank\" rel=\"noopener\"><em><strong>InSight<\/strong> <\/em><\/a> -  new insights and original ideas, and <a href=\"https:\/\/metaforineskortos.lt\/en\/pardotuve\/metaforines-kortos\/resource-resursu-kortos\/\" target=\"_blank\" rel=\"noopener \"><em><strong>ReSource<\/strong><\/em><\/a> - is the ability to see new opportunities and use available resources. This metaphorical card set will help to fully reveal the strengths of each person or team member. Use them to determine goals.<\/p>\n<p class=\"translation-block\"><strong><a href=\"https:\/\/metaforineskortos.lt\/en\/pardotuve\/metaforines-kortos\/insight-izvalgu-kortos\/\" target=\"_blank\" rel=\"noopener\">Insight<\/a><\/strong> and <a href=\"https:\/\/metaforineskortos.lt\/en\/pardotuve\/metaforines-kortos\/resource-resursu-kortos\/\" target=\"_blank\" rel=\"noopener\"><strong>Resource<\/strong><\/a> card sets can also be purchased separately. You can also choose cards with <a href=\"https:\/\/metaforineskortos.lt\/en\/pardotuve\/metaforines-kortos\/zodziai\/\" target=\"_blank\" rel=\"noopener\"><strong>English Words<\/strong><\/a> (specify your preference in the order notes).<\/p>\n<div id=\"gtx-trans\" style=\"position: absolute; left: -33px; top: 71px;\">\n<div class=\"gtx-trans-icon\"><\/div>\n<\/div>","protected":false},"featured_media":11775,"template":"","meta":{"site-sidebar-layout":"default","site-content-layout":"default","ast-site-content-layout":"default","site-content-style":"default","site-sidebar-style":"default","ast-global-header-display":"","ast-banner-title-visibility":"","ast-main-header-display":"","ast-hfb-above-header-display":"","ast-hfb-below-header-display":"","ast-hfb-mobile-header-display":"","site-post-title":"","ast-breadcrumbs-content":"","ast-featured-img":"","footer-sml-layout":"","ast-disable-related-posts":"","theme-transparent-header-meta":"default","adv-header-id-meta":"","stick-header-meta":"","header-above-stick-meta":"","header-main-stick-meta":"","header-below-stick-meta":"","astra-migrate-meta-layouts":"set","ast-page-background-enabled":"default","ast-page-background-meta":{"desktop":{"background-color":"","background-image":"","background-repeat":"repeat","background-position":"center center","background-size":"auto","background-attachment":"scroll","background-type":"","background-media":"","overlay-type":"","overlay-color":"","overlay-opacity":"","overlay-gradient":""},"tablet":{"background-color":"","background-image":"","background-repeat":"repeat","background-position":"center center","background-size":"auto","background-attachment":"scroll","background-type":"","background-media":"","overlay-type":"","overlay-color":"","overlay-opacity":"","overlay-gradient":""},"mobile":{"background-color":"","background-image":"","background-repeat":"repeat","background-position":"center center","background-size":"auto","background-attachment":"scroll","background-type":"","background-media":"","overlay-type":"","overlay-color":"","overlay-opacity":"","overlay-gradient":""}},"ast-content-background-meta":{"desktop":{"background-color":"var(--ast-global-color-5)","background-image":"","background-repeat":"repeat","background-position":"center center","background-size":"auto","background-attachment":"scroll","background-type":"","background-media":"","overlay-type":"","overlay-color":"","overlay-opacity":"","overlay-gradient":""},"tablet":{"background-color":"var(--ast-global-color-5)","background-image":"","background-repeat":"repeat","background-position":"center center","background-size":"auto","background-attachment":"scroll","background-type":"","background-media":"","overlay-type":"","overlay-color":"","overlay-opacity":"","overlay-gradient":""},"mobile":{"background-color":"var(--ast-global-color-5)","background-image":"","background-repeat":"repeat","background-position":"center center","background-size":"auto","background-attachment":"scroll","background-type":"","background-media":"","overlay-type":"","overlay-color":"","overlay-opacity":"","overlay-gradient":""}}},"product_brand":[],"product_cat":[66],"product_tag":[55,56,58,44,34],"class_list":{"0":"post-11777","1":"product","2":"type-product","3":"status-publish","4":"has-post-thumbnail","6":"product_cat-komplektai","7":"product_tag-izvalgu","8":"product_tag-koucingines","9":"product_tag-populiarios","10":"product_tag-resursines","11":"product_tag-universalios","12":"desktop-align-left","13":"tablet-align-left","14":"mobile-align-left","16":"first","17":"instock","18":"sale","19":"featured","20":"taxable","21":"shipping-taxable","22":"purchasable","23":"product-type-simple"},"yoast_head":"<!-- This site is optimized with the Yoast SEO plugin v27.3 - https:\/\/yoast.com\/product\/yoast-seo-wordpress\/ -->\n<title>InSight ir ReSource kortos. \u012e\u017evalg\u0173 ir Resurs\u0173 komplektas.<\/title>\n<meta name=\"description\" content=\"InSight ir ReSource kortos. \u0160is komplektas pad\u0117s atskleisti kiekvieno \u017emogaus ar kolektyvo nario stipri\u0105sias puses ir panaudoti jas tiksl\u0173 pasiekimui.\" \/>\n<meta name=\"robots\" content=\"index, follow, max-snippet:-1, max-image-preview:large, max-video-preview:-1\" \/>\n<link rel=\"canonical\" href=\"https:\/\/metaforineskortos.lt\/en\/parduotuve\/komplektai\/insight-resource-komplektas\/\" \/>\n<meta property=\"og:locale\" content=\"en_GB\" \/>\n<meta property=\"og:type\" content=\"article\" \/>\n<meta property=\"og:title\" content=\"InSight ir ReSource kortos. \u012e\u017evalg\u0173 ir Resurs\u0173 komplektas.\" \/>\n<meta property=\"og:description\" content=\"InSight ir ReSource kortos. \u0160is komplektas pad\u0117s atskleisti kiekvieno \u017emogaus ar kolektyvo nario stipri\u0105sias puses ir panaudoti jas tiksl\u0173 pasiekimui.\" \/>\n<meta property=\"og:url\" content=\"https:\/\/metaforineskortos.lt\/en\/parduotuve\/komplektai\/insight-resource-komplektas\/\" \/>\n<meta property=\"og:site_name\" content=\"Metaforin\u0117s Kortos\" \/>\n<meta property=\"article:modified_time\" content=\"2026-04-04T11:49:16+00:00\" \/>\n<meta property=\"og:image\" content=\"https:\/\/metaforineskortos.lt\/wp-content\/uploads\/2022\/10\/\u201e\u201e\u201e\u201eDizainas-be-pavadinimo-kopija-kopija-kopija-kopija-1024x819.png\" \/>\n\t<meta property=\"og:image:width\" content=\"1024\" \/>\n\t<meta property=\"og:image:height\" content=\"819\" \/>\n\t<meta property=\"og:image:type\" content=\"image\/png\" \/>\n<meta name=\"twitter:card\" content=\"summary_large_image\" \/>\n<meta name=\"twitter:label1\" content=\"Estimated reading time\" \/>\n\t<meta name=\"twitter:data1\" content=\"2 minutes\" \/>\n<script type=\"application\/ld+json\" class=\"yoast-schema-graph\">{\"@context\":\"https:\\\/\\\/schema.org\",\"@graph\":[{\"@type\":\"WebPage\",\"@id\":\"https:\\\/\\\/metaforineskortos.lt\\\/parduotuve\\\/komplektai\\\/insight-resource-komplektas\\\/\",\"url\":\"https:\\\/\\\/metaforineskortos.lt\\\/parduotuve\\\/komplektai\\\/insight-resource-komplektas\\\/\",\"name\":\"InSight ir ReSource kortos. \u012e\u017evalg\u0173 ir Resurs\u0173 komplektas.\",\"isPartOf\":{\"@id\":\"https:\\\/\\\/metaforineskortos.lt\\\/#website\"},\"primaryImageOfPage\":{\"@id\":\"https:\\\/\\\/metaforineskortos.lt\\\/parduotuve\\\/komplektai\\\/insight-resource-komplektas\\\/#primaryimage\"},\"image\":{\"@id\":\"https:\\\/\\\/metaforineskortos.lt\\\/parduotuve\\\/komplektai\\\/insight-resource-komplektas\\\/#primaryimage\"},\"thumbnailUrl\":\"https:\\\/\\\/i0.wp.com\\\/metaforineskortos.lt\\\/wp-content\\\/uploads\\\/2022\\\/10\\\/Dizainas-be-pavadinimo-kopija-kopija-kopija-kopija-e1665498030928.png?fit=890%2C712&ssl=1\",\"datePublished\":\"2022-10-11T14:35:43+00:00\",\"dateModified\":\"2026-04-04T11:49:16+00:00\",\"description\":\"InSight ir ReSource kortos. \u0160is komplektas pad\u0117s atskleisti kiekvieno \u017emogaus ar kolektyvo nario stipri\u0105sias puses ir panaudoti jas tiksl\u0173 pasiekimui.\",\"breadcrumb\":{\"@id\":\"https:\\\/\\\/metaforineskortos.lt\\\/parduotuve\\\/komplektai\\\/insight-resource-komplektas\\\/#breadcrumb\"},\"inLanguage\":\"en-GB\",\"potentialAction\":[{\"@type\":\"ReadAction\",\"target\":[\"https:\\\/\\\/metaforineskortos.lt\\\/parduotuve\\\/komplektai\\\/insight-resource-komplektas\\\/\"]}]},{\"@type\":\"ImageObject\",\"inLanguage\":\"en-GB\",\"@id\":\"https:\\\/\\\/metaforineskortos.lt\\\/parduotuve\\\/komplektai\\\/insight-resource-komplektas\\\/#primaryimage\",\"url\":\"https:\\\/\\\/i0.wp.com\\\/metaforineskortos.lt\\\/wp-content\\\/uploads\\\/2022\\\/10\\\/Dizainas-be-pavadinimo-kopija-kopija-kopija-kopija-e1665498030928.png?fit=890%2C712&ssl=1\",\"contentUrl\":\"https:\\\/\\\/i0.wp.com\\\/metaforineskortos.lt\\\/wp-content\\\/uploads\\\/2022\\\/10\\\/Dizainas-be-pavadinimo-kopija-kopija-kopija-kopija-e1665498030928.png?fit=890%2C712&ssl=1\",\"width\":890,\"height\":712,\"caption\":\"ReSource ir InSight komplektas\"},{\"@type\":\"BreadcrumbList\",\"@id\":\"https:\\\/\\\/metaforineskortos.lt\\\/parduotuve\\\/komplektai\\\/insight-resource-komplektas\\\/#breadcrumb\",\"itemListElement\":[{\"@type\":\"ListItem\",\"position\":1,\"name\":\"Home\",\"item\":\"https:\\\/\\\/metaforineskortos.lt\\\/\"},{\"@type\":\"ListItem\",\"position\":2,\"name\":\"Parduotuv\u0117\",\"item\":\"https:\\\/\\\/metaforineskortos.lt\\\/parduotuve\\\/\"},{\"@type\":\"ListItem\",\"position\":3,\"name\":\"InSight ir ReSource komplektas\"}]},{\"@type\":\"WebSite\",\"@id\":\"https:\\\/\\\/metaforineskortos.lt\\\/#website\",\"url\":\"https:\\\/\\\/metaforineskortos.lt\\\/\",\"name\":\"Metaforin\u0117s Kortos\",\"description\":\"Metaforin\u0117s Kortos ir Saviugdos Mokymai\",\"publisher\":{\"@id\":\"https:\\\/\\\/metaforineskortos.lt\\\/#organization\"},\"potentialAction\":[{\"@type\":\"SearchAction\",\"target\":{\"@type\":\"EntryPoint\",\"urlTemplate\":\"https:\\\/\\\/metaforineskortos.lt\\\/?s={search_term_string}\"},\"query-input\":{\"@type\":\"PropertyValueSpecification\",\"valueRequired\":true,\"valueName\":\"search_term_string\"}}],\"inLanguage\":\"en-GB\"},{\"@type\":\"Organization\",\"@id\":\"https:\\\/\\\/metaforineskortos.lt\\\/#organization\",\"name\":\"Metaforin\u0117s Kortos\",\"url\":\"https:\\\/\\\/metaforineskortos.lt\\\/\",\"logo\":{\"@type\":\"ImageObject\",\"inLanguage\":\"en-GB\",\"@id\":\"https:\\\/\\\/metaforineskortos.lt\\\/#\\\/schema\\\/logo\\\/image\\\/\",\"url\":\"https:\\\/\\\/metaforineskortos.lt\\\/wp-content\\\/uploads\\\/2021\\\/03\\\/re-act-logo.svg\",\"contentUrl\":\"https:\\\/\\\/metaforineskortos.lt\\\/wp-content\\\/uploads\\\/2021\\\/03\\\/re-act-logo.svg\",\"width\":117,\"height\":58,\"caption\":\"Metaforin\u0117s Kortos\"},\"image\":{\"@id\":\"https:\\\/\\\/metaforineskortos.lt\\\/#\\\/schema\\\/logo\\\/image\\\/\"}}]}<\/script>\n<!-- \/ Yoast SEO plugin. -->","yoast_head_json":{"title":"InSight ir ReSource kortos. \u012e\u017evalg\u0173 ir Resurs\u0173 komplektas.","description":"InSight ir ReSource kortos. \u0160is komplektas pad\u0117s atskleisti kiekvieno \u017emogaus ar kolektyvo nario stipri\u0105sias puses ir panaudoti jas tiksl\u0173 pasiekimui.","robots":{"index":"index","follow":"follow","max-snippet":"max-snippet:-1","max-image-preview":"max-image-preview:large","max-video-preview":"max-video-preview:-1"},"canonical":"https:\/\/metaforineskortos.lt\/en\/parduotuve\/komplektai\/insight-resource-komplektas\/","og_locale":"en_GB","og_type":"article","og_title":"InSight ir ReSource kortos. \u012e\u017evalg\u0173 ir Resurs\u0173 komplektas.","og_description":"InSight ir ReSource kortos. \u0160is komplektas pad\u0117s atskleisti kiekvieno \u017emogaus ar kolektyvo nario stipri\u0105sias puses ir panaudoti jas tiksl\u0173 pasiekimui.","og_url":"https:\/\/metaforineskortos.lt\/en\/parduotuve\/komplektai\/insight-resource-komplektas\/","og_site_name":"Metaforin\u0117s Kortos","article_modified_time":"2026-04-04T11:49:16+00:00","og_image":[{"width":1024,"height":819,"url":"https:\/\/metaforineskortos.lt\/wp-content\/uploads\/2022\/10\/\u201e\u201e\u201e\u201eDizainas-be-pavadinimo-kopija-kopija-kopija-kopija-1024x819.png","type":"image\/png"}],"twitter_card":"summary_large_image","twitter_misc":{"Estimated reading time":"2 minutes"},"schema":{"@context":"https:\/\/schema.org","@graph":[{"@type":"WebPage","@id":"https:\/\/metaforineskortos.lt\/parduotuve\/komplektai\/insight-resource-komplektas\/","url":"https:\/\/metaforineskortos.lt\/parduotuve\/komplektai\/insight-resource-komplektas\/","name":"InSight ir ReSource kortos. \u012e\u017evalg\u0173 ir Resurs\u0173 komplektas.","isPartOf":{"@id":"https:\/\/metaforineskortos.lt\/#website"},"primaryImageOfPage":{"@id":"https:\/\/metaforineskortos.lt\/parduotuve\/komplektai\/insight-resource-komplektas\/#primaryimage"},"image":{"@id":"https:\/\/metaforineskortos.lt\/parduotuve\/komplektai\/insight-resource-komplektas\/#primaryimage"},"thumbnailUrl":"https:\/\/i0.wp.com\/metaforineskortos.lt\/wp-content\/uploads\/2022\/10\/Dizainas-be-pavadinimo-kopija-kopija-kopija-kopija-e1665498030928.png?fit=890%2C712&ssl=1","datePublished":"2022-10-11T14:35:43+00:00","dateModified":"2026-04-04T11:49:16+00:00","description":"InSight ir ReSource kortos. \u0160is komplektas pad\u0117s atskleisti kiekvieno \u017emogaus ar kolektyvo nario stipri\u0105sias puses ir panaudoti jas tiksl\u0173 pasiekimui.","breadcrumb":{"@id":"https:\/\/metaforineskortos.lt\/parduotuve\/komplektai\/insight-resource-komplektas\/#breadcrumb"},"inLanguage":"en-GB","potentialAction":[{"@type":"ReadAction","target":["https:\/\/metaforineskortos.lt\/parduotuve\/komplektai\/insight-resource-komplektas\/"]}]},{"@type":"ImageObject","inLanguage":"en-GB","@id":"https:\/\/metaforineskortos.lt\/parduotuve\/komplektai\/insight-resource-komplektas\/#primaryimage","url":"https:\/\/i0.wp.com\/metaforineskortos.lt\/wp-content\/uploads\/2022\/10\/Dizainas-be-pavadinimo-kopija-kopija-kopija-kopija-e1665498030928.png?fit=890%2C712&ssl=1","contentUrl":"https:\/\/i0.wp.com\/metaforineskortos.lt\/wp-content\/uploads\/2022\/10\/Dizainas-be-pavadinimo-kopija-kopija-kopija-kopija-e1665498030928.png?fit=890%2C712&ssl=1","width":890,"height":712,"caption":"ReSource ir InSight komplektas"},{"@type":"BreadcrumbList","@id":"https:\/\/metaforineskortos.lt\/parduotuve\/komplektai\/insight-resource-komplektas\/#breadcrumb","itemListElement":[{"@type":"ListItem","position":1,"name":"Home","item":"https:\/\/metaforineskortos.lt\/"},{"@type":"ListItem","position":2,"name":"Parduotuv\u0117","item":"https:\/\/metaforineskortos.lt\/parduotuve\/"},{"@type":"ListItem","position":3,"name":"InSight ir ReSource komplektas"}]},{"@type":"WebSite","@id":"https:\/\/metaforineskortos.lt\/#website","url":"https:\/\/metaforineskortos.lt\/","name":"Metaforin\u0117s Kortos","description":"Metaforin\u0117s Kortos ir Saviugdos Mokymai","publisher":{"@id":"https:\/\/metaforineskortos.lt\/#organization"},"potentialAction":[{"@type":"SearchAction","target":{"@type":"EntryPoint","urlTemplate":"https:\/\/metaforineskortos.lt\/?s={search_term_string}"},"query-input":{"@type":"PropertyValueSpecification","valueRequired":true,"valueName":"search_term_string"}}],"inLanguage":"en-GB"},{"@type":"Organization","@id":"https:\/\/metaforineskortos.lt\/#organization","name":"Metaforin\u0117s Kortos","url":"https:\/\/metaforineskortos.lt\/","logo":{"@type":"ImageObject","inLanguage":"en-GB","@id":"https:\/\/metaforineskortos.lt\/#\/schema\/logo\/image\/","url":"https:\/\/metaforineskortos.lt\/wp-content\/uploads\/2021\/03\/re-act-logo.svg","contentUrl":"https:\/\/metaforineskortos.lt\/wp-content\/uploads\/2021\/03\/re-act-logo.svg","width":117,"height":58,"caption":"Metaforin\u0117s Kortos"},"image":{"@id":"https:\/\/metaforineskortos.lt\/#\/schema\/logo\/image\/"}}]}},"jetpack_sharing_enabled":true,"_links":{"self":[{"href":"https:\/\/metaforineskortos.lt\/en\/wp-json\/wp\/v2\/product\/11777","targetHints":{"allow":["GET"]}}],"collection":[{"href":"https:\/\/metaforineskortos.lt\/en\/wp-json\/wp\/v2\/product"}],"about":[{"href":"https:\/\/metaforineskortos.lt\/en\/wp-json\/wp\/v2\/types\/product"}],"wp:featuredmedia":[{"embeddable":true,"href":"https:\/\/metaforineskortos.lt\/en\/wp-json\/wp\/v2\/media\/11775"}],"wp:attachment":[{"href":"https:\/\/metaforineskortos.lt\/en\/wp-json\/wp\/v2\/media?parent=11777"}],"wp:term":[{"taxonomy":"product_brand","embeddable":true,"href":"https:\/\/metaforineskortos.lt\/en\/wp-json\/wp\/v2\/product_brand?post=11777"},{"taxonomy":"product_cat","embeddable":true,"href":"https:\/\/metaforineskortos.lt\/en\/wp-json\/wp\/v2\/product_cat?post=11777"},{"taxonomy":"product_tag","embeddable":true,"href":"https:\/\/metaforineskortos.lt\/en\/wp-json\/wp\/v2\/product_tag?post=11777"}],"curies":[{"name":"wp","href":"https:\/\/api.w.org\/{rel}","templated":true}]}}