{"id":11643,"date":"2022-09-15T22:24:31","date_gmt":"2022-09-15T19:24:31","guid":{"rendered":"https:\/\/metaforineskortos.lt\/?post_type=product&#038;p=11643"},"modified":"2026-03-03T18:58:15","modified_gmt":"2026-03-03T15:58:15","slug":"zodziai","status":"publish","type":"product","link":"https:\/\/metaforineskortos.lt\/en\/parduotuve\/metaforines-kortos\/zodziai\/","title":{"rendered":"Word cards"},"content":{"rendered":"<p class=\"translation-block\"><strong><em>Word cards<\/em><\/strong> can greatly expand the value of the visible image, provide additional insights, and boost your thinking skill towards a new direction. Most often, these cards are used with visual cards (<a href=\"https:\/\/metaforineskortos.lt\/en\/pardotuve\/metaforines-kortos\/habitat\/\" target=\"_blank\" rel=\"noopener\">Habitat<\/a>, <a href=\"https:\/\/metaforineskortos.lt\/en\/paraduotuve\/metaforines-kortos\/persona\/\" target=\"_blank\" rel=\"noopener\">Persona<\/a>, <a href=\"https:\/\/metaforineskortos.lt\/en\/paraduotuve \/metaforines-kortos\/mythos\/\" target=\"_blank\" rel=\"noopener\">Mythos<\/a>, <a href=\"https:\/\/metaforineskortos.lt\/en\/pardotuve\/metaforines-kortos\/road\/\" target=\" _blank\" rel=\"noopener\">Road<\/a> etc.), but also suitable with text cards (<a href=\"https:\/\/metaforineskortos.lt\/en\/pardotuve\/metaforines-kortos\/patarles\/\" target=\"_blank\" rel=\"noopener\">Proverbs<\/a>). They are very powerful and help to systematize all the thoughts that arise. Also, the word cards can be used on their own for additional insight or a topic to think about.<\/p>\n<p class=\"translation-block\">Great for:<em> - Coaching specialists, consultants <\/em>\u2b50\u2b50\u2b50<em> - Managers, team leaders <\/em>\u2b50\u2b50\u2b50<em> - HR specialists, personnel workers <\/em>\u2b50\u2b50\u2b50<em> - For personal use, training exercises <\/em>\u2b50\u2b50\u2b50<em> - For psychologists, psychotherapists <\/em>\u2b50\u2b50<em> - For educators, social workers <\/em>\u2b50\u2b50<em> - For training coaches, lecturers \u2b50\u2b50<\/p>\n<p class=\"translation-block\">Word cards are already available in kits like InSight, ReSource, and OH. However, they are also very valuable with other sets. In addition, you can choose the Lithuanian or English version of the words.<\/p>\n<p class=\"translation-block\">Find out how to use <a href=\"https:\/\/re-act.lt\/metodikos\/metaforines-kortos\/\" target=\"_blank\" rel=\"noopener\">metaphorical cards<\/a> in your activities, look here: <a href=\"https:\/\/metaforineskortos.lt\/en\/mokymai\/\" target=\"_blank\" rel=\"noopener\">COURSES<\/a><\/p>","protected":false},"excerpt":{"rendered":"<p class=\"translation-block\"><strong><em>Word cards<\/em><\/strong> can greatly expand the value of visible image, provide additional insights, and boost your thinking skill towards a new direction. Most often these cards are used with picture cards, but they are also very good with text cards. They are very powerful and help to systematize all the thoughts that arise. Also, the word cards can be used on their own for additional insight or a topic to think about.<\/p>\n<p>There are Lithuanian or English card versions.<\/p>\n<p>&nbsp;<\/p>\n<div id=\"gtx-trans\" style=\"position: absolute; left: -33px; top: 71px;\">\n<div class=\"gtx-trans-icon\"><\/div>\n<\/div>","protected":false},"featured_media":11840,"template":"","meta":{"site-sidebar-layout":"default","site-content-layout":"default","ast-site-content-layout":"default","site-content-style":"default","site-sidebar-style":"default","ast-global-header-display":"","ast-banner-title-visibility":"","ast-main-header-display":"","ast-hfb-above-header-display":"","ast-hfb-below-header-display":"","ast-hfb-mobile-header-display":"","site-post-title":"","ast-breadcrumbs-content":"","ast-featured-img":"","footer-sml-layout":"","ast-disable-related-posts":"","theme-transparent-header-meta":"default","adv-header-id-meta":"","stick-header-meta":"","header-above-stick-meta":"","header-main-stick-meta":"","header-below-stick-meta":"","astra-migrate-meta-layouts":"set","ast-page-background-enabled":"default","ast-page-background-meta":{"desktop":{"background-color":"","background-image":"","background-repeat":"repeat","background-position":"center center","background-size":"auto","background-attachment":"scroll","background-type":"","background-media":"","overlay-type":"","overlay-color":"","overlay-opacity":"","overlay-gradient":""},"tablet":{"background-color":"","background-image":"","background-repeat":"repeat","background-position":"center center","background-size":"auto","background-attachment":"scroll","background-type":"","background-media":"","overlay-type":"","overlay-color":"","overlay-opacity":"","overlay-gradient":""},"mobile":{"background-color":"","background-image":"","background-repeat":"repeat","background-position":"center center","background-size":"auto","background-attachment":"scroll","background-type":"","background-media":"","overlay-type":"","overlay-color":"","overlay-opacity":"","overlay-gradient":""}},"ast-content-background-meta":{"desktop":{"background-color":"var(--ast-global-color-5)","background-image":"","background-repeat":"repeat","background-position":"center center","background-size":"auto","background-attachment":"scroll","background-type":"","background-media":"","overlay-type":"","overlay-color":"","overlay-opacity":"","overlay-gradient":""},"tablet":{"background-color":"var(--ast-global-color-5)","background-image":"","background-repeat":"repeat","background-position":"center center","background-size":"auto","background-attachment":"scroll","background-type":"","background-media":"","overlay-type":"","overlay-color":"","overlay-opacity":"","overlay-gradient":""},"mobile":{"background-color":"var(--ast-global-color-5)","background-image":"","background-repeat":"repeat","background-position":"center center","background-size":"auto","background-attachment":"scroll","background-type":"","background-media":"","overlay-type":"","overlay-color":"","overlay-opacity":"","overlay-gradient":""}}},"product_brand":[],"product_cat":[31],"product_tag":[44,34],"class_list":{"0":"post-11643","1":"product","2":"type-product","3":"status-publish","4":"has-post-thumbnail","6":"product_cat-metaforines-kortos","7":"product_tag-resursines","8":"product_tag-universalios","9":"desktop-align-left","10":"tablet-align-left","11":"mobile-align-left","13":"first","14":"instock","15":"sale","16":"taxable","17":"shipping-taxable","18":"purchasable","19":"product-type-variable"},"yoast_head":"<!-- This site is optimized with the Yoast SEO plugin v27.4 - https:\/\/yoast.com\/product\/yoast-seo-wordpress\/ -->\n<title>\u017dod\u017ei\u0173 kortos - Metaforin\u0117s Kortos<\/title>\n<meta name=\"description\" content=\"Galima rinktis lietuvi\u0161k\u0105 arba angli\u0161k\u0105 versij\u0105. \u017dod\u017ei\u0173 kortos tokios pat kaip kou\u010dingini\u0173 asociatyvini\u0173 kort\u0173 rinkiniuose InSight ir ReSource.\" \/>\n<meta name=\"robots\" content=\"index, follow, max-snippet:-1, max-image-preview:large, max-video-preview:-1\" \/>\n<link rel=\"canonical\" href=\"https:\/\/metaforineskortos.lt\/en\/parduotuve\/metaforines-kortos\/zodziai\/\" \/>\n<meta property=\"og:locale\" content=\"en_GB\" \/>\n<meta property=\"og:type\" content=\"article\" \/>\n<meta property=\"og:title\" content=\"\u017dod\u017ei\u0173 kortos - Metaforin\u0117s Kortos\" \/>\n<meta property=\"og:description\" content=\"Galima rinktis lietuvi\u0161k\u0105 arba angli\u0161k\u0105 versij\u0105. \u017dod\u017ei\u0173 kortos tokios pat kaip kou\u010dingini\u0173 asociatyvini\u0173 kort\u0173 rinkiniuose InSight ir ReSource.\" \/>\n<meta property=\"og:url\" content=\"https:\/\/metaforineskortos.lt\/en\/parduotuve\/metaforines-kortos\/zodziai\/\" \/>\n<meta property=\"og:site_name\" content=\"Metaforin\u0117s Kortos\" \/>\n<meta property=\"article:modified_time\" content=\"2026-03-03T15:58:15+00:00\" \/>\n<meta property=\"og:image\" content=\"https:\/\/metaforineskortos.lt\/wp-content\/uploads\/2022\/09\/Zodines-kortos-1024x819.png\" \/>\n\t<meta property=\"og:image:width\" content=\"1024\" \/>\n\t<meta property=\"og:image:height\" content=\"819\" \/>\n\t<meta property=\"og:image:type\" content=\"image\/png\" \/>\n<meta name=\"twitter:card\" content=\"summary_large_image\" \/>\n<meta name=\"twitter:label1\" content=\"Estimated reading time\" \/>\n\t<meta name=\"twitter:data1\" content=\"1 minute\" \/>\n<script type=\"application\/ld+json\" class=\"yoast-schema-graph\">{\"@context\":\"https:\\\/\\\/schema.org\",\"@graph\":[{\"@type\":\"WebPage\",\"@id\":\"https:\\\/\\\/metaforineskortos.lt\\\/parduotuve\\\/metaforines-kortos\\\/zodziai\\\/\",\"url\":\"https:\\\/\\\/metaforineskortos.lt\\\/parduotuve\\\/metaforines-kortos\\\/zodziai\\\/\",\"name\":\"\u017dod\u017ei\u0173 kortos - Metaforin\u0117s Kortos\",\"isPartOf\":{\"@id\":\"https:\\\/\\\/metaforineskortos.lt\\\/#website\"},\"primaryImageOfPage\":{\"@id\":\"https:\\\/\\\/metaforineskortos.lt\\\/parduotuve\\\/metaforines-kortos\\\/zodziai\\\/#primaryimage\"},\"image\":{\"@id\":\"https:\\\/\\\/metaforineskortos.lt\\\/parduotuve\\\/metaforines-kortos\\\/zodziai\\\/#primaryimage\"},\"thumbnailUrl\":\"https:\\\/\\\/i0.wp.com\\\/metaforineskortos.lt\\\/wp-content\\\/uploads\\\/2022\\\/09\\\/Zodines-kortos.png?fit=1890%2C1512&ssl=1\",\"datePublished\":\"2022-09-15T19:24:31+00:00\",\"dateModified\":\"2026-03-03T15:58:15+00:00\",\"description\":\"Galima rinktis lietuvi\u0161k\u0105 arba angli\u0161k\u0105 versij\u0105. \u017dod\u017ei\u0173 kortos tokios pat kaip kou\u010dingini\u0173 asociatyvini\u0173 kort\u0173 rinkiniuose InSight ir ReSource.\",\"breadcrumb\":{\"@id\":\"https:\\\/\\\/metaforineskortos.lt\\\/parduotuve\\\/metaforines-kortos\\\/zodziai\\\/#breadcrumb\"},\"inLanguage\":\"en-GB\",\"potentialAction\":[{\"@type\":\"ReadAction\",\"target\":[\"https:\\\/\\\/metaforineskortos.lt\\\/parduotuve\\\/metaforines-kortos\\\/zodziai\\\/\"]}]},{\"@type\":\"ImageObject\",\"inLanguage\":\"en-GB\",\"@id\":\"https:\\\/\\\/metaforineskortos.lt\\\/parduotuve\\\/metaforines-kortos\\\/zodziai\\\/#primaryimage\",\"url\":\"https:\\\/\\\/i0.wp.com\\\/metaforineskortos.lt\\\/wp-content\\\/uploads\\\/2022\\\/09\\\/Zodines-kortos.png?fit=1890%2C1512&ssl=1\",\"contentUrl\":\"https:\\\/\\\/i0.wp.com\\\/metaforineskortos.lt\\\/wp-content\\\/uploads\\\/2022\\\/09\\\/Zodines-kortos.png?fit=1890%2C1512&ssl=1\",\"width\":1890,\"height\":1512,\"caption\":\"\u017dodin\u0117s kortos \u017dOD\u017dIAI\"},{\"@type\":\"BreadcrumbList\",\"@id\":\"https:\\\/\\\/metaforineskortos.lt\\\/parduotuve\\\/metaforines-kortos\\\/zodziai\\\/#breadcrumb\",\"itemListElement\":[{\"@type\":\"ListItem\",\"position\":1,\"name\":\"Home\",\"item\":\"https:\\\/\\\/metaforineskortos.lt\\\/\"},{\"@type\":\"ListItem\",\"position\":2,\"name\":\"Parduotuv\u0117\",\"item\":\"https:\\\/\\\/metaforineskortos.lt\\\/parduotuve\\\/\"},{\"@type\":\"ListItem\",\"position\":3,\"name\":\"\u017dod\u017ei\u0173 kortel\u0117s\"}]},{\"@type\":\"WebSite\",\"@id\":\"https:\\\/\\\/metaforineskortos.lt\\\/#website\",\"url\":\"https:\\\/\\\/metaforineskortos.lt\\\/\",\"name\":\"Metaforin\u0117s Kortos\",\"description\":\"Metaforin\u0117s Kortos ir Saviugdos Mokymai\",\"publisher\":{\"@id\":\"https:\\\/\\\/metaforineskortos.lt\\\/#organization\"},\"potentialAction\":[{\"@type\":\"SearchAction\",\"target\":{\"@type\":\"EntryPoint\",\"urlTemplate\":\"https:\\\/\\\/metaforineskortos.lt\\\/?s={search_term_string}\"},\"query-input\":{\"@type\":\"PropertyValueSpecification\",\"valueRequired\":true,\"valueName\":\"search_term_string\"}}],\"inLanguage\":\"en-GB\"},{\"@type\":\"Organization\",\"@id\":\"https:\\\/\\\/metaforineskortos.lt\\\/#organization\",\"name\":\"Metaforin\u0117s Kortos\",\"url\":\"https:\\\/\\\/metaforineskortos.lt\\\/\",\"logo\":{\"@type\":\"ImageObject\",\"inLanguage\":\"en-GB\",\"@id\":\"https:\\\/\\\/metaforineskortos.lt\\\/#\\\/schema\\\/logo\\\/image\\\/\",\"url\":\"https:\\\/\\\/metaforineskortos.lt\\\/wp-content\\\/uploads\\\/2021\\\/03\\\/re-act-logo.svg\",\"contentUrl\":\"https:\\\/\\\/metaforineskortos.lt\\\/wp-content\\\/uploads\\\/2021\\\/03\\\/re-act-logo.svg\",\"width\":117,\"height\":58,\"caption\":\"Metaforin\u0117s Kortos\"},\"image\":{\"@id\":\"https:\\\/\\\/metaforineskortos.lt\\\/#\\\/schema\\\/logo\\\/image\\\/\"}}]}<\/script>\n<!-- \/ Yoast SEO plugin. -->","yoast_head_json":{"title":"\u017dod\u017ei\u0173 kortos - Metaforin\u0117s Kortos","description":"Galima rinktis lietuvi\u0161k\u0105 arba angli\u0161k\u0105 versij\u0105. \u017dod\u017ei\u0173 kortos tokios pat kaip kou\u010dingini\u0173 asociatyvini\u0173 kort\u0173 rinkiniuose InSight ir ReSource.","robots":{"index":"index","follow":"follow","max-snippet":"max-snippet:-1","max-image-preview":"max-image-preview:large","max-video-preview":"max-video-preview:-1"},"canonical":"https:\/\/metaforineskortos.lt\/en\/parduotuve\/metaforines-kortos\/zodziai\/","og_locale":"en_GB","og_type":"article","og_title":"\u017dod\u017ei\u0173 kortos - Metaforin\u0117s Kortos","og_description":"Galima rinktis lietuvi\u0161k\u0105 arba angli\u0161k\u0105 versij\u0105. \u017dod\u017ei\u0173 kortos tokios pat kaip kou\u010dingini\u0173 asociatyvini\u0173 kort\u0173 rinkiniuose InSight ir ReSource.","og_url":"https:\/\/metaforineskortos.lt\/en\/parduotuve\/metaforines-kortos\/zodziai\/","og_site_name":"Metaforin\u0117s Kortos","article_modified_time":"2026-03-03T15:58:15+00:00","og_image":[{"width":1024,"height":819,"url":"https:\/\/metaforineskortos.lt\/wp-content\/uploads\/2022\/09\/Zodines-kortos-1024x819.png","type":"image\/png"}],"twitter_card":"summary_large_image","twitter_misc":{"Estimated reading time":"1 minute"},"schema":{"@context":"https:\/\/schema.org","@graph":[{"@type":"WebPage","@id":"https:\/\/metaforineskortos.lt\/parduotuve\/metaforines-kortos\/zodziai\/","url":"https:\/\/metaforineskortos.lt\/parduotuve\/metaforines-kortos\/zodziai\/","name":"\u017dod\u017ei\u0173 kortos - Metaforin\u0117s Kortos","isPartOf":{"@id":"https:\/\/metaforineskortos.lt\/#website"},"primaryImageOfPage":{"@id":"https:\/\/metaforineskortos.lt\/parduotuve\/metaforines-kortos\/zodziai\/#primaryimage"},"image":{"@id":"https:\/\/metaforineskortos.lt\/parduotuve\/metaforines-kortos\/zodziai\/#primaryimage"},"thumbnailUrl":"https:\/\/i0.wp.com\/metaforineskortos.lt\/wp-content\/uploads\/2022\/09\/Zodines-kortos.png?fit=1890%2C1512&ssl=1","datePublished":"2022-09-15T19:24:31+00:00","dateModified":"2026-03-03T15:58:15+00:00","description":"Galima rinktis lietuvi\u0161k\u0105 arba angli\u0161k\u0105 versij\u0105. \u017dod\u017ei\u0173 kortos tokios pat kaip kou\u010dingini\u0173 asociatyvini\u0173 kort\u0173 rinkiniuose InSight ir ReSource.","breadcrumb":{"@id":"https:\/\/metaforineskortos.lt\/parduotuve\/metaforines-kortos\/zodziai\/#breadcrumb"},"inLanguage":"en-GB","potentialAction":[{"@type":"ReadAction","target":["https:\/\/metaforineskortos.lt\/parduotuve\/metaforines-kortos\/zodziai\/"]}]},{"@type":"ImageObject","inLanguage":"en-GB","@id":"https:\/\/metaforineskortos.lt\/parduotuve\/metaforines-kortos\/zodziai\/#primaryimage","url":"https:\/\/i0.wp.com\/metaforineskortos.lt\/wp-content\/uploads\/2022\/09\/Zodines-kortos.png?fit=1890%2C1512&ssl=1","contentUrl":"https:\/\/i0.wp.com\/metaforineskortos.lt\/wp-content\/uploads\/2022\/09\/Zodines-kortos.png?fit=1890%2C1512&ssl=1","width":1890,"height":1512,"caption":"\u017dodin\u0117s kortos \u017dOD\u017dIAI"},{"@type":"BreadcrumbList","@id":"https:\/\/metaforineskortos.lt\/parduotuve\/metaforines-kortos\/zodziai\/#breadcrumb","itemListElement":[{"@type":"ListItem","position":1,"name":"Home","item":"https:\/\/metaforineskortos.lt\/"},{"@type":"ListItem","position":2,"name":"Parduotuv\u0117","item":"https:\/\/metaforineskortos.lt\/parduotuve\/"},{"@type":"ListItem","position":3,"name":"\u017dod\u017ei\u0173 kortel\u0117s"}]},{"@type":"WebSite","@id":"https:\/\/metaforineskortos.lt\/#website","url":"https:\/\/metaforineskortos.lt\/","name":"Metaforin\u0117s Kortos","description":"Metaforin\u0117s Kortos ir Saviugdos Mokymai","publisher":{"@id":"https:\/\/metaforineskortos.lt\/#organization"},"potentialAction":[{"@type":"SearchAction","target":{"@type":"EntryPoint","urlTemplate":"https:\/\/metaforineskortos.lt\/?s={search_term_string}"},"query-input":{"@type":"PropertyValueSpecification","valueRequired":true,"valueName":"search_term_string"}}],"inLanguage":"en-GB"},{"@type":"Organization","@id":"https:\/\/metaforineskortos.lt\/#organization","name":"Metaforin\u0117s Kortos","url":"https:\/\/metaforineskortos.lt\/","logo":{"@type":"ImageObject","inLanguage":"en-GB","@id":"https:\/\/metaforineskortos.lt\/#\/schema\/logo\/image\/","url":"https:\/\/metaforineskortos.lt\/wp-content\/uploads\/2021\/03\/re-act-logo.svg","contentUrl":"https:\/\/metaforineskortos.lt\/wp-content\/uploads\/2021\/03\/re-act-logo.svg","width":117,"height":58,"caption":"Metaforin\u0117s Kortos"},"image":{"@id":"https:\/\/metaforineskortos.lt\/#\/schema\/logo\/image\/"}}]}},"jetpack_sharing_enabled":true,"_links":{"self":[{"href":"https:\/\/metaforineskortos.lt\/en\/wp-json\/wp\/v2\/product\/11643","targetHints":{"allow":["GET"]}}],"collection":[{"href":"https:\/\/metaforineskortos.lt\/en\/wp-json\/wp\/v2\/product"}],"about":[{"href":"https:\/\/metaforineskortos.lt\/en\/wp-json\/wp\/v2\/types\/product"}],"wp:featuredmedia":[{"embeddable":true,"href":"https:\/\/metaforineskortos.lt\/en\/wp-json\/wp\/v2\/media\/11840"}],"wp:attachment":[{"href":"https:\/\/metaforineskortos.lt\/en\/wp-json\/wp\/v2\/media?parent=11643"}],"wp:term":[{"taxonomy":"product_brand","embeddable":true,"href":"https:\/\/metaforineskortos.lt\/en\/wp-json\/wp\/v2\/product_brand?post=11643"},{"taxonomy":"product_cat","embeddable":true,"href":"https:\/\/metaforineskortos.lt\/en\/wp-json\/wp\/v2\/product_cat?post=11643"},{"taxonomy":"product_tag","embeddable":true,"href":"https:\/\/metaforineskortos.lt\/en\/wp-json\/wp\/v2\/product_tag?post=11643"}],"curies":[{"name":"wp","href":"https:\/\/api.w.org\/{rel}","templated":true}]}}