{"id":11068,"date":"2022-01-23T20:11:31","date_gmt":"2022-01-23T17:11:31","guid":{"rendered":"https:\/\/metaforineskortos.lt\/?post_type=product&#038;p=11068"},"modified":"2023-07-23T14:26:34","modified_gmt":"2023-07-23T11:26:34","slug":"komandiniai-metaforu-mokymai","status":"publish","type":"product","link":"https:\/\/metaforineskortos.lt\/en\/parduotuve\/mokymai\/komandiniai-metaforu-mokymai\/","title":{"rendered":"Metaphorical card workshop in teams"},"content":{"rendered":"<p>Team training of metaphorical cards increases creativity, helps to develop new ideas, find original solutions and improves communication in any team. It is a perfect opportunity to get to know your team, activities, goals better and to find out the methods of achieving your dreams.<\/p>\n<p class=\"translation-block\">These team trainings of metaphorical cards are especially relevant and useful for those companies where there are frequent changes, ambitious goals are set, and external pressure is faced. Metaphors allow you to dissociate a little, reduce the stress level and look at the situation from a different angle.<\/p>\n<p>During the course, participants are provided with all necessary basic information about metaphorical associative cards, their application methods and possibilities. The most important attention is paid to practical testing, revealing the potential of imagination and creativity, and forming the skill of working with cards.<\/p>\n<p><em><strong>Duration, dates, number of participants, investment, etc. - dealing in a separate agreement.<\/strong><\/em><\/p>\n<p class=\"translation-block\">More information about course: <strong><a href=\"https:\/\/metaforineskortos.lt\/en\/mokymai\/komandiniai-mokymai\/\" target=\"_blank\" rel=\"noopener\">TEAM TRAINING<\/a><\/strong><\/p>","protected":false},"excerpt":{"rendered":"<p>Team training of metaphorical cards increases creativity, helps to develop new ideas, find original solutions and improves communication in any team. It is a perfect opportunity to get to know your team, activities, goals better and to find out the methods of achieving your dreams.<\/p>\n<p><em><strong>Duration, dates, number of participants, investment, etc. - dealing in a separate agreement.<\/strong><\/em><\/p>\n<p>&nbsp;<\/p>","protected":false},"featured_media":11053,"template":"","meta":{"site-sidebar-layout":"default","site-content-layout":"default","ast-site-content-layout":"default","site-content-style":"default","site-sidebar-style":"default","ast-global-header-display":"","ast-banner-title-visibility":"","ast-main-header-display":"","ast-hfb-above-header-display":"","ast-hfb-below-header-display":"","ast-hfb-mobile-header-display":"","site-post-title":"","ast-breadcrumbs-content":"","ast-featured-img":"","footer-sml-layout":"","ast-disable-related-posts":"","theme-transparent-header-meta":"default","adv-header-id-meta":"","stick-header-meta":"","header-above-stick-meta":"","header-main-stick-meta":"","header-below-stick-meta":"","astra-migrate-meta-layouts":"default","ast-page-background-enabled":"default","ast-page-background-meta":{"desktop":{"background-color":"","background-image":"","background-repeat":"repeat","background-position":"center center","background-size":"auto","background-attachment":"scroll","background-type":"","background-media":"","overlay-type":"","overlay-color":"","overlay-opacity":"","overlay-gradient":""},"tablet":{"background-color":"","background-image":"","background-repeat":"repeat","background-position":"center center","background-size":"auto","background-attachment":"scroll","background-type":"","background-media":"","overlay-type":"","overlay-color":"","overlay-opacity":"","overlay-gradient":""},"mobile":{"background-color":"","background-image":"","background-repeat":"repeat","background-position":"center center","background-size":"auto","background-attachment":"scroll","background-type":"","background-media":"","overlay-type":"","overlay-color":"","overlay-opacity":"","overlay-gradient":""}},"ast-content-background-meta":{"desktop":{"background-color":"var(--ast-global-color-5)","background-image":"","background-repeat":"repeat","background-position":"center center","background-size":"auto","background-attachment":"scroll","background-type":"","background-media":"","overlay-type":"","overlay-color":"","overlay-opacity":"","overlay-gradient":""},"tablet":{"background-color":"var(--ast-global-color-5)","background-image":"","background-repeat":"repeat","background-position":"center center","background-size":"auto","background-attachment":"scroll","background-type":"","background-media":"","overlay-type":"","overlay-color":"","overlay-opacity":"","overlay-gradient":""},"mobile":{"background-color":"var(--ast-global-color-5)","background-image":"","background-repeat":"repeat","background-position":"center center","background-size":"auto","background-attachment":"scroll","background-type":"","background-media":"","overlay-type":"","overlay-color":"","overlay-opacity":"","overlay-gradient":""}}},"product_brand":[],"product_cat":[36],"product_tag":[],"class_list":{"0":"post-11068","1":"product","2":"type-product","3":"status-publish","4":"has-post-thumbnail","6":"product_cat-mokymai","7":"desktop-align-left","8":"tablet-align-left","9":"mobile-align-left","11":"first","12":"instock","13":"featured","14":"virtual","15":"taxable","16":"product-type-simple"},"yoast_head":"<!-- This site is optimized with the Yoast SEO plugin v27.4 - https:\/\/yoast.com\/product\/yoast-seo-wordpress\/ -->\n<title>Komandiniai metaforini\u0173 kort\u0173 mokymai - Metaforin\u0117s Kortos<\/title>\n<meta name=\"description\" content=\"Komandiniai metaforini\u0173 kort\u0173 mokymai skatina k\u016brybi\u0161kum\u0105, nauj\u0173 id\u0117j\u0173, sprendim\u0173 radim\u0105 ir gerina komunikacij\u0105 bet kuriame kolektyve.\" \/>\n<meta name=\"robots\" content=\"index, follow, max-snippet:-1, max-image-preview:large, max-video-preview:-1\" \/>\n<link rel=\"canonical\" href=\"https:\/\/metaforineskortos.lt\/en\/parduotuve\/mokymai\/komandiniai-metaforu-mokymai\/\" \/>\n<meta property=\"og:locale\" content=\"en_GB\" \/>\n<meta property=\"og:type\" content=\"article\" \/>\n<meta property=\"og:title\" content=\"Komandiniai metaforini\u0173 kort\u0173 mokymai - Metaforin\u0117s Kortos\" \/>\n<meta property=\"og:description\" content=\"Komandiniai metaforini\u0173 kort\u0173 mokymai skatina k\u016brybi\u0161kum\u0105, nauj\u0173 id\u0117j\u0173, sprendim\u0173 radim\u0105 ir gerina komunikacij\u0105 bet kuriame kolektyve.\" \/>\n<meta property=\"og:url\" content=\"https:\/\/metaforineskortos.lt\/en\/parduotuve\/mokymai\/komandiniai-metaforu-mokymai\/\" \/>\n<meta property=\"og:site_name\" content=\"Metaforin\u0117s Kortos\" \/>\n<meta property=\"article:modified_time\" content=\"2023-07-23T11:26:34+00:00\" \/>\n<meta property=\"og:image\" content=\"https:\/\/metaforineskortos.lt\/wp-content\/uploads\/2022\/01\/MAK-komandiniai-mokymai-1024x819.png\" \/>\n\t<meta property=\"og:image:width\" content=\"1024\" \/>\n\t<meta property=\"og:image:height\" content=\"819\" \/>\n\t<meta property=\"og:image:type\" content=\"image\/png\" \/>\n<meta name=\"twitter:card\" content=\"summary_large_image\" \/>\n<meta name=\"twitter:label1\" content=\"Estimated reading time\" \/>\n\t<meta name=\"twitter:data1\" content=\"1 minute\" \/>\n<script type=\"application\/ld+json\" class=\"yoast-schema-graph\">{\"@context\":\"https:\\\/\\\/schema.org\",\"@graph\":[{\"@type\":\"WebPage\",\"@id\":\"https:\\\/\\\/metaforineskortos.lt\\\/parduotuve\\\/mokymai\\\/komandiniai-metaforu-mokymai\\\/\",\"url\":\"https:\\\/\\\/metaforineskortos.lt\\\/parduotuve\\\/mokymai\\\/komandiniai-metaforu-mokymai\\\/\",\"name\":\"Komandiniai metaforini\u0173 kort\u0173 mokymai - Metaforin\u0117s Kortos\",\"isPartOf\":{\"@id\":\"https:\\\/\\\/metaforineskortos.lt\\\/#website\"},\"primaryImageOfPage\":{\"@id\":\"https:\\\/\\\/metaforineskortos.lt\\\/parduotuve\\\/mokymai\\\/komandiniai-metaforu-mokymai\\\/#primaryimage\"},\"image\":{\"@id\":\"https:\\\/\\\/metaforineskortos.lt\\\/parduotuve\\\/mokymai\\\/komandiniai-metaforu-mokymai\\\/#primaryimage\"},\"thumbnailUrl\":\"https:\\\/\\\/i0.wp.com\\\/metaforineskortos.lt\\\/wp-content\\\/uploads\\\/2022\\\/01\\\/MAK-komandiniai-mokymai.png?fit=1890%2C1512&ssl=1\",\"datePublished\":\"2022-01-23T17:11:31+00:00\",\"dateModified\":\"2023-07-23T11:26:34+00:00\",\"description\":\"Komandiniai metaforini\u0173 kort\u0173 mokymai skatina k\u016brybi\u0161kum\u0105, nauj\u0173 id\u0117j\u0173, sprendim\u0173 radim\u0105 ir gerina komunikacij\u0105 bet kuriame kolektyve.\",\"breadcrumb\":{\"@id\":\"https:\\\/\\\/metaforineskortos.lt\\\/parduotuve\\\/mokymai\\\/komandiniai-metaforu-mokymai\\\/#breadcrumb\"},\"inLanguage\":\"en-GB\",\"potentialAction\":[{\"@type\":\"ReadAction\",\"target\":[\"https:\\\/\\\/metaforineskortos.lt\\\/parduotuve\\\/mokymai\\\/komandiniai-metaforu-mokymai\\\/\"]}]},{\"@type\":\"ImageObject\",\"inLanguage\":\"en-GB\",\"@id\":\"https:\\\/\\\/metaforineskortos.lt\\\/parduotuve\\\/mokymai\\\/komandiniai-metaforu-mokymai\\\/#primaryimage\",\"url\":\"https:\\\/\\\/i0.wp.com\\\/metaforineskortos.lt\\\/wp-content\\\/uploads\\\/2022\\\/01\\\/MAK-komandiniai-mokymai.png?fit=1890%2C1512&ssl=1\",\"contentUrl\":\"https:\\\/\\\/i0.wp.com\\\/metaforineskortos.lt\\\/wp-content\\\/uploads\\\/2022\\\/01\\\/MAK-komandiniai-mokymai.png?fit=1890%2C1512&ssl=1\",\"width\":1890,\"height\":1512,\"caption\":\"Komandiniai metafor\u0173 mokymai\"},{\"@type\":\"BreadcrumbList\",\"@id\":\"https:\\\/\\\/metaforineskortos.lt\\\/parduotuve\\\/mokymai\\\/komandiniai-metaforu-mokymai\\\/#breadcrumb\",\"itemListElement\":[{\"@type\":\"ListItem\",\"position\":1,\"name\":\"Home\",\"item\":\"https:\\\/\\\/metaforineskortos.lt\\\/\"},{\"@type\":\"ListItem\",\"position\":2,\"name\":\"Parduotuv\u0117\",\"item\":\"https:\\\/\\\/metaforineskortos.lt\\\/parduotuve\\\/\"},{\"@type\":\"ListItem\",\"position\":3,\"name\":\"Komandiniai metafor\u0173 mokymai\"}]},{\"@type\":\"WebSite\",\"@id\":\"https:\\\/\\\/metaforineskortos.lt\\\/#website\",\"url\":\"https:\\\/\\\/metaforineskortos.lt\\\/\",\"name\":\"Metaforin\u0117s Kortos\",\"description\":\"Metaforin\u0117s Kortos ir Saviugdos Mokymai\",\"publisher\":{\"@id\":\"https:\\\/\\\/metaforineskortos.lt\\\/#organization\"},\"potentialAction\":[{\"@type\":\"SearchAction\",\"target\":{\"@type\":\"EntryPoint\",\"urlTemplate\":\"https:\\\/\\\/metaforineskortos.lt\\\/?s={search_term_string}\"},\"query-input\":{\"@type\":\"PropertyValueSpecification\",\"valueRequired\":true,\"valueName\":\"search_term_string\"}}],\"inLanguage\":\"en-GB\"},{\"@type\":\"Organization\",\"@id\":\"https:\\\/\\\/metaforineskortos.lt\\\/#organization\",\"name\":\"Metaforin\u0117s Kortos\",\"url\":\"https:\\\/\\\/metaforineskortos.lt\\\/\",\"logo\":{\"@type\":\"ImageObject\",\"inLanguage\":\"en-GB\",\"@id\":\"https:\\\/\\\/metaforineskortos.lt\\\/#\\\/schema\\\/logo\\\/image\\\/\",\"url\":\"https:\\\/\\\/metaforineskortos.lt\\\/wp-content\\\/uploads\\\/2021\\\/03\\\/re-act-logo.svg\",\"contentUrl\":\"https:\\\/\\\/metaforineskortos.lt\\\/wp-content\\\/uploads\\\/2021\\\/03\\\/re-act-logo.svg\",\"width\":117,\"height\":58,\"caption\":\"Metaforin\u0117s Kortos\"},\"image\":{\"@id\":\"https:\\\/\\\/metaforineskortos.lt\\\/#\\\/schema\\\/logo\\\/image\\\/\"}}]}<\/script>\n<!-- \/ Yoast SEO plugin. -->","yoast_head_json":{"title":"Komandiniai metaforini\u0173 kort\u0173 mokymai - Metaforin\u0117s Kortos","description":"Komandiniai metaforini\u0173 kort\u0173 mokymai skatina k\u016brybi\u0161kum\u0105, nauj\u0173 id\u0117j\u0173, sprendim\u0173 radim\u0105 ir gerina komunikacij\u0105 bet kuriame kolektyve.","robots":{"index":"index","follow":"follow","max-snippet":"max-snippet:-1","max-image-preview":"max-image-preview:large","max-video-preview":"max-video-preview:-1"},"canonical":"https:\/\/metaforineskortos.lt\/en\/parduotuve\/mokymai\/komandiniai-metaforu-mokymai\/","og_locale":"en_GB","og_type":"article","og_title":"Komandiniai metaforini\u0173 kort\u0173 mokymai - Metaforin\u0117s Kortos","og_description":"Komandiniai metaforini\u0173 kort\u0173 mokymai skatina k\u016brybi\u0161kum\u0105, nauj\u0173 id\u0117j\u0173, sprendim\u0173 radim\u0105 ir gerina komunikacij\u0105 bet kuriame kolektyve.","og_url":"https:\/\/metaforineskortos.lt\/en\/parduotuve\/mokymai\/komandiniai-metaforu-mokymai\/","og_site_name":"Metaforin\u0117s Kortos","article_modified_time":"2023-07-23T11:26:34+00:00","og_image":[{"width":1024,"height":819,"url":"https:\/\/metaforineskortos.lt\/wp-content\/uploads\/2022\/01\/MAK-komandiniai-mokymai-1024x819.png","type":"image\/png"}],"twitter_card":"summary_large_image","twitter_misc":{"Estimated reading time":"1 minute"},"schema":{"@context":"https:\/\/schema.org","@graph":[{"@type":"WebPage","@id":"https:\/\/metaforineskortos.lt\/parduotuve\/mokymai\/komandiniai-metaforu-mokymai\/","url":"https:\/\/metaforineskortos.lt\/parduotuve\/mokymai\/komandiniai-metaforu-mokymai\/","name":"Komandiniai metaforini\u0173 kort\u0173 mokymai - Metaforin\u0117s Kortos","isPartOf":{"@id":"https:\/\/metaforineskortos.lt\/#website"},"primaryImageOfPage":{"@id":"https:\/\/metaforineskortos.lt\/parduotuve\/mokymai\/komandiniai-metaforu-mokymai\/#primaryimage"},"image":{"@id":"https:\/\/metaforineskortos.lt\/parduotuve\/mokymai\/komandiniai-metaforu-mokymai\/#primaryimage"},"thumbnailUrl":"https:\/\/i0.wp.com\/metaforineskortos.lt\/wp-content\/uploads\/2022\/01\/MAK-komandiniai-mokymai.png?fit=1890%2C1512&ssl=1","datePublished":"2022-01-23T17:11:31+00:00","dateModified":"2023-07-23T11:26:34+00:00","description":"Komandiniai metaforini\u0173 kort\u0173 mokymai skatina k\u016brybi\u0161kum\u0105, nauj\u0173 id\u0117j\u0173, sprendim\u0173 radim\u0105 ir gerina komunikacij\u0105 bet kuriame kolektyve.","breadcrumb":{"@id":"https:\/\/metaforineskortos.lt\/parduotuve\/mokymai\/komandiniai-metaforu-mokymai\/#breadcrumb"},"inLanguage":"en-GB","potentialAction":[{"@type":"ReadAction","target":["https:\/\/metaforineskortos.lt\/parduotuve\/mokymai\/komandiniai-metaforu-mokymai\/"]}]},{"@type":"ImageObject","inLanguage":"en-GB","@id":"https:\/\/metaforineskortos.lt\/parduotuve\/mokymai\/komandiniai-metaforu-mokymai\/#primaryimage","url":"https:\/\/i0.wp.com\/metaforineskortos.lt\/wp-content\/uploads\/2022\/01\/MAK-komandiniai-mokymai.png?fit=1890%2C1512&ssl=1","contentUrl":"https:\/\/i0.wp.com\/metaforineskortos.lt\/wp-content\/uploads\/2022\/01\/MAK-komandiniai-mokymai.png?fit=1890%2C1512&ssl=1","width":1890,"height":1512,"caption":"Komandiniai metafor\u0173 mokymai"},{"@type":"BreadcrumbList","@id":"https:\/\/metaforineskortos.lt\/parduotuve\/mokymai\/komandiniai-metaforu-mokymai\/#breadcrumb","itemListElement":[{"@type":"ListItem","position":1,"name":"Home","item":"https:\/\/metaforineskortos.lt\/"},{"@type":"ListItem","position":2,"name":"Parduotuv\u0117","item":"https:\/\/metaforineskortos.lt\/parduotuve\/"},{"@type":"ListItem","position":3,"name":"Komandiniai metafor\u0173 mokymai"}]},{"@type":"WebSite","@id":"https:\/\/metaforineskortos.lt\/#website","url":"https:\/\/metaforineskortos.lt\/","name":"Metaforin\u0117s Kortos","description":"Metaforin\u0117s Kortos ir Saviugdos Mokymai","publisher":{"@id":"https:\/\/metaforineskortos.lt\/#organization"},"potentialAction":[{"@type":"SearchAction","target":{"@type":"EntryPoint","urlTemplate":"https:\/\/metaforineskortos.lt\/?s={search_term_string}"},"query-input":{"@type":"PropertyValueSpecification","valueRequired":true,"valueName":"search_term_string"}}],"inLanguage":"en-GB"},{"@type":"Organization","@id":"https:\/\/metaforineskortos.lt\/#organization","name":"Metaforin\u0117s Kortos","url":"https:\/\/metaforineskortos.lt\/","logo":{"@type":"ImageObject","inLanguage":"en-GB","@id":"https:\/\/metaforineskortos.lt\/#\/schema\/logo\/image\/","url":"https:\/\/metaforineskortos.lt\/wp-content\/uploads\/2021\/03\/re-act-logo.svg","contentUrl":"https:\/\/metaforineskortos.lt\/wp-content\/uploads\/2021\/03\/re-act-logo.svg","width":117,"height":58,"caption":"Metaforin\u0117s Kortos"},"image":{"@id":"https:\/\/metaforineskortos.lt\/#\/schema\/logo\/image\/"}}]}},"jetpack_sharing_enabled":true,"_links":{"self":[{"href":"https:\/\/metaforineskortos.lt\/en\/wp-json\/wp\/v2\/product\/11068","targetHints":{"allow":["GET"]}}],"collection":[{"href":"https:\/\/metaforineskortos.lt\/en\/wp-json\/wp\/v2\/product"}],"about":[{"href":"https:\/\/metaforineskortos.lt\/en\/wp-json\/wp\/v2\/types\/product"}],"wp:featuredmedia":[{"embeddable":true,"href":"https:\/\/metaforineskortos.lt\/en\/wp-json\/wp\/v2\/media\/11053"}],"wp:attachment":[{"href":"https:\/\/metaforineskortos.lt\/en\/wp-json\/wp\/v2\/media?parent=11068"}],"wp:term":[{"taxonomy":"product_brand","embeddable":true,"href":"https:\/\/metaforineskortos.lt\/en\/wp-json\/wp\/v2\/product_brand?post=11068"},{"taxonomy":"product_cat","embeddable":true,"href":"https:\/\/metaforineskortos.lt\/en\/wp-json\/wp\/v2\/product_cat?post=11068"},{"taxonomy":"product_tag","embeddable":true,"href":"https:\/\/metaforineskortos.lt\/en\/wp-json\/wp\/v2\/product_tag?post=11068"}],"curies":[{"name":"wp","href":"https:\/\/api.w.org\/{rel}","templated":true}]}}