{"id":11017,"date":"2022-01-11T01:13:26","date_gmt":"2022-01-10T22:13:26","guid":{"rendered":"https:\/\/metaforineskortos.lt\/?post_type=product&#038;p=11017"},"modified":"2025-05-28T22:11:42","modified_gmt":"2025-05-28T19:11:42","slug":"pazintinis-metaforu-seminaras","status":"publish","type":"product","link":"https:\/\/metaforineskortos.lt\/en\/parduotuve\/mokymai\/pazintinis-metaforu-seminaras\/","title":{"rendered":"Cognitive metaphorical card workshop"},"content":{"rendered":"<p>Cognitive metaphorical card workshop is a perfect fit for anyone who wants to use metaphorical associative cards in their activities and everyday life. In this seminar, you will learn how to choose the most suitable cards for you, what are the basic requirements for their use and ethics - what questions can be asked and what are the most commonly used techniques.<\/p>\n<p class=\"translation-block\">Metaphor cards are amazing in their simplicity and effectiveness. They can be used both by a professional psychotherapist, a social or HR worker, and by an ordinary person who wants to know himself better. Metaphors and the cognitive seminar of metaphorical cards help to reveal our desires, beliefs and, if necessary, transform them and supplement them with more ecological solutions.<\/p>\n<p>Metaphoric card courses release our potential. By introducing more creativity into our life, daily or professional activities, we will discover many new ideas, solutions and allow the subconscious to reveal our true desires.<\/p>\n<p class=\"translation-block\">Find more information about different course options: <strong><a href=\"https:\/\/metaforineskortos.lt\/en\/mokymai\/individualus-mokymai\/\" target=\"_blank\" rel=\"noopener\">INDIVIDUAL COURSE<\/a><\/strong><\/p>","protected":false},"excerpt":{"rendered":"<p>Cognitive metaphorical card workshop is a perfect fit for anyone who wants to use metaphorical associative cards in their activities and everyday life. In this seminar, you will learn how to choose the most suitable cards for you, what are the basic requirements for their use and ethics - what questions can be asked and what are the most commonly used techniques.<\/p>","protected":false},"featured_media":11054,"template":"","meta":{"site-sidebar-layout":"default","site-content-layout":"default","ast-site-content-layout":"default","site-content-style":"default","site-sidebar-style":"default","ast-global-header-display":"","ast-banner-title-visibility":"","ast-main-header-display":"","ast-hfb-above-header-display":"","ast-hfb-below-header-display":"","ast-hfb-mobile-header-display":"","site-post-title":"","ast-breadcrumbs-content":"","ast-featured-img":"","footer-sml-layout":"","ast-disable-related-posts":"","theme-transparent-header-meta":"default","adv-header-id-meta":"","stick-header-meta":"","header-above-stick-meta":"","header-main-stick-meta":"","header-below-stick-meta":"","astra-migrate-meta-layouts":"set","ast-page-background-enabled":"default","ast-page-background-meta":{"desktop":{"background-color":"","background-image":"","background-repeat":"repeat","background-position":"center center","background-size":"auto","background-attachment":"scroll","background-type":"","background-media":"","overlay-type":"","overlay-color":"","overlay-opacity":"","overlay-gradient":""},"tablet":{"background-color":"","background-image":"","background-repeat":"repeat","background-position":"center center","background-size":"auto","background-attachment":"scroll","background-type":"","background-media":"","overlay-type":"","overlay-color":"","overlay-opacity":"","overlay-gradient":""},"mobile":{"background-color":"","background-image":"","background-repeat":"repeat","background-position":"center center","background-size":"auto","background-attachment":"scroll","background-type":"","background-media":"","overlay-type":"","overlay-color":"","overlay-opacity":"","overlay-gradient":""}},"ast-content-background-meta":{"desktop":{"background-color":"var(--ast-global-color-5)","background-image":"","background-repeat":"repeat","background-position":"center center","background-size":"auto","background-attachment":"scroll","background-type":"","background-media":"","overlay-type":"","overlay-color":"","overlay-opacity":"","overlay-gradient":""},"tablet":{"background-color":"var(--ast-global-color-5)","background-image":"","background-repeat":"repeat","background-position":"center center","background-size":"auto","background-attachment":"scroll","background-type":"","background-media":"","overlay-type":"","overlay-color":"","overlay-opacity":"","overlay-gradient":""},"mobile":{"background-color":"var(--ast-global-color-5)","background-image":"","background-repeat":"repeat","background-position":"center center","background-size":"auto","background-attachment":"scroll","background-type":"","background-media":"","overlay-type":"","overlay-color":"","overlay-opacity":"","overlay-gradient":""}}},"product_brand":[],"product_cat":[36],"product_tag":[65,64],"class_list":{"0":"post-11017","1":"product","2":"type-product","3":"status-publish","4":"has-post-thumbnail","6":"product_cat-mokymai","7":"product_tag-mokymai","8":"product_tag-sesija","9":"desktop-align-left","10":"tablet-align-left","11":"mobile-align-left","13":"first","14":"instock","15":"sale","16":"virtual","17":"taxable","18":"purchasable","19":"product-type-simple"},"yoast_head":"<!-- This site is optimized with the Yoast SEO plugin v27.6 - https:\/\/yoast.com\/product\/yoast-seo-wordpress\/ -->\n<title>Pa\u017eintinis metaforini\u0173 kort\u0173 seminaras - Metaforin\u0117s Kortos<\/title>\n<meta name=\"description\" content=\"Metaforos i\u0161laisvina vaizduot\u0119 ir praturtina kasdienyb\u0119. Pa\u017eintinis metaforini\u0173 kort\u0173 seminaras atskleid\u017eia svarbius j\u0173 naudojimo niuansus.\" \/>\n<meta name=\"robots\" content=\"index, follow, max-snippet:-1, max-image-preview:large, max-video-preview:-1\" \/>\n<link rel=\"canonical\" href=\"https:\/\/metaforineskortos.lt\/en\/parduotuve\/mokymai\/pazintinis-metaforu-seminaras\/\" \/>\n<meta property=\"og:locale\" content=\"en_GB\" \/>\n<meta property=\"og:type\" content=\"article\" \/>\n<meta property=\"og:title\" content=\"Pa\u017eintinis metaforini\u0173 kort\u0173 seminaras - Metaforin\u0117s Kortos\" \/>\n<meta property=\"og:description\" content=\"Metaforos i\u0161laisvina vaizduot\u0119 ir praturtina kasdienyb\u0119. Pa\u017eintinis metaforini\u0173 kort\u0173 seminaras atskleid\u017eia svarbius j\u0173 naudojimo niuansus.\" \/>\n<meta property=\"og:url\" content=\"https:\/\/metaforineskortos.lt\/en\/parduotuve\/mokymai\/pazintinis-metaforu-seminaras\/\" \/>\n<meta property=\"og:site_name\" content=\"Metaforin\u0117s Kortos\" \/>\n<meta property=\"article:modified_time\" content=\"2025-05-28T19:11:42+00:00\" \/>\n<meta property=\"og:image\" content=\"https:\/\/metaforineskortos.lt\/wp-content\/uploads\/2022\/01\/MAk-pazintinis-seminaras-1024x819.png\" \/>\n\t<meta property=\"og:image:width\" content=\"1024\" \/>\n\t<meta property=\"og:image:height\" content=\"819\" \/>\n\t<meta property=\"og:image:type\" content=\"image\/png\" \/>\n<meta name=\"twitter:card\" content=\"summary_large_image\" \/>\n<meta name=\"twitter:label1\" content=\"Estimated reading time\" \/>\n\t<meta name=\"twitter:data1\" content=\"1 minute\" \/>\n<script type=\"application\/ld+json\" class=\"yoast-schema-graph\">{\"@context\":\"https:\\\/\\\/schema.org\",\"@graph\":[{\"@type\":\"WebPage\",\"@id\":\"https:\\\/\\\/metaforineskortos.lt\\\/parduotuve\\\/mokymai\\\/pazintinis-metaforu-seminaras\\\/\",\"url\":\"https:\\\/\\\/metaforineskortos.lt\\\/parduotuve\\\/mokymai\\\/pazintinis-metaforu-seminaras\\\/\",\"name\":\"Pa\u017eintinis metaforini\u0173 kort\u0173 seminaras - Metaforin\u0117s Kortos\",\"isPartOf\":{\"@id\":\"https:\\\/\\\/metaforineskortos.lt\\\/#website\"},\"primaryImageOfPage\":{\"@id\":\"https:\\\/\\\/metaforineskortos.lt\\\/parduotuve\\\/mokymai\\\/pazintinis-metaforu-seminaras\\\/#primaryimage\"},\"image\":{\"@id\":\"https:\\\/\\\/metaforineskortos.lt\\\/parduotuve\\\/mokymai\\\/pazintinis-metaforu-seminaras\\\/#primaryimage\"},\"thumbnailUrl\":\"https:\\\/\\\/i0.wp.com\\\/metaforineskortos.lt\\\/wp-content\\\/uploads\\\/2022\\\/01\\\/MAk-pazintinis-seminaras.png?fit=1890%2C1512&ssl=1\",\"datePublished\":\"2022-01-10T22:13:26+00:00\",\"dateModified\":\"2025-05-28T19:11:42+00:00\",\"description\":\"Metaforos i\u0161laisvina vaizduot\u0119 ir praturtina kasdienyb\u0119. Pa\u017eintinis metaforini\u0173 kort\u0173 seminaras atskleid\u017eia svarbius j\u0173 naudojimo niuansus.\",\"breadcrumb\":{\"@id\":\"https:\\\/\\\/metaforineskortos.lt\\\/parduotuve\\\/mokymai\\\/pazintinis-metaforu-seminaras\\\/#breadcrumb\"},\"inLanguage\":\"en-GB\",\"potentialAction\":[{\"@type\":\"ReadAction\",\"target\":[\"https:\\\/\\\/metaforineskortos.lt\\\/parduotuve\\\/mokymai\\\/pazintinis-metaforu-seminaras\\\/\"]}]},{\"@type\":\"ImageObject\",\"inLanguage\":\"en-GB\",\"@id\":\"https:\\\/\\\/metaforineskortos.lt\\\/parduotuve\\\/mokymai\\\/pazintinis-metaforu-seminaras\\\/#primaryimage\",\"url\":\"https:\\\/\\\/i0.wp.com\\\/metaforineskortos.lt\\\/wp-content\\\/uploads\\\/2022\\\/01\\\/MAk-pazintinis-seminaras.png?fit=1890%2C1512&ssl=1\",\"contentUrl\":\"https:\\\/\\\/i0.wp.com\\\/metaforineskortos.lt\\\/wp-content\\\/uploads\\\/2022\\\/01\\\/MAk-pazintinis-seminaras.png?fit=1890%2C1512&ssl=1\",\"width\":1890,\"height\":1512,\"caption\":\"Pa\u017eintinis metaforini\u0173 kort\u0173 seminaras\"},{\"@type\":\"BreadcrumbList\",\"@id\":\"https:\\\/\\\/metaforineskortos.lt\\\/parduotuve\\\/mokymai\\\/pazintinis-metaforu-seminaras\\\/#breadcrumb\",\"itemListElement\":[{\"@type\":\"ListItem\",\"position\":1,\"name\":\"Home\",\"item\":\"https:\\\/\\\/metaforineskortos.lt\\\/\"},{\"@type\":\"ListItem\",\"position\":2,\"name\":\"Parduotuv\u0117\",\"item\":\"https:\\\/\\\/metaforineskortos.lt\\\/parduotuve\\\/\"},{\"@type\":\"ListItem\",\"position\":3,\"name\":\"Pa\u017eintinis metafor\u0173 seminaras\"}]},{\"@type\":\"WebSite\",\"@id\":\"https:\\\/\\\/metaforineskortos.lt\\\/#website\",\"url\":\"https:\\\/\\\/metaforineskortos.lt\\\/\",\"name\":\"Metaforin\u0117s Kortos\",\"description\":\"Metaforin\u0117s Kortos ir Saviugdos Mokymai\",\"publisher\":{\"@id\":\"https:\\\/\\\/metaforineskortos.lt\\\/#organization\"},\"potentialAction\":[{\"@type\":\"SearchAction\",\"target\":{\"@type\":\"EntryPoint\",\"urlTemplate\":\"https:\\\/\\\/metaforineskortos.lt\\\/?s={search_term_string}\"},\"query-input\":{\"@type\":\"PropertyValueSpecification\",\"valueRequired\":true,\"valueName\":\"search_term_string\"}}],\"inLanguage\":\"en-GB\"},{\"@type\":\"Organization\",\"@id\":\"https:\\\/\\\/metaforineskortos.lt\\\/#organization\",\"name\":\"Metaforin\u0117s Kortos\",\"url\":\"https:\\\/\\\/metaforineskortos.lt\\\/\",\"logo\":{\"@type\":\"ImageObject\",\"inLanguage\":\"en-GB\",\"@id\":\"https:\\\/\\\/metaforineskortos.lt\\\/#\\\/schema\\\/logo\\\/image\\\/\",\"url\":\"https:\\\/\\\/metaforineskortos.lt\\\/wp-content\\\/uploads\\\/2021\\\/03\\\/re-act-logo.svg\",\"contentUrl\":\"https:\\\/\\\/metaforineskortos.lt\\\/wp-content\\\/uploads\\\/2021\\\/03\\\/re-act-logo.svg\",\"width\":117,\"height\":58,\"caption\":\"Metaforin\u0117s Kortos\"},\"image\":{\"@id\":\"https:\\\/\\\/metaforineskortos.lt\\\/#\\\/schema\\\/logo\\\/image\\\/\"}}]}<\/script>\n<!-- \/ Yoast SEO plugin. -->","yoast_head_json":{"title":"Pa\u017eintinis metaforini\u0173 kort\u0173 seminaras - Metaforin\u0117s Kortos","description":"Metaforos i\u0161laisvina vaizduot\u0119 ir praturtina kasdienyb\u0119. Pa\u017eintinis metaforini\u0173 kort\u0173 seminaras atskleid\u017eia svarbius j\u0173 naudojimo niuansus.","robots":{"index":"index","follow":"follow","max-snippet":"max-snippet:-1","max-image-preview":"max-image-preview:large","max-video-preview":"max-video-preview:-1"},"canonical":"https:\/\/metaforineskortos.lt\/en\/parduotuve\/mokymai\/pazintinis-metaforu-seminaras\/","og_locale":"en_GB","og_type":"article","og_title":"Pa\u017eintinis metaforini\u0173 kort\u0173 seminaras - Metaforin\u0117s Kortos","og_description":"Metaforos i\u0161laisvina vaizduot\u0119 ir praturtina kasdienyb\u0119. Pa\u017eintinis metaforini\u0173 kort\u0173 seminaras atskleid\u017eia svarbius j\u0173 naudojimo niuansus.","og_url":"https:\/\/metaforineskortos.lt\/en\/parduotuve\/mokymai\/pazintinis-metaforu-seminaras\/","og_site_name":"Metaforin\u0117s Kortos","article_modified_time":"2025-05-28T19:11:42+00:00","og_image":[{"width":1024,"height":819,"url":"https:\/\/metaforineskortos.lt\/wp-content\/uploads\/2022\/01\/MAk-pazintinis-seminaras-1024x819.png","type":"image\/png"}],"twitter_card":"summary_large_image","twitter_misc":{"Estimated reading time":"1 minute"},"schema":{"@context":"https:\/\/schema.org","@graph":[{"@type":"WebPage","@id":"https:\/\/metaforineskortos.lt\/parduotuve\/mokymai\/pazintinis-metaforu-seminaras\/","url":"https:\/\/metaforineskortos.lt\/parduotuve\/mokymai\/pazintinis-metaforu-seminaras\/","name":"Pa\u017eintinis metaforini\u0173 kort\u0173 seminaras - Metaforin\u0117s Kortos","isPartOf":{"@id":"https:\/\/metaforineskortos.lt\/#website"},"primaryImageOfPage":{"@id":"https:\/\/metaforineskortos.lt\/parduotuve\/mokymai\/pazintinis-metaforu-seminaras\/#primaryimage"},"image":{"@id":"https:\/\/metaforineskortos.lt\/parduotuve\/mokymai\/pazintinis-metaforu-seminaras\/#primaryimage"},"thumbnailUrl":"https:\/\/i0.wp.com\/metaforineskortos.lt\/wp-content\/uploads\/2022\/01\/MAk-pazintinis-seminaras.png?fit=1890%2C1512&ssl=1","datePublished":"2022-01-10T22:13:26+00:00","dateModified":"2025-05-28T19:11:42+00:00","description":"Metaforos i\u0161laisvina vaizduot\u0119 ir praturtina kasdienyb\u0119. Pa\u017eintinis metaforini\u0173 kort\u0173 seminaras atskleid\u017eia svarbius j\u0173 naudojimo niuansus.","breadcrumb":{"@id":"https:\/\/metaforineskortos.lt\/parduotuve\/mokymai\/pazintinis-metaforu-seminaras\/#breadcrumb"},"inLanguage":"en-GB","potentialAction":[{"@type":"ReadAction","target":["https:\/\/metaforineskortos.lt\/parduotuve\/mokymai\/pazintinis-metaforu-seminaras\/"]}]},{"@type":"ImageObject","inLanguage":"en-GB","@id":"https:\/\/metaforineskortos.lt\/parduotuve\/mokymai\/pazintinis-metaforu-seminaras\/#primaryimage","url":"https:\/\/i0.wp.com\/metaforineskortos.lt\/wp-content\/uploads\/2022\/01\/MAk-pazintinis-seminaras.png?fit=1890%2C1512&ssl=1","contentUrl":"https:\/\/i0.wp.com\/metaforineskortos.lt\/wp-content\/uploads\/2022\/01\/MAk-pazintinis-seminaras.png?fit=1890%2C1512&ssl=1","width":1890,"height":1512,"caption":"Pa\u017eintinis metaforini\u0173 kort\u0173 seminaras"},{"@type":"BreadcrumbList","@id":"https:\/\/metaforineskortos.lt\/parduotuve\/mokymai\/pazintinis-metaforu-seminaras\/#breadcrumb","itemListElement":[{"@type":"ListItem","position":1,"name":"Home","item":"https:\/\/metaforineskortos.lt\/"},{"@type":"ListItem","position":2,"name":"Parduotuv\u0117","item":"https:\/\/metaforineskortos.lt\/parduotuve\/"},{"@type":"ListItem","position":3,"name":"Pa\u017eintinis metafor\u0173 seminaras"}]},{"@type":"WebSite","@id":"https:\/\/metaforineskortos.lt\/#website","url":"https:\/\/metaforineskortos.lt\/","name":"Metaforin\u0117s Kortos","description":"Metaforin\u0117s Kortos ir Saviugdos Mokymai","publisher":{"@id":"https:\/\/metaforineskortos.lt\/#organization"},"potentialAction":[{"@type":"SearchAction","target":{"@type":"EntryPoint","urlTemplate":"https:\/\/metaforineskortos.lt\/?s={search_term_string}"},"query-input":{"@type":"PropertyValueSpecification","valueRequired":true,"valueName":"search_term_string"}}],"inLanguage":"en-GB"},{"@type":"Organization","@id":"https:\/\/metaforineskortos.lt\/#organization","name":"Metaforin\u0117s Kortos","url":"https:\/\/metaforineskortos.lt\/","logo":{"@type":"ImageObject","inLanguage":"en-GB","@id":"https:\/\/metaforineskortos.lt\/#\/schema\/logo\/image\/","url":"https:\/\/metaforineskortos.lt\/wp-content\/uploads\/2021\/03\/re-act-logo.svg","contentUrl":"https:\/\/metaforineskortos.lt\/wp-content\/uploads\/2021\/03\/re-act-logo.svg","width":117,"height":58,"caption":"Metaforin\u0117s Kortos"},"image":{"@id":"https:\/\/metaforineskortos.lt\/#\/schema\/logo\/image\/"}}]}},"jetpack_sharing_enabled":true,"_links":{"self":[{"href":"https:\/\/metaforineskortos.lt\/en\/wp-json\/wp\/v2\/product\/11017","targetHints":{"allow":["GET"]}}],"collection":[{"href":"https:\/\/metaforineskortos.lt\/en\/wp-json\/wp\/v2\/product"}],"about":[{"href":"https:\/\/metaforineskortos.lt\/en\/wp-json\/wp\/v2\/types\/product"}],"wp:featuredmedia":[{"embeddable":true,"href":"https:\/\/metaforineskortos.lt\/en\/wp-json\/wp\/v2\/media\/11054"}],"wp:attachment":[{"href":"https:\/\/metaforineskortos.lt\/en\/wp-json\/wp\/v2\/media?parent=11017"}],"wp:term":[{"taxonomy":"product_brand","embeddable":true,"href":"https:\/\/metaforineskortos.lt\/en\/wp-json\/wp\/v2\/product_brand?post=11017"},{"taxonomy":"product_cat","embeddable":true,"href":"https:\/\/metaforineskortos.lt\/en\/wp-json\/wp\/v2\/product_cat?post=11017"},{"taxonomy":"product_tag","embeddable":true,"href":"https:\/\/metaforineskortos.lt\/en\/wp-json\/wp\/v2\/product_tag?post=11017"}],"curies":[{"name":"wp","href":"https:\/\/api.w.org\/{rel}","templated":true}]}}